{"id":1216,"date":"2023-12-12T11:11:14","date_gmt":"2023-12-12T14:11:14","guid":{"rendered":"https:\/\/pos.uel.br\/ppga\/?page_id=1216"},"modified":"2025-03-12T02:54:42","modified_gmt":"2025-03-12T05:54:42","slug":"dissertacoes-defendidas-em-2023","status":"publish","type":"page","link":"https:\/\/pos.uel.br\/ppga\/dissertacoes-defendidas-em-2023\/","title":{"rendered":"Disserta\u00e7\u00f5es defendidas em 2023"},"content":{"rendered":"\n<p><a href=\"https:\/\/pos.uel.br\/ppga\/dissertacoes-defendidas\/\">retornar ao \u00edndice de disserta\u00e7\u00f5es defendidas<\/a><\/p>\n\n\n\n<div class=\"wp-block-uel-card\">\n<h4 class=\"wp-block-heading\">28\/11\/2023<\/h4>\n\n\n\n<blockquote class=\"wp-block-quote is-layout-flow wp-block-quote-is-layout-flow\">\n<h6 class=\"wp-block-heading\"><strong>T\u00edtulo:\u00a0<a href=\"https:\/\/pos.uel.br\/ppga\/wp-content\/uploads\/2025\/03\/DISSERTACAO_JOSE-HUGO-DE-SOUZA-GOULART.pdf\">M\u00c9TODO PARA DETERMINAR O N\u00cdVEL DE SUSTENTABILIDADE DO TRANSPORTE P\u00daBLICO URBANO DE PASSAGEIROS REALIZADO POR \u00d4NIBUS<\/a><\/strong> <\/h6>\n\n\n\n<p><strong>Autor:&nbsp;<\/strong> JOS\u00c9 HUGO DE SOUZA GOULART<br><strong>Banca:&nbsp; <\/strong>Dr. REGINALDO FIDELIS (orientador) (PPGA-UEL \/ UTFPR), Dr. PAULO MARCELO FERRARESE PEGINO (PPGA-UEL), Dr. RAFAEL HENRIQUE PALMA LIMA (UTFPR)<strong><br>Palavras-chave:&nbsp;<\/strong>transporte sustent\u00e1vel; avalia\u00e7\u00e3o da sustentabilidade de transportes; indicadores de sustentabilidade.<\/p>\n<\/blockquote>\n<\/div>\n\n\n\n<p><\/p>\n","protected":false},"excerpt":{"rendered":"<p>retornar ao \u00edndice de disserta\u00e7\u00f5es defendidas<\/p>\n","protected":false},"author":8,"featured_media":0,"parent":0,"menu_order":0,"comment_status":"closed","ping_status":"closed","template":"","meta":{"footnotes":""},"class_list":["post-1216","page","type-page","status-publish","hentry"],"acf":[],"_links":{"self":[{"href":"https:\/\/pos.uel.br\/ppga\/wp-json\/wp\/v2\/pages\/1216","targetHints":{"allow":["GET"]}}],"collection":[{"href":"https:\/\/pos.uel.br\/ppga\/wp-json\/wp\/v2\/pages"}],"about":[{"href":"https:\/\/pos.uel.br\/ppga\/wp-json\/wp\/v2\/types\/page"}],"author":[{"embeddable":true,"href":"https:\/\/pos.uel.br\/ppga\/wp-json\/wp\/v2\/users\/8"}],"replies":[{"embeddable":true,"href":"https:\/\/pos.uel.br\/ppga\/wp-json\/wp\/v2\/comments?post=1216"}],"version-history":[{"count":7,"href":"https:\/\/pos.uel.br\/ppga\/wp-json\/wp\/v2\/pages\/1216\/revisions"}],"predecessor-version":[{"id":2140,"href":"https:\/\/pos.uel.br\/ppga\/wp-json\/wp\/v2\/pages\/1216\/revisions\/2140"}],"wp:attachment":[{"href":"https:\/\/pos.uel.br\/ppga\/wp-json\/wp\/v2\/media?parent=1216"}],"curies":[{"name":"wp","href":"https:\/\/api.w.org\/{rel}","templated":true}]}}