{"id":11,"date":"2021-04-29T12:28:49","date_gmt":"2021-04-29T15:28:49","guid":{"rendered":"https:\/\/pos.uel.br\/ppga\/?page_id=11"},"modified":"2025-07-23T17:36:32","modified_gmt":"2025-07-23T20:36:32","slug":"estrutura-curricular","status":"publish","type":"page","link":"https:\/\/pos.uel.br\/ppga\/estrutura-curricular\/","title":{"rendered":"Estrutura Curricular"},"content":{"rendered":"\n<div class=\"wp-block-uel-card\">\n<h3 class=\"wp-block-heading is-style-highlighted-heading\">Estrutura Curricular &#8211; disciplinas obrigat\u00f3rias e optativas<\/h3>\n\n\n\n<p class=\"has-text-align-left\">Os <strong>estudantes regulares n\u00e3o bolsistas<\/strong> do mestrado dever\u00e3o completar <strong>59 cr\u00e9ditos<\/strong> correspondentes a <strong>885 horas<\/strong>, assim distribu\u00eddos:<\/p>\n\n\n\n<ul class=\"wp-block-list\">\n<li>32 cr\u00e9ditos em disciplinas <strong>obrigat\u00f3rias <\/strong>&#8211; (480 horas)<\/li>\n\n\n\n<li>8 cr\u00e9ditos em disciplinas <strong>optativas <\/strong>&#8211; (120 horas)<\/li>\n\n\n\n<li>19 cr\u00e9ditos em <strong>disserta\u00e7\u00e3o <\/strong>de mestrado &#8211; (285 horas)<\/li>\n<\/ul>\n\n\n\n<p>Os <strong>estudantes regulares bolsistas<\/strong> do mestrado dever\u00e3o completar 63 cr\u00e9ditos correspondentes a 945 horas, assim distribu\u00eddos:<\/p>\n\n\n\n<ul class=\"wp-block-list\">\n<li>36 cr\u00e9ditos em disciplinas <strong>obrigat\u00f3rias<\/strong> &#8211; (540 horas)<\/li>\n\n\n\n<li>8 cr\u00e9ditos em disciplinas <strong>optativas<\/strong> &#8211; (120 horas)<\/li>\n\n\n\n<li>19 cr\u00e9ditos em <strong>disserta\u00e7\u00e3o <\/strong>de mestrado &#8211; (285 horas)<\/li>\n<\/ul>\n<\/div>\n\n\n\n<div class=\"wp-block-uel-card\">\n<h3 class=\"wp-block-heading is-style-highlighted-heading\">As disciplinas obrigat\u00f3rias do PPGA est\u00e3o divididas em:<\/h3>\n\n\n\n<ol class=\"wp-block-list\">\n<li>Disciplinas obrigat\u00f3rias gerais.<\/li>\n\n\n\n<li>Disciplinas obrigat\u00f3rias com op\u00e7\u00e3o de escolha.<\/li>\n\n\n\n<li>Disciplinas obrigat\u00f3rias por linha de pesquisa.<\/li>\n\n\n\n<li>Disciplinas obrigat\u00f3rias de elabora\u00e7\u00e3o e avalia\u00e7\u00e3o de disserta\u00e7\u00e3o.<\/li>\n\n\n\n<li>Disciplina obrigat\u00f3ria para bolsistas.<\/li>\n<\/ol>\n<\/div>\n\n\n\n<div class=\"wp-block-uel-card\">\n<h4 class=\"wp-block-heading is-style-highlighted-heading\">Disciplinas Obrigat\u00f3rias Gerais<\/h4>\n\n\n\n<blockquote class=\"wp-block-quote is-layout-flow wp-block-quote-is-layout-flow\">\n<p>Dever\u00e3o ser cursadas por <strong>todos os estudantes regulares<\/strong>.<\/p>\n<\/blockquote>\n\n\n\n<p>As disciplinas <strong>obrigat\u00f3rias gerais do PPGA<\/strong> s\u00e3o:<\/p>\n\n\n\n<ul class=\"wp-block-list\">\n<li><strong><a href=\"https:\/\/pos.uel.br\/ppga\/wp-content\/uploads\/2025\/07\/Teoria-das-Organizacoes.pdf\" data-type=\"link\" data-id=\"https:\/\/pos.uel.br\/ppga\/wp-content\/uploads\/2025\/07\/Teoria-das-Organizacoes.pdf\" target=\"_blank\" rel=\"noreferrer noopener\">Teoria das Organiza\u00e7\u00f5es<\/a><\/strong>\u00a0(60 horas \u2013 4 cr\u00e9ditos)<\/li>\n\n\n\n<li><strong><a href=\"https:\/\/pos.uel.br\/ppga\/wp-content\/uploads\/2025\/07\/Metodologia-de-Pesquisa-em-Organizacoes.pdf\" data-type=\"link\" data-id=\"https:\/\/pos.uel.br\/ppga\/wp-content\/uploads\/2025\/07\/Metodologia-de-Pesquisa-em-Organizacoes.pdf\" target=\"_blank\" rel=\"noreferrer noopener\">Metodologia de Pesquisa em Organiza\u00e7\u00f5es<\/a>\u00a0<\/strong>(60 horas \u2013 4 cr\u00e9ditos)<\/li>\n<\/ul>\n<\/div>\n\n\n\n<div class=\"wp-block-uel-card\">\n<h4 class=\"wp-block-heading is-style-highlighted-heading\">Disciplinas Obrigat\u00f3rias com Op\u00e7\u00e3o de Escolha:<\/h4>\n\n\n\n<blockquote class=\"wp-block-quote is-layout-flow wp-block-quote-is-layout-flow\">\n<p>Os estudantes regulares dever\u00e3o escolher cursar Estudos <strong>Qualitativos <\/strong>em Organiza\u00e7\u00f5es ou Estudos <strong>Quantitativos <\/strong>em Administra\u00e7\u00e3o para cumprir os cr\u00e9ditos de disciplinas obrigat\u00f3rias.<\/p>\n<\/blockquote>\n\n\n\n<p>As disciplinas <strong>obrigat\u00f3rias gerais do PPGA<\/strong> s\u00e3o:<\/p>\n\n\n\n<ul class=\"wp-block-list\">\n<li><strong><a href=\"https:\/\/pos.uel.br\/ppga\/wp-content\/uploads\/2025\/07\/Estudos-Qualitativos-em-Organizacoes.pdf\" data-type=\"link\" data-id=\"https:\/\/pos.uel.br\/ppga\/wp-content\/uploads\/2025\/07\/Estudos-Qualitativos-em-Organizacoes.pdf\" target=\"_blank\" rel=\"noreferrer noopener\">Estudos Qualitativos em Organiza\u00e7\u00f5es<\/a><\/strong>\u00a0(60 horas \u2013 4 cr\u00e9ditos)<\/li>\n\n\n\n<li><strong><a href=\"https:\/\/pos.uel.br\/ppga\/wp-content\/uploads\/2025\/07\/Estudos-Quantitativos-em-Organizacoes.pdf\" data-type=\"link\" data-id=\"https:\/\/pos.uel.br\/ppga\/wp-content\/uploads\/2025\/07\/Estudos-Quantitativos-em-Organizacoes.pdf\" target=\"_blank\" rel=\"noreferrer noopener\">Estudos Quantitativos em Administra\u00e7\u00e3o<\/a>\u00a0<\/strong>(60 horas \u2013 4 cr\u00e9ditos)<\/li>\n<\/ul>\n<\/div>\n\n\n\n<div class=\"wp-block-uel-card\">\n<h4 class=\"wp-block-heading is-style-highlighted-heading\">Disciplinas Obrigat\u00f3rias por Linha de Pesquisa:<\/h4>\n\n\n\n<ul class=\"wp-block-list\">\n<li><strong><a href=\"https:\/\/pos.uel.br\/ppga\/wp-content\/uploads\/2025\/07\/Gestao-de-Organizacoes.pdf\" data-type=\"link\" data-id=\"https:\/\/pos.uel.br\/ppga\/wp-content\/uploads\/2025\/07\/Gestao-de-Organizacoes.pdf\" target=\"_blank\" rel=\"noreferrer noopener\">Gest\u00e3o de Organiza\u00e7\u00f5es<\/a><\/strong> (60 horas \u2013 4 cr\u00e9ditos):\u00a0estudantes aprovados na linha de pesquisa\u00a0<strong>Gest\u00e3o de Organiza\u00e7\u00f5es<\/strong>\u00a0devem cursar obrigatoriamente a disciplina\u00a0<strong>Gest\u00e3o de Organiza\u00e7\u00f5es<\/strong>.<\/li>\n\n\n\n<li><strong><a href=\"https:\/\/pos.uel.br\/ppga\/wp-content\/uploads\/2025\/07\/Relacoes-de-Poder-na-Producao-da-Vida-Organizada.pdf\" data-type=\"link\" data-id=\"https:\/\/pos.uel.br\/ppga\/wp-content\/uploads\/2025\/07\/Relacoes-de-Poder-na-Producao-da-Vida-Organizada.pdf\" target=\"_blank\" rel=\"noreferrer noopener\">Rela\u00e7\u00f5es de Poder na Produ\u00e7\u00e3o da Vida Organizada<\/a><\/strong> (60 horas \u2013 4 cr\u00e9ditos):\u00a0estudantes aprovados na linha de pesquisa\u00a0<strong>Organiza\u00e7\u00f5es, Poder e Sociedade<\/strong>\u00a0devem cursar obrigatoriamente a disciplina\u00a0<strong>Rela\u00e7\u00f5es de Poder na Produ\u00e7\u00e3o da Vida Organizada<\/strong>.<\/li>\n<\/ul>\n\n\n\n<p><strong>Observa\u00e7\u00e3o:<\/strong><br>Os estudantes de uma linha de pesquisa&nbsp;<strong>n\u00e3o podem<\/strong>&nbsp;cursar a disciplina obrigat\u00f3ria da outra linha.<\/p>\n<\/div>\n\n\n\n<div class=\"wp-block-uel-card\">\n<h4 class=\"wp-block-heading is-style-highlighted-heading\">Disciplinas Obrigat\u00f3rias de Elabora\u00e7\u00e3o e Avalia\u00e7\u00e3o de Disserta\u00e7\u00e3o (Atividades de Elabora\u00e7\u00e3o e Avalia\u00e7\u00e3o da Disserta\u00e7\u00e3o)<\/h4>\n\n\n\n<blockquote class=\"wp-block-quote is-layout-flow wp-block-quote-is-layout-flow\">\n<p>Dever\u00e3o ser cursadas por todos os estudantes regulares. S\u00e3o atividades obrigat\u00f3rias reservadas para o planejamento, a elabora\u00e7\u00e3o e a avalia\u00e7\u00e3o da disserta\u00e7\u00e3o.<\/p>\n<\/blockquote>\n\n\n\n<ul class=\"wp-block-list\">\n<li><strong><a href=\"https:\/\/pos.uel.br\/ppga\/wp-content\/uploads\/2025\/07\/Projeto-de-Dissertacao-I.pdf\">Projeto de Disserta\u00e7\u00e3o I<\/a><\/strong>\u00a0(120 horas \u2013 8 cr\u00e9ditos)<\/li>\n\n\n\n<li><strong><a href=\"https:\/\/pos.uel.br\/ppga\/wp-content\/uploads\/2025\/07\/Projeto-de-Dissertacao-II.pdf\">Projeto de Disserta\u00e7\u00e3o II<\/a><\/strong>\u00a0(120 horas \u2013 8 cr\u00e9ditos)<\/li>\n<\/ul>\n<\/div>\n\n\n\n<div class=\"wp-block-uel-card\">\n<h4 class=\"wp-block-heading is-style-highlighted-heading\">Disciplina Obrigat\u00f3ria para Bolsistas<\/h4>\n\n\n\n<p>A disciplina <strong><a href=\"https:\/\/pos.uel.br\/ppga\/wp-content\/uploads\/2025\/07\/Estagio-de-Docencia.pdf\" target=\"_blank\" rel=\"noreferrer noopener\">Est\u00e1gio de Doc\u00eancia<\/a><\/strong>\u00a0(60 horas \u2013 4 cr\u00e9ditos) dever\u00e1 ser cursada por todos os estudantes regulares <strong>bolsistas<\/strong>, independente da natureza e da fonte de financiamento\/fomento.<\/p>\n<\/div>\n\n\n\n<div class=\"wp-block-uel-card\">\n<h3 class=\"wp-block-heading is-style-highlighted-heading\">As disciplinas optativas do PPGA s\u00e3o:<\/h3>\n\n\n\n<ul class=\"wp-block-list\">\n<li><strong><a href=\"https:\/\/pos.uel.br\/ppga\/wp-content\/uploads\/2025\/07\/Estagio-de-Docencia.pdf\" target=\"_blank\" rel=\"noreferrer noopener\">Est\u00e1gio de Doc\u00eancia<\/a><\/strong>\u00a0(60 horas \u2013 4 cr\u00e9ditos)<\/li>\n\n\n\n<li><strong><a href=\"https:\/\/pos.uel.br\/ppga\/wp-content\/uploads\/2025\/07\/Laboratorio-de-Ensino-e-Aprendizagem.pdf\" target=\"_blank\" rel=\"noreferrer noopener\">Laborat\u00f3rio de Ensino e Aprendizagem<\/a>\u00a0<\/strong>(horas vari\u00e1veis \u2013 cr\u00e9ditos vari\u00e1veis)<\/li>\n\n\n\n<li><strong><a href=\"https:\/\/pos.uel.br\/ppga\/wp-content\/uploads\/2025\/07\/Efetividade-na-Gestao-de-Organizacoes.pdf\" target=\"_blank\" rel=\"noreferrer noopener\">Efetividade na Gest\u00e3o de Organiza\u00e7\u00f5es<\/a>\u00a0<\/strong>(60 horas \u2013 4 cr\u00e9ditos) (GOR)<\/li>\n\n\n\n<li><strong><a href=\"https:\/\/pos.uel.br\/ppga\/wp-content\/uploads\/2025\/07\/Reflexoes-sobre-a-Gestao-Organizacional.pdf\" target=\"_blank\" rel=\"noreferrer noopener\">Reflex\u00f5es sobre a Gest\u00e3o Organizacional<\/a><\/strong>\u00a0(60 horas \u2013 4 cr\u00e9ditos) (GOR)<\/li>\n\n\n\n<li><strong><a href=\"https:\/\/pos.uel.br\/ppga\/wp-content\/uploads\/2025\/07\/Tomada-de-Decisao-nas-Organizacoes.pdf\" target=\"_blank\" rel=\"noreferrer noopener\">Tomada de Decis\u00e3o nas Organiza\u00e7\u00f5es<\/a>\u00a0<\/strong>(60 horas \u2013 4 cr\u00e9ditos) (GOR)<\/li>\n\n\n\n<li><strong><a href=\"https:\/\/pos.uel.br\/ppga\/wp-content\/uploads\/2025\/07\/Topicos-Especiais-em-Gestao-de-Organizacoes.pdf\" target=\"_blank\" rel=\"noreferrer noopener\">T\u00f3picos Especiais em Gest\u00e3o de Organiza\u00e7\u00f5es<\/a>\u00a0<\/strong>(60 horas \u2013 4 cr\u00e9ditos) (GOR)<\/li>\n\n\n\n<li><strong><a href=\"https:\/\/pos.uel.br\/ppga\/wp-content\/uploads\/2025\/07\/Discurso-e-Relacoes-de-Poder.pdf\" target=\"_blank\" rel=\"noreferrer noopener\">Discurso e Rela\u00e7\u00f5es de Poder<\/a><\/strong>\u00a0(60 horas \u2013 4 cr\u00e9ditos) (OPS)<\/li>\n\n\n\n<li><strong><a href=\"https:\/\/pos.uel.br\/ppga\/wp-content\/uploads\/2025\/07\/Natureza-Capitalismo-e-Politica.pdf\" target=\"_blank\" rel=\"noreferrer noopener\">Natureza, Capitalismo e Pol\u00edtica<\/a><\/strong>\u00a0(60 horas \u2013 4 cr\u00e9ditos) (OPS)<\/li>\n\n\n\n<li><strong><a href=\"https:\/\/pos.uel.br\/ppga\/wp-content\/uploads\/2025\/07\/Socioeconomia-Solidaria-e-Redes.pdf\" target=\"_blank\" rel=\"noreferrer noopener\">Socioeconomia Solid\u00e1ria e Redes<\/a><\/strong>\u00a0(60 horas \u2013 4 cr\u00e9ditos) (OPS)<\/li>\n\n\n\n<li><strong><a href=\"https:\/\/pos.uel.br\/ppga\/wp-content\/uploads\/2025\/07\/Topicos-Especiais-em-Organizacoes-Poder-e-Sociedade.pdf\" target=\"_blank\" rel=\"noreferrer noopener\">T\u00f3picos Especiais em Organiza\u00e7\u00f5es, Poder e Sociedade<\/a>\u00a0<\/strong>(60 horas \u2013 4 cr\u00e9ditos) (OPS)<\/li>\n<\/ul>\n<\/div>\n\n\n\n<p><\/p>\n\n\n\n<p><\/p>\n\n\n\n<p><\/p>\n","protected":false},"excerpt":{"rendered":"","protected":false},"author":7,"featured_media":0,"parent":0,"menu_order":0,"comment_status":"closed","ping_status":"closed","template":"","meta":{"footnotes":""},"class_list":["post-11","page","type-page","status-publish","hentry"],"acf":[],"_links":{"self":[{"href":"https:\/\/pos.uel.br\/ppga\/wp-json\/wp\/v2\/pages\/11","targetHints":{"allow":["GET"]}}],"collection":[{"href":"https:\/\/pos.uel.br\/ppga\/wp-json\/wp\/v2\/pages"}],"about":[{"href":"https:\/\/pos.uel.br\/ppga\/wp-json\/wp\/v2\/types\/page"}],"author":[{"embeddable":true,"href":"https:\/\/pos.uel.br\/ppga\/wp-json\/wp\/v2\/users\/7"}],"replies":[{"embeddable":true,"href":"https:\/\/pos.uel.br\/ppga\/wp-json\/wp\/v2\/comments?post=11"}],"version-history":[{"count":28,"href":"https:\/\/pos.uel.br\/ppga\/wp-json\/wp\/v2\/pages\/11\/revisions"}],"predecessor-version":[{"id":2247,"href":"https:\/\/pos.uel.br\/ppga\/wp-json\/wp\/v2\/pages\/11\/revisions\/2247"}],"wp:attachment":[{"href":"https:\/\/pos.uel.br\/ppga\/wp-json\/wp\/v2\/media?parent=11"}],"curies":[{"name":"wp","href":"https:\/\/api.w.org\/{rel}","templated":true}]}}