{"id":1089,"date":"2023-12-04T11:30:59","date_gmt":"2023-12-04T14:30:59","guid":{"rendered":"https:\/\/pos.uel.br\/ppga\/?page_id=1089"},"modified":"2024-11-11T15:44:38","modified_gmt":"2024-11-11T18:44:38","slug":"pessoas","status":"publish","type":"page","link":"https:\/\/pos.uel.br\/ppga\/pessoas\/","title":{"rendered":"Pessoas"},"content":{"rendered":"\n<p><\/p>\n\n\n\n<div class=\"wp-block-group\"><div class=\"wp-block-group__inner-container is-layout-constrained wp-block-group-is-layout-constrained\">\n<h4 class=\"wp-block-heading is-style-default has-primary-accent-color has-site-background-background-color has-text-color has-background\"><a href=\"https:\/\/pos.uel.br\/ppga\/coordenacao\/\">Coordena\u00e7\u00e3o<\/a><\/h4>\n\n\n\n<h4 class=\"wp-block-heading is-style-default has-primary-accent-color has-site-background-background-color has-text-color has-background\"><a href=\"https:\/\/pos.uel.br\/ppga\/corpo-docente\/\">Docentes<\/a><\/h4>\n\n\n\n<h4 class=\"wp-block-heading is-style-default has-primary-accent-color has-site-background-background-color has-text-color has-background\"><a href=\"https:\/\/pos.uel.br\/ppga\/docentes-visitante-e-pos-doutorado\/\">Docentes (Visitante e P\u00f3s-Doutorado)<\/a><\/h4>\n\n\n\n<h4 class=\"wp-block-heading is-style-default has-primary-accent-color has-site-background-background-color has-text-color has-background\"><a href=\"https:\/\/pos.uel.br\/ppga\/corpo-discente\/\">Discentes e Egressos<\/a><\/h4>\n<\/div><\/div>\n\n\n\n<p><\/p>\n","protected":false},"excerpt":{"rendered":"<p>Coordena\u00e7\u00e3o Docentes Docentes (Visitante e P\u00f3s-Doutorado) Discentes e Egressos<\/p>\n","protected":false},"author":8,"featured_media":0,"parent":0,"menu_order":0,"comment_status":"closed","ping_status":"closed","template":"","meta":{"footnotes":""},"class_list":["post-1089","page","type-page","status-publish","hentry"],"acf":[],"_links":{"self":[{"href":"https:\/\/pos.uel.br\/ppga\/wp-json\/wp\/v2\/pages\/1089","targetHints":{"allow":["GET"]}}],"collection":[{"href":"https:\/\/pos.uel.br\/ppga\/wp-json\/wp\/v2\/pages"}],"about":[{"href":"https:\/\/pos.uel.br\/ppga\/wp-json\/wp\/v2\/types\/page"}],"author":[{"embeddable":true,"href":"https:\/\/pos.uel.br\/ppga\/wp-json\/wp\/v2\/users\/8"}],"replies":[{"embeddable":true,"href":"https:\/\/pos.uel.br\/ppga\/wp-json\/wp\/v2\/comments?post=1089"}],"version-history":[{"count":3,"href":"https:\/\/pos.uel.br\/ppga\/wp-json\/wp\/v2\/pages\/1089\/revisions"}],"predecessor-version":[{"id":1612,"href":"https:\/\/pos.uel.br\/ppga\/wp-json\/wp\/v2\/pages\/1089\/revisions\/1612"}],"wp:attachment":[{"href":"https:\/\/pos.uel.br\/ppga\/wp-json\/wp\/v2\/media?parent=1089"}],"curies":[{"name":"wp","href":"https:\/\/api.w.org\/{rel}","templated":true}]}}