{"id":10,"date":"2021-04-29T12:28:49","date_gmt":"2021-04-29T15:28:49","guid":{"rendered":"https:\/\/pos.uel.br\/ppga\/?page_id=10"},"modified":"2024-10-11T11:48:18","modified_gmt":"2024-10-11T14:48:18","slug":"contatos","status":"publish","type":"page","link":"https:\/\/pos.uel.br\/ppga\/contatos\/","title":{"rendered":"Contato"},"content":{"rendered":"\n<p><strong>Programa de P\u00f3s-Gradua\u00e7\u00e3o em Administra\u00e7\u00e3o<\/strong><br>Universidade Estadual de Londrina (UEL)<br>Centro de Estudos Sociais Aplicados (CESA)<\/p>\n\n\n\n<p>Caixa Postal 10.011<br>Rodovia Celso Garcia Cid, Km 380 &#8211; Campus Universit\u00e1rio<br>Londrina, Paran\u00e1, Brasil.<\/p>\n\n\n\n<p>Secretaria do Mestrado Acad\u00eamico em Administra\u00e7\u00e3o<br>Secret\u00e1rio: Francisco Carlos Navarro<br>E-mail:\u00a0<a href=\"mailto:mestrados@uel.br\">mestrados@uel.br<\/a><\/p>\n\n\n\n<p>Coordena\u00e7\u00e3o<br>E-mail:&nbsp;<a href=\"mailto:ppga@uel.br\">ppga@uel.br<\/a><\/p>\n\n\n\n<p>Desenvolvimento do Site<br>Paulo Marcelo Ferrarese Pegino<br>E-mail:&nbsp;<a href=\"mailto:ppga@uel.br\">ppga@uel.br<\/a>, <a href=\"mailto:paulo.pegino@uel.br\" target=\"_blank\" rel=\"noreferrer noopener\">paulo.pegino@uel.br<\/a><\/p>\n\n\n\n<p>43 33714693<\/p>\n","protected":false},"excerpt":{"rendered":"<p>Programa de P\u00f3s-Gradua\u00e7\u00e3o em Administra\u00e7\u00e3oUniversidade Estadual de Londrina (UEL)Centro de Estudos Sociais Aplicados (CESA) Caixa Postal 10.011Rodovia Celso Garcia Cid, Km 380 &#8211; Campus Universit\u00e1rioLondrina, Paran\u00e1, Brasil. Secretaria do Mestrado Acad\u00eamico em Administra\u00e7\u00e3oSecret\u00e1rio: Francisco Carlos NavarroE-mail:\u00a0mestrados@uel.br Coordena\u00e7\u00e3oE-mail:&nbsp;ppga@uel.br Desenvolvimento do SitePaulo Marcelo Ferrarese PeginoE-mail:&nbsp;ppga@uel.br, paulo.pegino@uel.br 43 33714693<\/p>\n","protected":false},"author":7,"featured_media":0,"parent":0,"menu_order":0,"comment_status":"closed","ping_status":"closed","template":"","meta":{"footnotes":""},"class_list":["post-10","page","type-page","status-publish","hentry"],"acf":[],"_links":{"self":[{"href":"https:\/\/pos.uel.br\/ppga\/wp-json\/wp\/v2\/pages\/10","targetHints":{"allow":["GET"]}}],"collection":[{"href":"https:\/\/pos.uel.br\/ppga\/wp-json\/wp\/v2\/pages"}],"about":[{"href":"https:\/\/pos.uel.br\/ppga\/wp-json\/wp\/v2\/types\/page"}],"author":[{"embeddable":true,"href":"https:\/\/pos.uel.br\/ppga\/wp-json\/wp\/v2\/users\/7"}],"replies":[{"embeddable":true,"href":"https:\/\/pos.uel.br\/ppga\/wp-json\/wp\/v2\/comments?post=10"}],"version-history":[{"count":5,"href":"https:\/\/pos.uel.br\/ppga\/wp-json\/wp\/v2\/pages\/10\/revisions"}],"predecessor-version":[{"id":1455,"href":"https:\/\/pos.uel.br\/ppga\/wp-json\/wp\/v2\/pages\/10\/revisions\/1455"}],"wp:attachment":[{"href":"https:\/\/pos.uel.br\/ppga\/wp-json\/wp\/v2\/media?parent=10"}],"curies":[{"name":"wp","href":"https:\/\/api.w.org\/{rel}","templated":true}]}}