{"id":997,"date":"2022-07-01T08:30:45","date_gmt":"2022-07-01T11:30:45","guid":{"rendered":"https:\/\/pos.uel.br\/ppenf\/?page_id=997"},"modified":"2023-07-06T13:42:55","modified_gmt":"2023-07-06T16:42:55","slug":"estudante-especial","status":"publish","type":"page","link":"https:\/\/pos.uel.br\/ppenf\/estudante-especial\/","title":{"rendered":"Estudante Especial"},"content":{"rendered":"\n<p>Estabelece normas e procedimentos de sele\u00e7\u00e3o para cursar disciplina, como <strong>Estudante Especial<\/strong>, no Programa de P\u00f3s-Gradua\u00e7\u00e3o em Enfermagem.<\/p>\n\n\n\n<p>As inscri\u00e7\u00f5es ser\u00e3o efetivadas somente via Internet no site:<\/p>\n\n\n\n<p>Link: <a href=\"http:\/\/www.uel.br\/proppg\/portalnovo\/pages\/inscricoes-programas-cursos\/inscricoes-por-nivel.php\" data-type=\"URL\" data-id=\"http:\/\/www.uel.br\/proppg\/portalnovo\/pages\/inscricoes-programas-cursos\/inscricoes-por-nivel.php\"><strong>http:\/\/www.uel.br\/proppg\/portalnovo\/pages\/inscricoes-programas-cursos\/inscricoes-por-nivel.php<\/strong><\/a><\/p>\n\n\n\n<p>E neste per\u00edodo dever\u00e3o ser entregues os documentos exigidos, conforme item \u201c<strong>Documentos para Inscri\u00e7\u00e3o<\/strong>\u201d, deste edital.<\/p>\n\n\n\n<p class=\"has-text-align-center\"><\/p>\n\n\n\n<p class=\"has-text-align-center has-medium-font-size\"><strong>Acesse o edital na \u00edntegra no link abaixo<\/strong><\/p>\n\n\n\n<div data-wp-interactive=\"core\/file\" class=\"wp-block-file\"><object data-wp-bind--hidden=\"!state.hasPdfPreview\" hidden class=\"wp-block-file__embed\" data=\"https:\/\/pos.uel.br\/ppenf\/wp-content\/uploads\/2023\/07\/OFICIAL_06.07.2023.Edital-Oferta-vagas-ESTUDANTE-ESPECIAL-2o-semestre_2023-2.pdf\" type=\"application\/pdf\" style=\"width:100%;height:600px\" aria-label=\"Incorporado de OFICIAL_06.07.2023.Edital-Oferta-vagas-ESTUDANTE-ESPECIAL-2o-semestre_2023-2.\"><\/object><a id=\"wp-block-file--media-d2eedeae-42da-4ad9-97a5-f45d296968f1\" href=\"https:\/\/pos.uel.br\/ppenf\/wp-content\/uploads\/2023\/07\/OFICIAL_06.07.2023.Edital-Oferta-vagas-ESTUDANTE-ESPECIAL-2o-semestre_2023-2.pdf\">OFICIAL_06.07.2023.Edital-Oferta-vagas-ESTUDANTE-ESPECIAL-2o-semestre_2023-2<\/a><a href=\"https:\/\/pos.uel.br\/ppenf\/wp-content\/uploads\/2023\/07\/OFICIAL_06.07.2023.Edital-Oferta-vagas-ESTUDANTE-ESPECIAL-2o-semestre_2023-2.pdf\" class=\"wp-block-file__button wp-element-button\" download aria-describedby=\"wp-block-file--media-d2eedeae-42da-4ad9-97a5-f45d296968f1\">Baixar<\/a><\/div>\n","protected":false},"excerpt":{"rendered":"<p>Estabelece normas e procedimentos de sele\u00e7\u00e3o para cursar disciplina, como Estudante Especial, no Programa de P\u00f3s-Gradua\u00e7\u00e3o em Enfermagem. As inscri\u00e7\u00f5es ser\u00e3o efetivadas somente via Internet no site: Link: http:\/\/www.uel.br\/proppg\/portalnovo\/pages\/inscricoes-programas-cursos\/inscricoes-por-nivel.php E neste per\u00edodo dever\u00e3o ser entregues os documentos exigidos, conforme item \u201cDocumentos para Inscri\u00e7\u00e3o\u201d, deste edital. Acesse o edital na \u00edntegra no link abaixo<\/p>\n","protected":false},"author":1,"featured_media":0,"parent":0,"menu_order":0,"comment_status":"closed","ping_status":"closed","template":"","meta":{"_acf_changed":false,"footnotes":""},"class_list":["post-997","page","type-page","status-publish","hentry"],"acf":[],"_links":{"self":[{"href":"https:\/\/pos.uel.br\/ppenf\/wp-json\/wp\/v2\/pages\/997","targetHints":{"allow":["GET"]}}],"collection":[{"href":"https:\/\/pos.uel.br\/ppenf\/wp-json\/wp\/v2\/pages"}],"about":[{"href":"https:\/\/pos.uel.br\/ppenf\/wp-json\/wp\/v2\/types\/page"}],"author":[{"embeddable":true,"href":"https:\/\/pos.uel.br\/ppenf\/wp-json\/wp\/v2\/users\/1"}],"replies":[{"embeddable":true,"href":"https:\/\/pos.uel.br\/ppenf\/wp-json\/wp\/v2\/comments?post=997"}],"version-history":[{"count":6,"href":"https:\/\/pos.uel.br\/ppenf\/wp-json\/wp\/v2\/pages\/997\/revisions"}],"predecessor-version":[{"id":2136,"href":"https:\/\/pos.uel.br\/ppenf\/wp-json\/wp\/v2\/pages\/997\/revisions\/2136"}],"wp:attachment":[{"href":"https:\/\/pos.uel.br\/ppenf\/wp-json\/wp\/v2\/media?parent=997"}],"curies":[{"name":"wp","href":"https:\/\/api.w.org\/{rel}","templated":true}]}}