{"id":932,"date":"2022-06-30T19:38:12","date_gmt":"2022-06-30T22:38:12","guid":{"rendered":"https:\/\/pos.uel.br\/ppenf\/?page_id=932"},"modified":"2022-06-30T22:55:49","modified_gmt":"2022-07-01T01:55:49","slug":"credenciamento-de-docentes-permanentes","status":"publish","type":"page","link":"https:\/\/pos.uel.br\/ppenf\/credenciamento-de-docentes-permanentes\/","title":{"rendered":"Credenciamento e Recredenciamento de Docentes"},"content":{"rendered":"\n<p class=\"has-text-align-left\">Considerando a import\u00e2ncia e necessidade de melhor qualifica\u00e7\u00e3o da P\u00f3s-Gradua\u00e7\u00e3o Stricto-Sensu em Enfermagem da Universidade Estadual de Londrina, as normas adotadas neste documento, visam atingir o conceito 5 (muito bom), de acordo com os crit\u00e9rios da Coordena\u00e7\u00e3o de Aperfei\u00e7oamento de Pessoal de N\u00edvel Superior (CAPES).<\/p>\n\n\n\n<p class=\"has-text-align-left\"><br>O objetivo deste documento \u00e9 normatizar os crit\u00e9rios e procedimentos para credenciamento e recredenciamento de professores do Programa de P\u00f3s-Gradua\u00e7\u00e3o em Enfermagem (PPGENF) da Universidade Estadual de Londrina, n\u00edvel Mestrado e Doutorado.<\/p>\n\n\n\n<div class=\"wp-block-buttons is-layout-flex wp-block-buttons-is-layout-flex\">\n<div class=\"wp-block-button\"><a class=\"wp-block-button__link\" href=\"https:\/\/drive.google.com\/file\/d\/1DPqTvFcsirZFxpnn8WIt8W-6HHzt4Drz\/view?usp=sharing\">Baixar<\/a><\/div>\n<\/div>\n","protected":false},"excerpt":{"rendered":"<p>Considerando a import\u00e2ncia e necessidade de melhor qualifica\u00e7\u00e3o da P\u00f3s-Gradua\u00e7\u00e3o Stricto-Sensu em Enfermagem da Universidade Estadual de Londrina, as normas adotadas neste documento, visam atingir o conceito 5 (muito bom), de acordo com os crit\u00e9rios da Coordena\u00e7\u00e3o de Aperfei\u00e7oamento de Pessoal de N\u00edvel Superior (CAPES). O objetivo deste documento \u00e9 normatizar os crit\u00e9rios e procedimentos [&hellip;]<\/p>\n","protected":false},"author":1,"featured_media":0,"parent":0,"menu_order":0,"comment_status":"closed","ping_status":"closed","template":"","meta":{"_acf_changed":false,"footnotes":""},"class_list":["post-932","page","type-page","status-publish","hentry"],"acf":[],"_links":{"self":[{"href":"https:\/\/pos.uel.br\/ppenf\/wp-json\/wp\/v2\/pages\/932","targetHints":{"allow":["GET"]}}],"collection":[{"href":"https:\/\/pos.uel.br\/ppenf\/wp-json\/wp\/v2\/pages"}],"about":[{"href":"https:\/\/pos.uel.br\/ppenf\/wp-json\/wp\/v2\/types\/page"}],"author":[{"embeddable":true,"href":"https:\/\/pos.uel.br\/ppenf\/wp-json\/wp\/v2\/users\/1"}],"replies":[{"embeddable":true,"href":"https:\/\/pos.uel.br\/ppenf\/wp-json\/wp\/v2\/comments?post=932"}],"version-history":[{"count":6,"href":"https:\/\/pos.uel.br\/ppenf\/wp-json\/wp\/v2\/pages\/932\/revisions"}],"predecessor-version":[{"id":976,"href":"https:\/\/pos.uel.br\/ppenf\/wp-json\/wp\/v2\/pages\/932\/revisions\/976"}],"wp:attachment":[{"href":"https:\/\/pos.uel.br\/ppenf\/wp-json\/wp\/v2\/media?parent=932"}],"curies":[{"name":"wp","href":"https:\/\/api.w.org\/{rel}","templated":true}]}}