{"id":913,"date":"2022-06-30T14:00:22","date_gmt":"2022-06-30T17:00:22","guid":{"rendered":"https:\/\/pos.uel.br\/ppenf\/?page_id=913"},"modified":"2022-07-12T13:41:20","modified_gmt":"2022-07-12T16:41:20","slug":"matricula-e-rematricula","status":"publish","type":"page","link":"https:\/\/pos.uel.br\/ppenf\/matricula-e-rematricula\/","title":{"rendered":"Matr\u00edcula e Rematr\u00edcula"},"content":{"rendered":"\n<p><\/p>\n\n\n\n<h5 class=\"has-primary-accent-color has-text-color wp-block-heading\"><strong>INFORMA\u00c7\u00d5ES PARA REALIZA\u00c7\u00c3O DE MATR\u00cdCULA<\/strong><\/h5>\n\n\n\n<p>A matr\u00edcula de estudantes ingressantes \u00e9 feita via WEB, dentro do per\u00edodo de matr\u00edcula (definido conforme Cronograma, divulgado no Edital de Resultado do Programa). Abaixo seguem os passos e algumas orienta\u00e7\u00f5es para sua realiza\u00e7\u00e3o:<\/p>\n\n\n\n<ol class=\"wp-block-list\"><li>O estudante deve entrar no site da UEL (<a rel=\"noreferrer noopener\" href=\"http:\/\/www.uel.br\/\" target=\"_blank\">http:\/\/www.uel.br<\/a>)<\/li><li>Clicar no Portal do Estudante<\/li><li>Em seguida, clicar no Portal do Estudante de P\u00f3s-Gradua\u00e7\u00e3o<\/li><li>Fazer o cadastro.<\/li><li>No cadastro colocar um e-mail (o n\u00famero de matr\u00edcula e senha ser\u00e3o enviados para esse e-mail permitindo o acesso ao Portal). N\u00e3o cadastrar e-mail do Hotmail, pois ele geralmente entra em conflito com o sistema da UEL.<\/li><li>Os ingressantes que j\u00e1 foram estudantes da P\u00f3s-Gradua\u00e7\u00e3o da UEL ter\u00e3o de entrar em contato com a secretaria do Programa pelo email&nbsp;comportamento@uel.br&nbsp;para que seja fornecido o n\u00famero de matr\u00edcula novo. Com o novo n\u00famero de matr\u00edcula o estudante poder\u00e1 acessar o portal com a senha antiga.<\/li><li>No Portal do Estudante de P\u00f3s-Gradua\u00e7\u00e3o h\u00e1 um manual com o passo a passo que os estudantes devem seguir para a realiza\u00e7\u00e3o da matr\u00edcula bem como outras informa\u00e7\u00f5es necess\u00e1rias.<\/li><\/ol>\n\n\n\n<p><\/p>\n\n\n\n<hr class=\"wp-block-separator aligncenter has-alpha-channel-opacity\"\/>\n\n\n\n<h5 class=\"has-primary-accent-color has-text-color wp-block-heading\"><strong>INFORMA\u00c7\u00d5ES PARA REALIZA\u00c7\u00c3O DE REMATR\u00cdCULA<\/strong><\/h5>\n\n\n\n<p><strong>Em todos os semestres os estudantes devem realizar a rematr\u00edcula.<\/strong><\/p>\n\n\n\n<p>A rematr\u00edcula \u00e9 feita pelo estudante por meio do <strong>Portal do Estudante de P\u00f3s-Gradua\u00e7\u00e3o via WEB<\/strong>, dentro do per\u00edodo de rematr\u00edcula (definido conforme <strong>Calend\u00e1rio de Atividades dos Cursos de P\u00f3s-Gradua\u00e7\u00e3o&nbsp;<em>Stricto sensu<\/em>, divulgado pelo Programa<\/strong>) e a coordena\u00e7\u00e3o do Programa defere ou n\u00e3o o pedido via Sistema UEL.<\/p>\n\n\n\n<p>O estudante que n\u00e3o efetuar a rematr\u00edcula dentro do prazo estabelecido no Calend\u00e1rio de Atividades dos Cursos de P\u00f3s-Gradua\u00e7\u00e3o&nbsp;<em>Stricto sensu<\/em>&nbsp;poder\u00e1 faz\u00ea-lo, uma \u00fanica vez, dentro do prazo de 15 (quinze) dias contados do dia do encerramento da rematr\u00edcula, mediante o pagamento de multa fixada pelo Conselho de Administra\u00e7\u00e3o da UEL. O n\u00e3o cumprimento dos prazos estipulados neste par\u00e1grafo implicar\u00e1 no desligamento autom\u00e1tico do estudante do Programa.<\/p>\n\n\n\n<p><strong>Caso o estudante perca o prazo de rematr\u00edcula ele dever\u00e1:<\/strong>&nbsp;Realizar o pedido de rematr\u00edcula fora do prazo atrav\u00e9s do Portal do Estudante de P\u00f3s-Gradua\u00e7\u00e3o. O pedido ser\u00e1 tramitado&nbsp;<em>on line<\/em>&nbsp;e dever\u00e1 ser aprovado&nbsp;<em>on line<\/em>&nbsp;pelo orientador do estudante e pela&nbsp;coordena\u00e7\u00e3o do Programa.<\/p>\n\n\n\n<p><\/p>\n\n\n\n<hr class=\"wp-block-separator has-alpha-channel-opacity\"\/>\n\n\n\n<p class=\"has-primary-accent-color has-text-color\"><strong>PASSO A PASSO PARA A REMATR\u00cdCULA FORA DO PRAZO<\/strong><\/p>\n\n\n\n<p><\/p>\n\n\n\n<p><strong>Caso o estudante perca o prazo de matr\u00edcula ele dever\u00e1:<\/strong>\u00a0Realizar o pedido de matr\u00edcula fora do prazo atrav\u00e9s do Portal do Estudante de P\u00f3s-Gradua\u00e7\u00e3o seguindo as orienta\u00e7\u00f5es descritas no\u00a0<a rel=\"noreferrer noopener\" href=\"https:\/\/www.uel.br\/pos\/pgac\/?page_id=468\" target=\"_blank\">Manual para solicitar Matr\u00edcula Fora do Prazo<\/a>. O pedido ser\u00e1 tramitado\u00a0<em>on line<\/em>\u00a0e dever\u00e1 ser aprovado\u00a0<em>on line<\/em>\u00a0pela coordena\u00e7\u00e3o do P0rograma.<\/p>\n\n\n\n<p><\/p>\n\n\n\n<ul class=\"wp-block-list\"><li>Entrar no Portal do Estudante<\/li><li>Acessar a aba &#8220;Requerimentos&#8221;<\/li><li>Acessar o \u00edcone &#8220;Tipos de Requerimentos&#8221; e ir em &#8220;Rematr\u00edcula&#8221;<\/li><li>Clicar em &#8220;Solicitar&#8221;<\/li><li>Gerar o boleto e realizar o pagamento<\/li><li>Aguardar o deferimento da coordena\u00e7\u00e3o do Programa de P\u00f3s-Gradua\u00e7\u00e3o em Enfermagem que ser\u00e1 notificado por email.<\/li><\/ul>\n\n\n\n<figure class=\"wp-block-image\"><a href=\"https:\/\/portal.uel.br\/home\/\" target=\"_blank\" rel=\"noreferrer noopener\"><img decoding=\"async\" src=\"https:\/\/www.uel.br\/pos\/pgac\/wp-content\/themes\/pgac\/images\/logo-uel-footer.webp\" alt=\"Logo Uel\" title=\"Universidade Estadual de Londrina\"\/><\/a><\/figure>\n\n\n\n<p><\/p>\n","protected":false},"excerpt":{"rendered":"<p>INFORMA\u00c7\u00d5ES PARA REALIZA\u00c7\u00c3O DE MATR\u00cdCULA A matr\u00edcula de estudantes ingressantes \u00e9 feita via WEB, dentro do per\u00edodo de matr\u00edcula (definido conforme Cronograma, divulgado no Edital de Resultado do Programa). Abaixo seguem os passos e algumas orienta\u00e7\u00f5es para sua realiza\u00e7\u00e3o: O estudante deve entrar no site da UEL (http:\/\/www.uel.br) Clicar no Portal do Estudante Em seguida, [&hellip;]<\/p>\n","protected":false},"author":1,"featured_media":0,"parent":0,"menu_order":0,"comment_status":"closed","ping_status":"closed","template":"","meta":{"_acf_changed":false,"footnotes":""},"class_list":["post-913","page","type-page","status-publish","hentry"],"acf":[],"_links":{"self":[{"href":"https:\/\/pos.uel.br\/ppenf\/wp-json\/wp\/v2\/pages\/913","targetHints":{"allow":["GET"]}}],"collection":[{"href":"https:\/\/pos.uel.br\/ppenf\/wp-json\/wp\/v2\/pages"}],"about":[{"href":"https:\/\/pos.uel.br\/ppenf\/wp-json\/wp\/v2\/types\/page"}],"author":[{"embeddable":true,"href":"https:\/\/pos.uel.br\/ppenf\/wp-json\/wp\/v2\/users\/1"}],"replies":[{"embeddable":true,"href":"https:\/\/pos.uel.br\/ppenf\/wp-json\/wp\/v2\/comments?post=913"}],"version-history":[{"count":10,"href":"https:\/\/pos.uel.br\/ppenf\/wp-json\/wp\/v2\/pages\/913\/revisions"}],"predecessor-version":[{"id":1218,"href":"https:\/\/pos.uel.br\/ppenf\/wp-json\/wp\/v2\/pages\/913\/revisions\/1218"}],"wp:attachment":[{"href":"https:\/\/pos.uel.br\/ppenf\/wp-json\/wp\/v2\/media?parent=913"}],"curies":[{"name":"wp","href":"https:\/\/api.w.org\/{rel}","templated":true}]}}