{"id":860,"date":"2022-06-27T21:00:25","date_gmt":"2022-06-28T00:00:25","guid":{"rendered":"https:\/\/pos.uel.br\/ppenf\/?page_id=860"},"modified":"2025-06-03T13:23:38","modified_gmt":"2025-06-03T16:23:38","slug":"aproveitamento-de-discplinas","status":"publish","type":"page","link":"https:\/\/pos.uel.br\/ppenf\/aproveitamento-de-discplinas\/","title":{"rendered":"Aproveitamento de Disciplinas"},"content":{"rendered":"\n<p><strong>DISCIPLINAS EXTERNAS<\/strong><\/p>\n\n\n\n<p>O aluno  pode utilizar disciplinas acumuladas no hist\u00f3rico de suas matr\u00edculas de p\u00f3s-gradua\u00e7\u00e3o,<strong> cursadas nos \u00faltimos 05 anos<\/strong>,  e solicitar aproveitamento com outra disciplina de sua grade curricular.<\/p>\n\n\n\n<p>Somente poder\u00e1 ser solicitada aproveitamento de<strong> disciplina(s) de P\u00f3s-Gradua\u00e7\u00e3o<\/strong>. Disciplinas da Gradua\u00e7\u00e3o ou cursos de Extens\u00e3o n\u00e3o ser\u00e3o aceitos conforme regulamento da P\u00f3s-Gradua\u00e7\u00e3o.<\/p>\n\n\n\n<p>Para fazer o requerimento deve seguir os passos:<\/p>\n\n\n\n<ol class=\"wp-block-list\">\n<li>Acessar o Portal do Estudante de P\u00f3s-Gradua\u00e7\u00e3o<\/li>\n\n\n\n<li>Na aba Servi\u00e7os, acessar o \u00edcone Requerimentos e acessar Aproveitamento Externo<\/li>\n\n\n\n<li>Anexar os comprovantes das disciplinas cursadas nos \u00faltimos 05 anos em outros Programas de P\u00f3s-Gradua\u00e7\u00e3o<\/li>\n\n\n\n<li>Gerar o boleto e fazer o pagamento<\/li>\n\n\n\n<li>Aguardar a an\u00e1lise da convalida\u00e7\u00e3o ou equival\u00eancia das disciplinas pelo orientador e ap\u00f3s pelo coordenador do programa, que ser\u00e3o notificadas por email<\/li>\n<\/ol>\n\n\n\n<p><\/p>\n\n\n\n<p><strong>DISCIPLINAS CURSADAS NA UEL<\/strong><\/p>\n\n\n\n<p>O aluno  pode utilizar disciplinas acumuladas no hist\u00f3rico de suas matr\u00edculas de p\u00f3s-gradua\u00e7\u00e3o e solicitar aproveitamento (Convalida\u00e7\u00e3o) com outra disciplina de sua grade curricular.<\/p>\n\n\n\n<p>Somente poder\u00e1 ser solicitada aproveitamento de<strong> disciplina(s) de P\u00f3s-Gradua\u00e7\u00e3o<\/strong>. Disciplinas da Gradua\u00e7\u00e3o ou cursos de Extens\u00e3o n\u00e3o ser\u00e3o aceitos conforme regulamento da P\u00f3s-Gradua\u00e7\u00e3o.<\/p>\n\n\n\n<p>Para fazer o requerimento deve seguir os passos:<\/p>\n\n\n\n<ol class=\"wp-block-list\">\n<li>Acessar o Portal do Estudante de P\u00f3s-Gradua\u00e7\u00e3o<\/li>\n\n\n\n<li>Na aba Servi\u00e7os, acessar o \u00edcone Requerimentos e acessar Aproveitamento UEL<\/li>\n\n\n\n<li>Acessar as disciplinas que desejar solicitar o aproveitamento <\/li>\n\n\n\n<li>Gerar o boleto e fazer o pagamento<\/li>\n\n\n\n<li>Aguardar a an\u00e1lise e convalida\u00e7\u00e3o das disciplinas, que ser\u00e3o notificadas por email<\/li>\n<\/ol>\n","protected":false},"excerpt":{"rendered":"<p>DISCIPLINAS EXTERNAS O aluno pode utilizar disciplinas acumuladas no hist\u00f3rico de suas matr\u00edculas de p\u00f3s-gradua\u00e7\u00e3o, cursadas nos \u00faltimos 05 anos, e solicitar aproveitamento com outra disciplina de sua grade curricular. Somente poder\u00e1 ser solicitada aproveitamento de disciplina(s) de P\u00f3s-Gradua\u00e7\u00e3o. Disciplinas da Gradua\u00e7\u00e3o ou cursos de Extens\u00e3o n\u00e3o ser\u00e3o aceitos conforme regulamento da P\u00f3s-Gradua\u00e7\u00e3o. Para fazer [&hellip;]<\/p>\n","protected":false},"author":1,"featured_media":0,"parent":0,"menu_order":0,"comment_status":"closed","ping_status":"closed","template":"","meta":{"_acf_changed":false,"footnotes":""},"class_list":["post-860","page","type-page","status-publish","hentry"],"acf":[],"_links":{"self":[{"href":"https:\/\/pos.uel.br\/ppenf\/wp-json\/wp\/v2\/pages\/860","targetHints":{"allow":["GET"]}}],"collection":[{"href":"https:\/\/pos.uel.br\/ppenf\/wp-json\/wp\/v2\/pages"}],"about":[{"href":"https:\/\/pos.uel.br\/ppenf\/wp-json\/wp\/v2\/types\/page"}],"author":[{"embeddable":true,"href":"https:\/\/pos.uel.br\/ppenf\/wp-json\/wp\/v2\/users\/1"}],"replies":[{"embeddable":true,"href":"https:\/\/pos.uel.br\/ppenf\/wp-json\/wp\/v2\/comments?post=860"}],"version-history":[{"count":6,"href":"https:\/\/pos.uel.br\/ppenf\/wp-json\/wp\/v2\/pages\/860\/revisions"}],"predecessor-version":[{"id":2482,"href":"https:\/\/pos.uel.br\/ppenf\/wp-json\/wp\/v2\/pages\/860\/revisions\/2482"}],"wp:attachment":[{"href":"https:\/\/pos.uel.br\/ppenf\/wp-json\/wp\/v2\/media?parent=860"}],"curies":[{"name":"wp","href":"https:\/\/api.w.org\/{rel}","templated":true}]}}