{"id":854,"date":"2022-06-27T20:49:37","date_gmt":"2022-06-27T23:49:37","guid":{"rendered":"https:\/\/pos.uel.br\/ppenf\/?page_id=854"},"modified":"2024-03-19T13:17:16","modified_gmt":"2024-03-19T16:17:16","slug":"cancelamento-de-disciplina","status":"publish","type":"page","link":"https:\/\/pos.uel.br\/ppenf\/cancelamento-de-disciplina\/","title":{"rendered":"Cancelamento de Disciplina"},"content":{"rendered":"\n<p>Para cancelar uma disciplina em que est\u00e1 matriculado no PPGENF, dever\u00e1 seguir os  passos abaixo:<\/p>\n\n\n\n<ol class=\"wp-block-list\">\n<li>Primeiro entre com sua matr\u00edcula e senha no Portal do Estudante de P\u00f3s-gradua\u00e7\u00e3o <a href=\"https:\/\/sistemas.uel.br\/portaldepos\/index\">https:\/\/sistemas.uel.br\/portaldepos\/index<\/a><\/li>\n\n\n\n<li>Na aba SERVI\u00c7OS, clique em REQUERIMENTOS e no \u00edcone CANCELAMENTO DE DISCIPLINA;<\/li>\n\n\n\n<li>Solicitar o cancelamento e selecionar a disciplina desejada;<\/li>\n\n\n\n<li>No canto esquerdo escrito \u201cCANCELAMENTO\u201d voc\u00ea clica no sinal \u201c-\u201c e confirma o cancelamento.<\/li>\n\n\n\n<li>Para confirmar o cancelamento, clique na aba HIST\u00d3RICO DE SOLICITA\u00c7\u00d5ES (ao lado de solicitar cancelamento) e a disciplina que voc\u00ea selecionou estar\u00e1 l\u00e1;<\/li>\n\n\n\n<li>A solicita\u00e7\u00e3o ser\u00e1 analisada e quando aprovada, ser\u00e1 enviado uma notifica\u00e7\u00e3o por email. <\/li>\n<\/ol>\n\n\n\n<p><strong>Aten\u00e7\u00e3o: <\/strong>O estudante poder\u00e1 solicitar o cancelamento de disciplina por meio do Portal do Estudante dentro do prazo fixado no Calend\u00e1rio da P\u00f3s-Gradua\u00e7\u00e3o da UEL vigente e desde que tenha sido ministrado, no m\u00e1ximo, 30% da sua carga hor\u00e1ria, mediante aprova\u00e7\u00e3o do Orientador e da Coordena\u00e7\u00e3o do programa.<\/p>\n\n\n\n<p>Em caso de d\u00favidas entre em contato com a secretaria de P\u00f3s-gradua\u00e7\u00e3o: spgccs@uel.br<\/p>\n\n\n\n<p><\/p>\n","protected":false},"excerpt":{"rendered":"<p>Para cancelar uma disciplina em que est\u00e1 matriculado no PPGENF, dever\u00e1 seguir os passos abaixo: Aten\u00e7\u00e3o: O estudante poder\u00e1 solicitar o cancelamento de disciplina por meio do Portal do Estudante dentro do prazo fixado no Calend\u00e1rio da P\u00f3s-Gradua\u00e7\u00e3o da UEL vigente e desde que tenha sido ministrado, no m\u00e1ximo, 30% da sua carga hor\u00e1ria, mediante [&hellip;]<\/p>\n","protected":false},"author":1,"featured_media":0,"parent":0,"menu_order":0,"comment_status":"closed","ping_status":"closed","template":"","meta":{"_acf_changed":false,"footnotes":""},"class_list":["post-854","page","type-page","status-publish","hentry"],"acf":[],"_links":{"self":[{"href":"https:\/\/pos.uel.br\/ppenf\/wp-json\/wp\/v2\/pages\/854","targetHints":{"allow":["GET"]}}],"collection":[{"href":"https:\/\/pos.uel.br\/ppenf\/wp-json\/wp\/v2\/pages"}],"about":[{"href":"https:\/\/pos.uel.br\/ppenf\/wp-json\/wp\/v2\/types\/page"}],"author":[{"embeddable":true,"href":"https:\/\/pos.uel.br\/ppenf\/wp-json\/wp\/v2\/users\/1"}],"replies":[{"embeddable":true,"href":"https:\/\/pos.uel.br\/ppenf\/wp-json\/wp\/v2\/comments?post=854"}],"version-history":[{"count":8,"href":"https:\/\/pos.uel.br\/ppenf\/wp-json\/wp\/v2\/pages\/854\/revisions"}],"predecessor-version":[{"id":2499,"href":"https:\/\/pos.uel.br\/ppenf\/wp-json\/wp\/v2\/pages\/854\/revisions\/2499"}],"wp:attachment":[{"href":"https:\/\/pos.uel.br\/ppenf\/wp-json\/wp\/v2\/media?parent=854"}],"curies":[{"name":"wp","href":"https:\/\/api.w.org\/{rel}","templated":true}]}}