{"id":836,"date":"2022-06-27T20:21:36","date_gmt":"2022-06-27T23:21:36","guid":{"rendered":"https:\/\/pos.uel.br\/ppenf\/?page_id=836"},"modified":"2025-06-18T07:24:12","modified_gmt":"2025-06-18T10:24:12","slug":"orientacoes-seminarios-mestrado","status":"publish","type":"page","link":"https:\/\/pos.uel.br\/ppenf\/orientacoes-seminarios-mestrado\/","title":{"rendered":"Orienta\u00e7\u00f5es Semin\u00e1rios Mestrado"},"content":{"rendered":"\n<p class=\"has-medium-font-size\">No documento abaixo est\u00e3o as orienta\u00e7\u00f5es para a apresenta\u00e7\u00e3o dos Semin\u00e1rios Avan\u00e7ados em Pesquisa.<\/p>\n\n\n\n<div class=\"wp-block-buttons is-layout-flex wp-block-buttons-is-layout-flex\">\n<div class=\"wp-block-button\"><a class=\"wp-block-button__link wp-element-button\">Clique aqui<\/a><\/div>\n<\/div>\n\n\n\n<div data-wp-interactive=\"core\/file\" class=\"wp-block-file\"><object data-wp-bind--hidden=\"!state.hasPdfPreview\" hidden class=\"wp-block-file__embed\" data=\"https:\/\/pos.uel.br\/ppenf\/wp-content\/uploads\/2025\/06\/Quadro_SEMINARIOS-MESTRADO_Roteiro-Apesentacao-I_II_III.pdf\" type=\"application\/pdf\" style=\"width:100%;height:600px\" aria-label=\"Incorporado de Quadro_SEMIN\u00c1RIOS MESTRADO_Roteiro Apesenta\u00e7\u00e3o I_II_III.\"><\/object><a id=\"wp-block-file--media-d9c42f89-061b-4c5e-b17e-241c6b76e21e\" href=\"https:\/\/pos.uel.br\/ppenf\/wp-content\/uploads\/2025\/06\/Quadro_SEMINARIOS-MESTRADO_Roteiro-Apesentacao-I_II_III.pdf\">Quadro_SEMIN\u00c1RIOS MESTRADO_Roteiro Apesenta\u00e7\u00e3o I_II_III<\/a><a href=\"https:\/\/pos.uel.br\/ppenf\/wp-content\/uploads\/2025\/06\/Quadro_SEMINARIOS-MESTRADO_Roteiro-Apesentacao-I_II_III.pdf\" class=\"wp-block-file__button wp-element-button\" download aria-describedby=\"wp-block-file--media-d9c42f89-061b-4c5e-b17e-241c6b76e21e\">Baixar<\/a><\/div>\n","protected":false},"excerpt":{"rendered":"<p>No documento abaixo est\u00e3o as orienta\u00e7\u00f5es para a apresenta\u00e7\u00e3o dos Semin\u00e1rios Avan\u00e7ados em Pesquisa.<\/p>\n","protected":false},"author":1,"featured_media":0,"parent":0,"menu_order":0,"comment_status":"closed","ping_status":"closed","template":"","meta":{"_acf_changed":false,"footnotes":""},"class_list":["post-836","page","type-page","status-publish","hentry"],"acf":[],"_links":{"self":[{"href":"https:\/\/pos.uel.br\/ppenf\/wp-json\/wp\/v2\/pages\/836","targetHints":{"allow":["GET"]}}],"collection":[{"href":"https:\/\/pos.uel.br\/ppenf\/wp-json\/wp\/v2\/pages"}],"about":[{"href":"https:\/\/pos.uel.br\/ppenf\/wp-json\/wp\/v2\/types\/page"}],"author":[{"embeddable":true,"href":"https:\/\/pos.uel.br\/ppenf\/wp-json\/wp\/v2\/users\/1"}],"replies":[{"embeddable":true,"href":"https:\/\/pos.uel.br\/ppenf\/wp-json\/wp\/v2\/comments?post=836"}],"version-history":[{"count":7,"href":"https:\/\/pos.uel.br\/ppenf\/wp-json\/wp\/v2\/pages\/836\/revisions"}],"predecessor-version":[{"id":2980,"href":"https:\/\/pos.uel.br\/ppenf\/wp-json\/wp\/v2\/pages\/836\/revisions\/2980"}],"wp:attachment":[{"href":"https:\/\/pos.uel.br\/ppenf\/wp-json\/wp\/v2\/media?parent=836"}],"curies":[{"name":"wp","href":"https:\/\/api.w.org\/{rel}","templated":true}]}}