{"id":786,"date":"2022-06-27T16:24:57","date_gmt":"2022-06-27T19:24:57","guid":{"rendered":"https:\/\/pos.uel.br\/ppenf\/?page_id=786"},"modified":"2024-08-08T16:46:35","modified_gmt":"2024-08-08T19:46:35","slug":"solicitacao-de-exame-de-qualificacao-defesa","status":"publish","type":"page","link":"https:\/\/pos.uel.br\/ppenf\/solicitacao-de-exame-de-qualificacao-defesa\/","title":{"rendered":"Solicita\u00e7\u00e3o de Exame de Qualifica\u00e7\u00e3o\/Defesa"},"content":{"rendered":"\n<p class=\"has-primary-accent-color has-text-color\"><strong>ORIENTA\u00c7\u00d5ES EXAME DE QUALIFICA\u00c7\u00c3O MESTRADO\/DOUTORADO<\/strong><\/p>\n\n\n\n<p>Informamos que a partir do dia&nbsp;<strong>02\/10\/2023 (segunda-feira)<\/strong>&nbsp;as solicita\u00e7\u00f5es de Exames de Qualifica\u00e7\u00f5es e Defesas ser\u00e3o realizadas via&nbsp;<strong>Google Forms, n\u00e3o sendo mais recebidos via e-mail.<\/strong><br>                                                                                                                                                                                     <\/p>\n\n\n\n<div class=\"wp-block-buttons is-layout-flex wp-block-buttons-is-layout-flex\">\n<div class=\"wp-block-button\"><a class=\"wp-block-button__link wp-element-button\" href=\"https:\/\/forms.gle\/Xir1BHz42Tiba4br8\">Link Google Forms para pedido de Qualifica\u00e7\u00e3o\/Defesa<\/a><\/div>\n<\/div>\n\n\n\n<div style=\"height:77px\" aria-hidden=\"true\" class=\"wp-block-spacer\"><\/div>\n\n\n\n<p class=\"has-primary-accent-color has-text-color\"><strong>QR Code para acessar o Google forms.<\/strong><\/p>\n\n\n<div class=\"wp-block-image\">\n<figure class=\"alignleft size-full is-resized\"><img loading=\"lazy\" decoding=\"async\" width=\"445\" height=\"437\" src=\"https:\/\/pos.uel.br\/ppenf\/wp-content\/uploads\/2023\/09\/image-12.png\" alt=\"\" class=\"wp-image-2397\" style=\"width:191px;height:187px\" srcset=\"https:\/\/pos.uel.br\/ppenf\/wp-content\/uploads\/2023\/09\/image-12.png 445w, https:\/\/pos.uel.br\/ppenf\/wp-content\/uploads\/2023\/09\/image-12-300x295.png 300w\" sizes=\"auto, (max-width: 445px) 100vw, 445px\" \/><\/figure>\n<\/div>\n\n\n<p><\/p>\n\n\n\n<p><\/p>\n\n\n\n<p><\/p>\n\n\n\n<p><\/p>\n\n\n\n<p><\/p>\n\n\n\n<div style=\"height:107px\" aria-hidden=\"true\" class=\"wp-block-spacer\"><\/div>\n\n\n\n<p>Segue abaixo, o <strong>formul\u00e1rio atualizado de cadastro de professor convidado<\/strong>, bem como o QR Code do formul\u00e1rio de solicita\u00e7\u00e3o de exame de qualifica\u00e7\u00e3o\/defesa.<br><br><br><strong>Cabe salientar que os pedidos enviados, via e-mail, at\u00e9 o dia 01\/10\/2023 n\u00e3o precisar\u00e3o ser encaminhados novamente via Google forms.<\/strong><\/p>\n\n\n\n<div class=\"wp-block-buttons is-layout-flex wp-block-buttons-is-layout-flex\">\n<div class=\"wp-block-button\"><a class=\"wp-block-button__link wp-element-button\" href=\"https:\/\/docs.google.com\/document\/d\/1GjpoORQUaNMdXNMyVOoPwX4AEdQ2Yk6E\/edit?usp=sharing&amp;ouid=100071136092233570521&amp;rtpof=true&amp;sd=true\">Formul\u00e1rio de cadastro de professor convidado<\/a><\/div>\n<\/div>\n\n\n\n<p>Instru\u00e7\u00e3o de Servi\u00e7o&nbsp;<strong>PROPPG-AINTEC 01\/2024<\/strong>, que trata da realiza\u00e7\u00e3o de defesa de teses, disserta\u00e7\u00f5es e exames de qualifica\u00e7\u00e3o em se\u00e7\u00f5es fechadas e sigilosas que envolverem conhecimento pass\u00edvel de ser protegido por direitos de propriedade intelectual.   Disponivel&nbsp;tamb\u00e9m na p\u00e1gina &#8211;&nbsp;<\/p>\n\n\n\n<p><a href=\"https:\/\/sites.uel.br\/proppg\/regulamentos-da-pos-graduacao\/\">https:\/\/sites.uel.br\/proppg\/regulamentos-da-pos-graduacao\/<\/a>  Anexo dispon\u00edvel: <a href=\"https:\/\/sites.uel.br\/proppg\/wp-content\/uploads\/2024\/08\/AnexosIS_Proppg-AINTEC_Defesa-em-Sigilo_-2024.doc\">Anexo IS PROPPG\/AINTEC 001 2024<\/a> <\/p>\n\n\n\n<p>Instru\u00e7\u00e3o de Servi\u00e7o No. 001\/2022 &#8211; Realiza\u00e7\u00e3o de bancas de EQ e Defesas de teses e disserta\u00e7\u00f5es por meio de videoconfer\u00eancia e\/ou outros suportes eletr\u00f4nicos \u00e0 dist\u00e2ncia. Dispon\u00edvel: <a href=\"https:\/\/sites.uel.br\/proppg\/regulamentos-da-pos-graduacao\/\">https:\/\/sites.uel.br\/proppg\/regulamentos-da-pos-graduacao\/<\/a> <\/p>\n\n\n\n<h5 class=\"wp-block-heading has-primary-accent-color has-text-color\">Banca<\/h5>\n\n\n\n<p>\u00c9 de responsabilidade do aluno entregar os exemplares da disserta\u00e7\u00e3o\/tese encadernados aos membros da banca com, pelo menos, 21 dias de anteced\u00eancia \u00e0 data do exame de qualifica\u00e7\u00e3o.<\/p>\n\n\n\n<p><strong>*<\/strong>Mestrado (M) &#8211; Composi\u00e7\u00e3o da banca (<strong>titular<\/strong>): Orientador(a), 01 membro do programa e 01 membro externo ao programa (m\u00ednimo). Composi\u00e7\u00e3o da banca (<strong>suplente<\/strong>): 01 membro do programa e 01 membro externo ao programa (m\u00ednimo). Os suplentes, para a QUALIFICA\u00c7\u00c3O e para a DEFESA, s\u00e3o exigidos.<\/p>\n\n\n\n<p><strong>** <\/strong>Doutorado (D) &#8211; Composi\u00e7\u00e3o da banca (<strong>titular<\/strong>): Orientador(a), 02 membros do programa e 02 membros externos ao programa (m\u00ednimo). Composi\u00e7\u00e3o da banca (<strong>suplente<\/strong>): 01 membro do programa e 01 membro externo ao programa (m\u00ednimo). Os suplentes, para a QUALIFICA\u00c7\u00c3O e para a DEFESA, s\u00e3o exigidos.<\/p>\n\n\n\n<p><strong>IMPORTANTE:<\/strong> <strong>O formul\u00e1rio dever\u00e1 ser enviado com no m\u00ednimo 35\/30 dias de anteced\u00eancia a qualifica\u00e7\u00e3o e\/ou defesa<\/strong>.<\/p>\n\n\n\n<p><\/p>\n\n\n\n<hr class=\"wp-block-separator has-alpha-channel-opacity\" \/>\n\n\n\n<p><\/p>\n\n\n\n<p class=\"has-primary-accent-color has-text-color\"><strong>DEFESA MESTRADO\/DOUTORADO<\/strong><\/p>\n\n\n\n<p>Ap\u00f3s o exame de qualifica\u00e7\u00e3o, aluno e orientador dever\u00e3o definir a data poss\u00edvel para a defesa (considerando o prazo para que o aluno providencie as modifica\u00e7\u00f5es necess\u00e1rias na tese para defesa). N\u00e3o \u00e9 recomend\u00e1vel que o prazo entre a qualifica\u00e7\u00e3o e a defesa<strong> seja inferior a 1(um) m\u00eas.<\/strong><br><\/p>\n\n\n\n<p>Na sequ\u00eancia o aluno dever\u00e1 preencher a Solicita\u00e7\u00e3o de Agendamento de Exame de Defesa via Google forms.<\/p>\n\n\n\n<div class=\"wp-block-buttons is-layout-flex wp-block-buttons-is-layout-flex\">\n<div class=\"wp-block-button\"><a class=\"wp-block-button__link wp-element-button\" href=\"https:\/\/docs.google.com\/forms\/d\/e\/1FAIpQLScMv0Qwia7tYAqNTfsNwUEIODHV9e55o-rlA9Np8QaCmDYSRw\/viewform\">SOLICITA\u00c7\u00c3O DE EXAME DE QUALIFICA\u00c7\u00c3O\/DEFESA <\/a><\/div>\n<\/div>\n\n\n\n<p><br>Recomenda-se que a solicita\u00e7\u00e3o via Google forms, seja realizada com, <strong>no m\u00ednimo, 35\/30 dias de anteced\u00eancia da data prevista para a defesa.<\/strong><\/p>\n\n\n\n<p><strong>\u00c9 de responsabilidade do aluno entregar os exemplares da disserta\u00e7\u00e3o\/tese (com as reformula\u00e7\u00f5es solicitadas pela banca no exame de qualifica\u00e7\u00e3o) aos membros da banca com, pelo menos, 21 dias de anteced\u00eancia \u00e0 data da defesa.<\/strong><\/p>\n\n\n\n<p>\u00c9 recomend\u00e1vel que, se o membro de programa externo for de fora de Londrina, uma c\u00f3pia da tese seja enviada pelo aluno, por correio eletr\u00f4nico ou por outra forma o quanto antes.<\/p>\n\n\n\n<p class=\"has-text-align-center has-text-color\" style=\"color:#f02121\"><strong>IMPORTANTE<\/strong>!!!<\/p>\n\n\n\n<p><strong><mark class=\"has-inline-color has-primary-accent-color\">PARA A DEFESA DA TES<\/mark><\/strong><mark class=\"has-inline-color has-primary-accent-color\"><strong>E:<\/strong> <\/mark>O aluno dever\u00e1 apresentar \u00e0 banca examinadora os documentos de acordo com a Resolu\u00e7\u00e3o do PPGENF que ingresso no curso, juntamente com os exemplares da tese para a defesa,<strong> <em>tr\u00eas artigos cient\u00edficos com dados da tese em co-autoria com o orientador<\/em><\/strong>, bem como o <em><strong>comprovante de aceite para publica\u00e7\u00e3o de um dos artigos <\/strong><\/em>em peri\u00f3dicos com indexa\u00e7\u00e3o estabelecida pela Capes.<\/p>\n\n\n\n<p><mark class=\"has-inline-color has-primary-accent-color\"><strong>PARA A DEFESA DA DISSERTA\u00c7\u00c3O<\/strong>:<\/mark> Apresentar \u00e0 banca examinadora os documentos de acordo com a Resolu\u00e7\u00e3o do PPGENF que ingresso no curso, juntamente com os exemplares da disserta\u00e7\u00e3o para a defesa, <em><strong>dois artigos cient\u00edficos com dados da disserta\u00e7\u00e3o em co-autoria com o orientador<\/strong><\/em>, bem como o <em><strong>comprovante de submiss\u00e3o de no m\u00ednimo um dos artigos<\/strong><\/em> para peri\u00f3dico com indexa\u00e7\u00e3o estabelecida pela CAPES.<\/p>\n\n\n\n<hr class=\"wp-block-separator has-alpha-channel-opacity\" \/>\n\n\n\n<p><\/p>\n\n\n\n<p><strong><mark class=\"has-inline-color has-primary-accent-color\">P\u00d3S-DEFESA E ENTREGA DA VERS\u00c3O FINAL DA DISSERTA\u00c7\u00c3O\/TESE:<\/mark><\/strong><\/p>\n\n\n\n<p> <strong>O orientador<\/strong>: dever\u00e1 entregar as c\u00f3pias da ata (documento com o resultado da defesa) \u00e0 Secretaria do Programa para os devidos encaminhamentos.<\/p>\n\n\n\n<p><strong>O aluno<\/strong>: ap\u00f3s as reformula\u00e7\u00f5es (se houver) sugeridas pela banca em sua disserta\u00e7\u00e3o\/tese, dever\u00e1 encaminhar para o(a) orientador(a) o trabalho reformulado (<strong>PRAZO DE AT\u00c9 30 DIAS PARA REFORMULA\u00c7\u00c3O AP\u00d3S A DEFESA<\/strong>). Ap\u00f3s parecer do(a) orientador(a), o(a) aluno(a), dever\u00e1 entregar:<\/p>\n\n\n\n<p>O aluno: visando \u00e0 emiss\u00e3o do certificado de conclus\u00e3o e do diploma (somente com a entrega da ata f\u00edsica\/original), o(a) estudante&nbsp;dever\u00e1,&nbsp;em <strong>at\u00e9 30 dias&nbsp;ap\u00f3s&nbsp;a&nbsp;defesa<\/strong>:<\/p>\n\n\n\n<ol class=\"wp-block-list\">\n<li>Realizar as reformula\u00e7\u00f5es (se houver) sugeridas pela banca em sua disserta\u00e7\u00e3o\/tese, dever\u00e1 encaminhar para o(a) orientador(a) o trabalho reformulado<\/li>\n\n\n\n<li>Entregar o TERMO DE AUTORIZA\u00c7\u00c3O:&nbsp;<a rel=\"noreferrer noopener\" href=\"http:\/\/www.bibliotecadigital.uel.br\/instrucao.php\" target=\"_blank\">http:\/\/www.bibliotecadigital.uel.br\/instrucao.php<\/a>&nbsp;<\/li>\n\n\n\n<li>Inserir a &nbsp;FICHA CATALOGR\u00c1FICA  na vers\u00e3o final do trabalho : <a rel=\"noreferrer noopener\" href=\"http:\/\/www.uel.br\/bc\/home\/pages\/ficha-catalografica.php\" target=\"_blank\">http:\/\/www.uel.br\/bc\/home\/pages\/ficha-catalografica.php<\/a><\/li>\n<\/ol>\n\n\n\n<p>Encaminhar as vers\u00f5es finais do trabalho (doc ou docx e pdf) e o termo&nbsp;preenchido e assinado (assinaturas: estudante, orientador(a) e coordena\u00e7\u00e3o do curso), para os e-mails:&nbsp;&nbsp;<\/p>\n\n\n\n<p>&#8211; Coordena\u00e7\u00e3o do curso:&nbsp;<a href=\"mailto:ppgenfuel@uel.br\" target=\"_blank\" rel=\"noreferrer noopener\">ppgenfuel@uel.br<\/a><\/p>\n\n\n\n<p>&#8211; Biblioteca Digital da UEL:&nbsp;<a href=\"mailto:bdtd@uel.br\" target=\"_blank\" rel=\"noreferrer noopener\">bdtd@uel.br<\/a><\/p>\n\n\n\n<p>&#8211; Secretaria de P\u00f3s-Gradua\u00e7\u00e3o do CCS:&nbsp;<a href=\"mailto:spgccs@uel.br\" target=\"_blank\" rel=\"noreferrer noopener\">spgccs@uel.br<\/a><\/p>\n\n\n\n<p class=\"has-text-align-center has-text-color\" style=\"color:#da1d1d\"><strong>IMPORTANTE<\/strong>!!!<\/p>\n\n\n\n<p class=\"has-text-align-center\"><strong>N\u00c3O ser\u00e1 necess\u00e1rio&nbsp;o envio dos arquivos em CD ou da disserta\u00e7\u00e3o\/tese impressa (em capa dura)<\/strong>.<\/p>\n\n\n\n\n\n\n\n\n\n\n\n\n\n\n\n\n\n\n\n\n\n\n\n\n\n\n","protected":false},"excerpt":{"rendered":"<p>ORIENTA\u00c7\u00d5ES EXAME DE QUALIFICA\u00c7\u00c3O MESTRADO\/DOUTORADO Informamos que a partir do dia&nbsp;02\/10\/2023 (segunda-feira)&nbsp;as solicita\u00e7\u00f5es de Exames de Qualifica\u00e7\u00f5es e Defesas ser\u00e3o realizadas via&nbsp;Google Forms, n\u00e3o sendo mais recebidos via e-mail. QR Code para acessar o Google forms. Segue abaixo, o formul\u00e1rio atualizado de cadastro de professor convidado, bem como o QR Code do formul\u00e1rio de solicita\u00e7\u00e3o [&hellip;]<\/p>\n","protected":false},"author":1,"featured_media":0,"parent":0,"menu_order":0,"comment_status":"closed","ping_status":"closed","template":"","meta":{"_acf_changed":false,"footnotes":""},"class_list":["post-786","page","type-page","status-publish","hentry"],"acf":[],"_links":{"self":[{"href":"https:\/\/pos.uel.br\/ppenf\/wp-json\/wp\/v2\/pages\/786","targetHints":{"allow":["GET"]}}],"collection":[{"href":"https:\/\/pos.uel.br\/ppenf\/wp-json\/wp\/v2\/pages"}],"about":[{"href":"https:\/\/pos.uel.br\/ppenf\/wp-json\/wp\/v2\/types\/page"}],"author":[{"embeddable":true,"href":"https:\/\/pos.uel.br\/ppenf\/wp-json\/wp\/v2\/users\/1"}],"replies":[{"embeddable":true,"href":"https:\/\/pos.uel.br\/ppenf\/wp-json\/wp\/v2\/comments?post=786"}],"version-history":[{"count":19,"href":"https:\/\/pos.uel.br\/ppenf\/wp-json\/wp\/v2\/pages\/786\/revisions"}],"predecessor-version":[{"id":2712,"href":"https:\/\/pos.uel.br\/ppenf\/wp-json\/wp\/v2\/pages\/786\/revisions\/2712"}],"wp:attachment":[{"href":"https:\/\/pos.uel.br\/ppenf\/wp-json\/wp\/v2\/media?parent=786"}],"curies":[{"name":"wp","href":"https:\/\/api.w.org\/{rel}","templated":true}]}}