{"id":586,"date":"2022-06-23T09:04:07","date_gmt":"2022-06-23T12:04:07","guid":{"rendered":"https:\/\/pos.uel.br\/ppenf\/?page_id=586"},"modified":"2024-09-13T09:02:25","modified_gmt":"2024-09-13T12:02:25","slug":"comissao-de-divulgacao-e-comunicacao","status":"publish","type":"page","link":"https:\/\/pos.uel.br\/ppenf\/comissao-de-divulgacao-e-comunicacao\/","title":{"rendered":"Comiss\u00e3o de Divulga\u00e7\u00e3o e Comunica\u00e7\u00e3o"},"content":{"rendered":"\n<div class=\"wp-block-columns is-layout-flex wp-container-core-columns-is-layout-9d6595d7 wp-block-columns-is-layout-flex\">\n<div class=\"wp-block-column is-layout-flow wp-block-column-is-layout-flow\">\n<h2 class=\"wp-block-heading has-text-align-center is-style-highlighted-heading has-site-background-color has-primary-accent-background-color has-text-color has-background\">SITE <\/h2>\n\n\n\n<p class=\"has-primary-accent-color has-text-color\"><strong>Docentes<\/strong><\/p>\n\n\n\n<ul class=\"wp-block-list\">\n<li>Profa. PhD. Fl\u00e1via Meneguetti Pieri<\/li>\n<\/ul>\n\n\n\n<p class=\"has-primary-accent-color has-text-color\"><strong>Mestrandas<\/strong><\/p>\n\n\n\n<ul class=\"wp-block-list\">\n<li>Enfa. Camila dos Santos Peres (T.2024_M1)<\/li>\n\n\n\n<li>Enfa. Karine Silva de Oliveira (T.2023_M2)<\/li>\n<\/ul>\n\n\n\n<p class=\"has-primary-accent-color has-text-color\"><strong>Doutorandas<\/strong><\/p>\n\n\n\n<ul class=\"wp-block-list\">\n<li>Enfa. Me. Viviane Godoy Galhardo (T.2024_D1)<\/li>\n\n\n\n<li>Enfa. Me. Kawanna Vidotti Amaral (T.2022_D3)<\/li>\n<\/ul>\n<\/div>\n\n\n\n<div class=\"wp-block-column is-layout-flow wp-block-column-is-layout-flow\">\n<h2 class=\"wp-block-heading has-text-align-center is-style-highlighted-heading has-site-background-color has-primary-accent-background-color has-text-color has-background\" style=\"text-transform:uppercase\">Col\u00f3quio<\/h2>\n\n\n\n<p class=\"has-primary-accent-color has-text-color\"><strong>Docentes<\/strong><\/p>\n\n\n\n<ul class=\"wp-block-list\">\n<li>Profa. Dra. L\u00edgia Fahl Fonseca<\/li>\n\n\n\n<li>Profa. Dra. Catia Campaner Ferrari Bernardy<\/li>\n<\/ul>\n\n\n\n<p class=\"has-primary-accent-color has-text-color\"><strong>Doutorandas<\/strong><\/p>\n\n\n\n<ul class=\"wp-block-list\">\n<li>Enfa. Me. Carolina Santana Siqueira (T.2023_D2)<\/li>\n\n\n\n<li>Enfa. Me. Raquel Matioli Vieira (T.2023_D2)<\/li>\n\n\n\n<li>Enfa. Me. Tamires Mendon\u00e7a (T.2021_D4)<\/li>\n<\/ul>\n\n\n\n<p>Mestrandas<\/p>\n\n\n\n<ul class=\"wp-block-list\">\n<li>Enfa. Lhays Emilly da Silva Moraes Ribeiro (T.2024_M1)<\/li>\n\n\n\n<li>Enfa. Camila dos S. Peres (T.2024_M1)<\/li>\n<\/ul>\n\n\n\n<div class=\"wp-block-columns is-layout-flex wp-container-core-columns-is-layout-9d6595d7 wp-block-columns-is-layout-flex\">\n<div class=\"wp-block-column is-layout-flow wp-block-column-is-layout-flow\"><\/div>\n\n\n\n<div class=\"wp-block-column is-layout-flow wp-block-column-is-layout-flow\"><\/div>\n<\/div>\n<\/div>\n<\/div>\n\n\n\n<h2 class=\"wp-block-heading alignwide has-text-align-center is-style-highlighted-heading has-site-background-color has-primary-accent-background-color has-text-color has-background\" style=\"text-transform:uppercase\">Instagram<\/h2>\n\n\n\n<ul class=\"wp-block-list\">\n<li>Profa. PhD. Patricia Aroni<\/li>\n<\/ul>\n\n\n\n<h6 class=\"wp-block-heading has-primary-accent-color has-text-color\"><strong>Doutorand<\/strong>as<\/h6>\n\n\n\n<ul class=\"wp-block-list\">\n<li>Enfa. Me. Ana Beatriz Floriano de Souza (T.2024_D1)<\/li>\n\n\n\n<li>Enfa. Me. Ariane Sabina Stieven (T.2022_D3)<\/li>\n\n\n\n<li>Enfa. Me. Ana Carolina (T.2022_D3)<\/li>\n\n\n\n<li>Enfa. Me. Isadora (T.2022_D3)<\/li>\n\n\n\n<li>Enfa. Me. Rafaela Sterza (T.2022_D3)<\/li>\n<\/ul>\n\n\n\n<div class=\"wp-block-group\"><div class=\"wp-block-group__inner-container is-layout-flow wp-block-group-is-layout-flow\">\n<p class=\"has-primary-accent-color has-text-color\"><\/p>\n<\/div><\/div>\n","protected":false},"excerpt":{"rendered":"<p>SITE Docentes Mestrandas Doutorandas Col\u00f3quio Docentes Doutorandas Mestrandas Instagram Doutorandas<\/p>\n","protected":false},"author":1,"featured_media":0,"parent":0,"menu_order":0,"comment_status":"closed","ping_status":"closed","template":"","meta":{"_acf_changed":false,"footnotes":""},"class_list":["post-586","page","type-page","status-publish","hentry"],"acf":[],"_links":{"self":[{"href":"https:\/\/pos.uel.br\/ppenf\/wp-json\/wp\/v2\/pages\/586","targetHints":{"allow":["GET"]}}],"collection":[{"href":"https:\/\/pos.uel.br\/ppenf\/wp-json\/wp\/v2\/pages"}],"about":[{"href":"https:\/\/pos.uel.br\/ppenf\/wp-json\/wp\/v2\/types\/page"}],"author":[{"embeddable":true,"href":"https:\/\/pos.uel.br\/ppenf\/wp-json\/wp\/v2\/users\/1"}],"replies":[{"embeddable":true,"href":"https:\/\/pos.uel.br\/ppenf\/wp-json\/wp\/v2\/comments?post=586"}],"version-history":[{"count":29,"href":"https:\/\/pos.uel.br\/ppenf\/wp-json\/wp\/v2\/pages\/586\/revisions"}],"predecessor-version":[{"id":2740,"href":"https:\/\/pos.uel.br\/ppenf\/wp-json\/wp\/v2\/pages\/586\/revisions\/2740"}],"wp:attachment":[{"href":"https:\/\/pos.uel.br\/ppenf\/wp-json\/wp\/v2\/media?parent=586"}],"curies":[{"name":"wp","href":"https:\/\/api.w.org\/{rel}","templated":true}]}}