{"id":585,"date":"2022-06-23T09:04:07","date_gmt":"2022-06-23T12:04:07","guid":{"rendered":"https:\/\/pos.uel.br\/ppenf\/?page_id=585"},"modified":"2025-06-03T14:01:59","modified_gmt":"2025-06-03T17:01:59","slug":"comissao-avaliadora","status":"publish","type":"page","link":"https:\/\/pos.uel.br\/ppenf\/comissao-avaliadora\/","title":{"rendered":"Comiss\u00e3o Autoavalia\u00e7\u00e3o"},"content":{"rendered":"\n<p class=\"has-primary-text-color has-text-color has-medium-font-size\">Comiss\u00e3o respons\u00e1vel pela autoavalia\u00e7\u00e3o do Programa de P\u00f3s-Gradua\u00e7\u00e3o em Enfermagem da Universidade Estadual de Londrina. <\/p>\n\n\n\n<p class=\"has-primary-accent-color has-text-color\"><strong>Convidados Internos<\/strong><\/p>\n\n\n\n<p><\/p>\n\n\n\n<ul class=\"wp-block-list\">\n<li>Professora PhD. Adriana Valongo Zani<\/li>\n\n\n\n<li>Professora PhD. Danielly Negr\u00e3o Guass\u00fa<\/li>\n\n\n\n<li>Professora Dra. Maria do Carmo L. Haddad<\/li>\n<\/ul>\n\n\n\n<p class=\"has-primary-accent-color has-text-color\"><br><strong>Convidados Externos<\/strong><\/p>\n\n\n\n<ul class=\"wp-block-list\">\n<li> Prof. Dr. Ricardo Alexandre Arc\u00eancio <br><\/li>\n<\/ul>\n\n\n\n<p class=\"has-primary-accent-color has-text-color\"><strong>Egressas do Mestrado<\/strong><\/p>\n\n\n\n<ul class=\"wp-block-list\">\n<li>Enfa. Me. Cinara Bozolan Coppo<\/li>\n<\/ul>\n\n\n\n<p class=\"has-primary-accent-color has-text-color\"><br><strong>Egresso do Doutorado<\/strong><\/p>\n\n\n\n<ul class=\"wp-block-list\">\n<li>Enf. Dra. Fernanda P\u00e2mela Machado<\/li>\n<\/ul>\n\n\n\n<p class=\"has-primary-accent-color has-text-color\"><strong>Mestrado<\/strong><\/p>\n\n\n\n<ul class=\"wp-block-list\">\n<li>Beatriz Zago Lupepsa (T.2024-M1)<\/li>\n\n\n\n<li>Paola Ramos Silvestrim (T.2023-M2)<\/li>\n<\/ul>\n\n\n\n<p class=\"has-primary-accent-color has-text-color\"><strong>Doutorado<\/strong><\/p>\n\n\n\n<ul class=\"wp-block-list\">\n<li>Ana Beatriz Floriano de Souza (T.2024-D1)<\/li>\n\n\n\n<li>Carolina S. Siqueira (T.2023-D2)<\/li>\n\n\n\n<li>Jo\u00e3o Paulo Belini Jacques (T.2023-D2) &nbsp;<\/li>\n\n\n\n<li>Lais Cristina Gon\u00e7alves (T.2022-D3)<\/li>\n<\/ul>\n","protected":false},"excerpt":{"rendered":"<p>Comiss\u00e3o respons\u00e1vel pela autoavalia\u00e7\u00e3o do Programa de P\u00f3s-Gradua\u00e7\u00e3o em Enfermagem da Universidade Estadual de Londrina. Convidados Internos Convidados Externos Egressas do Mestrado Egresso do Doutorado Mestrado Doutorado<\/p>\n","protected":false},"author":1,"featured_media":0,"parent":0,"menu_order":0,"comment_status":"closed","ping_status":"closed","template":"","meta":{"_acf_changed":false,"footnotes":""},"class_list":["post-585","page","type-page","status-publish","hentry"],"acf":[],"_links":{"self":[{"href":"https:\/\/pos.uel.br\/ppenf\/wp-json\/wp\/v2\/pages\/585","targetHints":{"allow":["GET"]}}],"collection":[{"href":"https:\/\/pos.uel.br\/ppenf\/wp-json\/wp\/v2\/pages"}],"about":[{"href":"https:\/\/pos.uel.br\/ppenf\/wp-json\/wp\/v2\/types\/page"}],"author":[{"embeddable":true,"href":"https:\/\/pos.uel.br\/ppenf\/wp-json\/wp\/v2\/users\/1"}],"replies":[{"embeddable":true,"href":"https:\/\/pos.uel.br\/ppenf\/wp-json\/wp\/v2\/comments?post=585"}],"version-history":[{"count":13,"href":"https:\/\/pos.uel.br\/ppenf\/wp-json\/wp\/v2\/pages\/585\/revisions"}],"predecessor-version":[{"id":2959,"href":"https:\/\/pos.uel.br\/ppenf\/wp-json\/wp\/v2\/pages\/585\/revisions\/2959"}],"wp:attachment":[{"href":"https:\/\/pos.uel.br\/ppenf\/wp-json\/wp\/v2\/media?parent=585"}],"curies":[{"name":"wp","href":"https:\/\/api.w.org\/{rel}","templated":true}]}}