{"id":43,"date":"2021-04-29T14:12:50","date_gmt":"2021-04-29T17:12:50","guid":{"rendered":"https:\/\/pos.uel.br\/ppenf\/?page_id=43"},"modified":"2023-12-20T08:40:29","modified_gmt":"2023-12-20T11:40:29","slug":"regimento-resolucoes-e-normas-2","status":"publish","type":"page","link":"https:\/\/pos.uel.br\/ppenf\/regimento-resolucoes-e-normas-2\/","title":{"rendered":"Regimento, resolu\u00e7\u00f5es e normas"},"content":{"rendered":"\n<p><\/p>\n\n\n\n<div data-wp-interactive=\"core\/file\" class=\"wp-block-file\"><object data-wp-bind--hidden=\"!state.hasPdfPreview\" hidden class=\"wp-block-file__embed\" data=\"https:\/\/pos.uel.br\/ppenf\/wp-content\/uploads\/2023\/12\/Resolucao-CEPE-64-2022-Regimento-do-PPG-Enfermagem-13-1.pdf\" type=\"application\/pdf\" style=\"width:100%;height:600px\" aria-label=\"Incorporado de Resolucao para discentes com ingresso a partir de 2022.\"><\/object><a id=\"wp-block-file--media-e9440c70-0332-4454-8cd5-5aa441dded63\" href=\"https:\/\/pos.uel.br\/ppenf\/wp-content\/uploads\/2023\/12\/Resolucao-CEPE-64-2022-Regimento-do-PPG-Enfermagem-13-1.pdf\">Resolucao para discentes com ingresso a partir de 2022<\/a><a href=\"https:\/\/pos.uel.br\/ppenf\/wp-content\/uploads\/2023\/12\/Resolucao-CEPE-64-2022-Regimento-do-PPG-Enfermagem-13-1.pdf\" class=\"wp-block-file__button wp-element-button\" download aria-describedby=\"wp-block-file--media-e9440c70-0332-4454-8cd5-5aa441dded63\">Baixar<\/a><\/div>\n\n\n\n<p><\/p>\n\n\n\n<div data-wp-interactive=\"core\/file\" class=\"wp-block-file\"><object data-wp-bind--hidden=\"!state.hasPdfPreview\" hidden class=\"wp-block-file__embed\" data=\"https:\/\/pos.uel.br\/ppenf\/wp-content\/uploads\/2023\/12\/Deliberacao-16-2022-Reest-PPG-Enfermagem-1.pdf\" type=\"application\/pdf\" style=\"width:100%;height:600px\" aria-label=\"Incorporado de Deliberacao para discentes com ingresso a partir de 2022.\"><\/object><a id=\"wp-block-file--media-f8d4a6b6-4410-46a2-a7ea-ccf0fbeba122\" href=\"https:\/\/pos.uel.br\/ppenf\/wp-content\/uploads\/2023\/12\/Deliberacao-16-2022-Reest-PPG-Enfermagem-1.pdf\">Deliberacao para discentes com ingresso a partir de 2022<\/a><a href=\"https:\/\/pos.uel.br\/ppenf\/wp-content\/uploads\/2023\/12\/Deliberacao-16-2022-Reest-PPG-Enfermagem-1.pdf\" class=\"wp-block-file__button wp-element-button\" download aria-describedby=\"wp-block-file--media-f8d4a6b6-4410-46a2-a7ea-ccf0fbeba122\">Baixar<\/a><\/div>\n\n\n\n<div class=\"wp-block-buttons is-layout-flex wp-block-buttons-is-layout-flex\"><\/div>\n\n\n\n<hr class=\"wp-block-separator has-alpha-channel-opacity is-style-wide\" \/>\n\n\n\n<div class=\"wp-block-group\"><div class=\"wp-block-group__inner-container is-layout-constrained wp-block-group-is-layout-constrained\">\n<div class=\"wp-block-file\"><a id=\"wp-block-file--media-1a4d1033-541e-4f5e-937f-16bbc1b4d4d8\" href=\"https:\/\/pos.uel.br\/ppenf\/wp-content\/uploads\/2021\/06\/RESOLUCAO-CEPE-No-058_2019-1.pdf\"><br>Resolu\u00e7\u00e3o para discentes com ingresso a partir de 2020<\/a><a href=\"https:\/\/pos.uel.br\/ppenf\/wp-content\/uploads\/2021\/06\/RESOLUCAO-CEPE-No-058_2019-1.pdf\" class=\"wp-block-file__button wp-element-button\" download aria-describedby=\"wp-block-file--media-1a4d1033-541e-4f5e-937f-16bbc1b4d4d8\">Baixar<\/a><\/div>\n<\/div><\/div>\n\n\n\n<div class=\"wp-block-file\"><a id=\"wp-block-file--media-592fbb7c-88cf-42c1-8478-630ebffe2785\" href=\"https:\/\/pos.uel.br\/ppenf\/wp-content\/uploads\/2021\/06\/DELIBERACAO-Colegiado-PPG-Stricto-sensu-No-028_2019-1.pdf\"><br>Delibera\u00e7\u00e3o para discentes com ingresso a partir de 2020<\/a><a href=\"https:\/\/pos.uel.br\/ppenf\/wp-content\/uploads\/2021\/06\/DELIBERACAO-Colegiado-PPG-Stricto-sensu-No-028_2019-1.pdf\" class=\"wp-block-file__button wp-element-button\" download aria-describedby=\"wp-block-file--media-592fbb7c-88cf-42c1-8478-630ebffe2785\">Baixar<\/a><\/div>\n\n\n\n<hr class=\"wp-block-separator has-alpha-channel-opacity is-style-wide\" \/>\n\n\n\n<div class=\"wp-block-group\"><div class=\"wp-block-group__inner-container is-layout-constrained wp-block-group-is-layout-constrained\">\n<div class=\"wp-block-file\"><a id=\"wp-block-file--media-66b77a50-7075-4352-aadf-7433103cbcf5\" href=\"https:\/\/pos.uel.br\/ppenf\/wp-content\/uploads\/2021\/06\/Resol-CEPE-22-2016-Regimento-Dout-Enfermagem.pdf\">Resolu\u00e7\u00e3o para discentes com ingresso at\u00e9 2019<\/a><a href=\"https:\/\/pos.uel.br\/ppenf\/wp-content\/uploads\/2021\/06\/Resol-CEPE-22-2016-Regimento-Dout-Enfermagem.pdf\" class=\"wp-block-file__button wp-element-button\" download aria-describedby=\"wp-block-file--media-66b77a50-7075-4352-aadf-7433103cbcf5\">Baixar<\/a><\/div>\n<\/div><\/div>\n\n\n\n<p><\/p>\n\n\n\n<p><\/p>\n","protected":false},"excerpt":{"rendered":"","protected":false},"author":1,"featured_media":0,"parent":0,"menu_order":0,"comment_status":"closed","ping_status":"closed","template":"","meta":{"_acf_changed":false,"footnotes":""},"class_list":["post-43","page","type-page","status-publish","hentry"],"acf":[],"_links":{"self":[{"href":"https:\/\/pos.uel.br\/ppenf\/wp-json\/wp\/v2\/pages\/43","targetHints":{"allow":["GET"]}}],"collection":[{"href":"https:\/\/pos.uel.br\/ppenf\/wp-json\/wp\/v2\/pages"}],"about":[{"href":"https:\/\/pos.uel.br\/ppenf\/wp-json\/wp\/v2\/types\/page"}],"author":[{"embeddable":true,"href":"https:\/\/pos.uel.br\/ppenf\/wp-json\/wp\/v2\/users\/1"}],"replies":[{"embeddable":true,"href":"https:\/\/pos.uel.br\/ppenf\/wp-json\/wp\/v2\/comments?post=43"}],"version-history":[{"count":11,"href":"https:\/\/pos.uel.br\/ppenf\/wp-json\/wp\/v2\/pages\/43\/revisions"}],"predecessor-version":[{"id":2458,"href":"https:\/\/pos.uel.br\/ppenf\/wp-json\/wp\/v2\/pages\/43\/revisions\/2458"}],"wp:attachment":[{"href":"https:\/\/pos.uel.br\/ppenf\/wp-json\/wp\/v2\/media?parent=43"}],"curies":[{"name":"wp","href":"https:\/\/api.w.org\/{rel}","templated":true}]}}