{"id":41,"date":"2021-04-29T14:12:50","date_gmt":"2021-04-29T17:12:50","guid":{"rendered":"https:\/\/pos.uel.br\/ppenf\/?page_id=41"},"modified":"2022-07-13T18:32:56","modified_gmt":"2022-07-13T21:32:56","slug":"estrutura-curricular-2","status":"publish","type":"page","link":"https:\/\/pos.uel.br\/ppenf\/estrutura-curricular-2\/","title":{"rendered":"Estrutura curricular"},"content":{"rendered":"\n<h2 class=\"wp-block-heading\"><strong>N\u00cdVEL DOUTORADO<\/strong><\/h2>\n\n\n\n<ul class=\"wp-block-list\"><li>Dura\u00e7\u00e3o\u00a0do curso \u00e9 de 04 (quatro) anos<\/li><li>N\u00famero de vagas:\u00a0at\u00e9 15 vagas<\/li><li>N\u00famero de cr\u00e9ditos:\u00a02.745 horas e 183 cr\u00e9ditos, sendo:<ul><li>13 cr\u00e9ditos em disciplinas obrigat\u00f3rias<\/li><li>20 cr\u00e9ditos em disciplinas optativas<\/li><li>150 cr\u00e9ditos em Tese<\/li><\/ul><\/li><\/ul>\n\n\n\n<h3 class=\"wp-block-heading\"><strong>DISCIPLINAS OBRIGAT\u00d3RIAS<\/strong><\/h3>\n\n\n\n<figure class=\"wp-block-table is-style-stripes\"><table><tbody><tr><td>2 ENF 613<\/td><td>Fundamentos te\u00f3ricos e metodol\u00f3gicos da investiga\u00e7\u00e3o cient\u00edfica em Sa\u00fade e em Enfermagem<\/td><td>4 cr<\/td><td>60 h<\/td><\/tr><tr><td>2 ENF 614<\/td><td>An\u00e1lise cr\u00edtica do processo de editora\u00e7\u00e3o e publica\u00e7\u00e3o em peri\u00f3dicos nacionais e internacionais<\/td><td>3 cr<\/td><td>45 h<\/td><\/tr><tr><td>2 ENF 615<\/td><td>Semin\u00e1rios Avan\u00e7ados de Pesquisa em Sa\u00fade e em Enfermagem I<\/td><td>1 cr<\/td><td>15 h<\/td><\/tr><tr><td>2 ENF 616<\/td><td>Semin\u00e1rios Avan\u00e7ados de Pesquisa em Sa\u00fade e em Enfermagem II<\/td><td>1 cr<\/td><td>15 h<\/td><\/tr><tr><td>2 ENF 617<\/td><td>Semin\u00e1rios Avan\u00e7ados de Pesquisa em Sa\u00fade e em Enfermagem III<\/td><td>1 cr<\/td><td>15 h<\/td><\/tr><tr><td>2 ENF 618<\/td><td>Semin\u00e1rios Avan\u00e7ados de Pesquisa em Sa\u00fade e em Enfermagem IV<\/td><td>1 cr<\/td><td>15 h<\/td><\/tr><tr><td>2 ENF 619<\/td><td>Semin\u00e1rios Avan\u00e7ados de Pesquisa em Sa\u00fade e em Enfermagem V<\/td><td>1 cr<\/td><td>15 h<\/td><\/tr><tr><td><\/td><td><\/td><td><\/td><td><\/td><\/tr><\/tbody><\/table><\/figure>\n\n\n\n<h3 class=\"wp-block-heading\"><strong>TESE DE DOUTORADO<\/strong><\/h3>\n\n\n\n<figure class=\"wp-block-table is-style-stripes\"><table><tbody><tr><td>2 ENF 541<\/td><td>Tese I<\/td><td>10 cr<\/td><td>150 h<\/td><\/tr><tr><td>2 ENF 542<\/td><td>Tese II<\/td><td>15 cr<\/td><td>225 h<\/td><\/tr><tr><td>2 ENF 543<\/td><td>Tese III<\/td><td>15 cr<\/td><td>225 h<\/td><\/tr><tr><td>2 ENF 544<\/td><td>Tese IV<\/td><td>20 cr<\/td><td>300 h<\/td><\/tr><tr><td>2 ENF 545<\/td><td>Tese V<\/td><td>20 cr<\/td><td>300 h<\/td><\/tr><tr><td>2 ENF 546<\/td><td>Tese VI<\/td><td>20 cr<\/td><td>300 h<\/td><\/tr><tr><td>2 ENF 547<\/td><td>Tese VII<\/td><td>25 cr<\/td><td>375 h<\/td><\/tr><tr><td>2 ENF 548<\/td><td>Tese VIII<\/td><td>25 cr<\/td><td>375 h<\/td><\/tr><\/tbody><\/table><\/figure>\n\n\n\n<h3 class=\"wp-block-heading\"><strong>DISCIPLINAS OPTATIVAS<\/strong><\/h3>\n\n\n\n<figure class=\"wp-block-table is-style-stripes\"><table><tbody><tr><td>2 ENF 591<\/td><td>Processo sa\u00fade-doen\u00e7a do trabalhador da sa\u00fade e da enfermagem<\/td><td>2 cr<\/td><td>30 h<\/td><\/tr><tr><td>2 ENF 620<\/td><td>Reda\u00e7\u00e3o de artigo cient\u00edfico<\/td><td>3 cr<\/td><td>45 h<\/td><\/tr><tr><td>2 ENF 593<\/td><td>Viv\u00eancias integradas em grupos de pesquisa<\/td><td>2 cr<\/td><td>30 h<\/td><\/tr><tr><td>2 ENF 594<\/td><td>Comunica\u00e7\u00e3o em enfermagem<\/td><td>2 cr<\/td><td>30 h<\/td><\/tr><tr><td>2 ENF 599<\/td><td>Desenvolvimento de compet\u00eancias para lideran\u00e7a em enfermagem<\/td><td>2 cr<\/td><td>30 h<\/td><\/tr><tr><td>2 ENF 622<\/td><td>Determina\u00e7\u00e3o Social no Processo Sa\u00fade-Doen\u00e7a: desafios te\u00f3rico-metodol\u00f3gicos<\/td><td>2 cr<\/td><td>30 h<\/td><\/tr><tr><td>2 ENF 607<\/td><td>Pr\u00e1tica de enfermagem baseada em evid\u00eancias<\/td><td>3 cr<\/td><td>45 h<\/td><\/tr><tr><td>2 ENF 600<\/td><td>Elabora\u00e7\u00e3o, aplica\u00e7\u00e3o e valida\u00e7\u00e3o de instrumentos de medida subjetiva\/psicom\u00e9trica<\/td><td>4 cr<\/td><td>60 h<\/td><\/tr><tr><td>2 ENF 601<\/td><td>An\u00e1lise e estrat\u00e9gias de busca de publica\u00e7\u00f5es cient\u00edficas<\/td><td>2 cr<\/td><td>30 h<\/td><\/tr><tr><td>2 ENF 441 a 2 ENF 499<\/td><td>T\u00f3picos Especiais em Enfermagem<\/td><td>*<\/td><td>*<\/td><\/tr><tr><td>2 ENF 595<\/td><td>Atividade de Dissemina\u00e7\u00e3o Cient\u00edfica I<\/td><td>1 cr<\/td><td>15 h<\/td><\/tr><tr><td>2 ENF 596<\/td><td>Atividade de Dissemina\u00e7\u00e3o Cient\u00edfica II<\/td><td>2 cr<\/td><td>30 h<\/td><\/tr><tr><td>2 ENF 597<\/td><td>Atividade de Dissemina\u00e7\u00e3o Cient\u00edfica III<\/td><td>3 cr<\/td><td>45 h<\/td><\/tr><tr><td>2 ENF 598<\/td><td>Atividade de Dissemina\u00e7\u00e3o Cient\u00edfica IV<\/td><td>4 cr<\/td><td>60 h<\/td><\/tr><tr><td>2 ENF 602<\/td><td>T\u00e9cnicas arteterap\u00eauticas na pesquisa, cuidado e ensino em enfermagem<\/td><td>3 cr<\/td><td>45 h<\/td><\/tr><tr><td>2 ENF 606<\/td><td>Atividade cr\u00edtico-reflexiva em banca de qualifica\u00e7\u00e3o e defesa<\/td><td>1 cr<\/td><td>15 h<\/td><\/tr><tr><td>2 ENF 623<\/td><td>Systematic Review and meta-analysis in health (Revis\u00e3o Sistem\u00e1tica e meta-an\u00e1lise em sa\u00fade)<\/td><td>2 cr<\/td><td>30 h<\/td><\/tr><\/tbody><\/table><figcaption>* O n\u00famero de cr\u00e9ditos\/carga hor\u00e1ria varia de acordo com a disciplina<\/figcaption><\/figure>\n\n\n\n<h3 class=\"wp-block-heading\"><strong>EST\u00c1GIO DE DOC\u00caNCIA NA GRADUA\u00c7\u00c3O E P\u00d3S-GRADUA\u00c7\u00c3O (obrigat\u00f3rio para bolsistas, optativa para n\u00e3o bolsistas)<\/strong><\/h3>\n\n\n\n<figure class=\"wp-block-table is-style-stripes\"><table><tbody><tr><td>2 ENF 624<\/td><td>Est\u00e1gio de Doc\u00eancia na Gradua\u00e7\u00e3o e P\u00f3s-Gradua\u00e7\u00e3o I<\/td><td>2 cr<\/td><td>30 h<\/td><\/tr><tr><td>2 ENF 625<\/td><td>Est\u00e1gio de Doc\u00eancia na Gradua\u00e7\u00e3o e P\u00f3s-Gradua\u00e7\u00e3o II<\/td><td>2 cr<\/td><td>30 h<\/td><\/tr><\/tbody><\/table><\/figure>\n\n\n\n<p>Os doutorandos que tenham nos \u00faltimos 5 (cinco) anos cursado Mestrado reconhecido pela CAPES ou cursado como aluno especial disciplinas do Doutorado em Enfermagem, poder\u00e3o ter at\u00e9 17 cr\u00e9ditos (50%) convalidados, tanto em disciplinas obrigat\u00f3rias (at\u00e9 7 cr\u00e9ditos) como nas optativas (at\u00e9 10 cr\u00e9ditos), ap\u00f3s avalia\u00e7\u00e3o do orientador e posterior aprova\u00e7\u00e3o da Comiss\u00e3o Coordenadora do Programa.<\/p>\n","protected":false},"excerpt":{"rendered":"<p>N\u00cdVEL DOUTORADO Dura\u00e7\u00e3o\u00a0do curso \u00e9 de 04 (quatro) anos N\u00famero de vagas:\u00a0at\u00e9 15 vagas N\u00famero de cr\u00e9ditos:\u00a02.745 horas e 183 cr\u00e9ditos, sendo: 13 cr\u00e9ditos em disciplinas obrigat\u00f3rias 20 cr\u00e9ditos em disciplinas optativas 150 cr\u00e9ditos em Tese DISCIPLINAS OBRIGAT\u00d3RIAS 2 ENF 613 Fundamentos te\u00f3ricos e metodol\u00f3gicos da investiga\u00e7\u00e3o cient\u00edfica em Sa\u00fade e em Enfermagem 4 cr [&hellip;]<\/p>\n","protected":false},"author":1,"featured_media":0,"parent":0,"menu_order":0,"comment_status":"closed","ping_status":"closed","template":"","meta":{"_acf_changed":false,"footnotes":""},"class_list":["post-41","page","type-page","status-publish","hentry"],"acf":[],"_links":{"self":[{"href":"https:\/\/pos.uel.br\/ppenf\/wp-json\/wp\/v2\/pages\/41","targetHints":{"allow":["GET"]}}],"collection":[{"href":"https:\/\/pos.uel.br\/ppenf\/wp-json\/wp\/v2\/pages"}],"about":[{"href":"https:\/\/pos.uel.br\/ppenf\/wp-json\/wp\/v2\/types\/page"}],"author":[{"embeddable":true,"href":"https:\/\/pos.uel.br\/ppenf\/wp-json\/wp\/v2\/users\/1"}],"replies":[{"embeddable":true,"href":"https:\/\/pos.uel.br\/ppenf\/wp-json\/wp\/v2\/comments?post=41"}],"version-history":[{"count":5,"href":"https:\/\/pos.uel.br\/ppenf\/wp-json\/wp\/v2\/pages\/41\/revisions"}],"predecessor-version":[{"id":1331,"href":"https:\/\/pos.uel.br\/ppenf\/wp-json\/wp\/v2\/pages\/41\/revisions\/1331"}],"wp:attachment":[{"href":"https:\/\/pos.uel.br\/ppenf\/wp-json\/wp\/v2\/media?parent=41"}],"curies":[{"name":"wp","href":"https:\/\/api.w.org\/{rel}","templated":true}]}}