{"id":2836,"date":"2025-02-25T18:33:05","date_gmt":"2025-02-25T21:33:05","guid":{"rendered":"https:\/\/pos.uel.br\/ppenf\/pesquisa-2\/"},"modified":"2025-03-13T16:11:08","modified_gmt":"2025-03-13T19:11:08","slug":"pesquisa-2","status":"publish","type":"page","link":"https:\/\/pos.uel.br\/ppenf\/es\/pesquisa-2\/","title":{"rendered":"N\u00facleo de Acessibilidade (NAC)\/UEL"},"content":{"rendered":"\n<p>Link para acesso: <a href=\"https:\/\/www.uel.br\/nac\/pages\/atribuicoes-do-nucleo.php\">https:\/\/www.uel.br\/nac\/pages\/atribuicoes-do-nucleo.php<\/a> <\/p>\n\n\n\n<p><strong>POL\u00cdTICAS P\u00daBLICAS E A\u00c7\u00d5ES AFIRMATIVAS<\/strong><\/p>\n\n\n\n<p>Link para acesso: <a href=\"https:\/\/www.uel.br\/nac\/pages\/politicas-publicas-e-acoes-afirmativas.php\">https:\/\/www.uel.br\/nac\/pages\/politicas-publicas-e-acoes-afirmativas.php<\/a><\/p>\n\n\n\n<p><strong>PROGRAMA DE APOIO AO UNIVERSIT\u00c1RIO: DESENVOLVENDO COMPET\u00caNCIAS SOCIAIS E ACAD\u00caMICAS<\/strong><\/p>\n\n\n\n<p>Link para acesso: <a href=\"https:\/\/www.uel.br\/nac\/pages\/atividades-para-estudantes.php\">https:\/\/www.uel.br\/nac\/pages\/atividades-para-estudantes.php<\/a><\/p>\n\n\n\n<p><strong>Orienta\u00e7\u00f5es de Estudo<\/strong><\/p>\n\n\n\n<p>Link para acesso: <a href=\"https:\/\/www.uel.br\/nac\/pages\/orientacoes-de-estudo-e-monitoria-em-educacao-especial.php\">https:\/\/www.uel.br\/nac\/pages\/orientacoes-de-estudo-e-monitoria-em-educacao-especial.php<\/a><\/p>\n\n\n\n<p><strong>Legisla\u00e7\u00e3o Educa\u00e7\u00e3o Especial<\/strong><\/p>\n\n\n\n<p>Link para acesso: <a href=\"https:\/\/www.uel.br\/nac\/pages\/legislacao-educacao-especial.php\">https:\/\/www.uel.br\/nac\/pages\/legislacao-educacao-especial.php<\/a><\/p>\n\n\n\n<p><\/p>\n","protected":false},"excerpt":{"rendered":"<p>Link para acesso: https:\/\/www.uel.br\/nac\/pages\/atribuicoes-do-nucleo.php POL\u00cdTICAS P\u00daBLICAS E A\u00c7\u00d5ES AFIRMATIVAS Link para acesso: https:\/\/www.uel.br\/nac\/pages\/politicas-publicas-e-acoes-afirmativas.php PROGRAMA DE APOIO AO UNIVERSIT\u00c1RIO: DESENVOLVENDO COMPET\u00caNCIAS SOCIAIS E ACAD\u00caMICAS Link para acesso: https:\/\/www.uel.br\/nac\/pages\/atividades-para-estudantes.php Orienta\u00e7\u00f5es de Estudo Link para acesso: https:\/\/www.uel.br\/nac\/pages\/orientacoes-de-estudo-e-monitoria-em-educacao-especial.php Legisla\u00e7\u00e3o Educa\u00e7\u00e3o Especial Link para acesso: https:\/\/www.uel.br\/nac\/pages\/legislacao-educacao-especial.php<\/p>\n","protected":false},"author":1,"featured_media":0,"parent":0,"menu_order":0,"comment_status":"close","ping_status":"close","template":"","meta":{"_acf_changed":false,"footnotes":""},"class_list":["post-2836","page","type-page","status-publish","hentry"],"acf":[],"_links":{"self":[{"href":"https:\/\/pos.uel.br\/ppenf\/wp-json\/wp\/v2\/pages\/2836","targetHints":{"allow":["GET"]}}],"collection":[{"href":"https:\/\/pos.uel.br\/ppenf\/wp-json\/wp\/v2\/pages"}],"about":[{"href":"https:\/\/pos.uel.br\/ppenf\/wp-json\/wp\/v2\/types\/page"}],"author":[{"embeddable":true,"href":"https:\/\/pos.uel.br\/ppenf\/wp-json\/wp\/v2\/users\/1"}],"replies":[{"embeddable":true,"href":"https:\/\/pos.uel.br\/ppenf\/wp-json\/wp\/v2\/comments?post=2836"}],"version-history":[{"count":2,"href":"https:\/\/pos.uel.br\/ppenf\/wp-json\/wp\/v2\/pages\/2836\/revisions"}],"predecessor-version":[{"id":2923,"href":"https:\/\/pos.uel.br\/ppenf\/wp-json\/wp\/v2\/pages\/2836\/revisions\/2923"}],"wp:attachment":[{"href":"https:\/\/pos.uel.br\/ppenf\/wp-json\/wp\/v2\/media?parent=2836"}],"curies":[{"name":"wp","href":"https:\/\/api.w.org\/{rel}","templated":true}]}}