{"id":2143,"date":"2023-07-12T16:36:20","date_gmt":"2023-07-12T19:36:20","guid":{"rendered":"https:\/\/pos.uel.br\/ppenf\/?page_id=2143"},"modified":"2023-07-12T16:41:38","modified_gmt":"2023-07-12T19:41:38","slug":"editais-de-financiamento","status":"publish","type":"page","link":"https:\/\/pos.uel.br\/ppenf\/editais-de-financiamento\/","title":{"rendered":"Editais de Financiamento"},"content":{"rendered":"\n<p class=\"has-text-align-center has-site-background-color has-extra-1-background-color has-text-color has-background\"><strong>Chamada CNPq N\u00ba 09\/2023<br>Bolsas de Produtividade em Pesquisa e<br>Bolsas de Produtividade em Pesquisa S\u00eanior<\/strong><\/p>\n\n\n\n<div class=\"wp-block-uel-card\">\n<div data-wp-interactive=\"core\/file\" class=\"wp-block-file\"><object data-wp-bind--hidden=\"!state.hasPdfPreview\" hidden class=\"wp-block-file__embed\" data=\"https:\/\/pos.uel.br\/ppenf\/wp-content\/uploads\/2023\/07\/Chamada-PQ-2023-2.pdf\" type=\"application\/pdf\" style=\"width:100%;height:600px\" aria-label=\"Incorporado de Chamada-PQ-2023-2.\"><\/object><a id=\"wp-block-file--media-5156f432-c29d-4fc5-a37e-ea4e72fa704c\" href=\"https:\/\/pos.uel.br\/ppenf\/wp-content\/uploads\/2023\/07\/Chamada-PQ-2023-2.pdf\">Chamada-PQ-2023-2<\/a><a href=\"https:\/\/pos.uel.br\/ppenf\/wp-content\/uploads\/2023\/07\/Chamada-PQ-2023-2.pdf\" class=\"wp-block-file__button wp-element-button\" download aria-describedby=\"wp-block-file--media-5156f432-c29d-4fc5-a37e-ea4e72fa704c\">Baixar<\/a><\/div>\n<\/div>\n\n\n\n<p class=\"has-text-align-center has-site-background-color has-extra-1-background-color has-text-color has-background\"><strong>Chamada CNPq\/MCTI N\u00ba 10\/2023  <\/strong><\/p>\n\n\n\n<p>Chamada CNPq\/MCTI N\u00ba 10\/2023 &#8211; UNIVERSALO Conselho Nacional de Desenvolvimento Cient\u00edfico e Tecnol\u00f3gico &#8211; CNPq torna p\u00fablica a presente Chamada e convida os interessados a apresentarem propostas nos termos aqui estabelecidos.<\/p>\n\n\n\n<div data-wp-interactive=\"core\/file\" class=\"wp-block-file\"><object data-wp-bind--hidden=\"!state.hasPdfPreview\" hidden class=\"wp-block-file__embed\" data=\"https:\/\/pos.uel.br\/ppenf\/wp-content\/uploads\/2023\/07\/Chamada-Universal-2023.pdf\" type=\"application\/pdf\" style=\"width:100%;height:600px\" aria-label=\"Incorporado de Chamada-Universal-2023.\"><\/object><a id=\"wp-block-file--media-611b1298-53be-476b-8ff0-e19ad568ec54\" href=\"https:\/\/pos.uel.br\/ppenf\/wp-content\/uploads\/2023\/07\/Chamada-Universal-2023.pdf\">Chamada-Universal-2023<\/a><a href=\"https:\/\/pos.uel.br\/ppenf\/wp-content\/uploads\/2023\/07\/Chamada-Universal-2023.pdf\" class=\"wp-block-file__button wp-element-button\" download aria-describedby=\"wp-block-file--media-611b1298-53be-476b-8ff0-e19ad568ec54\">Baixar<\/a><\/div>\n","protected":false},"excerpt":{"rendered":"<p>Chamada CNPq N\u00ba 09\/2023Bolsas de Produtividade em Pesquisa eBolsas de Produtividade em Pesquisa S\u00eanior Chamada CNPq\/MCTI N\u00ba 10\/2023 Chamada CNPq\/MCTI N\u00ba 10\/2023 &#8211; UNIVERSALO Conselho Nacional de Desenvolvimento Cient\u00edfico e Tecnol\u00f3gico &#8211; CNPq torna p\u00fablica a presente Chamada e convida os interessados a apresentarem propostas nos termos aqui estabelecidos.<\/p>\n","protected":false},"author":1,"featured_media":0,"parent":0,"menu_order":0,"comment_status":"closed","ping_status":"closed","template":"","meta":{"_acf_changed":false,"footnotes":""},"class_list":["post-2143","page","type-page","status-publish","hentry"],"acf":[],"_links":{"self":[{"href":"https:\/\/pos.uel.br\/ppenf\/wp-json\/wp\/v2\/pages\/2143","targetHints":{"allow":["GET"]}}],"collection":[{"href":"https:\/\/pos.uel.br\/ppenf\/wp-json\/wp\/v2\/pages"}],"about":[{"href":"https:\/\/pos.uel.br\/ppenf\/wp-json\/wp\/v2\/types\/page"}],"author":[{"embeddable":true,"href":"https:\/\/pos.uel.br\/ppenf\/wp-json\/wp\/v2\/users\/1"}],"replies":[{"embeddable":true,"href":"https:\/\/pos.uel.br\/ppenf\/wp-json\/wp\/v2\/comments?post=2143"}],"version-history":[{"count":2,"href":"https:\/\/pos.uel.br\/ppenf\/wp-json\/wp\/v2\/pages\/2143\/revisions"}],"predecessor-version":[{"id":2155,"href":"https:\/\/pos.uel.br\/ppenf\/wp-json\/wp\/v2\/pages\/2143\/revisions\/2155"}],"wp:attachment":[{"href":"https:\/\/pos.uel.br\/ppenf\/wp-json\/wp\/v2\/media?parent=2143"}],"curies":[{"name":"wp","href":"https:\/\/api.w.org\/{rel}","templated":true}]}}