{"id":1951,"date":"2023-03-07T20:22:53","date_gmt":"2023-03-07T23:22:53","guid":{"rendered":"https:\/\/pos.uel.br\/ppenf\/?page_id=1951"},"modified":"2023-03-07T20:27:22","modified_gmt":"2023-03-07T23:27:22","slug":"ebook-orientacoes-basicas-para-mestrandos-e-doutorandos","status":"publish","type":"page","link":"https:\/\/pos.uel.br\/ppenf\/ebook-orientacoes-basicas-para-mestrandos-e-doutorandos\/","title":{"rendered":"Ebook- Orienta\u00e7\u00f5es B\u00e1sicas para Mestrandos e Doutorandos"},"content":{"rendered":"\n<p>O PPGENF-UEL preparou esse E-book para fornecer orienta\u00e7\u00f5es referentes as disciplinas, prazos, qualifica\u00e7\u00e3o\/defesa e demais informa\u00e7\u00f5es pertinentes aos discentes de mestrado e doutorado.<\/p>\n\n\n\n<div class=\"wp-block-buttons is-layout-flex wp-block-buttons-is-layout-flex\">\n<div class=\"wp-block-button\"><a class=\"wp-block-button__link has-primary-accent-background-color has-background wp-element-button\" href=\"https:\/\/drive.google.com\/file\/d\/141eaIVBCnma58YEK40HWDKQn-wreSao4\/view?usp=sharing\" target=\"_blank\" rel=\"noreferrer noopener\">Ebook<\/a><\/div>\n<\/div>\n","protected":false},"excerpt":{"rendered":"<p>O PPGENF-UEL preparou esse E-book para fornecer orienta\u00e7\u00f5es referentes as disciplinas, prazos, qualifica\u00e7\u00e3o\/defesa e demais informa\u00e7\u00f5es pertinentes aos discentes de mestrado e doutorado.<\/p>\n","protected":false},"author":1,"featured_media":0,"parent":0,"menu_order":0,"comment_status":"closed","ping_status":"closed","template":"","meta":{"_acf_changed":false,"footnotes":""},"class_list":["post-1951","page","type-page","status-publish","hentry"],"acf":[],"_links":{"self":[{"href":"https:\/\/pos.uel.br\/ppenf\/wp-json\/wp\/v2\/pages\/1951","targetHints":{"allow":["GET"]}}],"collection":[{"href":"https:\/\/pos.uel.br\/ppenf\/wp-json\/wp\/v2\/pages"}],"about":[{"href":"https:\/\/pos.uel.br\/ppenf\/wp-json\/wp\/v2\/types\/page"}],"author":[{"embeddable":true,"href":"https:\/\/pos.uel.br\/ppenf\/wp-json\/wp\/v2\/users\/1"}],"replies":[{"embeddable":true,"href":"https:\/\/pos.uel.br\/ppenf\/wp-json\/wp\/v2\/comments?post=1951"}],"version-history":[{"count":3,"href":"https:\/\/pos.uel.br\/ppenf\/wp-json\/wp\/v2\/pages\/1951\/revisions"}],"predecessor-version":[{"id":1959,"href":"https:\/\/pos.uel.br\/ppenf\/wp-json\/wp\/v2\/pages\/1951\/revisions\/1959"}],"wp:attachment":[{"href":"https:\/\/pos.uel.br\/ppenf\/wp-json\/wp\/v2\/media?parent=1951"}],"curies":[{"name":"wp","href":"https:\/\/api.w.org\/{rel}","templated":true}]}}