{"id":18,"date":"2021-04-29T13:55:55","date_gmt":"2021-04-29T16:55:55","guid":{"rendered":"https:\/\/pos.uel.br\/ppenf\/?page_id=18"},"modified":"2025-02-28T09:46:02","modified_gmt":"2025-02-28T12:46:02","slug":"formularios","status":"publish","type":"page","link":"https:\/\/pos.uel.br\/ppenf\/formularios\/","title":{"rendered":"Documentos"},"content":{"rendered":"\n<p><\/p>\n\n\n\n<p>Nesta aba, cont\u00e9m as seguintes informa\u00e7\u00f5es:<\/p>\n\n\n\n<ul class=\"wp-block-list\">\n<li><a href=\"https:\/\/pos.uel.br\/ppenf\/matricula-e-rematricula\/\">Matr\u00edcula e Rematr\u00edcula<\/a><\/li>\n\n\n\n<li><a href=\"https:\/\/pos.uel.br\/ppenf\/solicitacao-de-exame-de-qualificacao-defesa\/\">Solicita\u00e7\u00e3o de Exame de Qualifica\u00e7\u00e3o\/Defesa<\/a><\/li>\n\n\n\n<li><a href=\"https:\/\/pos.uel.br\/ppenf\/atividades-que-podem-ser-convalidadas-em-creditos\/\">Atividades que podem ser convalidadas em cr\u00e9ditos<\/a><\/li>\n\n\n\n<li><a href=\"https:\/\/pos.uel.br\/ppenf\/disciplina-estagio-docencia\/\">Disciplina Est\u00e1gio Doc\u00eancia<\/a><\/li>\n\n\n\n<li><a href=\"https:\/\/pos.uel.br\/ppenf\/aproveitamento-de-discplinas\/\">Aproveitamento de Disciplinas<\/a><\/li>\n\n\n\n<li><a href=\"https:\/\/pos.uel.br\/ppenf\/cancelamento-de-disciplina\/\">Cancelamento de Disciplina<\/a><\/li>\n\n\n\n<li><a href=\"https:\/\/drive.google.com\/file\/d\/141eaIVBCnma58YEK40HWDKQn-wreSao4\/view?usp=sharing\" data-type=\"URL\" data-id=\"https:\/\/drive.google.com\/file\/d\/141eaIVBCnma58YEK40HWDKQn-wreSao4\/view?usp=sharing\" target=\"_blank\" rel=\"noreferrer noopener\">Ebook- Orienta\u00e7\u00f5es B\u00e1sicas para Mestrandos e Doutorandos<\/a><\/li>\n\n\n\n<li>Aluno Externo a UEL &#8211; Matr\u00edcula em disciplina do PPGENF <\/li>\n<\/ul>\n\n\n\n<p><\/p>\n\n\n\n<p><\/p>\n\n\n\n<p><\/p>\n","protected":false},"excerpt":{"rendered":"<p>Nesta aba, cont\u00e9m as seguintes informa\u00e7\u00f5es:<\/p>\n","protected":false},"author":1,"featured_media":0,"parent":0,"menu_order":0,"comment_status":"closed","ping_status":"closed","template":"","meta":{"_acf_changed":false,"footnotes":""},"class_list":["post-18","page","type-page","status-publish","hentry"],"acf":[],"_links":{"self":[{"href":"https:\/\/pos.uel.br\/ppenf\/wp-json\/wp\/v2\/pages\/18","targetHints":{"allow":["GET"]}}],"collection":[{"href":"https:\/\/pos.uel.br\/ppenf\/wp-json\/wp\/v2\/pages"}],"about":[{"href":"https:\/\/pos.uel.br\/ppenf\/wp-json\/wp\/v2\/types\/page"}],"author":[{"embeddable":true,"href":"https:\/\/pos.uel.br\/ppenf\/wp-json\/wp\/v2\/users\/1"}],"replies":[{"embeddable":true,"href":"https:\/\/pos.uel.br\/ppenf\/wp-json\/wp\/v2\/comments?post=18"}],"version-history":[{"count":15,"href":"https:\/\/pos.uel.br\/ppenf\/wp-json\/wp\/v2\/pages\/18\/revisions"}],"predecessor-version":[{"id":2858,"href":"https:\/\/pos.uel.br\/ppenf\/wp-json\/wp\/v2\/pages\/18\/revisions\/2858"}],"wp:attachment":[{"href":"https:\/\/pos.uel.br\/ppenf\/wp-json\/wp\/v2\/media?parent=18"}],"curies":[{"name":"wp","href":"https:\/\/api.w.org\/{rel}","templated":true}]}}