{"id":1581,"date":"2022-08-17T16:12:30","date_gmt":"2022-08-17T19:12:30","guid":{"rendered":"https:\/\/pos.uel.br\/ppenf\/?page_id=1581"},"modified":"2024-08-12T09:13:59","modified_gmt":"2024-08-12T12:13:59","slug":"orientacoes-para-pedidos-fora-do-prazo","status":"publish","type":"page","link":"https:\/\/pos.uel.br\/ppenf\/orientacoes-para-pedidos-fora-do-prazo\/","title":{"rendered":"Orienta\u00e7\u00f5es para pedidos fora do prazo"},"content":{"rendered":"\n<p>Encaminhamos as orienta\u00e7\u00f5es para\u00a0<strong>PEDIDOS FORA DO PRAZO &#8211; CANCELAMENTO DE DISCIPLINA FORA DO PRAZO:\u00a0<\/strong> <a href=\"https:\/\/sites.uel.br\/ccs\/inclusao-de-disciplina\/\">https:\/\/sites.uel.br\/ccs\/inclusao-de-disciplina\/<\/a> <\/p>\n\n\n\n<p><strong>Primeira Etapa<\/strong>:<\/p>\n\n\n\n<ol class=\"wp-block-list\">\n<li>Acessar o Portal do Estudante de P\u00f3s-Gradua\u00e7\u00e3o;<\/li>\n\n\n\n<li>Acessar: Servi\u00e7os &#8211; Requerimentos &#8211; Pedido Fora de Prazo;<\/li>\n\n\n\n<li>Clicar no bot\u00e3o Novo Requerimento &#8211; escolher o Tipo de Requerimento desejado &#8211; preencher os campos da tela e clicar no bot\u00e3o Solicitar para salvar<strong>;<\/strong><\/li>\n\n\n\n<li><strong>Comunicar<\/strong>&nbsp;seu(sua) Orientador(a) e Coordenador(a) do Programa de que realizou esta solicita\u00e7\u00e3o e,<strong>&nbsp;aguardar parecer dos mesmos;<\/strong><\/li>\n\n\n\n<li>Caso seu pedido seja&nbsp;<strong>deferido,<\/strong>&nbsp;voc\u00ea receber\u00e1 um e-mail com orienta\u00e7\u00f5es de como dar continuidade aos tr\u00e2mites e dever\u00e1 acessar novamente o Portal do Estudante de P\u00f3s-Gradua\u00e7\u00e3o para consolidar o mesmo;<\/li>\n<\/ol>\n\n\n\n<p><strong>Segunda Etapa<\/strong>:<\/p>\n\n\n\n<ol class=\"wp-block-list\">\n<li>Acessar o Portal do Estudante de P\u00f3s-Gradua\u00e7\u00e3o;<\/li>\n\n\n\n<li>Acessar: Servi\u00e7os &#8211; Requerimentos &#8211; Cancelamento de Disciplina;<\/li>\n\n\n\n<li><strong>Acompanhar<\/strong>,<strong>&nbsp;<\/strong>via Portal do Estudante de P\u00f3s-Gradua\u00e7\u00e3o, a efetiva\u00e7\u00e3o do seu pedido.<\/li>\n<\/ol>\n\n\n\n<p><strong>Observa\u00e7\u00e3o:<\/strong>&nbsp;Ap\u00f3s a aprova\u00e7\u00e3o do(a) Orientador(a) e Coordenador(a)&nbsp;do Programa, o estudante ter\u00e1 o prazo de&nbsp;<strong>10 (dez)&nbsp;<\/strong>dias para consolidar seu pedido.<\/p>\n\n\n\n<p>Quanto a inclus\u00e3o da disciplina&nbsp;2ENF612 &#8211;&nbsp;EST\u00c1GIO DE DOC\u00caNCIA NA GRADUA\u00c7\u00c3O&nbsp;&nbsp;\u00e9 necess\u00e1rio que seja solicitado via site do CCS:&nbsp;<a href=\"https:\/\/sites.uel.br\/ccs\/stricto-sensu\/\" target=\"_blank\" rel=\"noreferrer noopener\">https:\/\/sites.uel.br\/ccs\/stricto-sensu\/&nbsp;<\/a><\/p>\n","protected":false},"excerpt":{"rendered":"<p>Encaminhamos as orienta\u00e7\u00f5es para\u00a0PEDIDOS FORA DO PRAZO &#8211; CANCELAMENTO DE DISCIPLINA FORA DO PRAZO:\u00a0 https:\/\/sites.uel.br\/ccs\/inclusao-de-disciplina\/ Primeira Etapa: Segunda Etapa: Observa\u00e7\u00e3o:&nbsp;Ap\u00f3s a aprova\u00e7\u00e3o do(a) Orientador(a) e Coordenador(a)&nbsp;do Programa, o estudante ter\u00e1 o prazo de&nbsp;10 (dez)&nbsp;dias para consolidar seu pedido. Quanto a inclus\u00e3o da disciplina&nbsp;2ENF612 &#8211;&nbsp;EST\u00c1GIO DE DOC\u00caNCIA NA GRADUA\u00c7\u00c3O&nbsp;&nbsp;\u00e9 necess\u00e1rio que seja solicitado via site do [&hellip;]<\/p>\n","protected":false},"author":1,"featured_media":0,"parent":0,"menu_order":0,"comment_status":"closed","ping_status":"closed","template":"","meta":{"_acf_changed":false,"footnotes":""},"class_list":["post-1581","page","type-page","status-publish","hentry"],"acf":[],"_links":{"self":[{"href":"https:\/\/pos.uel.br\/ppenf\/wp-json\/wp\/v2\/pages\/1581","targetHints":{"allow":["GET"]}}],"collection":[{"href":"https:\/\/pos.uel.br\/ppenf\/wp-json\/wp\/v2\/pages"}],"about":[{"href":"https:\/\/pos.uel.br\/ppenf\/wp-json\/wp\/v2\/types\/page"}],"author":[{"embeddable":true,"href":"https:\/\/pos.uel.br\/ppenf\/wp-json\/wp\/v2\/users\/1"}],"replies":[{"embeddable":true,"href":"https:\/\/pos.uel.br\/ppenf\/wp-json\/wp\/v2\/comments?post=1581"}],"version-history":[{"count":4,"href":"https:\/\/pos.uel.br\/ppenf\/wp-json\/wp\/v2\/pages\/1581\/revisions"}],"predecessor-version":[{"id":2714,"href":"https:\/\/pos.uel.br\/ppenf\/wp-json\/wp\/v2\/pages\/1581\/revisions\/2714"}],"wp:attachment":[{"href":"https:\/\/pos.uel.br\/ppenf\/wp-json\/wp\/v2\/media?parent=1581"}],"curies":[{"name":"wp","href":"https:\/\/api.w.org\/{rel}","templated":true}]}}