{"id":15,"date":"2021-04-29T13:55:55","date_gmt":"2021-04-29T16:55:55","guid":{"rendered":"https:\/\/pos.uel.br\/ppenf\/?page_id=15"},"modified":"2022-07-14T07:52:06","modified_gmt":"2022-07-14T10:52:06","slug":"estrutura-curricular","status":"publish","type":"page","link":"https:\/\/pos.uel.br\/ppenf\/estrutura-curricular\/","title":{"rendered":"Estrutura curricular"},"content":{"rendered":"\n<h2 class=\"wp-block-heading\"><strong><span class=\"has-inline-color has-primary-accent-color\">N\u00cdVEL MESTRADO<\/span><\/strong><\/h2>\n\n\n\n<ul class=\"wp-block-list\"><li>Dura\u00e7\u00e3o&nbsp;do curso \u00e9 de 02 (dois) anos<\/li><li>N\u00famero de vagas:&nbsp;at\u00e9 30 vagas<\/li><li>N\u00famero de cr\u00e9ditos:&nbsp;1.140 horas e 76 cr\u00e9ditos, sendo:<ul><li>16 cr\u00e9ditos em disciplinas obrigat\u00f3rias<\/li><li>10 cr\u00e9ditos em disciplinas optativas<\/li><li>50 cr\u00e9ditos em Disserta\u00e7\u00e3o<\/li><\/ul><\/li><\/ul>\n\n\n\n<p>DISCIPLINAS OBRIGAT\u00d3RIAS<\/p>\n\n\n\n<figure class=\"wp-block-table is-style-stripes\"><table><tbody><tr><td>2 ENF 584 &nbsp;&nbsp;&nbsp;&nbsp;&nbsp;&nbsp;&nbsp;<\/td><td>Metodologia de pesquisa em sa\u00fade<\/td><td>4 cr<\/td><td>60 h<\/td><\/tr><tr><td>2 ENF 585<\/td><td>Educa\u00e7\u00e3o na enfermagem <\/td><td>3 cr<\/td><td>45 h<\/td><\/tr><tr><td>2 ENF 586<\/td><td>Epidemiologia na administra\u00e7\u00e3o dos servi\u00e7os de sa\u00fade<\/td><td>2 cr<\/td><td>30 h<\/td><\/tr><tr><td>2 ENF 587<\/td><td>Cuidado humano na \u00e1rea de enfermagem e sa\u00fade<\/td><td>3 cr<\/td><td>45 h<\/td><\/tr><tr><td>2 ENF 588<\/td><td>Semin\u00e1rios de Pesquisa em Enfermagem I<\/td><td>2 cr<\/td><td>30 h<\/td><\/tr><tr><td>2 ENF 589<\/td><td>Semin\u00e1rios de Pesquisa em Enfermagem II<\/td><td>1 cr<\/td><td>15 h<\/td><\/tr><tr><td>2 ENF 590<\/td><td>Semin\u00e1rios de Pesquisa em Enfermagem III<\/td><td>1 cr<\/td><td>15 h<\/td><\/tr><\/tbody><\/table><\/figure>\n\n\n\n<h3 class=\"wp-block-heading\">DISSERTA\u00c7\u00c3O<\/h3>\n\n\n\n<figure class=\"wp-block-table is-style-stripes\"><table><tbody><tr><td>2 ENF 608<\/td><td>Disserta\u00e7\u00e3o I<\/td><td class=\"has-text-align-right\" data-align=\"right\">10 cr<\/td><td class=\"has-text-align-right\" data-align=\"right\">150 h<\/td><\/tr><tr><td>2 ENF 609<\/td><td>Disserta\u00e7\u00e3o II<\/td><td class=\"has-text-align-right\" data-align=\"right\">10 cr<\/td><td class=\"has-text-align-right\" data-align=\"right\">150 h<\/td><\/tr><tr><td>2 ENF 610<\/td><td>Disserta\u00e7\u00e3o III<\/td><td class=\"has-text-align-right\" data-align=\"right\">14 cr<\/td><td class=\"has-text-align-right\" data-align=\"right\">210 h<\/td><\/tr><tr><td>2 ENF 611<\/td><td>Disserta\u00e7\u00e3o IV<\/td><td class=\"has-text-align-right\" data-align=\"right\">16 cr<\/td><td class=\"has-text-align-right\" data-align=\"right\">240 h<\/td><\/tr><\/tbody><\/table><\/figure>\n\n\n\n<h3 class=\"wp-block-heading\"><strong>DISCIPLINAS OPTATIVAS (indicadas pelo orientador)<\/strong><\/h3>\n\n\n\n<div class=\"wp-block-group\"><div class=\"wp-block-group__inner-container is-layout-flow wp-block-group-is-layout-flow\">\n<div class=\"wp-block-columns is-layout-flex wp-container-core-columns-is-layout-9d6595d7 wp-block-columns-is-layout-flex\">\n<div class=\"wp-block-column is-layout-flow wp-block-column-is-layout-flow\" style=\"flex-basis:100%\">\n<figure class=\"wp-block-table is-style-stripes\"><table><tbody><tr><td class=\"has-text-align-left\" data-align=\"left\">2 ENF 591<\/td><td class=\"has-text-align-left\" data-align=\"left\">Processo sa\u00fade doen\u00e7a do trabalhador da sa\u00fade e da enfermagem<\/td><td>2 cr<\/td><td class=\"has-text-align-right\" data-align=\"right\">30 h<\/td><\/tr><tr><td class=\"has-text-align-left\" data-align=\"left\">2 ENF 593<\/td><td class=\"has-text-align-left\" data-align=\"left\">Viv\u00eancias integradas em grupos de pesquisa<\/td><td>2 cr<\/td><td class=\"has-text-align-right\" data-align=\"right\">30 h<\/td><\/tr><tr><td class=\"has-text-align-left\" data-align=\"left\">2 ENF 594<\/td><td class=\"has-text-align-left\" data-align=\"left\">Comunica\u00e7\u00e3o em enfermagem<\/td><td>2 cr<\/td><td class=\"has-text-align-right\" data-align=\"right\">30 h<\/td><\/tr><tr><td class=\"has-text-align-left\" data-align=\"left\">2 ENF 441 a 2 ENF 499<\/td><td class=\"has-text-align-left\" data-align=\"left\">T\u00f3picos Especiais em Enfermagem<\/td><td>*<\/td><td class=\"has-text-align-right\" data-align=\"right\">*<\/td><\/tr><tr><td class=\"has-text-align-left\" data-align=\"left\">2 ENF 595<\/td><td class=\"has-text-align-left\" data-align=\"left\">Atividade de Dissemina\u00e7\u00e3o Cient\u00edfica I<\/td><td>1 cr<\/td><td class=\"has-text-align-right\" data-align=\"right\">15 h<\/td><\/tr><tr><td class=\"has-text-align-left\" data-align=\"left\">2 ENF 596<\/td><td class=\"has-text-align-left\" data-align=\"left\">Atividade de Dissemina\u00e7\u00e3o Cient\u00edfica II<\/td><td>2 cr<\/td><td class=\"has-text-align-right\" data-align=\"right\">30 h<\/td><\/tr><tr><td class=\"has-text-align-left\" data-align=\"left\">2 ENF 597<\/td><td class=\"has-text-align-left\" data-align=\"left\">Atividade de Dissemina\u00e7\u00e3o Cient\u00edfica III<\/td><td>3 cr<\/td><td class=\"has-text-align-right\" data-align=\"right\">45 h<\/td><\/tr><tr><td class=\"has-text-align-left\" data-align=\"left\">2 ENF 598<\/td><td class=\"has-text-align-left\" data-align=\"left\">Atividade de Dissemina\u00e7\u00e3o Cient\u00edfica IV<\/td><td>4 cr<\/td><td class=\"has-text-align-right\" data-align=\"right\">60 h<\/td><\/tr><tr><td class=\"has-text-align-left\" data-align=\"left\">2 ENF 599<\/td><td class=\"has-text-align-left\" data-align=\"left\">Desenvolvimento de compet\u00eancias para lideran\u00e7a em enfermagem<\/td><td>2 cr<\/td><td class=\"has-text-align-right\" data-align=\"right\">30 h<\/td><\/tr><tr><td class=\"has-text-align-left\" data-align=\"left\">2 ENF 600<\/td><td class=\"has-text-align-left\" data-align=\"left\">Elabora\u00e7\u00e3o, aplica\u00e7\u00e3o e valida\u00e7\u00e3o de instrumentos de medida subjetiva\/psicom\u00e9trica<\/td><td>4 cr<\/td><td class=\"has-text-align-right\" data-align=\"right\">60 h<\/td><\/tr><tr><td class=\"has-text-align-left\" data-align=\"left\">2 ENF 601<\/td><td class=\"has-text-align-left\" data-align=\"left\">An\u00e1lise e estrat\u00e9gias de busca de publica\u00e7\u00f5es cient\u00edficas<\/td><td>2 cr<\/td><td class=\"has-text-align-right\" data-align=\"right\">30 h<\/td><\/tr><tr><td class=\"has-text-align-left\" data-align=\"left\">2 ENF 602<\/td><td class=\"has-text-align-left\" data-align=\"left\">T\u00e9cnicas arteterap\u00eauticas na pesquisa, cuidado e ensino em enfermagem<\/td><td>3 cr<\/td><td class=\"has-text-align-right\" data-align=\"right\">45 h<\/td><\/tr><tr><td class=\"has-text-align-left\" data-align=\"left\">2 ENF 603<\/td><td class=\"has-text-align-left\" data-align=\"left\">Revis\u00e3o integrativa: conceitos e elabora\u00e7\u00e3o do protocolo de pesquisa<\/td><td>1 cr<\/td><td class=\"has-text-align-right\" data-align=\"right\">15 h<\/td><\/tr><tr><td class=\"has-text-align-left\" data-align=\"left\">2 ENF 604<\/td><td class=\"has-text-align-left\" data-align=\"left\">Microensino: t\u00e9cnicas e habilidades para a pr\u00e1tica docente<\/td><td>2 cr<\/td><td class=\"has-text-align-right\" data-align=\"right\">30 h<\/td><\/tr><tr><td class=\"has-text-align-left\" data-align=\"left\">2 ENF 605<\/td><td class=\"has-text-align-left\" data-align=\"left\">Estudo de conceitos, fundamentos e pr\u00e1ticas do desenvolvimento de artigo cient\u00edfico<\/td><td>2 cr<\/td><td class=\"has-text-align-right\" data-align=\"right\">30 h<\/td><\/tr><tr><td class=\"has-text-align-left\" data-align=\"left\">2 ENF 606<\/td><td class=\"has-text-align-left\" data-align=\"left\">Atividade cr\u00edtico-reflexiva em banca de qualifica\u00e7\u00e3o e defesa<\/td><td>1 cr<\/td><td class=\"has-text-align-right\" data-align=\"right\">15 h<\/td><\/tr><tr><td class=\"has-text-align-left\" data-align=\"left\">2 STA 149&nbsp;<\/td><td class=\"has-text-align-left\" data-align=\"left\">Estat\u00edstica aplicada \u00e0 sa\u00fade<\/td><td>2 cr<\/td><td class=\"has-text-align-right\" data-align=\"right\">30 h<\/td><\/tr><tr><td class=\"has-text-align-left\" data-align=\"left\">2 ENF 607<\/td><td class=\"has-text-align-left\" data-align=\"left\">Pr\u00e1tica de enfermagem baseada em evid\u00eancias<\/td><td>3 cr<\/td><td class=\"has-text-align-right\" data-align=\"right\">45 h<\/td><\/tr><tr><td class=\"has-text-align-left\" data-align=\"left\">2 ENF 622<\/td><td class=\"has-text-align-left\" data-align=\"left\">Determina\u00e7\u00e3o Social no Processo Sa\u00fade &#8211; Doen\u00e7a: desafios te\u00f3ricos metodol\u00f3gicos<\/td><td>2 cr<\/td><td class=\"has-text-align-right\" data-align=\"right\">30 h<\/td><\/tr><tr><td class=\"has-text-align-left\" data-align=\"left\">2 ENF 623<\/td><td class=\"has-text-align-left\" data-align=\"left\">Systematic Review and meta-analysis in health (Revis\u00e3o Sistem\u00e1tica e metan\u00e1lise em sa\u00fade)<\/td><td>2 cr<\/td><td class=\"has-text-align-right\" data-align=\"right\">30 h<\/td><\/tr><tr><td class=\"has-text-align-left\" data-align=\"left\">2ENF456<\/td><td class=\"has-text-align-left\" data-align=\"left\">O Cuidado Centrado no R\u00e9cem-nascido prematuro, crian\u00e7a e Fam\u00edlia<\/td><td>2cr<\/td><td class=\"has-text-align-right\" data-align=\"right\">30h<\/td><\/tr><tr><td class=\"has-text-align-left\" data-align=\"left\">2ENF450<\/td><td class=\"has-text-align-left\" data-align=\"left\">Gest\u00e3o de Custos em Sa\u00fade e em Enfermagem<\/td><td>2cr<\/td><td class=\"has-text-align-right\" data-align=\"right\">30h<\/td><\/tr><tr><td class=\"has-text-align-left\" data-align=\"left\">2ENF449<\/td><td class=\"has-text-align-left\" data-align=\"left\">Pr\u00e1ticas integrativas e complementares em sa\u00fade e conscienciologia aplicada ao cuidado integral<\/td><td>2cr<\/td><td class=\"has-text-align-right\" data-align=\"right\">30h<\/td><\/tr><tr><td class=\"has-text-align-left\" data-align=\"left\">2ENF453<\/td><td class=\"has-text-align-left\" data-align=\"left\">Relacionamento Interpessoal e Comunica\u00e7\u00e3o Terap\u00eautica no cuidado da sa\u00fade e pesquisas em enfermagem<\/td><td>2cr<\/td><td class=\"has-text-align-right\" data-align=\"right\">30h<\/td><\/tr><tr><td class=\"has-text-align-left\" data-align=\"left\"><\/td><td class=\"has-text-align-left\" data-align=\"left\">Pesquisa qualitativa em enfermagem<\/td><td>3cr<\/td><td class=\"has-text-align-right\" data-align=\"right\">45h<\/td><\/tr><\/tbody><\/table><figcaption>* O n\u00famero de cr\u00e9ditos\/carga hor\u00e1ria varia de acordo com a disciplina<\/figcaption><\/figure>\n<\/div>\n<\/div>\n<\/div><\/div>\n\n\n\n<h3 class=\"wp-block-heading\"><strong>EST\u00c1GIO DE DOC\u00caNCIA NA GRADUA\u00c7\u00c3O (obrigat\u00f3rio para bolsista, optativa para n\u00e3o bolsistas)<\/strong><\/h3>\n\n\n\n<figure class=\"wp-block-table is-style-stripes\"><table><tbody><tr><td>2 ENF 612<\/td><td>Est\u00e1gio de doc\u00eancia na gradua\u00e7\u00e3o<\/td><td>2 cr<\/td><td>30 h<\/td><\/tr><\/tbody><\/table><\/figure>\n\n\n\n<p><\/p>\n","protected":false},"excerpt":{"rendered":"<p>N\u00cdVEL MESTRADO Dura\u00e7\u00e3o&nbsp;do curso \u00e9 de 02 (dois) anos N\u00famero de vagas:&nbsp;at\u00e9 30 vagas N\u00famero de cr\u00e9ditos:&nbsp;1.140 horas e 76 cr\u00e9ditos, sendo: 16 cr\u00e9ditos em disciplinas obrigat\u00f3rias 10 cr\u00e9ditos em disciplinas optativas 50 cr\u00e9ditos em Disserta\u00e7\u00e3o DISCIPLINAS OBRIGAT\u00d3RIAS 2 ENF 584 &nbsp;&nbsp;&nbsp;&nbsp;&nbsp;&nbsp;&nbsp; Metodologia de pesquisa em sa\u00fade 4 cr 60 h 2 ENF 585 Educa\u00e7\u00e3o [&hellip;]<\/p>\n","protected":false},"author":1,"featured_media":0,"parent":0,"menu_order":0,"comment_status":"closed","ping_status":"closed","template":"","meta":{"_acf_changed":false,"footnotes":""},"class_list":["post-15","page","type-page","status-publish","hentry"],"acf":[],"_links":{"self":[{"href":"https:\/\/pos.uel.br\/ppenf\/wp-json\/wp\/v2\/pages\/15","targetHints":{"allow":["GET"]}}],"collection":[{"href":"https:\/\/pos.uel.br\/ppenf\/wp-json\/wp\/v2\/pages"}],"about":[{"href":"https:\/\/pos.uel.br\/ppenf\/wp-json\/wp\/v2\/types\/page"}],"author":[{"embeddable":true,"href":"https:\/\/pos.uel.br\/ppenf\/wp-json\/wp\/v2\/users\/1"}],"replies":[{"embeddable":true,"href":"https:\/\/pos.uel.br\/ppenf\/wp-json\/wp\/v2\/comments?post=15"}],"version-history":[{"count":12,"href":"https:\/\/pos.uel.br\/ppenf\/wp-json\/wp\/v2\/pages\/15\/revisions"}],"predecessor-version":[{"id":1352,"href":"https:\/\/pos.uel.br\/ppenf\/wp-json\/wp\/v2\/pages\/15\/revisions\/1352"}],"wp:attachment":[{"href":"https:\/\/pos.uel.br\/ppenf\/wp-json\/wp\/v2\/media?parent=15"}],"curies":[{"name":"wp","href":"https:\/\/api.w.org\/{rel}","templated":true}]}}