{"id":1436,"date":"2022-07-19T15:22:57","date_gmt":"2022-07-19T18:22:57","guid":{"rendered":"https:\/\/pos.uel.br\/ppenf\/?page_id=1436"},"modified":"2023-01-17T08:37:38","modified_gmt":"2023-01-17T11:37:38","slug":"coloquio","status":"publish","type":"page","link":"https:\/\/pos.uel.br\/ppenf\/coloquio\/","title":{"rendered":"Col\u00f3quio"},"content":{"rendered":"\n<p>O ano de 2022 foi um ano de grande aprendizado e de muitas oportunidades, tivemos o prazer de receber convidados externos e professores do PPGEnf os quais nos ofertaram seus conhecimentos, e assim pudemos desfrutar de muitas dicas e experi\u00eancias. <\/p>\n\n\n\n<p>Confira nossa retrospectiva 2022, e aguardem 2023 est\u00e1 a\u00ed com muita coisa boa por vir!<\/p>\n\n\n\n<div class=\"wp-block-group\"><div class=\"wp-block-group__inner-container is-layout-constrained wp-block-group-is-layout-constrained\"><div class=\"wp-block-image is-style-default\">\n<figure class=\"alignleft size-large is-resized\"><img loading=\"lazy\" decoding=\"async\" src=\"https:\/\/pos.uel.br\/ppenf\/wp-content\/uploads\/2023\/01\/1-1024x1024.png\" alt=\"\" class=\"wp-image-1835\" width=\"573\" height=\"573\" srcset=\"https:\/\/pos.uel.br\/ppenf\/wp-content\/uploads\/2023\/01\/1-1024x1024.png 1024w, https:\/\/pos.uel.br\/ppenf\/wp-content\/uploads\/2023\/01\/1-300x300.png 300w, https:\/\/pos.uel.br\/ppenf\/wp-content\/uploads\/2023\/01\/1-150x150.png 150w, https:\/\/pos.uel.br\/ppenf\/wp-content\/uploads\/2023\/01\/1-768x768.png 768w, https:\/\/pos.uel.br\/ppenf\/wp-content\/uploads\/2023\/01\/1-1536x1536.png 1536w, https:\/\/pos.uel.br\/ppenf\/wp-content\/uploads\/2023\/01\/1.png 1920w\" sizes=\"auto, (max-width: 573px) 100vw, 573px\" \/><\/figure>\n<\/div><\/div><\/div>\n\n\n\n<div class=\"wp-block-group\"><div class=\"wp-block-group__inner-container is-layout-constrained wp-block-group-is-layout-constrained\">\n<figure class=\"wp-block-image size-large is-resized is-style-rounded\"><img loading=\"lazy\" decoding=\"async\" src=\"https:\/\/pos.uel.br\/ppenf\/wp-content\/uploads\/2023\/01\/2-1024x1024.png\" alt=\"\" class=\"wp-image-1837\" width=\"568\" height=\"568\" srcset=\"https:\/\/pos.uel.br\/ppenf\/wp-content\/uploads\/2023\/01\/2-1024x1024.png 1024w, https:\/\/pos.uel.br\/ppenf\/wp-content\/uploads\/2023\/01\/2-300x300.png 300w, https:\/\/pos.uel.br\/ppenf\/wp-content\/uploads\/2023\/01\/2-150x150.png 150w, https:\/\/pos.uel.br\/ppenf\/wp-content\/uploads\/2023\/01\/2-768x768.png 768w, https:\/\/pos.uel.br\/ppenf\/wp-content\/uploads\/2023\/01\/2-1536x1536.png 1536w, https:\/\/pos.uel.br\/ppenf\/wp-content\/uploads\/2023\/01\/2.png 1920w\" sizes=\"auto, (max-width: 568px) 100vw, 568px\" \/><\/figure>\n<\/div><\/div>\n\n\n\n<hr class=\"wp-block-separator has-alpha-channel-opacity\"\/>\n\n\n\n<p>Confira nossa p\u00e1gina no Youtube! <\/p>\n\n\n\n<div class=\"wp-block-buttons has-custom-font-size has-medium-font-size is-layout-flex wp-block-buttons-is-layout-flex\">\n<div class=\"wp-block-button\"><a class=\"wp-block-button__link has-site-background-color has-primary-accent-background-color has-text-color has-background wp-element-button\" href=\"https:\/\/www.youtube.com\/@programapos-graduacaoemenf8403\">Clique aqui!!<\/a><\/div>\n<\/div>\n\n\n\n<div class=\"wp-block-group\"><div class=\"wp-block-group__inner-container is-layout-constrained wp-block-group-is-layout-constrained\"><div class=\"wp-block-image\">\n<figure class=\"alignright size-large is-resized\"><img loading=\"lazy\" decoding=\"async\" src=\"https:\/\/pos.uel.br\/ppenf\/wp-content\/uploads\/2023\/01\/4-1024x1024.png\" alt=\"\" class=\"wp-image-1839\" width=\"563\" height=\"563\" srcset=\"https:\/\/pos.uel.br\/ppenf\/wp-content\/uploads\/2023\/01\/4-1024x1024.png 1024w, https:\/\/pos.uel.br\/ppenf\/wp-content\/uploads\/2023\/01\/4-300x300.png 300w, https:\/\/pos.uel.br\/ppenf\/wp-content\/uploads\/2023\/01\/4-150x150.png 150w, https:\/\/pos.uel.br\/ppenf\/wp-content\/uploads\/2023\/01\/4-768x768.png 768w, https:\/\/pos.uel.br\/ppenf\/wp-content\/uploads\/2023\/01\/4-1536x1536.png 1536w, https:\/\/pos.uel.br\/ppenf\/wp-content\/uploads\/2023\/01\/4.png 1920w\" sizes=\"auto, (max-width: 563px) 100vw, 563px\" \/><\/figure>\n<\/div><\/div><\/div>\n\n\n\n<figure class=\"wp-block-image size-large is-resized\"><img loading=\"lazy\" decoding=\"async\" src=\"https:\/\/pos.uel.br\/ppenf\/wp-content\/uploads\/2023\/01\/3-1-1024x1024.png\" alt=\"\" class=\"wp-image-1840\" width=\"558\" height=\"558\" srcset=\"https:\/\/pos.uel.br\/ppenf\/wp-content\/uploads\/2023\/01\/3-1-1024x1024.png 1024w, https:\/\/pos.uel.br\/ppenf\/wp-content\/uploads\/2023\/01\/3-1-300x300.png 300w, https:\/\/pos.uel.br\/ppenf\/wp-content\/uploads\/2023\/01\/3-1-150x150.png 150w, https:\/\/pos.uel.br\/ppenf\/wp-content\/uploads\/2023\/01\/3-1-768x768.png 768w, https:\/\/pos.uel.br\/ppenf\/wp-content\/uploads\/2023\/01\/3-1-1536x1536.png 1536w, https:\/\/pos.uel.br\/ppenf\/wp-content\/uploads\/2023\/01\/3-1.png 1920w\" sizes=\"auto, (max-width: 558px) 100vw, 558px\" \/><\/figure>\n\n\n\n<div class=\"wp-block-group\"><div class=\"wp-block-group__inner-container is-layout-constrained wp-block-group-is-layout-constrained\"><div class=\"wp-block-image\">\n<figure class=\"alignright size-large is-resized\"><img loading=\"lazy\" decoding=\"async\" src=\"https:\/\/pos.uel.br\/ppenf\/wp-content\/uploads\/2023\/01\/6-1-1024x1024.png\" alt=\"\" class=\"wp-image-1853\" width=\"595\" height=\"595\" srcset=\"https:\/\/pos.uel.br\/ppenf\/wp-content\/uploads\/2023\/01\/6-1-1024x1024.png 1024w, https:\/\/pos.uel.br\/ppenf\/wp-content\/uploads\/2023\/01\/6-1-300x300.png 300w, https:\/\/pos.uel.br\/ppenf\/wp-content\/uploads\/2023\/01\/6-1-150x150.png 150w, https:\/\/pos.uel.br\/ppenf\/wp-content\/uploads\/2023\/01\/6-1-768x768.png 768w, https:\/\/pos.uel.br\/ppenf\/wp-content\/uploads\/2023\/01\/6-1-1536x1536.png 1536w, https:\/\/pos.uel.br\/ppenf\/wp-content\/uploads\/2023\/01\/6-1.png 1920w\" sizes=\"auto, (max-width: 595px) 100vw, 595px\" \/><\/figure>\n<\/div>\n\n\n<figure class=\"wp-block-gallery has-nested-images columns-default is-cropped wp-block-gallery-1 is-layout-flex wp-block-gallery-is-layout-flex\">\n<figure class=\"wp-block-image size-large\"><img loading=\"lazy\" decoding=\"async\" width=\"1024\" height=\"1024\" data-id=\"1852\" src=\"https:\/\/pos.uel.br\/ppenf\/wp-content\/uploads\/2023\/01\/5-2-1024x1024.png\" alt=\"\" class=\"wp-image-1852\" srcset=\"https:\/\/pos.uel.br\/ppenf\/wp-content\/uploads\/2023\/01\/5-2-1024x1024.png 1024w, https:\/\/pos.uel.br\/ppenf\/wp-content\/uploads\/2023\/01\/5-2-300x300.png 300w, https:\/\/pos.uel.br\/ppenf\/wp-content\/uploads\/2023\/01\/5-2-150x150.png 150w, https:\/\/pos.uel.br\/ppenf\/wp-content\/uploads\/2023\/01\/5-2-768x768.png 768w, https:\/\/pos.uel.br\/ppenf\/wp-content\/uploads\/2023\/01\/5-2-1536x1536.png 1536w, https:\/\/pos.uel.br\/ppenf\/wp-content\/uploads\/2023\/01\/5-2.png 1920w\" sizes=\"auto, (max-width: 1024px) 100vw, 1024px\" \/><\/figure>\n<\/figure>\n<\/div><\/div>\n\n\n<div class=\"wp-block-image\">\n<figure class=\"alignleft size-large is-resized\"><img loading=\"lazy\" decoding=\"async\" src=\"https:\/\/pos.uel.br\/ppenf\/wp-content\/uploads\/2023\/01\/7-1024x1024.png\" alt=\"\" class=\"wp-image-1844\" width=\"555\" height=\"555\" srcset=\"https:\/\/pos.uel.br\/ppenf\/wp-content\/uploads\/2023\/01\/7-1024x1024.png 1024w, https:\/\/pos.uel.br\/ppenf\/wp-content\/uploads\/2023\/01\/7-300x300.png 300w, https:\/\/pos.uel.br\/ppenf\/wp-content\/uploads\/2023\/01\/7-150x150.png 150w, https:\/\/pos.uel.br\/ppenf\/wp-content\/uploads\/2023\/01\/7-768x768.png 768w, https:\/\/pos.uel.br\/ppenf\/wp-content\/uploads\/2023\/01\/7-1536x1536.png 1536w, https:\/\/pos.uel.br\/ppenf\/wp-content\/uploads\/2023\/01\/7.png 1920w\" sizes=\"auto, (max-width: 555px) 100vw, 555px\" \/><\/figure>\n<\/div>\n\n\n<figure class=\"wp-block-image size-large is-resized\"><img loading=\"lazy\" decoding=\"async\" src=\"https:\/\/pos.uel.br\/ppenf\/wp-content\/uploads\/2023\/01\/8-1024x1024.png\" alt=\"\" class=\"wp-image-1845\" width=\"570\" height=\"570\" srcset=\"https:\/\/pos.uel.br\/ppenf\/wp-content\/uploads\/2023\/01\/8-1024x1024.png 1024w, https:\/\/pos.uel.br\/ppenf\/wp-content\/uploads\/2023\/01\/8-300x300.png 300w, https:\/\/pos.uel.br\/ppenf\/wp-content\/uploads\/2023\/01\/8-150x150.png 150w, https:\/\/pos.uel.br\/ppenf\/wp-content\/uploads\/2023\/01\/8-768x768.png 768w, https:\/\/pos.uel.br\/ppenf\/wp-content\/uploads\/2023\/01\/8-1536x1536.png 1536w, https:\/\/pos.uel.br\/ppenf\/wp-content\/uploads\/2023\/01\/8.png 1920w\" sizes=\"auto, (max-width: 570px) 100vw, 570px\" \/><\/figure>\n\n\n<div class=\"wp-block-image\">\n<figure class=\"alignright size-large is-resized\"><img loading=\"lazy\" decoding=\"async\" src=\"https:\/\/pos.uel.br\/ppenf\/wp-content\/uploads\/2023\/01\/10-1024x1024.png\" alt=\"\" class=\"wp-image-1847\" width=\"553\" height=\"553\" srcset=\"https:\/\/pos.uel.br\/ppenf\/wp-content\/uploads\/2023\/01\/10-1024x1024.png 1024w, https:\/\/pos.uel.br\/ppenf\/wp-content\/uploads\/2023\/01\/10-300x300.png 300w, https:\/\/pos.uel.br\/ppenf\/wp-content\/uploads\/2023\/01\/10-150x150.png 150w, https:\/\/pos.uel.br\/ppenf\/wp-content\/uploads\/2023\/01\/10-768x768.png 768w, https:\/\/pos.uel.br\/ppenf\/wp-content\/uploads\/2023\/01\/10-1536x1536.png 1536w, https:\/\/pos.uel.br\/ppenf\/wp-content\/uploads\/2023\/01\/10.png 1920w\" sizes=\"auto, (max-width: 553px) 100vw, 553px\" \/><\/figure>\n<\/div>\n\n\n<figure class=\"wp-block-image size-large is-resized\"><img loading=\"lazy\" decoding=\"async\" src=\"https:\/\/pos.uel.br\/ppenf\/wp-content\/uploads\/2023\/01\/9-1024x1024.png\" alt=\"\" class=\"wp-image-1846\" width=\"570\" height=\"570\" srcset=\"https:\/\/pos.uel.br\/ppenf\/wp-content\/uploads\/2023\/01\/9-1024x1024.png 1024w, https:\/\/pos.uel.br\/ppenf\/wp-content\/uploads\/2023\/01\/9-300x300.png 300w, https:\/\/pos.uel.br\/ppenf\/wp-content\/uploads\/2023\/01\/9-150x150.png 150w, https:\/\/pos.uel.br\/ppenf\/wp-content\/uploads\/2023\/01\/9-768x768.png 768w, https:\/\/pos.uel.br\/ppenf\/wp-content\/uploads\/2023\/01\/9-1536x1536.png 1536w, https:\/\/pos.uel.br\/ppenf\/wp-content\/uploads\/2023\/01\/9.png 1920w\" sizes=\"auto, (max-width: 570px) 100vw, 570px\" \/><\/figure>\n\n\n\n<div class=\"wp-block-uel-card\"><\/div>\n","protected":false},"excerpt":{"rendered":"<p>O ano de 2022 foi um ano de grande aprendizado e de muitas oportunidades, tivemos o prazer de receber convidados externos e professores do PPGEnf os quais nos ofertaram seus conhecimentos, e assim pudemos desfrutar de muitas dicas e experi\u00eancias. Confira nossa retrospectiva 2022, e aguardem 2023 est\u00e1 a\u00ed com muita coisa boa por vir! [&hellip;]<\/p>\n","protected":false},"author":1,"featured_media":0,"parent":0,"menu_order":0,"comment_status":"closed","ping_status":"closed","template":"","meta":{"_acf_changed":false,"footnotes":""},"class_list":["post-1436","page","type-page","status-publish","hentry"],"acf":[],"_links":{"self":[{"href":"https:\/\/pos.uel.br\/ppenf\/wp-json\/wp\/v2\/pages\/1436","targetHints":{"allow":["GET"]}}],"collection":[{"href":"https:\/\/pos.uel.br\/ppenf\/wp-json\/wp\/v2\/pages"}],"about":[{"href":"https:\/\/pos.uel.br\/ppenf\/wp-json\/wp\/v2\/types\/page"}],"author":[{"embeddable":true,"href":"https:\/\/pos.uel.br\/ppenf\/wp-json\/wp\/v2\/users\/1"}],"replies":[{"embeddable":true,"href":"https:\/\/pos.uel.br\/ppenf\/wp-json\/wp\/v2\/comments?post=1436"}],"version-history":[{"count":10,"href":"https:\/\/pos.uel.br\/ppenf\/wp-json\/wp\/v2\/pages\/1436\/revisions"}],"predecessor-version":[{"id":1859,"href":"https:\/\/pos.uel.br\/ppenf\/wp-json\/wp\/v2\/pages\/1436\/revisions\/1859"}],"wp:attachment":[{"href":"https:\/\/pos.uel.br\/ppenf\/wp-json\/wp\/v2\/media?parent=1436"}],"curies":[{"name":"wp","href":"https:\/\/api.w.org\/{rel}","templated":true}]}}