{"id":1369,"date":"2022-07-15T13:12:09","date_gmt":"2022-07-15T16:12:09","guid":{"rendered":"https:\/\/pos.uel.br\/ppenf\/?page_id=1369"},"modified":"2023-05-23T10:44:52","modified_gmt":"2023-05-23T13:44:52","slug":"atividades-docentes-e-discentes","status":"publish","type":"page","link":"https:\/\/pos.uel.br\/ppenf\/atividades-docentes-e-discentes\/","title":{"rendered":"Atividades Docentes e Discentes"},"content":{"rendered":"\n<p class=\"has-extra-1-color has-text-color has-medium-font-size\"><strong>ATIVIDADES DOCENTES<\/strong><\/p>\n\n\n\n<p class=\"has-text-align-center has-site-background-color has-primary-accent-background-color has-text-color has-background has-medium-font-size\"><strong>F\u00d3RUM DE AUTOAVALIA\u00c7\u00c3O DOS PROGRAMAS DE P\u00d3S-GRADUA\u00c7\u00c3O DA UEL &#8211; 18 e 19\/5\/23<\/strong><\/p>\n\n\n\n<p class=\"has-extra-1-color has-text-color has-medium-font-size\"><strong>F\u00f3rum de Autoavalia\u00e7\u00e3o dos Programas de P\u00f3s-gradua\u00e7\u00e3o da Universidade Estadual de Londrina -UEL <\/strong><\/p>\n\n\n\n<p>Nos dias 18 e 19 de maio, aconteceu o F\u00f3rum de Autoavalia\u00e7\u00e3o do Programas de P\u00f3s-Gradua\u00e7\u00e3o da Universidade de Londrina, o qual contou com a participa\u00e7\u00e3o da Coordena\u00e7\u00e3o do PPGENF-UEL e com a organiza\u00e7\u00e3o da Pr\u00f3-Reitoria de Pesquisa e P\u00f3s-Gradua\u00e7\u00e3o (ProPPG) em parceria com outros coordenadores dos colegiados dos cursos de p\u00f3s-gradua\u00e7\u00e3o.<\/p>\n\n\n\n<p><br>A programa\u00e7\u00e3o de abertura foi marcada pela palestra \u201cAutoavalia\u00e7\u00e3o da P\u00f3s-Gradua\u00e7\u00e3o: mudan\u00e7a de paradigma ou corre\u00e7\u00e3o de rumo?\u201d, ministrada pelo coordenador da \u00e1rea de Educa\u00e7\u00e3o da Coordenadoria de Aperfei\u00e7oamento de Pessoal de N\u00edvel Superior (Capes), \u00c2ngelo Ricardo de Souza, da Universidade Federal do Paran\u00e1 (UFPR).<\/p>\n\n\n\n<p><br>Em seu pronunciamento, a reitora da UEL, Marta Favaro, agradeceu a presen\u00e7a dos professores e destacou que o trabalho desenvolvido por eles nos projetos de pesquisa conferiu \u00e0 UEL o reconhecimento como um dos mais importantes espa\u00e7os de produ\u00e7\u00e3o do conhecimento no Pa\u00eds.<br>Coordenadora geral do evento, a professora Lucy Megumi Yamauchi Lioni, do Departamento de Microbiologia (CCB), destacou que os avan\u00e7os realizados na pol\u00edtica de autoavalia\u00e7\u00e3o dos programas de p\u00f3s-gradua\u00e7\u00e3o se devem aos esfor\u00e7os implementados pelo Grupo de Trabalho, formado em 2019.<br>Tamb\u00e9m compondo a mesa de abertura e representando a pr\u00f3-reitora de Pesquisa e P\u00f3s-Gradua\u00e7\u00e3o (ProPPG), S\u00edlvia Meletti, a diretora de P\u00f3s-Gradua\u00e7\u00e3o, Suzana Mali de Oliveira, tamb\u00e9m parabenizou aos docentes da Comiss\u00e3o de Autoavalia\u00e7\u00e3o pelo trabalho. No mesmo sentido, a coordenadora do colegiado dos cursos de stricto sensu, Thais de Souza Rocha, destacou a import\u00e2ncia do f\u00f3rum no aprimoramento dos mais de 80 programas de p\u00f3s-gradua\u00e7\u00e3o existentes na UEL.<\/p>\n\n\n<div class=\"wp-block-image is-style-rounded\">\n<figure class=\"alignright size-large is-resized\"><img loading=\"lazy\" decoding=\"async\" src=\"https:\/\/pos.uel.br\/ppenf\/wp-content\/uploads\/2023\/05\/Imagem-do-WhatsApp-de-2023-05-19-as-13.19.24-1024x1024.jpg\" alt=\"\" class=\"wp-image-2034\" width=\"406\" height=\"406\" srcset=\"https:\/\/pos.uel.br\/ppenf\/wp-content\/uploads\/2023\/05\/Imagem-do-WhatsApp-de-2023-05-19-as-13.19.24-1024x1024.jpg 1024w, https:\/\/pos.uel.br\/ppenf\/wp-content\/uploads\/2023\/05\/Imagem-do-WhatsApp-de-2023-05-19-as-13.19.24-300x300.jpg 300w, https:\/\/pos.uel.br\/ppenf\/wp-content\/uploads\/2023\/05\/Imagem-do-WhatsApp-de-2023-05-19-as-13.19.24-150x150.jpg 150w, https:\/\/pos.uel.br\/ppenf\/wp-content\/uploads\/2023\/05\/Imagem-do-WhatsApp-de-2023-05-19-as-13.19.24-768x768.jpg 768w, https:\/\/pos.uel.br\/ppenf\/wp-content\/uploads\/2023\/05\/Imagem-do-WhatsApp-de-2023-05-19-as-13.19.24.jpg 1500w\" sizes=\"auto, (max-width: 406px) 100vw, 406px\" \/><\/figure>\n<\/div>\n\n\n<figure class=\"wp-block-image size-large is-resized is-style-rounded\"><img loading=\"lazy\" decoding=\"async\" src=\"https:\/\/pos.uel.br\/ppenf\/wp-content\/uploads\/2023\/05\/Imagem-do-WhatsApp-de-2023-05-19-as-13.19.23-1-986x1024.jpg\" alt=\"\" class=\"wp-image-2035\" width=\"380\" height=\"394\" srcset=\"https:\/\/pos.uel.br\/ppenf\/wp-content\/uploads\/2023\/05\/Imagem-do-WhatsApp-de-2023-05-19-as-13.19.23-1-986x1024.jpg 986w, https:\/\/pos.uel.br\/ppenf\/wp-content\/uploads\/2023\/05\/Imagem-do-WhatsApp-de-2023-05-19-as-13.19.23-1-289x300.jpg 289w, https:\/\/pos.uel.br\/ppenf\/wp-content\/uploads\/2023\/05\/Imagem-do-WhatsApp-de-2023-05-19-as-13.19.23-1-768x797.jpg 768w, https:\/\/pos.uel.br\/ppenf\/wp-content\/uploads\/2023\/05\/Imagem-do-WhatsApp-de-2023-05-19-as-13.19.23-1.jpg 1149w\" sizes=\"auto, (max-width: 380px) 100vw, 380px\" \/><\/figure>\n\n\n\n<div style=\"height:124px\" aria-hidden=\"true\" class=\"wp-block-spacer\"><\/div>\n\n\n\n<p>Confira a mat\u00e9ria completa <\/p>\n\n\n\n<div class=\"wp-block-buttons is-layout-flex wp-block-buttons-is-layout-flex\">\n<div class=\"wp-block-button\"><a class=\"wp-block-button__link has-primary-accent-background-color has-background wp-element-button\" href=\"https:\/\/operobal.uel.br\/pos-graduacao\/2023\/05\/18\/evento-discute-politica-de-autoavaliacao-dos-programas-de-mestrado-e-doutorado\/\" target=\"_blank\" rel=\"noreferrer noopener\">O Perobal<\/a><\/div>\n<\/div>\n\n\n\n<hr class=\"wp-block-separator has-alpha-channel-opacity is-style-wide\"\/>\n\n\n\n<p class=\"has-text-align-center has-site-background-color has-primary-accent-background-color has-text-color has-background has-medium-font-size\"><strong>GRUPO DE PESQUISA<\/strong><\/p>\n\n\n\n<p class=\"has-primary-accent-color has-text-color has-medium-font-size\"><strong>GRUPO DE PESQUISA<\/strong><\/p>\n\n\n\n<p class=\"has-primary-accent-color has-text-color has-medium-font-size\"><strong>NEPGESE<\/strong><\/p>\n\n\n\n<p>Depois de praticamente dois anos de encontros on-line tivemos a oportunidade de celebrar juntos todas nossas conquistas, mesmo que ainda tenhamos nos despedido de pessoas t\u00e3o importantes para n\u00f3s. Agradecemos a disponibilidade, o comprometimento e a persist\u00eancia at\u00e9 aqui. Estaremos juntos em 2023 para continuar perpetuando nosso conhecimento cient\u00edfico e para crescer ainda mais enquanto grupo de pesquisa!<\/p>\n\n\n<div class=\"wp-block-image is-style-default\">\n<figure class=\"alignleft size-full is-resized\"><img loading=\"lazy\" decoding=\"async\" src=\"https:\/\/pos.uel.br\/ppenf\/wp-content\/uploads\/2022\/11\/Copia-de-Logo-loja-1.png\" alt=\"\" class=\"wp-image-1739\" width=\"636\" height=\"636\" srcset=\"https:\/\/pos.uel.br\/ppenf\/wp-content\/uploads\/2022\/11\/Copia-de-Logo-loja-1.png 500w, https:\/\/pos.uel.br\/ppenf\/wp-content\/uploads\/2022\/11\/Copia-de-Logo-loja-1-300x300.png 300w, https:\/\/pos.uel.br\/ppenf\/wp-content\/uploads\/2022\/11\/Copia-de-Logo-loja-1-150x150.png 150w\" sizes=\"auto, (max-width: 636px) 100vw, 636px\" \/><figcaption class=\"wp-element-caption\">Grupo de Pesquisa NEPGESE<\/figcaption><\/figure>\n<\/div>\n\n<div class=\"wp-block-image\">\n<figure class=\"alignright size-full is-resized\"><img loading=\"lazy\" decoding=\"async\" src=\"https:\/\/pos.uel.br\/ppenf\/wp-content\/uploads\/2022\/11\/Copia-de-Logo-loja-2-1.png\" alt=\"\" class=\"wp-image-1741\" width=\"676\" height=\"676\" srcset=\"https:\/\/pos.uel.br\/ppenf\/wp-content\/uploads\/2022\/11\/Copia-de-Logo-loja-2-1.png 500w, https:\/\/pos.uel.br\/ppenf\/wp-content\/uploads\/2022\/11\/Copia-de-Logo-loja-2-1-300x300.png 300w, https:\/\/pos.uel.br\/ppenf\/wp-content\/uploads\/2022\/11\/Copia-de-Logo-loja-2-1-150x150.png 150w\" sizes=\"auto, (max-width: 676px) 100vw, 676px\" \/><figcaption class=\"wp-element-caption\">Alunos da Gradua\u00e7\u00e3o 2022<\/figcaption><\/figure>\n<\/div>\n\n<div class=\"wp-block-image\">\n<figure class=\"alignleft size-full is-resized\"><img loading=\"lazy\" decoding=\"async\" src=\"https:\/\/pos.uel.br\/ppenf\/wp-content\/uploads\/2022\/11\/Copia-de-Logo-loja-3-2.png\" alt=\"\" class=\"wp-image-1753\" width=\"682\" height=\"682\" srcset=\"https:\/\/pos.uel.br\/ppenf\/wp-content\/uploads\/2022\/11\/Copia-de-Logo-loja-3-2.png 500w, https:\/\/pos.uel.br\/ppenf\/wp-content\/uploads\/2022\/11\/Copia-de-Logo-loja-3-2-300x300.png 300w, https:\/\/pos.uel.br\/ppenf\/wp-content\/uploads\/2022\/11\/Copia-de-Logo-loja-3-2-150x150.png 150w\" sizes=\"auto, (max-width: 682px) 100vw, 682px\" \/><figcaption class=\"wp-element-caption\">Alunos Doutorado 2022<\/figcaption><\/figure>\n<\/div>\n\n<div class=\"wp-block-image\">\n<figure class=\"aligncenter size-full is-resized\"><img loading=\"lazy\" decoding=\"async\" src=\"https:\/\/pos.uel.br\/ppenf\/wp-content\/uploads\/2022\/11\/Copia-de-Logo-loja-4-2.png\" alt=\"\" class=\"wp-image-1752\" width=\"692\" height=\"692\" srcset=\"https:\/\/pos.uel.br\/ppenf\/wp-content\/uploads\/2022\/11\/Copia-de-Logo-loja-4-2.png 500w, https:\/\/pos.uel.br\/ppenf\/wp-content\/uploads\/2022\/11\/Copia-de-Logo-loja-4-2-300x300.png 300w, https:\/\/pos.uel.br\/ppenf\/wp-content\/uploads\/2022\/11\/Copia-de-Logo-loja-4-2-150x150.png 150w\" sizes=\"auto, (max-width: 692px) 100vw, 692px\" \/><figcaption class=\"wp-element-caption\">Alunos Mestrado 2022<\/figcaption><\/figure>\n<\/div>\n\n\n<hr class=\"wp-block-separator aligncenter has-alpha-channel-opacity is-style-wide\"\/>\n\n\n\n<p class=\"has-primary-accent-color has-text-color has-medium-font-size\"><strong>ATIVIDADES DOCENTES<\/strong><\/p>\n\n\n\n<p class=\"has-text-align-center has-site-background-color has-primary-accent-background-color has-text-color has-background has-medium-font-size\"><strong>OFICINAS<\/strong><\/p>\n\n\n\n<p class=\"has-primary-accent-color has-text-color has-medium-font-size\"><strong>Primeira Oficina<\/strong><\/p>\n\n\n\n<p>A primeira oficina<strong> <\/strong>aconteceu em outubro de 2019, no Anfiteatro do CCS, no Hospital Universit\u00e1rio (HU\/UEL) o <strong>I Caf\u00e9 Cient\u00edfico: Como Impulsionar a Publica\u00e7\u00e3o Cient\u00edfica<\/strong>. <\/p>\n\n\n\n<p><\/p>\n\n\n\n<p><\/p>\n\n\n\n<hr class=\"wp-block-separator has-alpha-channel-opacity is-style-wide\"\/>\n\n\n\n<p class=\"has-primary-accent-color has-text-color has-medium-font-size\"><strong>Segunda Oficina<\/strong><\/p>\n\n\n<div class=\"wp-block-image\">\n<figure class=\"aligncenter size-large is-resized\"><img loading=\"lazy\" decoding=\"async\" src=\"https:\/\/pos.uel.br\/ppenf\/wp-content\/uploads\/2022\/07\/WhatsApp-Image-2022-07-15-at-19.34.06-2-1024x1024.jpeg\" alt=\"\" class=\"wp-image-1429\" width=\"649\" height=\"649\" srcset=\"https:\/\/pos.uel.br\/ppenf\/wp-content\/uploads\/2022\/07\/WhatsApp-Image-2022-07-15-at-19.34.06-2-1024x1024.jpeg 1024w, https:\/\/pos.uel.br\/ppenf\/wp-content\/uploads\/2022\/07\/WhatsApp-Image-2022-07-15-at-19.34.06-2-300x300.jpeg 300w, https:\/\/pos.uel.br\/ppenf\/wp-content\/uploads\/2022\/07\/WhatsApp-Image-2022-07-15-at-19.34.06-2-150x150.jpeg 150w, https:\/\/pos.uel.br\/ppenf\/wp-content\/uploads\/2022\/07\/WhatsApp-Image-2022-07-15-at-19.34.06-2-768x768.jpeg 768w, https:\/\/pos.uel.br\/ppenf\/wp-content\/uploads\/2022\/07\/WhatsApp-Image-2022-07-15-at-19.34.06-2.jpeg 1500w\" sizes=\"auto, (max-width: 649px) 100vw, 649px\" \/><figcaption class=\"wp-element-caption\">Oficina II- Realizada no ano de 2022.<\/figcaption><\/figure>\n<\/div>\n\n\n<figure class=\"wp-block-gallery has-nested-images columns-default is-cropped wp-block-gallery-1 is-layout-flex wp-block-gallery-is-layout-flex\">\n<figure class=\"wp-block-image size-large is-resized\"><img loading=\"lazy\" decoding=\"async\" data-id=\"1428\" src=\"https:\/\/pos.uel.br\/ppenf\/wp-content\/uploads\/2022\/07\/WhatsApp-Image-2022-07-15-at-19.34.05-2-1024x1024.jpeg\" alt=\"\" class=\"wp-image-1428\" width=\"607\" height=\"607\" srcset=\"https:\/\/pos.uel.br\/ppenf\/wp-content\/uploads\/2022\/07\/WhatsApp-Image-2022-07-15-at-19.34.05-2-1024x1024.jpeg 1024w, https:\/\/pos.uel.br\/ppenf\/wp-content\/uploads\/2022\/07\/WhatsApp-Image-2022-07-15-at-19.34.05-2-300x300.jpeg 300w, https:\/\/pos.uel.br\/ppenf\/wp-content\/uploads\/2022\/07\/WhatsApp-Image-2022-07-15-at-19.34.05-2-150x150.jpeg 150w, https:\/\/pos.uel.br\/ppenf\/wp-content\/uploads\/2022\/07\/WhatsApp-Image-2022-07-15-at-19.34.05-2-768x768.jpeg 768w, https:\/\/pos.uel.br\/ppenf\/wp-content\/uploads\/2022\/07\/WhatsApp-Image-2022-07-15-at-19.34.05-2.jpeg 1500w\" sizes=\"auto, (max-width: 607px) 100vw, 607px\" \/><\/figure>\n\n\n\n<figure class=\"wp-block-image size-large\"><img loading=\"lazy\" decoding=\"async\" width=\"1024\" height=\"1024\" data-id=\"1426\" src=\"https:\/\/pos.uel.br\/ppenf\/wp-content\/uploads\/2022\/07\/WhatsApp-Image-2022-07-15-at-19.34.04-1024x1024.jpeg\" alt=\"\" class=\"wp-image-1426\" srcset=\"https:\/\/pos.uel.br\/ppenf\/wp-content\/uploads\/2022\/07\/WhatsApp-Image-2022-07-15-at-19.34.04-1024x1024.jpeg 1024w, https:\/\/pos.uel.br\/ppenf\/wp-content\/uploads\/2022\/07\/WhatsApp-Image-2022-07-15-at-19.34.04-300x300.jpeg 300w, https:\/\/pos.uel.br\/ppenf\/wp-content\/uploads\/2022\/07\/WhatsApp-Image-2022-07-15-at-19.34.04-150x150.jpeg 150w, https:\/\/pos.uel.br\/ppenf\/wp-content\/uploads\/2022\/07\/WhatsApp-Image-2022-07-15-at-19.34.04-768x768.jpeg 768w, https:\/\/pos.uel.br\/ppenf\/wp-content\/uploads\/2022\/07\/WhatsApp-Image-2022-07-15-at-19.34.04.jpeg 1500w\" sizes=\"auto, (max-width: 1024px) 100vw, 1024px\" \/><\/figure>\n<\/figure>\n\n\n\n<hr class=\"wp-block-separator alignfull has-alpha-channel-opacity is-style-wide\"\/>\n\n\n\n<div class=\"wp-block-group\"><div class=\"wp-block-group__inner-container is-layout-flow wp-block-group-is-layout-flow\"><\/div><\/div>\n\n\n\n<p class=\"has-primary-accent-color has-text-color has-medium-font-size\"><strong>ATIVIDADES DISCENTES<\/strong><\/p>\n\n\n\n<p class=\"has-text-align-center has-site-background-color has-primary-accent-background-color has-text-color has-background has-medium-font-size\"><strong>COL\u00d3QUIO<\/strong><\/p>\n\n\n\n<p class=\"has-text-align-left has-primary-text-color has-text-color has-medium-font-size\">O Col\u00f3quio acontece mensalmente, normalmente no hor\u00e1rio das 12h \u00e0s 13h, no modelo h\u00edbrido. <\/p>\n\n\n\n<p class=\"has-text-align-left has-primary-text-color has-text-color has-medium-font-size\">Um&nbsp;<strong>col\u00f3quio<\/strong>&nbsp;acad\u00eamico \u00e9 um evento cient\u00edfico, cujo o obj<strong>etivo<\/strong>&nbsp;principal \u00e9 promover um ambiente de conversas entre participantes sobre um tema espec\u00edfico.<\/p>\n\n\n\n<hr class=\"wp-block-separator has-alpha-channel-opacity is-style-wide\"\/>\n\n\n<h5><a href=\"https:\/\/pos.uel.br\/ppenf\/zyi-wsxw-kmj\/2022\/04\/27\/ii-coloquio-2022\/\">I COL\u00d3QUIO 2022<\/a><\/h5>\n<p>TEMA: PREENCHIMENTO DO CRR\u00cdCULO LATTES<\/p>\n<p><\/p>\n\n<div class=\"wp-block-image\">\n<figure class=\"aligncenter size-large is-resized\"><img loading=\"lazy\" decoding=\"async\" src=\"https:\/\/pos.uel.br\/ppenf\/wp-content\/uploads\/2022\/07\/dff8e79e-e5f2-4614-8cc8-43a22ac648aa-1024x1024.jpg\" alt=\"\" class=\"wp-image-1473\" width=\"580\" height=\"580\" srcset=\"https:\/\/pos.uel.br\/ppenf\/wp-content\/uploads\/2022\/07\/dff8e79e-e5f2-4614-8cc8-43a22ac648aa.jpg 1024w, https:\/\/pos.uel.br\/ppenf\/wp-content\/uploads\/2022\/07\/dff8e79e-e5f2-4614-8cc8-43a22ac648aa-300x300.jpg 300w, https:\/\/pos.uel.br\/ppenf\/wp-content\/uploads\/2022\/07\/dff8e79e-e5f2-4614-8cc8-43a22ac648aa-150x150.jpg 150w, https:\/\/pos.uel.br\/ppenf\/wp-content\/uploads\/2022\/07\/dff8e79e-e5f2-4614-8cc8-43a22ac648aa-768x768.jpg 768w\" sizes=\"auto, (max-width: 580px) 100vw, 580px\" \/><\/figure>\n<\/div>\n\n\n<hr class=\"wp-block-separator has-alpha-channel-opacity is-style-wide\"\/>\n\n\n\n<h5 class=\"wp-block-heading\"><a href=\"https:\/\/pos.uel.br\/ppenf\/zyi-wsxw-kmj\/2022\/04\/27\/ii-coloquio-2022\/\">II COL\u00d3QUIO 2022<\/a><\/h5>\n\n\n\n<p>TEMA: A IMPORT\u00c2NCIA DO ORCID E DO RESEARCHERID PARA O PESQUISADOR<\/p>\n\n\n<div class=\"wp-block-image\">\n<figure class=\"aligncenter size-large is-resized\"><img loading=\"lazy\" decoding=\"async\" src=\"https:\/\/pos.uel.br\/ppenf\/wp-content\/uploads\/2022\/07\/05bdebfb-9e37-4176-a397-eea10778c663-1024x1024.jpg\" alt=\"\" class=\"wp-image-1474\" width=\"580\" height=\"580\" srcset=\"https:\/\/pos.uel.br\/ppenf\/wp-content\/uploads\/2022\/07\/05bdebfb-9e37-4176-a397-eea10778c663.jpg 1024w, https:\/\/pos.uel.br\/ppenf\/wp-content\/uploads\/2022\/07\/05bdebfb-9e37-4176-a397-eea10778c663-300x300.jpg 300w, https:\/\/pos.uel.br\/ppenf\/wp-content\/uploads\/2022\/07\/05bdebfb-9e37-4176-a397-eea10778c663-150x150.jpg 150w, https:\/\/pos.uel.br\/ppenf\/wp-content\/uploads\/2022\/07\/05bdebfb-9e37-4176-a397-eea10778c663-768x768.jpg 768w\" sizes=\"auto, (max-width: 580px) 100vw, 580px\" \/><\/figure>\n<\/div>\n\n\n<hr class=\"wp-block-separator has-alpha-channel-opacity is-style-wide\"\/>\n\n\n\n<h5 class=\"wp-block-heading\"><a href=\"https:\/\/pos.uel.br\/ppenf\/zyi-wsxw-kmj\/2022\/05\/16\/iii-coloquio-2022\/\">III COL\u00d3QUIO 2022<\/a><\/h5>\n\n\n\n<p>TEMA: DOUTORADO SANDU\u00cdCHE NO EXTERIOR PELA CAPES: Eu fui, e voc\u00ea tamb\u00e9m pode ir! <\/p>\n\n\n<div class=\"wp-block-image\">\n<figure class=\"aligncenter size-large is-resized\"><img loading=\"lazy\" decoding=\"async\" src=\"https:\/\/pos.uel.br\/ppenf\/wp-content\/uploads\/2022\/07\/c229a86a-934c-4595-b204-da7abbf200e1-1-1024x1024.jpg\" alt=\"\" class=\"wp-image-1476\" width=\"580\" height=\"580\" srcset=\"https:\/\/pos.uel.br\/ppenf\/wp-content\/uploads\/2022\/07\/c229a86a-934c-4595-b204-da7abbf200e1-1.jpg 1024w, https:\/\/pos.uel.br\/ppenf\/wp-content\/uploads\/2022\/07\/c229a86a-934c-4595-b204-da7abbf200e1-1-300x300.jpg 300w, https:\/\/pos.uel.br\/ppenf\/wp-content\/uploads\/2022\/07\/c229a86a-934c-4595-b204-da7abbf200e1-1-150x150.jpg 150w, https:\/\/pos.uel.br\/ppenf\/wp-content\/uploads\/2022\/07\/c229a86a-934c-4595-b204-da7abbf200e1-1-768x768.jpg 768w\" sizes=\"auto, (max-width: 580px) 100vw, 580px\" \/><\/figure>\n<\/div>\n\n\n<hr class=\"wp-block-separator has-alpha-channel-opacity is-style-wide\"\/>\n\n\n\n<h5 class=\"wp-block-heading\"><a href=\"https:\/\/pos.uel.br\/ppenf\/zyi-wsxw-kmj\/2022\/06\/21\/iv-coloquio\/\">IV COL\u00d3QUIO 2022<\/a><\/h5>\n\n\n\n<p>TEMA: ESTRAT\u00c9GIAS PARA POTENCIALIZAR PUBLICA\u00c7\u00d5ES CIENT\u00cdFICAS! <\/p>\n\n\n<div class=\"wp-block-image\">\n<figure class=\"aligncenter size-large is-resized\"><img loading=\"lazy\" decoding=\"async\" src=\"https:\/\/pos.uel.br\/ppenf\/wp-content\/uploads\/2022\/07\/22a2bdca-2a47-4132-b54e-89b6e5003588-1024x1024.jpg\" alt=\"\" class=\"wp-image-1478\" width=\"580\" height=\"580\" srcset=\"https:\/\/pos.uel.br\/ppenf\/wp-content\/uploads\/2022\/07\/22a2bdca-2a47-4132-b54e-89b6e5003588.jpg 1024w, https:\/\/pos.uel.br\/ppenf\/wp-content\/uploads\/2022\/07\/22a2bdca-2a47-4132-b54e-89b6e5003588-300x300.jpg 300w, https:\/\/pos.uel.br\/ppenf\/wp-content\/uploads\/2022\/07\/22a2bdca-2a47-4132-b54e-89b6e5003588-150x150.jpg 150w, https:\/\/pos.uel.br\/ppenf\/wp-content\/uploads\/2022\/07\/22a2bdca-2a47-4132-b54e-89b6e5003588-768x768.jpg 768w\" sizes=\"auto, (max-width: 580px) 100vw, 580px\" \/><\/figure>\n<\/div>\n\n\n<p class=\"has-text-align-center has-site-background-color has-primary-accent-background-color has-text-color has-background has-medium-font-size\"><strong>COMISS\u00c3O DE COMUNICA\u00c7\u00c3O E DIVULGA\u00c7\u00c3O DO PPGENF<\/strong><\/p>\n\n\n\n<ul class=\"wp-block-list\">\n<li><strong>SITE<\/strong><\/li>\n<\/ul>\n\n\n\n<blockquote class=\"wp-block-quote is-layout-flow wp-block-quote-is-layout-flow\">\n<p>O site do PPGENF, antes de chegar a este formato, fazia jun\u00e7\u00e3o ao do Departamento de Enfermagem da UEL. Na atual vers\u00e3o, os docentes, discentes, egressos e p\u00fablico externo  pode ter acesso a todas as informa\u00e7\u00f5es referentes ao programa, por meio de um site padronizado pela Universidade Estadual de Londrina. <\/p>\n<\/blockquote>\n\n\n<div class=\"wp-block-image\">\n<figure class=\"aligncenter size-large is-resized\"><img loading=\"lazy\" decoding=\"async\" src=\"https:\/\/pos.uel.br\/ppenf\/wp-content\/uploads\/2022\/07\/63f40017-cc96-49e9-b6b1-0ca1d5d42edc-1024x1024.jpg\" alt=\"\" class=\"wp-image-1483\" width=\"580\" height=\"580\" srcset=\"https:\/\/pos.uel.br\/ppenf\/wp-content\/uploads\/2022\/07\/63f40017-cc96-49e9-b6b1-0ca1d5d42edc.jpg 1024w, https:\/\/pos.uel.br\/ppenf\/wp-content\/uploads\/2022\/07\/63f40017-cc96-49e9-b6b1-0ca1d5d42edc-300x300.jpg 300w, https:\/\/pos.uel.br\/ppenf\/wp-content\/uploads\/2022\/07\/63f40017-cc96-49e9-b6b1-0ca1d5d42edc-150x150.jpg 150w, https:\/\/pos.uel.br\/ppenf\/wp-content\/uploads\/2022\/07\/63f40017-cc96-49e9-b6b1-0ca1d5d42edc-768x768.jpg 768w\" sizes=\"auto, (max-width: 580px) 100vw, 580px\" \/><figcaption class=\"wp-element-caption\">Site do Programa de P\u00f3s- Gradua\u00e7\u00e3o Stricto Sensu da Universidade Estadual de Londrina. <\/figcaption><\/figure>\n<\/div>\n\n\n<hr class=\"wp-block-separator has-alpha-channel-opacity is-style-wide\"\/>\n\n\n\n<ul class=\"wp-block-list\">\n<li><strong>INSTAGRAM<\/strong><\/li>\n<\/ul>\n\n\n\n<blockquote class=\"wp-block-quote is-layout-flow wp-block-quote-is-layout-flow\">\n<p>Criado no dia 01 de Outubro de 2021, a p\u00e1gina no Instagram proporciona ao PPGENF a rela\u00e7\u00e3o com alunos do programa de p\u00f3s-gradua\u00e7\u00e3o, assim como os egressos, al\u00e9m de possibilitar a nacionaliza\u00e7\u00e3o e internacionaliza\u00e7\u00e3o com pessoas e institui\u00e7\u00f5es de todo o mundo. Atualmente, a p\u00e1gina conta com mais de 500 seguidores, postagens no feed\/reels e uma ampla intera\u00e7\u00e3o dos seguidores. Possibilitando a divulga\u00e7\u00e3o do programa e melhor comunica\u00e7\u00e3o entre os pares. <\/p>\n<\/blockquote>\n\n\n<div class=\"wp-block-image\">\n<figure class=\"aligncenter size-large is-resized\"><img loading=\"lazy\" decoding=\"async\" src=\"https:\/\/pos.uel.br\/ppenf\/wp-content\/uploads\/2022\/07\/22b2f97b-1e78-4516-9394-381978808f1f-1024x1024.jpg\" alt=\"\" class=\"wp-image-1482\" width=\"580\" height=\"580\" srcset=\"https:\/\/pos.uel.br\/ppenf\/wp-content\/uploads\/2022\/07\/22b2f97b-1e78-4516-9394-381978808f1f.jpg 1024w, https:\/\/pos.uel.br\/ppenf\/wp-content\/uploads\/2022\/07\/22b2f97b-1e78-4516-9394-381978808f1f-300x300.jpg 300w, https:\/\/pos.uel.br\/ppenf\/wp-content\/uploads\/2022\/07\/22b2f97b-1e78-4516-9394-381978808f1f-150x150.jpg 150w, https:\/\/pos.uel.br\/ppenf\/wp-content\/uploads\/2022\/07\/22b2f97b-1e78-4516-9394-381978808f1f-768x768.jpg 768w\" sizes=\"auto, (max-width: 580px) 100vw, 580px\" \/><figcaption class=\"wp-element-caption\">@ppgenf_uel<\/figcaption><\/figure>\n<\/div>\n\n\n<hr class=\"wp-block-separator has-alpha-channel-opacity is-style-wide\"\/>\n\n\n\n<ul class=\"wp-block-list\">\n<li><strong>CANAL DO YOUTUBE<\/strong><\/li>\n<\/ul>\n\n\n\n<blockquote class=\"wp-block-quote is-layout-flow wp-block-quote-is-layout-flow\">\n<p>No Dia 9 de maio de 2022, foi criado o canal no YouTube para melhor divulga\u00e7\u00e3o cientifica e realiza\u00e7\u00e3o de eventos online. <\/p>\n<\/blockquote>\n\n\n<div class=\"wp-block-image\">\n<figure class=\"aligncenter size-large is-resized\"><img loading=\"lazy\" decoding=\"async\" src=\"https:\/\/pos.uel.br\/ppenf\/wp-content\/uploads\/2022\/07\/7602209d-2855-4c76-ab69-43dde7cddb39-1024x1024.jpg\" alt=\"\" class=\"wp-image-1479\" width=\"580\" height=\"580\" srcset=\"https:\/\/pos.uel.br\/ppenf\/wp-content\/uploads\/2022\/07\/7602209d-2855-4c76-ab69-43dde7cddb39.jpg 1024w, https:\/\/pos.uel.br\/ppenf\/wp-content\/uploads\/2022\/07\/7602209d-2855-4c76-ab69-43dde7cddb39-300x300.jpg 300w, https:\/\/pos.uel.br\/ppenf\/wp-content\/uploads\/2022\/07\/7602209d-2855-4c76-ab69-43dde7cddb39-150x150.jpg 150w, https:\/\/pos.uel.br\/ppenf\/wp-content\/uploads\/2022\/07\/7602209d-2855-4c76-ab69-43dde7cddb39-768x768.jpg 768w\" sizes=\"auto, (max-width: 580px) 100vw, 580px\" \/><figcaption class=\"wp-element-caption\">Canal do YouTube: Programa de P\u00f3s-Gradua\u00e7\u00e3o -UEL<\/figcaption><\/figure>\n<\/div>\n\n\n<hr class=\"wp-block-separator has-alpha-channel-opacity is-style-wide\"\/>\n\n\n\n<h2 class=\"wp-block-heading has-primary-accent-color has-text-color has-medium-font-size\"><strong>REUNI\u00d5ES<\/strong><\/h2>\n\n\n\n<div class=\"wp-block-group\"><div class=\"wp-block-group__inner-container is-layout-flow wp-block-group-is-layout-flow\">\n<ul class=\"wp-block-list\">\n<li>A comiss\u00e3o participa de reuni\u00f5es realizadas pela coordena\u00e7\u00e3o do PPGENF, assim como as reuni\u00f5es em conjunto com o departamento do curso de gradua\u00e7\u00e3o em enfermagem da Universidade Estadual de Londrina.<\/li>\n<\/ul>\n<\/div><\/div>\n","protected":false},"excerpt":{"rendered":"<p>ATIVIDADES DOCENTES F\u00d3RUM DE AUTOAVALIA\u00c7\u00c3O DOS PROGRAMAS DE P\u00d3S-GRADUA\u00c7\u00c3O DA UEL &#8211; 18 e 19\/5\/23 F\u00f3rum de Autoavalia\u00e7\u00e3o dos Programas de P\u00f3s-gradua\u00e7\u00e3o da Universidade Estadual de Londrina -UEL Nos dias 18 e 19 de maio, aconteceu o F\u00f3rum de Autoavalia\u00e7\u00e3o do Programas de P\u00f3s-Gradua\u00e7\u00e3o da Universidade de Londrina, o qual contou com a participa\u00e7\u00e3o da [&hellip;]<\/p>\n","protected":false},"author":1,"featured_media":0,"parent":0,"menu_order":0,"comment_status":"closed","ping_status":"closed","template":"","meta":{"_acf_changed":false,"footnotes":""},"class_list":["post-1369","page","type-page","status-publish","hentry"],"acf":[],"_links":{"self":[{"href":"https:\/\/pos.uel.br\/ppenf\/wp-json\/wp\/v2\/pages\/1369","targetHints":{"allow":["GET"]}}],"collection":[{"href":"https:\/\/pos.uel.br\/ppenf\/wp-json\/wp\/v2\/pages"}],"about":[{"href":"https:\/\/pos.uel.br\/ppenf\/wp-json\/wp\/v2\/types\/page"}],"author":[{"embeddable":true,"href":"https:\/\/pos.uel.br\/ppenf\/wp-json\/wp\/v2\/users\/1"}],"replies":[{"embeddable":true,"href":"https:\/\/pos.uel.br\/ppenf\/wp-json\/wp\/v2\/comments?post=1369"}],"version-history":[{"count":26,"href":"https:\/\/pos.uel.br\/ppenf\/wp-json\/wp\/v2\/pages\/1369\/revisions"}],"predecessor-version":[{"id":2038,"href":"https:\/\/pos.uel.br\/ppenf\/wp-json\/wp\/v2\/pages\/1369\/revisions\/2038"}],"wp:attachment":[{"href":"https:\/\/pos.uel.br\/ppenf\/wp-json\/wp\/v2\/media?parent=1369"}],"curies":[{"name":"wp","href":"https:\/\/api.w.org\/{rel}","templated":true}]}}