{"id":1299,"date":"2022-07-13T12:32:49","date_gmt":"2022-07-13T15:32:49","guid":{"rendered":"https:\/\/pos.uel.br\/ppenf\/?page_id=1299"},"modified":"2025-06-03T13:43:30","modified_gmt":"2025-06-03T16:43:30","slug":"avaliacao-da-disciplina-e-dos-docentes","status":"publish","type":"page","link":"https:\/\/pos.uel.br\/ppenf\/avaliacao-da-disciplina-e-dos-docentes\/","title":{"rendered":"Avalia\u00e7\u00e3o da Disciplina e dos Docentes"},"content":{"rendered":"\n<p class=\"has-medium-font-size\">Ao final de cada disciplina, deixe sua avalia\u00e7\u00e3o em rela\u00e7\u00e3o as disciplinas ofertadas e os docentes. <\/p>\n\n\n\n<figure class=\"wp-block-embed\"><div class=\"wp-block-embed__wrapper\">\nhttps:\/\/forms.gle\/Gw9vhjkQvAusEPi98\n<\/div><\/figure>\n","protected":false},"excerpt":{"rendered":"<p>Ao final de cada disciplina, deixe sua avalia\u00e7\u00e3o em rela\u00e7\u00e3o as disciplinas ofertadas e os docentes.<\/p>\n","protected":false},"author":1,"featured_media":0,"parent":0,"menu_order":0,"comment_status":"closed","ping_status":"closed","template":"","meta":{"_acf_changed":false,"footnotes":""},"class_list":["post-1299","page","type-page","status-publish","hentry"],"acf":[],"_links":{"self":[{"href":"https:\/\/pos.uel.br\/ppenf\/wp-json\/wp\/v2\/pages\/1299","targetHints":{"allow":["GET"]}}],"collection":[{"href":"https:\/\/pos.uel.br\/ppenf\/wp-json\/wp\/v2\/pages"}],"about":[{"href":"https:\/\/pos.uel.br\/ppenf\/wp-json\/wp\/v2\/types\/page"}],"author":[{"embeddable":true,"href":"https:\/\/pos.uel.br\/ppenf\/wp-json\/wp\/v2\/users\/1"}],"replies":[{"embeddable":true,"href":"https:\/\/pos.uel.br\/ppenf\/wp-json\/wp\/v2\/comments?post=1299"}],"version-history":[{"count":8,"href":"https:\/\/pos.uel.br\/ppenf\/wp-json\/wp\/v2\/pages\/1299\/revisions"}],"predecessor-version":[{"id":2599,"href":"https:\/\/pos.uel.br\/ppenf\/wp-json\/wp\/v2\/pages\/1299\/revisions\/2599"}],"wp:attachment":[{"href":"https:\/\/pos.uel.br\/ppenf\/wp-json\/wp\/v2\/media?parent=1299"}],"curies":[{"name":"wp","href":"https:\/\/api.w.org\/{rel}","templated":true}]}}