{"id":1199,"date":"2022-07-12T13:10:17","date_gmt":"2022-07-12T16:10:17","guid":{"rendered":"https:\/\/pos.uel.br\/ppenf\/?page_id=1199"},"modified":"2022-07-12T14:43:05","modified_gmt":"2022-07-12T17:43:05","slug":"relato-de-experiencia-2017-2018","status":"publish","type":"page","link":"https:\/\/pos.uel.br\/ppenf\/relato-de-experiencia-2017-2018\/","title":{"rendered":"Relato de Experi\u00eancia 2017\/2018"},"content":{"rendered":"<div class=\"wp-block-image\">\n<figure class=\"aligncenter size-large is-resized\"><img loading=\"lazy\" decoding=\"async\" src=\"https:\/\/pos.uel.br\/ppenf\/wp-content\/uploads\/2022\/07\/Copia-de-Logo-loja-1-1024x1024.png\" alt=\"\" class=\"wp-image-1241\" width=\"608\" height=\"608\" srcset=\"https:\/\/pos.uel.br\/ppenf\/wp-content\/uploads\/2022\/07\/Copia-de-Logo-loja-1-1024x1024.png 1024w, https:\/\/pos.uel.br\/ppenf\/wp-content\/uploads\/2022\/07\/Copia-de-Logo-loja-1-300x300.png 300w, https:\/\/pos.uel.br\/ppenf\/wp-content\/uploads\/2022\/07\/Copia-de-Logo-loja-1-150x150.png 150w, https:\/\/pos.uel.br\/ppenf\/wp-content\/uploads\/2022\/07\/Copia-de-Logo-loja-1-768x768.png 768w, https:\/\/pos.uel.br\/ppenf\/wp-content\/uploads\/2022\/07\/Copia-de-Logo-loja-1.png 1500w\" sizes=\"auto, (max-width: 608px) 100vw, 608px\" \/><figcaption><strong>Maynara Fernanda Carvalho Barreto<\/strong><\/figcaption><\/figure>\n<\/div>\n\n\n<p><strong>DO SONHO DO INTERC\u00c2MBIO A EXPERI\u00caNCIA DE DIPLOMACIA<\/strong><\/p>\n\n\n\n<p>Por: Maynara Fernanda Carvalho Barreto<\/p>\n\n\n\n<p>&nbsp;&nbsp;&nbsp;&nbsp;&nbsp;&nbsp;&nbsp;&nbsp;&nbsp; Em 2017 eu estava no segundo ano do mestrado em etapa de finaliza\u00e7\u00e3o da coleta de dados da minha disserta\u00e7\u00e3o. \u00c0 \u00e9poca era bolsista do Programa de P\u00f3s-Gradua\u00e7\u00e3o em Enfermagem (PPGENF) da Universidade Estadual de Londrina (UEL), representante discente e tamb\u00e9m realizava diversas atividades acad\u00eamicas junto \u00e0 Coordena\u00e7\u00e3o, sob responsabilidade da Profa. Dra. Maria do Carmo Fernandez Louren\u00e7o Haddad.<\/p>\n\n\n\n<p>&nbsp;&nbsp;&nbsp;&nbsp;&nbsp;&nbsp;&nbsp;&nbsp;&nbsp; Em abril de 2017, ao receber da Coordena\u00e7\u00e3o do PPGENF um Edital de Abertura do Processo Seletivo do Departamento de Sistemas e Servi\u00e7os de Sa\u00fade (HSS) da Organiza\u00e7\u00e3o Pan-Americana de Sa\u00fade\/Organiza\u00e7\u00e3o Mundial da Sa\u00fade (OPAS\/OMS) para uma vaga de est\u00e1gio para enfermeiro\/profissionais da Sa\u00fade P\u00fablica ou Estudantes de P\u00f3s-gradua\u00e7\u00e3o, na \u00e1rea de recursos humanos de sa\u00fade e\/ou sa\u00fade p\u00fablica. O candidato selecionado realizaria o est\u00e1gio sob supervis\u00e3o da Assessora Regional de Enfermagem e T\u00e9cnicos em Sa\u00fade, Dra. Silvia Helena de Bortoli Cassiani, no per\u00edodo de setembro de 2017 a fevereiro de 2018.<\/p>\n\n\n\n<p>&nbsp;&nbsp;&nbsp;&nbsp;&nbsp;&nbsp;&nbsp;&nbsp;&nbsp; Como a realiza\u00e7\u00e3o do interc\u00e2mbio internacional sempre foi um sonho e objetivo pessoal e profissional para mim, resolvi participar do processo seletivo pois o edital estava alinhado \u00e0 minha \u00e1rea de forma\u00e7\u00e3o e linha de pesquisa. E, para o meu contentamento e realiza\u00e7\u00e3o, entre os candidatos da Am\u00e9rica Latina e Caribe fui a selecionada para realizar o est\u00e1gio profissional.<\/p>\n\n\n\n<p>&nbsp;&nbsp;&nbsp;&nbsp;&nbsp;&nbsp;&nbsp;&nbsp;&nbsp; Os requisitos m\u00ednimos para participar do processo seletivo estavam relacionados a possuir um curr\u00edculo profissional e acad\u00eamico relevante para a vaga, com experi\u00eancias exitosas, uma carta de interesse, conhecimento avan\u00e7ado do ingl\u00eas e\/ou espanhol, e cartas de recomenda\u00e7\u00e3o do candidato. Recebi o apoio dos docentes, reitoria, bem como da Assessoria de Rela\u00e7\u00f5es Internacionais da UEL que providenciaram os documentos necess\u00e1rios e me apoiaram durante todo o processo seletivo.<\/p>\n\n\n\n<p>&nbsp;&nbsp;&nbsp;&nbsp;&nbsp;&nbsp;&nbsp;&nbsp;&nbsp; Quando recebi a not\u00edcia da aprova\u00e7\u00e3o tive apoio dos meus maiores incentivadores e apoiadores: meus pais. Por acreditarem que ser uma das candidatas aprovadas para a realiza\u00e7\u00e3o do est\u00e1gio, eles viram prop\u00f3sito e acreditaram neste sonho. Assim, por ser um est\u00e1gio sem remunera\u00e7\u00e3o, eles foram os meus investidores e certamente os frutos que tenho colhido at\u00e9 hoje e continuarei no futuro, pertencem tamb\u00e9m \u00e0 eles.<\/p>\n\n\n\n<p>&nbsp;&nbsp;&nbsp;&nbsp;&nbsp;&nbsp;&nbsp;&nbsp;&nbsp; Recebi a aprova\u00e7\u00e3o em meados de maio e a partir daquele momento os dias de preparo at\u00e9 a ida a Washington-DC foram intensos. Em tr\u00eas meses tudo mudou&#8230; precisei finalizar a coleta de dados da minha disserta\u00e7\u00e3o, redigir a vers\u00e3o para a qualifica\u00e7\u00e3o pois naquele momento tamb\u00e9m decidi solicitar a mudan\u00e7a no n\u00edvel de mestrado para doutorado por possuir os crit\u00e9rios exigidos pelo programa, providenciar as documenta\u00e7\u00f5es necess\u00e1rias (visto americano, entre outros), encontrar um local para morar, entre os desafios que n\u00e3o caberiam em um par\u00e1grafo.<\/p>\n\n\n\n<p>&nbsp;&nbsp;&nbsp;&nbsp;&nbsp;&nbsp;&nbsp;&nbsp;&nbsp; Para tudo isso, tive uma rede de apoio exemplar que me acolheu e sonharam junto comigo. Em rela\u00e7\u00e3o \u00e0 moradia, morei na International Student House of Washington DC, um local incr\u00edvel, em que profissionais e estudantes de p\u00f3s-gradua\u00e7\u00e3o de todo o mundo podem enviar um curr\u00edculo e verificar se h\u00e1 disponibilidade de quarto para o per\u00edodo de moradia pretendido. O aluguel mensal inclu\u00eda o quarto completo contendo cama, arm\u00e1rio, escrivaninha, todos os servi\u00e7os da casa (\u00e1reas de servi\u00e7o, lazer, lavanderia, biblioteca, sala de m\u00fasica, sala de eventos, sala de jogos) e as principais refei\u00e7\u00f5es.<\/p>\n\n\n\n<p>\u00a0\u00a0\u00a0\u00a0\u00a0\u00a0\u00a0\u00a0\u00a0 Na<em> International Student House of Washington DC<\/em> havia diversas agendas culturais, entre elas destaco um evento privado em que Joe Biden (vice do ex-presidente Obama) foi at\u00e9 \u00e0 casa e durante sua fala inspirou aos participantes a usarem o que estavam aprendendo durante suas experi\u00eancias profissionais para melhorar o mundo. Eu tinha rec\u00e9m chegado para morar na casa e pude assistir\/ouvir todo o discurso da minha janela.<\/p>\n\n\n\n<p>&nbsp;&nbsp;&nbsp;&nbsp;&nbsp;&nbsp;&nbsp;&nbsp;&nbsp; Quanto ao est\u00e1gio, desenvolvi atividades para potencializar o alcance dos planos estrat\u00e9gicos da OPAS\/OMS em rela\u00e7\u00e3o aos recursos humanos de sa\u00fade e enfermagem na regi\u00e3o das Am\u00e9ricas, com destaque para a Enfermagem de Pr\u00e1tica Avan\u00e7ada e Educa\u00e7\u00e3o Interprofissional em Sa\u00fade. Pude entender sobre as quest\u00f5es de sa\u00fade global, enfermagem e a fun\u00e7\u00e3o das organiza\u00e7\u00f5es internacionais de sa\u00fade. Tamb\u00e9m participei do gerenciamento das redes sociais da EnfAmericas.<\/p>\n\n\n\n<p>&nbsp;&nbsp;&nbsp;&nbsp;&nbsp;&nbsp;&nbsp;&nbsp;&nbsp; Entre os principais trabalhos desenvolvidos destaco o mapeamento do Brasil sobre a distribui\u00e7\u00e3o de Recursos Humanos em Enfermagem, publicado na Revista Panamericana de Salud Publica. Tive o privil\u00e9gio de participar da 29\u00aa Confer\u00eancia Sanit\u00e1ria de Sa\u00fade realizada em Washington-DC e fazer parte da equipe organizadora da II Reuni\u00e3o T\u00e9cnica Regional sobre Educa\u00e7\u00e3o Interprofissional, realizada em Bras\u00edlia-DF em dezembro de 2017.<\/p>\n\n\n\n<p>&nbsp;&nbsp;&nbsp;&nbsp;&nbsp;&nbsp;&nbsp;&nbsp;&nbsp; Poderia discorrer sobre mais experi\u00eancias, mas quero focar agora no p\u00f3s interc\u00e2mbio. Retornei ao Brasil em fevereiro de 2018 e hoje, quase cinco anos ap\u00f3s viver uma das melhores experi\u00eancias pessoais e profissionais da minha vida, tenho a oportunidade de colocar em pr\u00e1tica cada ensinamento e experi\u00eancia vivenciada na OPAS\/OMS.<\/p>\n\n\n\n<p>&nbsp;&nbsp;&nbsp;&nbsp;&nbsp;&nbsp;&nbsp;&nbsp;&nbsp; Hoje estou professora na Universidade Estadual do Norte do Paran\u00e1 (UENP), j\u00e1 finalizei o doutorado e neste momento h\u00e1 novos sonhos e prop\u00f3sitos que me impulsionam a viver com mais convic\u00e7\u00e3o e certeza de que \u00e9 poss\u00edvel aplicar os conhecimentos adquiridos independente do local em que estamos inseridos. E, quem sabe no futuro, com novas experi\u00eancias relacionadas a diplomacia em sa\u00fade e sa\u00fade global.<\/p>\n\n\n\n<p>\u00a0\u00a0\u00a0\u00a0\u00a0\u00a0\u00a0\u00a0\u00a0 Para finalizar, deixo aqui meu incentivo a quem busca realizar um interc\u00e2mbio internacional. Sugiro que procurem oportunidades alinhadas aos objetivos de pesquisa\/estudo e \u00e1rea de forma\u00e7\u00e3o. Busquem tamb\u00e9m oportunidades com bolsa de estudos parcial ou integral. Potencializem ou aprendam uma l\u00edngua estrangeira, isso faz diferen\u00e7a nas sele\u00e7\u00f5es. Mas, jamais, deixem que o medo de n\u00e3o alcan\u00e7ar um objetivo seja maior do que as etapas que levam \u00e0 realiza\u00e7\u00e3o.<\/p>\n\n\n\n<div class=\"wp-block-columns is-layout-flex wp-container-core-columns-is-layout-9d6595d7 wp-block-columns-is-layout-flex\">\n<div class=\"wp-block-column is-layout-flow wp-block-column-is-layout-flow\" style=\"flex-basis:100%\"><\/div>\n<\/div>\n\n\n\n<div class=\"wp-block-columns is-layout-flex wp-container-core-columns-is-layout-9d6595d7 wp-block-columns-is-layout-flex\">\n<div class=\"wp-block-column is-layout-flow wp-block-column-is-layout-flow\" style=\"flex-basis:100%\"><\/div>\n<\/div>\n\n\n<div class=\"wp-block-image\">\n<figure class=\"alignright size-large is-resized\"><img loading=\"lazy\" decoding=\"async\" src=\"https:\/\/pos.uel.br\/ppenf\/wp-content\/uploads\/2022\/07\/5-1024x1024.png\" alt=\"\" class=\"wp-image-1236\" width=\"601\" height=\"601\" srcset=\"https:\/\/pos.uel.br\/ppenf\/wp-content\/uploads\/2022\/07\/5-1024x1024.png 1024w, https:\/\/pos.uel.br\/ppenf\/wp-content\/uploads\/2022\/07\/5-300x300.png 300w, https:\/\/pos.uel.br\/ppenf\/wp-content\/uploads\/2022\/07\/5-150x150.png 150w, https:\/\/pos.uel.br\/ppenf\/wp-content\/uploads\/2022\/07\/5-768x768.png 768w, https:\/\/pos.uel.br\/ppenf\/wp-content\/uploads\/2022\/07\/5.png 1500w\" sizes=\"auto, (max-width: 601px) 100vw, 601px\" \/><figcaption>Maynara no Senado Federal&nbsp;&#8211; Pra\u00e7a dos Tr\u00eas Poderes &#8211; Bras\u00edlia DF&nbsp;<\/figcaption><\/figure>\n<\/div>\n\n\n<figure class=\"wp-block-gallery has-nested-images columns-default is-cropped wp-block-gallery-1 is-layout-flex wp-block-gallery-is-layout-flex\">\n<figure class=\"wp-block-image size-large\"><img loading=\"lazy\" decoding=\"async\" width=\"1024\" height=\"1024\" data-id=\"1271\" src=\"https:\/\/pos.uel.br\/ppenf\/wp-content\/uploads\/2022\/07\/1111Copia-de-Logo-loja-3-1024x1024.png\" alt=\"\" class=\"wp-image-1271\" srcset=\"https:\/\/pos.uel.br\/ppenf\/wp-content\/uploads\/2022\/07\/1111Copia-de-Logo-loja-3-1024x1024.png 1024w, https:\/\/pos.uel.br\/ppenf\/wp-content\/uploads\/2022\/07\/1111Copia-de-Logo-loja-3-300x300.png 300w, https:\/\/pos.uel.br\/ppenf\/wp-content\/uploads\/2022\/07\/1111Copia-de-Logo-loja-3-150x150.png 150w, https:\/\/pos.uel.br\/ppenf\/wp-content\/uploads\/2022\/07\/1111Copia-de-Logo-loja-3-768x768.png 768w, https:\/\/pos.uel.br\/ppenf\/wp-content\/uploads\/2022\/07\/1111Copia-de-Logo-loja-3.png 1500w\" sizes=\"auto, (max-width: 1024px) 100vw, 1024px\" \/><\/figure>\n<figcaption class=\"blocks-gallery-caption\">Foto superior: Maynara e Dra. Silvia.<br>Lado inferior esquerdo: sala de v\u00eddeo. Lado inferior direito: Internos e Consultores.<br><\/figcaption><\/figure>\n","protected":false},"excerpt":{"rendered":"<p>DO SONHO DO INTERC\u00c2MBIO A EXPERI\u00caNCIA DE DIPLOMACIA Por: Maynara Fernanda Carvalho Barreto &nbsp;&nbsp;&nbsp;&nbsp;&nbsp;&nbsp;&nbsp;&nbsp;&nbsp; Em 2017 eu estava no segundo ano do mestrado em etapa de finaliza\u00e7\u00e3o da coleta de dados da minha disserta\u00e7\u00e3o. \u00c0 \u00e9poca era bolsista do Programa de P\u00f3s-Gradua\u00e7\u00e3o em Enfermagem (PPGENF) da Universidade Estadual de Londrina (UEL), representante discente e tamb\u00e9m [&hellip;]<\/p>\n","protected":false},"author":1,"featured_media":0,"parent":0,"menu_order":0,"comment_status":"closed","ping_status":"closed","template":"","meta":{"_acf_changed":false,"footnotes":""},"class_list":["post-1199","page","type-page","status-publish","hentry"],"acf":[],"_links":{"self":[{"href":"https:\/\/pos.uel.br\/ppenf\/wp-json\/wp\/v2\/pages\/1199","targetHints":{"allow":["GET"]}}],"collection":[{"href":"https:\/\/pos.uel.br\/ppenf\/wp-json\/wp\/v2\/pages"}],"about":[{"href":"https:\/\/pos.uel.br\/ppenf\/wp-json\/wp\/v2\/types\/page"}],"author":[{"embeddable":true,"href":"https:\/\/pos.uel.br\/ppenf\/wp-json\/wp\/v2\/users\/1"}],"replies":[{"embeddable":true,"href":"https:\/\/pos.uel.br\/ppenf\/wp-json\/wp\/v2\/comments?post=1199"}],"version-history":[{"count":26,"href":"https:\/\/pos.uel.br\/ppenf\/wp-json\/wp\/v2\/pages\/1199\/revisions"}],"predecessor-version":[{"id":1282,"href":"https:\/\/pos.uel.br\/ppenf\/wp-json\/wp\/v2\/pages\/1199\/revisions\/1282"}],"wp:attachment":[{"href":"https:\/\/pos.uel.br\/ppenf\/wp-json\/wp\/v2\/media?parent=1199"}],"curies":[{"name":"wp","href":"https:\/\/api.w.org\/{rel}","templated":true}]}}