{"id":1143,"date":"2022-07-04T18:55:29","date_gmt":"2022-07-04T21:55:29","guid":{"rendered":"https:\/\/pos.uel.br\/ppenf\/?page_id=1143"},"modified":"2025-11-08T13:07:11","modified_gmt":"2025-11-08T16:07:11","slug":"bolsa-de-doutorado","status":"publish","type":"page","link":"https:\/\/pos.uel.br\/ppenf\/bolsa-de-doutorado\/","title":{"rendered":"Bolsa de Doutorado"},"content":{"rendered":"\n<div class=\"wp-block-buttons is-layout-flex wp-block-buttons-is-layout-flex\">\n<div class=\"wp-block-button\"><a class=\"wp-block-button__link wp-element-button\">RESOLU\u00c7\u00c3O DISTRIBUI\u00c7\u00c3O DE BOLSAS INSTRU\u00c7\u00c3O DE SERVI\u00c7O PPGENF No 03\/2025<\/a><\/div>\n<\/div>\n\n\n\n<div data-wp-interactive=\"core\/file\" class=\"wp-block-file\"><object data-wp-bind--hidden=\"!state.hasPdfPreview\" hidden class=\"wp-block-file__embed\" data=\"https:\/\/pos.uel.br\/ppenf\/wp-content\/uploads\/2025\/11\/arquivo_de_Instrucao-de-Servico_bolsistas2025_adriana_finalizada_08.11_assinado.pdf\" type=\"application\/pdf\" style=\"width:100%;height:600px\" aria-label=\"Incorporado de arquivo_de_Instrucao-de-Servico_bolsistas2025_adriana_finalizada_08.11_assinado.\"><\/object><a id=\"wp-block-file--media-112ebc31-59b6-471a-8d63-5e6fa397e883\" href=\"https:\/\/pos.uel.br\/ppenf\/wp-content\/uploads\/2025\/11\/arquivo_de_Instrucao-de-Servico_bolsistas2025_adriana_finalizada_08.11_assinado.pdf\">arquivo_de_Instrucao-de-Servico_bolsistas2025_adriana_finalizada_08.11_assinado<\/a><a href=\"https:\/\/pos.uel.br\/ppenf\/wp-content\/uploads\/2025\/11\/arquivo_de_Instrucao-de-Servico_bolsistas2025_adriana_finalizada_08.11_assinado.pdf\" class=\"wp-block-file__button wp-element-button\" download aria-describedby=\"wp-block-file--media-112ebc31-59b6-471a-8d63-5e6fa397e883\">Baixar<\/a><\/div>\n\n\n\n<div class=\"wp-block-buttons is-layout-flex wp-block-buttons-is-layout-flex\">\n<div class=\"wp-block-button\"><a class=\"wp-block-button__link wp-element-button\">DOCUMENTOS PARA CONCORRER A BOLSA <\/a><\/div>\n<\/div>\n\n\n\n<div data-wp-interactive=\"core\/file\" class=\"wp-block-file\"><object data-wp-bind--hidden=\"!state.hasPdfPreview\" hidden class=\"wp-block-file__embed\" data=\"https:\/\/pos.uel.br\/ppenf\/wp-content\/uploads\/2025\/11\/Anexo-1_Formulario-de-Requerimento-de-Bolsa-de-Estudos.pdf\" type=\"application\/pdf\" style=\"width:100%;height:600px\" aria-label=\"Incorporado de Anexo 1_Formul\u00e1rio de Requerimento de Bolsa de Estudos.\"><\/object><a id=\"wp-block-file--media-bc9fc6dd-d289-4e70-aeb9-8b4d912adc89\" href=\"https:\/\/pos.uel.br\/ppenf\/wp-content\/uploads\/2025\/11\/Anexo-1_Formulario-de-Requerimento-de-Bolsa-de-Estudos.pdf\">Anexo 1_Formul\u00e1rio de Requerimento de Bolsa de Estudos<\/a><a href=\"https:\/\/pos.uel.br\/ppenf\/wp-content\/uploads\/2025\/11\/Anexo-1_Formulario-de-Requerimento-de-Bolsa-de-Estudos.pdf\" class=\"wp-block-file__button wp-element-button\" download aria-describedby=\"wp-block-file--media-bc9fc6dd-d289-4e70-aeb9-8b4d912adc89\">Baixar<\/a><\/div>\n\n\n\n<div data-wp-interactive=\"core\/file\" class=\"wp-block-file\"><object data-wp-bind--hidden=\"!state.hasPdfPreview\" hidden class=\"wp-block-file__embed\" data=\"https:\/\/pos.uel.br\/ppenf\/wp-content\/uploads\/2025\/11\/Anexo-2-relatorio-alunos-bolsistas.pdf\" type=\"application\/pdf\" style=\"width:100%;height:600px\" aria-label=\"Incorporado de Anexo 2 - relatorio alunos bolsistas.\"><\/object><a id=\"wp-block-file--media-47be5a0c-0ab2-4382-8855-b53268603732\" href=\"https:\/\/pos.uel.br\/ppenf\/wp-content\/uploads\/2025\/11\/Anexo-2-relatorio-alunos-bolsistas.pdf\">Anexo 2 &#8211; relatorio alunos bolsistas<\/a><a href=\"https:\/\/pos.uel.br\/ppenf\/wp-content\/uploads\/2025\/11\/Anexo-2-relatorio-alunos-bolsistas.pdf\" class=\"wp-block-file__button wp-element-button\" download aria-describedby=\"wp-block-file--media-47be5a0c-0ab2-4382-8855-b53268603732\">Baixar<\/a><\/div>\n\n\n\n<div data-wp-interactive=\"core\/file\" class=\"wp-block-file\"><object data-wp-bind--hidden=\"!state.hasPdfPreview\" hidden class=\"wp-block-file__embed\" data=\"https:\/\/pos.uel.br\/ppenf\/wp-content\/uploads\/2025\/11\/Anexo-3-_Ficha-Pontuacao-MESTRADO-30.06.pdf\" type=\"application\/pdf\" style=\"width:100%;height:600px\" aria-label=\"Incorporado de Anexo 3 _Ficha-Pontuacao-MESTRADO-30.06.\"><\/object><a id=\"wp-block-file--media-45f54459-c8d6-4126-b929-3532afbf9bb8\" href=\"https:\/\/pos.uel.br\/ppenf\/wp-content\/uploads\/2025\/11\/Anexo-3-_Ficha-Pontuacao-MESTRADO-30.06.pdf\">Anexo 3 _Ficha-Pontuacao-MESTRADO-30.06<\/a><a href=\"https:\/\/pos.uel.br\/ppenf\/wp-content\/uploads\/2025\/11\/Anexo-3-_Ficha-Pontuacao-MESTRADO-30.06.pdf\" class=\"wp-block-file__button wp-element-button\" download aria-describedby=\"wp-block-file--media-45f54459-c8d6-4126-b929-3532afbf9bb8\">Baixar<\/a><\/div>\n\n\n\n<div data-wp-interactive=\"core\/file\" class=\"wp-block-file\"><object data-wp-bind--hidden=\"!state.hasPdfPreview\" hidden class=\"wp-block-file__embed\" data=\"https:\/\/pos.uel.br\/ppenf\/wp-content\/uploads\/2025\/11\/Anexo-4_Ficha-Pontuacao-DOUTORADO-30.06.25.pdf\" type=\"application\/pdf\" style=\"width:100%;height:600px\" aria-label=\"Incorporado de Anexo 4_Ficha-Pontuacao-DOUTORADO 30.06.25.\"><\/object><a id=\"wp-block-file--media-8021b8dc-dff6-4169-b0d4-2a1c2104dfd2\" href=\"https:\/\/pos.uel.br\/ppenf\/wp-content\/uploads\/2025\/11\/Anexo-4_Ficha-Pontuacao-DOUTORADO-30.06.25.pdf\">Anexo 4_Ficha-Pontuacao-DOUTORADO 30.06.25<\/a><a href=\"https:\/\/pos.uel.br\/ppenf\/wp-content\/uploads\/2025\/11\/Anexo-4_Ficha-Pontuacao-DOUTORADO-30.06.25.pdf\" class=\"wp-block-file__button wp-element-button\" download aria-describedby=\"wp-block-file--media-8021b8dc-dff6-4169-b0d4-2a1c2104dfd2\">Baixar<\/a><\/div>\n\n\n\n<div data-wp-interactive=\"core\/file\" class=\"wp-block-file\"><object data-wp-bind--hidden=\"!state.hasPdfPreview\" hidden class=\"wp-block-file__embed\" data=\"https:\/\/pos.uel.br\/ppenf\/wp-content\/uploads\/2025\/11\/Anexo-5_Formulario-Anuencia-Orientador.pdf\" type=\"application\/pdf\" style=\"width:100%;height:600px\" aria-label=\"Incorporado de Anexo 5_Formulario-Anuencia-Orientador.\"><\/object><a id=\"wp-block-file--media-d9386c54-774d-41e1-a6bb-a90d1f318805\" href=\"https:\/\/pos.uel.br\/ppenf\/wp-content\/uploads\/2025\/11\/Anexo-5_Formulario-Anuencia-Orientador.pdf\">Anexo 5_Formulario-Anuencia-Orientador<\/a><a href=\"https:\/\/pos.uel.br\/ppenf\/wp-content\/uploads\/2025\/11\/Anexo-5_Formulario-Anuencia-Orientador.pdf\" class=\"wp-block-file__button wp-element-button\" download aria-describedby=\"wp-block-file--media-d9386c54-774d-41e1-a6bb-a90d1f318805\">Baixar<\/a><\/div>\n\n\n\n<div data-wp-interactive=\"core\/file\" class=\"wp-block-file\"><object data-wp-bind--hidden=\"!state.hasPdfPreview\" hidden class=\"wp-block-file__embed\" data=\"https:\/\/pos.uel.br\/ppenf\/wp-content\/uploads\/2025\/11\/Anexo-6_DECLARACAO-DE-CIENCIA-INSTITUCIONAL-DE-DEDICACAO-AO-PPGENF.pdf\" type=\"application\/pdf\" style=\"width:100%;height:600px\" aria-label=\"Incorporado de Anexo 6_DECLARA\u00c7\u00c3O DE CI\u00caNCIA INSTITUCIONAL DE DEDICA\u00c7\u00c3O AO PPGENF.\"><\/object><a id=\"wp-block-file--media-8c16b3c5-4b3e-4141-9bce-b590905a2b01\" href=\"https:\/\/pos.uel.br\/ppenf\/wp-content\/uploads\/2025\/11\/Anexo-6_DECLARACAO-DE-CIENCIA-INSTITUCIONAL-DE-DEDICACAO-AO-PPGENF.pdf\">Anexo 6_DECLARA\u00c7\u00c3O DE CI\u00caNCIA INSTITUCIONAL DE DEDICA\u00c7\u00c3O AO PPGENF<\/a><a href=\"https:\/\/pos.uel.br\/ppenf\/wp-content\/uploads\/2025\/11\/Anexo-6_DECLARACAO-DE-CIENCIA-INSTITUCIONAL-DE-DEDICACAO-AO-PPGENF.pdf\" class=\"wp-block-file__button wp-element-button\" download aria-describedby=\"wp-block-file--media-8c16b3c5-4b3e-4141-9bce-b590905a2b01\">Baixar<\/a><\/div>\n\n\n\n<div data-wp-interactive=\"core\/file\" class=\"wp-block-file\"><object data-wp-bind--hidden=\"!state.hasPdfPreview\" hidden class=\"wp-block-file__embed\" data=\"https:\/\/pos.uel.br\/ppenf\/wp-content\/uploads\/2025\/11\/Anexo-7_DECLARACAO-DE-AUSENCIA-DE-VINCULO-EMPREGATICIO-E-COMPROMISSO-DE-DEDICACAO-EXCLUSIVA.pdf\" type=\"application\/pdf\" style=\"width:100%;height:600px\" aria-label=\"Incorporado de Anexo 7_DECLARA\u00c7\u00c3O DE AUS\u00caNCIA DE V\u00cdNCULO EMPREGAT\u00cdCIO E COMPROMISSO DE DEDICA\u00c7\u00c3O EXCLUSIVA.\"><\/object><a id=\"wp-block-file--media-a8043bb8-0d7a-411e-bfd3-46fda480fcbb\" href=\"https:\/\/pos.uel.br\/ppenf\/wp-content\/uploads\/2025\/11\/Anexo-7_DECLARACAO-DE-AUSENCIA-DE-VINCULO-EMPREGATICIO-E-COMPROMISSO-DE-DEDICACAO-EXCLUSIVA.pdf\">Anexo 7_DECLARA\u00c7\u00c3O DE AUS\u00caNCIA DE V\u00cdNCULO EMPREGAT\u00cdCIO E COMPROMISSO DE DEDICA\u00c7\u00c3O EXCLUSIVA<\/a><a href=\"https:\/\/pos.uel.br\/ppenf\/wp-content\/uploads\/2025\/11\/Anexo-7_DECLARACAO-DE-AUSENCIA-DE-VINCULO-EMPREGATICIO-E-COMPROMISSO-DE-DEDICACAO-EXCLUSIVA.pdf\" class=\"wp-block-file__button wp-element-button\" download aria-describedby=\"wp-block-file--media-a8043bb8-0d7a-411e-bfd3-46fda480fcbb\">Baixar<\/a><\/div>\n\n\n\n<div data-wp-interactive=\"core\/file\" class=\"wp-block-file\"><object data-wp-bind--hidden=\"!state.hasPdfPreview\" hidden class=\"wp-block-file__embed\" data=\"https:\/\/pos.uel.br\/ppenf\/wp-content\/uploads\/2025\/11\/Anexo-8_DECLARACAO-DE-AUSENCIA-DE-VINCULO-EMPREGATICIO-E-COMPROMISSO-DE-DEDICACAO-EXCLUSIVA.pdf\" type=\"application\/pdf\" style=\"width:100%;height:600px\" aria-label=\"Incorporado de Anexo 8_DECLARA\u00c7\u00c3O DE AUS\u00caNCIA DE V\u00cdNCULO EMPREGAT\u00cdCIO E COMPROMISSO DE DEDICA\u00c7\u00c3O EXCLUSIVA.\"><\/object><a id=\"wp-block-file--media-cc308f3d-88e0-4b70-a3f4-193616277534\" href=\"https:\/\/pos.uel.br\/ppenf\/wp-content\/uploads\/2025\/11\/Anexo-8_DECLARACAO-DE-AUSENCIA-DE-VINCULO-EMPREGATICIO-E-COMPROMISSO-DE-DEDICACAO-EXCLUSIVA.pdf\">Anexo 8_DECLARA\u00c7\u00c3O DE AUS\u00caNCIA DE V\u00cdNCULO EMPREGAT\u00cdCIO E COMPROMISSO DE DEDICA\u00c7\u00c3O EXCLUSIVA<\/a><a href=\"https:\/\/pos.uel.br\/ppenf\/wp-content\/uploads\/2025\/11\/Anexo-8_DECLARACAO-DE-AUSENCIA-DE-VINCULO-EMPREGATICIO-E-COMPROMISSO-DE-DEDICACAO-EXCLUSIVA.pdf\" class=\"wp-block-file__button wp-element-button\" download aria-describedby=\"wp-block-file--media-cc308f3d-88e0-4b70-a3f4-193616277534\">Baixar<\/a><\/div>\n\n\n\n<div data-wp-interactive=\"core\/file\" class=\"wp-block-file\"><object data-wp-bind--hidden=\"!state.hasPdfPreview\" hidden class=\"wp-block-file__embed\" data=\"https:\/\/pos.uel.br\/ppenf\/wp-content\/uploads\/2025\/11\/Anexo-9_DECLARACAO-DE-AUSENCIA-DE-VINCULO-EMPREGATICIO-E-COMPROMISSO-DE-DEDICACAO-EXCLUSIVA-1.pdf\" type=\"application\/pdf\" style=\"width:100%;height:600px\" aria-label=\"Incorporado de Anexo 9_DECLARA\u00c7\u00c3O DE AUS\u00caNCIA DE V\u00cdNCULO EMPREGAT\u00cdCIO E COMPROMISSO DE DEDICA\u00c7\u00c3O EXCLUSIVA.\"><\/object><a id=\"wp-block-file--media-86aa3534-0ed8-4a47-924c-88bf6698c070\" href=\"https:\/\/pos.uel.br\/ppenf\/wp-content\/uploads\/2025\/11\/Anexo-9_DECLARACAO-DE-AUSENCIA-DE-VINCULO-EMPREGATICIO-E-COMPROMISSO-DE-DEDICACAO-EXCLUSIVA-1.pdf\">Anexo 9_DECLARA\u00c7\u00c3O DE AUS\u00caNCIA DE V\u00cdNCULO EMPREGAT\u00cdCIO E COMPROMISSO DE DEDICA\u00c7\u00c3O EXCLUSIVA<\/a><a href=\"https:\/\/pos.uel.br\/ppenf\/wp-content\/uploads\/2025\/11\/Anexo-9_DECLARACAO-DE-AUSENCIA-DE-VINCULO-EMPREGATICIO-E-COMPROMISSO-DE-DEDICACAO-EXCLUSIVA-1.pdf\" class=\"wp-block-file__button wp-element-button\" download aria-describedby=\"wp-block-file--media-86aa3534-0ed8-4a47-924c-88bf6698c070\">Baixar<\/a><\/div>\n\n\n\n<div data-wp-interactive=\"core\/file\" class=\"wp-block-file\"><object data-wp-bind--hidden=\"!state.hasPdfPreview\" hidden class=\"wp-block-file__embed\" data=\"https:\/\/pos.uel.br\/ppenf\/wp-content\/uploads\/2025\/11\/Anexo-10_TermodeCompromissoDS_Bolsista-1.pdf\" type=\"application\/pdf\" style=\"width:100%;height:600px\" aria-label=\"Incorporado de Anexo 10_TermodeCompromissoDS_Bolsista.\"><\/object><a id=\"wp-block-file--media-d1d02ec3-5758-4d74-a303-75b7e33be75e\" href=\"https:\/\/pos.uel.br\/ppenf\/wp-content\/uploads\/2025\/11\/Anexo-10_TermodeCompromissoDS_Bolsista-1.pdf\">Anexo 10_TermodeCompromissoDS_Bolsista<\/a><a href=\"https:\/\/pos.uel.br\/ppenf\/wp-content\/uploads\/2025\/11\/Anexo-10_TermodeCompromissoDS_Bolsista-1.pdf\" class=\"wp-block-file__button wp-element-button\" download aria-describedby=\"wp-block-file--media-d1d02ec3-5758-4d74-a303-75b7e33be75e\">Baixar<\/a><\/div>\n\n\n\n<div data-wp-interactive=\"core\/file\" class=\"wp-block-file\"><object data-wp-bind--hidden=\"!state.hasPdfPreview\" hidden class=\"wp-block-file__embed\" data=\"https:\/\/pos.uel.br\/ppenf\/wp-content\/uploads\/2025\/11\/Anexo-11_DeclaraodeAcmulos1-Modelo-1.pdf\" type=\"application\/pdf\" style=\"width:100%;height:600px\" aria-label=\"Incorporado de Anexo 11_DeclaraodeAcmulos1 (Modelo).\"><\/object><a id=\"wp-block-file--media-4468048e-c1fa-4b72-b62e-0fbe71f62969\" href=\"https:\/\/pos.uel.br\/ppenf\/wp-content\/uploads\/2025\/11\/Anexo-11_DeclaraodeAcmulos1-Modelo-1.pdf\">Anexo 11_DeclaraodeAcmulos1 (Modelo)<\/a><a href=\"https:\/\/pos.uel.br\/ppenf\/wp-content\/uploads\/2025\/11\/Anexo-11_DeclaraodeAcmulos1-Modelo-1.pdf\" class=\"wp-block-file__button wp-element-button\" download aria-describedby=\"wp-block-file--media-4468048e-c1fa-4b72-b62e-0fbe71f62969\">Baixar<\/a><\/div>\n\n\n\n<p>Chamada de Bolsas <\/p>\n\n\n\n<p>Edital no.09\/2025 &#8211; Resultado do Edital de Bolsas<\/p>\n\n\n\n<div data-wp-interactive=\"core\/file\" class=\"wp-block-file\"><object data-wp-bind--hidden=\"!state.hasPdfPreview\" hidden class=\"wp-block-file__embed\" data=\"https:\/\/pos.uel.br\/ppenf\/wp-content\/uploads\/2025\/03\/EDITAL-No.09_2025_RESULTADO-DA-SELECAO-DA-INDICACAO-DE-BOLSISTAS.pdf\" type=\"application\/pdf\" style=\"width:100%;height:600px\" aria-label=\"Incorporado de EDITAL No.09_2025_RESULTADO DA SELE\u00c7\u00c3O DA INDICA\u00c7\u00c3O DE BOLSISTAS.\"><\/object><a id=\"wp-block-file--media-f7af0a69-8af2-4d94-aa3c-28eb0dd50274\" href=\"https:\/\/pos.uel.br\/ppenf\/wp-content\/uploads\/2025\/03\/EDITAL-No.09_2025_RESULTADO-DA-SELECAO-DA-INDICACAO-DE-BOLSISTAS.pdf\">EDITAL No.09_2025_RESULTADO DA SELE\u00c7\u00c3O DA INDICA\u00c7\u00c3O DE BOLSISTAS<\/a><a href=\"https:\/\/pos.uel.br\/ppenf\/wp-content\/uploads\/2025\/03\/EDITAL-No.09_2025_RESULTADO-DA-SELECAO-DA-INDICACAO-DE-BOLSISTAS.pdf\" class=\"wp-block-file__button wp-element-button\" download aria-describedby=\"wp-block-file--media-f7af0a69-8af2-4d94-aa3c-28eb0dd50274\">Baixar<\/a><\/div>\n\n\n\n<p>Edital no.08\/2025 &#8211; Bolsas de Doutorado e Mestrado<\/p>\n\n\n\n<p>Anexo II &#8211; Declara\u00e7\u00e3o de Anu\u00eancia do Orientador<\/p>\n\n\n\n<div class=\"wp-block-file\"><a id=\"wp-block-file--media-91546107-2c1b-4de5-b447-4c457cbbb4ae\" href=\"https:\/\/pos.uel.br\/ppenf\/wp-content\/uploads\/2025\/03\/Anexo-II_Formulario-Anuencia-Orientador.docx\">Anexo II_Declara\u00e7\u00e3o-Anuencia-Orientador<\/a><a href=\"https:\/\/pos.uel.br\/ppenf\/wp-content\/uploads\/2025\/03\/Anexo-II_Formulario-Anuencia-Orientador.docx\" class=\"wp-block-file__button wp-element-button\" download aria-describedby=\"wp-block-file--media-91546107-2c1b-4de5-b447-4c457cbbb4ae\">Baixar<\/a><\/div>\n\n\n\n<div data-wp-interactive=\"core\/file\" class=\"wp-block-file\"><object data-wp-bind--hidden=\"!state.hasPdfPreview\" hidden class=\"wp-block-file__embed\" data=\"https:\/\/pos.uel.br\/ppenf\/wp-content\/uploads\/2025\/03\/EDITAL_no.08_2025_PPGENF_UEL_Bolsas-de-D-M-5.pdf\" type=\"application\/pdf\" style=\"width:100%;height:600px\" aria-label=\"Incorporado de EDITAL_no.08_2025_PPGENF_UEL_Bolsas de D &amp; M.\"><\/object><a id=\"wp-block-file--media-8940ba20-ef74-4aa9-9f79-f97d0ada2500\" href=\"https:\/\/pos.uel.br\/ppenf\/wp-content\/uploads\/2025\/03\/EDITAL_no.08_2025_PPGENF_UEL_Bolsas-de-D-M-5.pdf\">EDITAL_no.08_2025_PPGENF_UEL_Bolsas de D &amp; M<\/a><a href=\"https:\/\/pos.uel.br\/ppenf\/wp-content\/uploads\/2025\/03\/EDITAL_no.08_2025_PPGENF_UEL_Bolsas-de-D-M-5.pdf\" class=\"wp-block-file__button wp-element-button\" download aria-describedby=\"wp-block-file--media-8940ba20-ef74-4aa9-9f79-f97d0ada2500\">Baixar<\/a><\/div>\n\n\n\n<p>RESULTADO DO EDITAL DE BOLSAS No.06\/2025<\/p>\n\n\n\n<div data-wp-interactive=\"core\/file\" class=\"wp-block-file\"><object data-wp-bind--hidden=\"!state.hasPdfPreview\" hidden class=\"wp-block-file__embed\" data=\"https:\/\/pos.uel.br\/ppenf\/wp-content\/uploads\/2025\/03\/EDITAL-No.06_2025_RESULTADO-DA-SELECAO-DA-INDICACAO-DE-BOLSISTAS-1.pdf\" type=\"application\/pdf\" style=\"width:100%;height:600px\" aria-label=\"Incorporado de EDITAL No.06_2025_RESULTADO DA SELE\u00c7\u00c3O DA INDICA\u00c7\u00c3O DE BOLSISTAS.\"><\/object><a id=\"wp-block-file--media-a7bd7e41-5391-4849-b877-29e04d22076a\" href=\"https:\/\/pos.uel.br\/ppenf\/wp-content\/uploads\/2025\/03\/EDITAL-No.06_2025_RESULTADO-DA-SELECAO-DA-INDICACAO-DE-BOLSISTAS-1.pdf\">EDITAL No.06_2025_RESULTADO DA SELE\u00c7\u00c3O DA INDICA\u00c7\u00c3O DE BOLSISTAS<\/a><a href=\"https:\/\/pos.uel.br\/ppenf\/wp-content\/uploads\/2025\/03\/EDITAL-No.06_2025_RESULTADO-DA-SELECAO-DA-INDICACAO-DE-BOLSISTAS-1.pdf\" class=\"wp-block-file__button wp-element-button\" download aria-describedby=\"wp-block-file--media-a7bd7e41-5391-4849-b877-29e04d22076a\">Baixar<\/a><\/div>\n\n\n\n<div class=\"wp-block-file\">&lt;object class=&quot;wp-block-file__embed&quot; data=&quot;https:\/\/pos.uel.br\/ppenf\/wp-content\/uploads\/2025\/03\/EDITAL-N.05_2025_SELECAO-DE-BOLSISTA-2.pdf&quot; type=&quot;application\/pdf&quot; style=&quot;width:100%;height:600px&quot; aria-label=&quot;EDITAL N.05_2025_SELE\u00c7\u00c3O DE BOLSISTA<br><\/object><a id=\"wp-block-file--media-ea9b225e-dd70-418f-854a-39e5cb673177\" href=\"https:\/\/pos.uel.br\/ppenf\/wp-content\/uploads\/2025\/03\/EDITAL-N.05_2025_SELECAO-DE-BOLSISTA-2.pdf\">EDITAL N.05_2025_SELE\u00c7\u00c3O DE BOLSISTA<br><\/a><a href=\"https:\/\/pos.uel.br\/ppenf\/wp-content\/uploads\/2025\/03\/EDITAL-N.05_2025_SELECAO-DE-BOLSISTA-2.pdf\" class=\"wp-block-file__button wp-element-button\" download aria-describedby=\"wp-block-file--media-ea9b225e-dd70-418f-854a-39e5cb673177\">Baixar<\/a><\/div>\n\n\n\n<p>PORTARIA CONJUNTA CAPES\/CNPQ N\u00ba 1, DE 10 DE JULHO DE 2023<a href=\"https:\/\/abmes.org.br\/legislacoes\/detalhe\/4383\/portaria-capes-n-133\">https:\/\/abmes.org.br\/legislacoes\/detalhe\/4383\/portaria-capes-n-133<\/a><\/p>\n\n\n\n<p><strong>Programa Demanda Social <\/strong><a href=\"https:\/\/www.gov.br\/capes\/pt-br\/centrais-de-conteudo\/documentos\/TermodeCompromissoDS.pdf\">https:\/\/www.gov.br\/capes\/pt-br\/centrais-de-conteudo\/documentos\/TermodeCompromissoDS.pdf<\/a><strong>&#8211; DS<\/strong><\/p>\n\n\n\n<p>Declara\u00e7\u00e3o de Ac\u00famulos <a href=\"https:\/\/www.gov.br\/capes\/pt-br\/centrais-de-conteudo\/documentos\/copy2_of_DeclaraodeAcmulos.pdf\">https:\/\/www.gov.br\/capes\/pt-br\/centrais-de-conteudo\/documentos\/copy2_of_DeclaraodeAcmulos.pdf<\/a><\/p>\n\n\n<ul class=\"wp-block-archives-list wp-block-archives\">\t<li><a href='https:\/\/pos.uel.br\/ppenf\/2025\/10\/'>outubro 2025<\/a><\/li>\n\t<li><a href='https:\/\/pos.uel.br\/ppenf\/2025\/06\/'>junho 2025<\/a><\/li>\n<\/ul>\n\n\n<h2 class=\"wp-block-heading\">RESOLU\u00c7\u00c3O_Normas_Crit\u00e9rios_Concess\u00e3o de Bolsa_PPGENF<\/h2>\n\n\n\n<div data-wp-interactive=\"core\/file\" class=\"wp-block-file\"><object data-wp-bind--hidden=\"!state.hasPdfPreview\" hidden class=\"wp-block-file__embed\" data=\"https:\/\/pos.uel.br\/ppenf\/wp-content\/uploads\/2025\/05\/resolucao-bolsas-ppgenf_2024.2.pdf\" type=\"application\/pdf\" style=\"width:100%;height:600px\" aria-label=\"Incorporado de resolu\u00e7\u00e3o bolsas ppgenf_2024.2.\"><\/object><a id=\"wp-block-file--media-82d82b71-f4f1-40f0-8e45-17d37a61ba2a\" href=\"https:\/\/pos.uel.br\/ppenf\/wp-content\/uploads\/2025\/05\/resolucao-bolsas-ppgenf_2024.2.pdf\">resolu\u00e7\u00e3o bolsas ppgenf_2024.2<\/a><a href=\"https:\/\/pos.uel.br\/ppenf\/wp-content\/uploads\/2025\/05\/resolucao-bolsas-ppgenf_2024.2.pdf\" class=\"wp-block-file__button wp-element-button\" download aria-describedby=\"wp-block-file--media-82d82b71-f4f1-40f0-8e45-17d37a61ba2a\">Baixar<\/a><\/div>\n\n\n\n<div data-wp-interactive=\"core\/file\" class=\"wp-block-file\"><object data-wp-bind--hidden=\"!state.hasPdfPreview\" hidden class=\"wp-block-file__embed\" data=\"https:\/\/pos.uel.br\/ppenf\/wp-content\/uploads\/2024\/04\/RESOLUCAO_Normas_Criterios_Concessao_Bolsas_PPGENF.pdf\" type=\"application\/pdf\" style=\"width:100%;height:600px\" aria-label=\"Incorporado de RESOLUCAO_Normas_Criterios_Concessao_Bolsas_PPGENF.\"><\/object><a id=\"wp-block-file--media-404cef30-3763-4d50-b102-afb86a4e48ca\" href=\"https:\/\/pos.uel.br\/ppenf\/wp-content\/uploads\/2024\/04\/RESOLUCAO_Normas_Criterios_Concessao_Bolsas_PPGENF.pdf\">RESOLUCAO_Normas_Criterios_Concessao_Bolsas_PPGENF<\/a><a href=\"https:\/\/pos.uel.br\/ppenf\/wp-content\/uploads\/2024\/04\/RESOLUCAO_Normas_Criterios_Concessao_Bolsas_PPGENF.pdf\" class=\"wp-block-file__button wp-element-button\" download aria-describedby=\"wp-block-file--media-404cef30-3763-4d50-b102-afb86a4e48ca\">Baixar<\/a><\/div>\n\n\n\n<div data-wp-interactive=\"core\/file\" class=\"wp-block-file\"><object data-wp-bind--hidden=\"!state.hasPdfPreview\" hidden class=\"wp-block-file__embed\" data=\"https:\/\/pos.uel.br\/ppenf\/wp-content\/uploads\/2024\/09\/ANEXO-I_Autopontuacao__Roteiro_Curriculo-3.pdf\" type=\"application\/pdf\" style=\"width:100%;height:600px\" aria-label=\"Incorporado de ANEXO-I_Autopontuacao__Roteiro_Curriculo.\"><\/object><a id=\"wp-block-file--media-9d67fa1c-3631-4079-a3c0-717106ab514d\" href=\"https:\/\/pos.uel.br\/ppenf\/wp-content\/uploads\/2024\/09\/ANEXO-I_Autopontuacao__Roteiro_Curriculo-3.pdf\">ANEXO-I_Autopontuacao__Roteiro_Curriculo<\/a><a href=\"https:\/\/pos.uel.br\/ppenf\/wp-content\/uploads\/2024\/09\/ANEXO-I_Autopontuacao__Roteiro_Curriculo-3.pdf\" class=\"wp-block-file__button wp-element-button\" download aria-describedby=\"wp-block-file--media-9d67fa1c-3631-4079-a3c0-717106ab514d\">Baixar<\/a><\/div>\n\n\n\n<div class=\"wp-block-file\"><a id=\"wp-block-file--media-7c5058ba-0d98-4f5d-9a1d-2e0570b7c557\" href=\"https:\/\/pos.uel.br\/ppenf\/wp-content\/uploads\/2024\/04\/Anexo-II_Formulario-Anuencia-Orientador.docx\">Anexo-II_Formulario-Anuencia-Orientador<\/a><a href=\"https:\/\/pos.uel.br\/ppenf\/wp-content\/uploads\/2024\/04\/Anexo-II_Formulario-Anuencia-Orientador.docx\" class=\"wp-block-file__button wp-element-button\" download aria-describedby=\"wp-block-file--media-7c5058ba-0d98-4f5d-9a1d-2e0570b7c557\">Baixar<\/a><\/div>\n\n\n\n<div class=\"wp-block-file\"><a id=\"wp-block-file--media-7fe5c71f-074d-4081-8006-4a9f07ccff6c\" href=\"https:\/\/pos.uel.br\/ppenf\/wp-content\/uploads\/2024\/04\/Anexo-III_Relatorio_acompanhamento_Pos-Graduando.doc\">Anexo-III_Relatorio_acompanhamento_Pos-Graduando<\/a><a href=\"https:\/\/pos.uel.br\/ppenf\/wp-content\/uploads\/2024\/04\/Anexo-III_Relatorio_acompanhamento_Pos-Graduando.doc\" class=\"wp-block-file__button wp-element-button\" download aria-describedby=\"wp-block-file--media-7fe5c71f-074d-4081-8006-4a9f07ccff6c\">Baixar<\/a><\/div>\n\n\n\n<ul class=\"wp-block-list\">\n<li><\/li>\n<\/ul>\n\n\n\n<p><\/p>\n","protected":false},"excerpt":{"rendered":"<p>Chamada de Bolsas Edital no.09\/2025 &#8211; Resultado do Edital de Bolsas Edital no.08\/2025 &#8211; Bolsas de Doutorado e Mestrado Anexo II &#8211; Declara\u00e7\u00e3o de Anu\u00eancia do Orientador RESULTADO DO EDITAL DE BOLSAS No.06\/2025 PORTARIA CONJUNTA CAPES\/CNPQ N\u00ba 1, DE 10 DE JULHO DE 2023https:\/\/abmes.org.br\/legislacoes\/detalhe\/4383\/portaria-capes-n-133 Programa Demanda Social https:\/\/www.gov.br\/capes\/pt-br\/centrais-de-conteudo\/documentos\/TermodeCompromissoDS.pdf&#8211; DS Declara\u00e7\u00e3o de Ac\u00famulos https:\/\/www.gov.br\/capes\/pt-br\/centrais-de-conteudo\/documentos\/copy2_of_DeclaraodeAcmulos.pdf RESOLU\u00c7\u00c3O_Normas_Crit\u00e9rios_Concess\u00e3o de [&hellip;]<\/p>\n","protected":false},"author":1,"featured_media":0,"parent":0,"menu_order":0,"comment_status":"closed","ping_status":"closed","template":"","meta":{"_acf_changed":false,"footnotes":""},"class_list":["post-1143","page","type-page","status-publish","hentry"],"acf":[],"_links":{"self":[{"href":"https:\/\/pos.uel.br\/ppenf\/wp-json\/wp\/v2\/pages\/1143","targetHints":{"allow":["GET"]}}],"collection":[{"href":"https:\/\/pos.uel.br\/ppenf\/wp-json\/wp\/v2\/pages"}],"about":[{"href":"https:\/\/pos.uel.br\/ppenf\/wp-json\/wp\/v2\/types\/page"}],"author":[{"embeddable":true,"href":"https:\/\/pos.uel.br\/ppenf\/wp-json\/wp\/v2\/users\/1"}],"replies":[{"embeddable":true,"href":"https:\/\/pos.uel.br\/ppenf\/wp-json\/wp\/v2\/comments?post=1143"}],"version-history":[{"count":27,"href":"https:\/\/pos.uel.br\/ppenf\/wp-json\/wp\/v2\/pages\/1143\/revisions"}],"predecessor-version":[{"id":3098,"href":"https:\/\/pos.uel.br\/ppenf\/wp-json\/wp\/v2\/pages\/1143\/revisions\/3098"}],"wp:attachment":[{"href":"https:\/\/pos.uel.br\/ppenf\/wp-json\/wp\/v2\/media?parent=1143"}],"curies":[{"name":"wp","href":"https:\/\/api.w.org\/{rel}","templated":true}]}}