{"id":1142,"date":"2022-07-04T18:55:29","date_gmt":"2022-07-04T21:55:29","guid":{"rendered":"https:\/\/pos.uel.br\/ppenf\/?page_id=1142"},"modified":"2025-11-08T13:30:46","modified_gmt":"2025-11-08T16:30:46","slug":"bolsas-de-mestrado","status":"publish","type":"page","link":"https:\/\/pos.uel.br\/ppenf\/bolsas-de-mestrado\/","title":{"rendered":"Bolsas Mestrado"},"content":{"rendered":"\n<p>Resolu\u00e7\u00e3o para distribui\u00e7\u00e3o de bolsa &#8211; INSTRU\u00c7\u00c3O DE SERVI\u00c7O PPGENF No 03\/2025<\/p>\n\n\n\n<div data-wp-interactive=\"core\/file\" class=\"wp-block-file\"><object data-wp-bind--hidden=\"!state.hasPdfPreview\" hidden class=\"wp-block-file__embed\" data=\"https:\/\/pos.uel.br\/ppenf\/wp-content\/uploads\/2025\/11\/arquivo_de_Instrucao-de-Servico_bolsistas2025_adriana_finalizada_08.11_assinado-1.pdf\" type=\"application\/pdf\" style=\"width:100%;height:600px\" aria-label=\"Incorporado de arquivo_de_Instrucao-de-Servico_bolsistas2025_adriana_finalizada_08.11_assinado.\"><\/object><a id=\"wp-block-file--media-a4dc90ac-8400-4a1a-af7d-ec809b38dc26\" href=\"https:\/\/pos.uel.br\/ppenf\/wp-content\/uploads\/2025\/11\/arquivo_de_Instrucao-de-Servico_bolsistas2025_adriana_finalizada_08.11_assinado-1.pdf\">arquivo_de_Instrucao-de-Servico_bolsistas2025_adriana_finalizada_08.11_assinado<\/a><a href=\"https:\/\/pos.uel.br\/ppenf\/wp-content\/uploads\/2025\/11\/arquivo_de_Instrucao-de-Servico_bolsistas2025_adriana_finalizada_08.11_assinado-1.pdf\" class=\"wp-block-file__button wp-element-button\" download aria-describedby=\"wp-block-file--media-a4dc90ac-8400-4a1a-af7d-ec809b38dc26\">Baixar<\/a><\/div>\n\n\n\n<p><strong><mark class=\"has-inline-color has-primary-text-color\">DOCUMENTOS PARA BOLSAS<\/mark><\/strong><\/p>\n\n\n\n<div data-wp-interactive=\"core\/file\" class=\"wp-block-file\"><object data-wp-bind--hidden=\"!state.hasPdfPreview\" hidden class=\"wp-block-file__embed\" data=\"https:\/\/pos.uel.br\/ppenf\/wp-content\/uploads\/2025\/11\/Anexo-1_Formulario-de-Requerimento-de-Bolsa-de-Estudos.pdf\" type=\"application\/pdf\" style=\"width:100%;height:600px\" aria-label=\"Incorporado de Anexo 1_Formul\u00e1rio de Requerimento de Bolsa de Estudos.\"><\/object><a id=\"wp-block-file--media-f94c7636-94e5-41bb-b353-c91934905bcd\" href=\"https:\/\/pos.uel.br\/ppenf\/wp-content\/uploads\/2025\/11\/Anexo-1_Formulario-de-Requerimento-de-Bolsa-de-Estudos.pdf\">Anexo 1_Formul\u00e1rio de Requerimento de Bolsa de Estudos<\/a><a href=\"https:\/\/pos.uel.br\/ppenf\/wp-content\/uploads\/2025\/11\/Anexo-1_Formulario-de-Requerimento-de-Bolsa-de-Estudos.pdf\" class=\"wp-block-file__button wp-element-button\" download aria-describedby=\"wp-block-file--media-f94c7636-94e5-41bb-b353-c91934905bcd\">Baixar<\/a><\/div>\n\n\n\n<div data-wp-interactive=\"core\/file\" class=\"wp-block-file\"><object data-wp-bind--hidden=\"!state.hasPdfPreview\" hidden class=\"wp-block-file__embed\" data=\"https:\/\/pos.uel.br\/ppenf\/wp-content\/uploads\/2025\/11\/Anexo-2-relatorio-alunos-bolsistas.pdf\" type=\"application\/pdf\" style=\"width:100%;height:600px\" aria-label=\"Incorporado de Anexo 2 - relatorio alunos bolsistas.\"><\/object><a id=\"wp-block-file--media-d9c95b30-3adf-4d8c-a91d-f67ba58667ec\" href=\"https:\/\/pos.uel.br\/ppenf\/wp-content\/uploads\/2025\/11\/Anexo-2-relatorio-alunos-bolsistas.pdf\">Anexo 2 &#8211; relatorio alunos bolsistas<\/a><a href=\"https:\/\/pos.uel.br\/ppenf\/wp-content\/uploads\/2025\/11\/Anexo-2-relatorio-alunos-bolsistas.pdf\" class=\"wp-block-file__button wp-element-button\" download aria-describedby=\"wp-block-file--media-d9c95b30-3adf-4d8c-a91d-f67ba58667ec\">Baixar<\/a><\/div>\n\n\n\n<div data-wp-interactive=\"core\/file\" class=\"wp-block-file\"><object data-wp-bind--hidden=\"!state.hasPdfPreview\" hidden class=\"wp-block-file__embed\" data=\"https:\/\/pos.uel.br\/ppenf\/wp-content\/uploads\/2025\/11\/Anexo-3-_Ficha-Pontuacao-MESTRADO-30.06.pdf\" type=\"application\/pdf\" style=\"width:100%;height:600px\" aria-label=\"Incorporado de Anexo 3 _Ficha-Pontuacao-MESTRADO-30.06.\"><\/object><a id=\"wp-block-file--media-912eaa44-0387-4e80-bb36-d4b2715ca209\" href=\"https:\/\/pos.uel.br\/ppenf\/wp-content\/uploads\/2025\/11\/Anexo-3-_Ficha-Pontuacao-MESTRADO-30.06.pdf\">Anexo 3 _Ficha-Pontuacao-MESTRADO-30.06<\/a><a href=\"https:\/\/pos.uel.br\/ppenf\/wp-content\/uploads\/2025\/11\/Anexo-3-_Ficha-Pontuacao-MESTRADO-30.06.pdf\" class=\"wp-block-file__button wp-element-button\" download aria-describedby=\"wp-block-file--media-912eaa44-0387-4e80-bb36-d4b2715ca209\">Baixar<\/a><\/div>\n\n\n\n<div data-wp-interactive=\"core\/file\" class=\"wp-block-file\"><object data-wp-bind--hidden=\"!state.hasPdfPreview\" hidden class=\"wp-block-file__embed\" data=\"https:\/\/pos.uel.br\/ppenf\/wp-content\/uploads\/2025\/11\/Anexo-5_Formulario-Anuencia-Orientador.pdf\" type=\"application\/pdf\" style=\"width:100%;height:600px\" aria-label=\"Incorporado de Anexo 5_Formulario-Anuencia-Orientador.\"><\/object><a id=\"wp-block-file--media-e789ae06-6401-4800-aa66-b5c7b1a2719f\" href=\"https:\/\/pos.uel.br\/ppenf\/wp-content\/uploads\/2025\/11\/Anexo-5_Formulario-Anuencia-Orientador.pdf\">Anexo 5_Formulario-Anuencia-Orientador<\/a><a href=\"https:\/\/pos.uel.br\/ppenf\/wp-content\/uploads\/2025\/11\/Anexo-5_Formulario-Anuencia-Orientador.pdf\" class=\"wp-block-file__button wp-element-button\" download aria-describedby=\"wp-block-file--media-e789ae06-6401-4800-aa66-b5c7b1a2719f\">Baixar<\/a><\/div>\n\n\n\n<div data-wp-interactive=\"core\/file\" class=\"wp-block-file\"><object data-wp-bind--hidden=\"!state.hasPdfPreview\" hidden class=\"wp-block-file__embed\" data=\"https:\/\/pos.uel.br\/ppenf\/wp-content\/uploads\/2025\/11\/Anexo-6_DECLARACAO-DE-CIENCIA-INSTITUCIONAL-DE-DEDICACAO-AO-PPGENF.pdf\" type=\"application\/pdf\" style=\"width:100%;height:600px\" aria-label=\"Incorporado de Anexo 6_DECLARA\u00c7\u00c3O DE CI\u00caNCIA INSTITUCIONAL DE DEDICA\u00c7\u00c3O AO PPGENF.\"><\/object><a id=\"wp-block-file--media-0840af57-2b3d-45ae-9445-791db26af6b3\" href=\"https:\/\/pos.uel.br\/ppenf\/wp-content\/uploads\/2025\/11\/Anexo-6_DECLARACAO-DE-CIENCIA-INSTITUCIONAL-DE-DEDICACAO-AO-PPGENF.pdf\">Anexo 6_DECLARA\u00c7\u00c3O DE CI\u00caNCIA INSTITUCIONAL DE DEDICA\u00c7\u00c3O AO PPGENF<\/a><a href=\"https:\/\/pos.uel.br\/ppenf\/wp-content\/uploads\/2025\/11\/Anexo-6_DECLARACAO-DE-CIENCIA-INSTITUCIONAL-DE-DEDICACAO-AO-PPGENF.pdf\" class=\"wp-block-file__button wp-element-button\" download aria-describedby=\"wp-block-file--media-0840af57-2b3d-45ae-9445-791db26af6b3\">Baixar<\/a><\/div>\n\n\n\n<div data-wp-interactive=\"core\/file\" class=\"wp-block-file\"><object data-wp-bind--hidden=\"!state.hasPdfPreview\" hidden class=\"wp-block-file__embed\" data=\"https:\/\/pos.uel.br\/ppenf\/wp-content\/uploads\/2025\/11\/Anexo-7_DECLARACAO-DE-AUSENCIA-DE-VINCULO-EMPREGATICIO-E-COMPROMISSO-DE-DEDICACAO-EXCLUSIVA.pdf\" type=\"application\/pdf\" style=\"width:100%;height:600px\" aria-label=\"Incorporado de Anexo 7_DECLARA\u00c7\u00c3O DE AUS\u00caNCIA DE V\u00cdNCULO EMPREGAT\u00cdCIO E COMPROMISSO DE DEDICA\u00c7\u00c3O EXCLUSIVA.\"><\/object><a id=\"wp-block-file--media-cee6832a-41bb-4b90-a354-6ef021dfb1b1\" href=\"https:\/\/pos.uel.br\/ppenf\/wp-content\/uploads\/2025\/11\/Anexo-7_DECLARACAO-DE-AUSENCIA-DE-VINCULO-EMPREGATICIO-E-COMPROMISSO-DE-DEDICACAO-EXCLUSIVA.pdf\">Anexo 7_DECLARA\u00c7\u00c3O DE AUS\u00caNCIA DE V\u00cdNCULO EMPREGAT\u00cdCIO E COMPROMISSO DE DEDICA\u00c7\u00c3O EXCLUSIVA<\/a><a href=\"https:\/\/pos.uel.br\/ppenf\/wp-content\/uploads\/2025\/11\/Anexo-7_DECLARACAO-DE-AUSENCIA-DE-VINCULO-EMPREGATICIO-E-COMPROMISSO-DE-DEDICACAO-EXCLUSIVA.pdf\" class=\"wp-block-file__button wp-element-button\" download aria-describedby=\"wp-block-file--media-cee6832a-41bb-4b90-a354-6ef021dfb1b1\">Baixar<\/a><\/div>\n\n\n\n<div data-wp-interactive=\"core\/file\" class=\"wp-block-file\"><object data-wp-bind--hidden=\"!state.hasPdfPreview\" hidden class=\"wp-block-file__embed\" data=\"https:\/\/pos.uel.br\/ppenf\/wp-content\/uploads\/2025\/11\/Anexo-8_DECLARACAO-DE-AUSENCIA-DE-VINCULO-EMPREGATICIO-E-COMPROMISSO-DE-DEDICACAO-EXCLUSIVA.pdf\" type=\"application\/pdf\" style=\"width:100%;height:600px\" aria-label=\"Incorporado de Anexo 8_DECLARA\u00c7\u00c3O DE AUS\u00caNCIA DE V\u00cdNCULO EMPREGAT\u00cdCIO E COMPROMISSO DE DEDICA\u00c7\u00c3O EXCLUSIVA.\"><\/object><a id=\"wp-block-file--media-b7ce506c-895f-4675-b31c-7d4d80c95d35\" href=\"https:\/\/pos.uel.br\/ppenf\/wp-content\/uploads\/2025\/11\/Anexo-8_DECLARACAO-DE-AUSENCIA-DE-VINCULO-EMPREGATICIO-E-COMPROMISSO-DE-DEDICACAO-EXCLUSIVA.pdf\">Anexo 8_DECLARA\u00c7\u00c3O DE AUS\u00caNCIA DE V\u00cdNCULO EMPREGAT\u00cdCIO E COMPROMISSO DE DEDICA\u00c7\u00c3O EXCLUSIVA<\/a><a href=\"https:\/\/pos.uel.br\/ppenf\/wp-content\/uploads\/2025\/11\/Anexo-8_DECLARACAO-DE-AUSENCIA-DE-VINCULO-EMPREGATICIO-E-COMPROMISSO-DE-DEDICACAO-EXCLUSIVA.pdf\" class=\"wp-block-file__button wp-element-button\" download aria-describedby=\"wp-block-file--media-b7ce506c-895f-4675-b31c-7d4d80c95d35\">Baixar<\/a><\/div>\n\n\n\n<div data-wp-interactive=\"core\/file\" class=\"wp-block-file\"><object data-wp-bind--hidden=\"!state.hasPdfPreview\" hidden class=\"wp-block-file__embed\" data=\"https:\/\/pos.uel.br\/ppenf\/wp-content\/uploads\/2025\/11\/Anexo-9_DECLARACAO-DE-AUSENCIA-DE-VINCULO-EMPREGATICIO-E-COMPROMISSO-DE-DEDICACAO-EXCLUSIVA-2.pdf\" type=\"application\/pdf\" style=\"width:100%;height:600px\" aria-label=\"Incorporado de Anexo 9_DECLARA\u00c7\u00c3O DE AUS\u00caNCIA DE V\u00cdNCULO EMPREGAT\u00cdCIO E COMPROMISSO DE DEDICA\u00c7\u00c3O EXCLUSIVA.\"><\/object><a id=\"wp-block-file--media-ef70cb15-a182-443e-b60a-0e66093d0f6b\" href=\"https:\/\/pos.uel.br\/ppenf\/wp-content\/uploads\/2025\/11\/Anexo-9_DECLARACAO-DE-AUSENCIA-DE-VINCULO-EMPREGATICIO-E-COMPROMISSO-DE-DEDICACAO-EXCLUSIVA-2.pdf\">Anexo 9_DECLARA\u00c7\u00c3O DE AUS\u00caNCIA DE V\u00cdNCULO EMPREGAT\u00cdCIO E COMPROMISSO DE DEDICA\u00c7\u00c3O EXCLUSIVA<\/a><a href=\"https:\/\/pos.uel.br\/ppenf\/wp-content\/uploads\/2025\/11\/Anexo-9_DECLARACAO-DE-AUSENCIA-DE-VINCULO-EMPREGATICIO-E-COMPROMISSO-DE-DEDICACAO-EXCLUSIVA-2.pdf\" class=\"wp-block-file__button wp-element-button\" download aria-describedby=\"wp-block-file--media-ef70cb15-a182-443e-b60a-0e66093d0f6b\">Baixar<\/a><\/div>\n\n\n\n<div data-wp-interactive=\"core\/file\" class=\"wp-block-file\"><object data-wp-bind--hidden=\"!state.hasPdfPreview\" hidden class=\"wp-block-file__embed\" data=\"https:\/\/pos.uel.br\/ppenf\/wp-content\/uploads\/2025\/11\/Anexo-10_TermodeCompromissoDS_Bolsista-2.pdf\" type=\"application\/pdf\" style=\"width:100%;height:600px\" aria-label=\"Incorporado de Anexo 10_TermodeCompromissoDS_Bolsista.\"><\/object><a id=\"wp-block-file--media-d0c9d662-8bfb-4dbb-a94f-dd35f57371e9\" href=\"https:\/\/pos.uel.br\/ppenf\/wp-content\/uploads\/2025\/11\/Anexo-10_TermodeCompromissoDS_Bolsista-2.pdf\">Anexo 10_TermodeCompromissoDS_Bolsista<\/a><a href=\"https:\/\/pos.uel.br\/ppenf\/wp-content\/uploads\/2025\/11\/Anexo-10_TermodeCompromissoDS_Bolsista-2.pdf\" class=\"wp-block-file__button wp-element-button\" download aria-describedby=\"wp-block-file--media-d0c9d662-8bfb-4dbb-a94f-dd35f57371e9\">Baixar<\/a><\/div>\n\n\n\n<div data-wp-interactive=\"core\/file\" class=\"wp-block-file\"><object data-wp-bind--hidden=\"!state.hasPdfPreview\" hidden class=\"wp-block-file__embed\" data=\"https:\/\/pos.uel.br\/ppenf\/wp-content\/uploads\/2025\/11\/Anexo-11_DeclaraodeAcmulos1-Modelo-2.pdf\" type=\"application\/pdf\" style=\"width:100%;height:600px\" aria-label=\"Incorporado de Anexo 11_DeclaraodeAcmulos1 (Modelo).\"><\/object><a id=\"wp-block-file--media-f01f03f0-5598-4efe-b2ec-017a18238f56\" href=\"https:\/\/pos.uel.br\/ppenf\/wp-content\/uploads\/2025\/11\/Anexo-11_DeclaraodeAcmulos1-Modelo-2.pdf\">Anexo 11_DeclaraodeAcmulos1 (Modelo)<\/a><a href=\"https:\/\/pos.uel.br\/ppenf\/wp-content\/uploads\/2025\/11\/Anexo-11_DeclaraodeAcmulos1-Modelo-2.pdf\" class=\"wp-block-file__button wp-element-button\" download aria-describedby=\"wp-block-file--media-f01f03f0-5598-4efe-b2ec-017a18238f56\">Baixar<\/a><\/div>\n\n\n\n<p>Edital No.08\/2025 &#8211; Bolsas de Doutorado\/Mestrado 2025\/1<\/p>\n\n\n\n<p>Anexo II &#8211; Declara\u00e7\u00e3o de Anu\u00eancia do Orientador <\/p>\n\n\n\n<div class=\"wp-block-file\"><a id=\"wp-block-file--media-a5f98cc8-d763-4e95-ba87-39276c4a9932\" href=\"https:\/\/pos.uel.br\/ppenf\/wp-content\/uploads\/2025\/03\/Anexo-II_Formulario-Anuencia-Orientador-1.docx\">Anexo II_Declara\u00e7\u00e3o-Anuencia-Orientador<\/a><a href=\"https:\/\/pos.uel.br\/ppenf\/wp-content\/uploads\/2025\/03\/Anexo-II_Formulario-Anuencia-Orientador-1.docx\" class=\"wp-block-file__button wp-element-button\" download aria-describedby=\"wp-block-file--media-a5f98cc8-d763-4e95-ba87-39276c4a9932\">Baixar<\/a><\/div>\n\n\n\n<div data-wp-interactive=\"core\/file\" class=\"wp-block-file\"><object data-wp-bind--hidden=\"!state.hasPdfPreview\" hidden class=\"wp-block-file__embed\" data=\"https:\/\/pos.uel.br\/ppenf\/wp-content\/uploads\/2025\/03\/EDITAL_no.08_2025_PPGENF_UEL_Bolsas-de-D-M-6.pdf\" type=\"application\/pdf\" style=\"width:100%;height:600px\" aria-label=\"Incorporado de EDITAL_no.08_2025_PPGENF_UEL_Bolsas de D &amp; M.\"><\/object><a id=\"wp-block-file--media-8e961a9a-9d25-486b-981d-2b65956e55c0\" href=\"https:\/\/pos.uel.br\/ppenf\/wp-content\/uploads\/2025\/03\/EDITAL_no.08_2025_PPGENF_UEL_Bolsas-de-D-M-6.pdf\">EDITAL_no.08_2025_PPGENF_UEL_Bolsas de D &amp; M<\/a><a href=\"https:\/\/pos.uel.br\/ppenf\/wp-content\/uploads\/2025\/03\/EDITAL_no.08_2025_PPGENF_UEL_Bolsas-de-D-M-6.pdf\" class=\"wp-block-file__button wp-element-button\" download aria-describedby=\"wp-block-file--media-8e961a9a-9d25-486b-981d-2b65956e55c0\">Baixar<\/a><\/div>\n\n\n\n<p>RESULTADO DO EDITAL DE BOLSAS No.06\/2025<\/p>\n\n\n\n<div data-wp-interactive=\"core\/file\" class=\"wp-block-file\"><object data-wp-bind--hidden=\"!state.hasPdfPreview\" hidden class=\"wp-block-file__embed\" data=\"https:\/\/pos.uel.br\/ppenf\/wp-content\/uploads\/2025\/03\/EDITAL-No.06_2025_RESULTADO-DA-SELECAO-DA-INDICACAO-DE-BOLSISTAS.pdf\" type=\"application\/pdf\" style=\"width:100%;height:600px\" aria-label=\"Incorporado de EDITAL No.06_2025_RESULTADO DA SELE\u00c7\u00c3O DA INDICA\u00c7\u00c3O DE BOLSISTAS.\"><\/object><a id=\"wp-block-file--media-204bb8ab-a3fa-4b3d-8c79-b284a0c39df4\" href=\"https:\/\/pos.uel.br\/ppenf\/wp-content\/uploads\/2025\/03\/EDITAL-No.06_2025_RESULTADO-DA-SELECAO-DA-INDICACAO-DE-BOLSISTAS.pdf\">EDITAL No.06_2025_RESULTADO DA SELE\u00c7\u00c3O DA INDICA\u00c7\u00c3O DE BOLSISTAS<\/a><a href=\"https:\/\/pos.uel.br\/ppenf\/wp-content\/uploads\/2025\/03\/EDITAL-No.06_2025_RESULTADO-DA-SELECAO-DA-INDICACAO-DE-BOLSISTAS.pdf\" class=\"wp-block-file__button wp-element-button\" download aria-describedby=\"wp-block-file--media-204bb8ab-a3fa-4b3d-8c79-b284a0c39df4\">Baixar<\/a><\/div>\n\n\n\n<p>Chamadas de Bolsas <\/p>\n\n\n\n<div data-wp-interactive=\"core\/file\" class=\"wp-block-file\"><object data-wp-bind--hidden=\"!state.hasPdfPreview\" hidden class=\"wp-block-file__embed\" data=\"https:\/\/pos.uel.br\/ppenf\/wp-content\/uploads\/2025\/03\/EDITAL-N.05_2025_SELECAO-DE-BOLSISTA-3.pdf\" type=\"application\/pdf\" style=\"width:100%;height:600px\" aria-label=\"Incorporado de EDITAL N.05_2025_SELE\u00c7\u00c3O DE BOLSISTA.\"><\/object><a id=\"wp-block-file--media-be6103c5-fd3f-4ca4-b042-fd39a82036b3\" href=\"https:\/\/pos.uel.br\/ppenf\/wp-content\/uploads\/2025\/03\/EDITAL-N.05_2025_SELECAO-DE-BOLSISTA-3.pdf\">EDITAL N.05_2025_SELE\u00c7\u00c3O DE BOLSISTA<\/a><a href=\"https:\/\/pos.uel.br\/ppenf\/wp-content\/uploads\/2025\/03\/EDITAL-N.05_2025_SELECAO-DE-BOLSISTA-3.pdf\" class=\"wp-block-file__button wp-element-button\" download aria-describedby=\"wp-block-file--media-be6103c5-fd3f-4ca4-b042-fd39a82036b3\">Baixar<\/a><\/div>\n\n\n\n<p>Portaria Capes no.133, de 10 de julho de 2023 <a href=\"https:\/\/abmes.org.br\/legislacoes\/detalhe\/4383\/portaria-capes-n-133\">https:\/\/abmes.org.br\/legislacoes\/detalhe\/4383\/portaria-capes-n-133<\/a>ia no. 133, de 10 de julho de 2023<\/p>\n\n\n\n<p>Termo de Compromisso &#8211; Programa Demanda Social &#8211; DS <a href=\"https:\/\/www.gov.br\/capes\/pt-br\/centrais-de-conteudo\/documentos\/TermodeCompromissoDS.pdf\">https:\/\/www.gov.br\/capes\/pt-br\/centrais-de-conteudo\/documentos\/TermodeCompromissoDS.pdf<\/a><\/p>\n\n\n\n<p>Declara\u00e7\u00e3o de Ac\u00famulos <a href=\"https:\/\/www.gov.br\/capes\/pt-br\/centrais-de-conteudo\/documentos\/copy2_of_DeclaraodeAcmulos.pdf\">https:\/\/www.gov.br\/capes\/pt-br\/centrais-de-conteudo\/documentos\/copy2_of_DeclaraodeAcmulos.pdf<\/a><\/p>\n\n\n\n<h2 class=\"wp-block-heading\">RESOLU\u00c7\u00c3O_NORMAS_CRIT\u00c9RIOS_CONCESS\u00c3O DE BOLSAS_PPGENF<\/h2>\n\n\n\n<div data-wp-interactive=\"core\/file\" class=\"wp-block-file\"><object data-wp-bind--hidden=\"!state.hasPdfPreview\" hidden class=\"wp-block-file__embed\" data=\"https:\/\/pos.uel.br\/ppenf\/wp-content\/uploads\/2025\/05\/resolucao-bolsas-ppgenf_2024.2-1.pdf\" type=\"application\/pdf\" style=\"width:100%;height:600px\" aria-label=\"Incorporado de resolu\u00e7\u00e3o bolsas ppgenf_2024.2.\"><\/object><a id=\"wp-block-file--media-226ee968-784f-4e14-b9f2-29ccd1aaa410\" href=\"https:\/\/pos.uel.br\/ppenf\/wp-content\/uploads\/2025\/05\/resolucao-bolsas-ppgenf_2024.2-1.pdf\">resolu\u00e7\u00e3o bolsas ppgenf_2024.2<\/a><a href=\"https:\/\/pos.uel.br\/ppenf\/wp-content\/uploads\/2025\/05\/resolucao-bolsas-ppgenf_2024.2-1.pdf\" class=\"wp-block-file__button wp-element-button\" download aria-describedby=\"wp-block-file--media-226ee968-784f-4e14-b9f2-29ccd1aaa410\">Baixar<\/a><\/div>\n\n\n\n<div data-wp-interactive=\"core\/file\" class=\"wp-block-file\"><object data-wp-bind--hidden=\"!state.hasPdfPreview\" hidden class=\"wp-block-file__embed\" data=\"https:\/\/pos.uel.br\/ppenf\/wp-content\/uploads\/2024\/04\/RESOLUCAO_Normas_Criterios_Concessao_Bolsas_PPGENF-1.pdf\" type=\"application\/pdf\" style=\"width:100%;height:600px\" aria-label=\"Incorporado de RESOLUCAO_Normas_Criterios_Concessao_Bolsas_PPGENF-1.\"><\/object><a id=\"wp-block-file--media-a5586f4b-82c3-4abb-8add-8ea657b3098f\" href=\"https:\/\/pos.uel.br\/ppenf\/wp-content\/uploads\/2024\/04\/RESOLUCAO_Normas_Criterios_Concessao_Bolsas_PPGENF-1.pdf\">RESOLUCAO_Normas_Criterios_Concessao_Bolsas_PPGENF-1<\/a><a href=\"https:\/\/pos.uel.br\/ppenf\/wp-content\/uploads\/2024\/04\/RESOLUCAO_Normas_Criterios_Concessao_Bolsas_PPGENF-1.pdf\" class=\"wp-block-file__button wp-element-button\" download aria-describedby=\"wp-block-file--media-a5586f4b-82c3-4abb-8add-8ea657b3098f\">Baixar<\/a><\/div>\n\n\n\n<div data-wp-interactive=\"core\/file\" class=\"wp-block-file\"><object data-wp-bind--hidden=\"!state.hasPdfPreview\" hidden class=\"wp-block-file__embed\" data=\"https:\/\/pos.uel.br\/ppenf\/wp-content\/uploads\/2024\/09\/ANEXO-I_Autopontuacao__Roteiro_Curriculo-4.pdf\" type=\"application\/pdf\" style=\"width:100%;height:600px\" aria-label=\"Incorporado de ANEXO-I_Autopontuacao__Roteiro_Curriculo.\"><\/object><a id=\"wp-block-file--media-781d56f7-1fe5-4be4-a1a0-31dae9fc69dc\" href=\"https:\/\/pos.uel.br\/ppenf\/wp-content\/uploads\/2024\/09\/ANEXO-I_Autopontuacao__Roteiro_Curriculo-4.pdf\">ANEXO-I_Autopontuacao__Roteiro_Curriculo<\/a><a href=\"https:\/\/pos.uel.br\/ppenf\/wp-content\/uploads\/2024\/09\/ANEXO-I_Autopontuacao__Roteiro_Curriculo-4.pdf\" class=\"wp-block-file__button wp-element-button\" download aria-describedby=\"wp-block-file--media-781d56f7-1fe5-4be4-a1a0-31dae9fc69dc\">Baixar<\/a><\/div>\n\n\n\n<div data-wp-interactive=\"core\/file\" class=\"wp-block-file\"><object data-wp-bind--hidden=\"!state.hasPdfPreview\" hidden class=\"wp-block-file__embed\" data=\"https:\/\/pos.uel.br\/ppenf\/wp-content\/uploads\/2024\/04\/Anexo-II_Formulario-Anuencia-Orientador-1.pdf\" type=\"application\/pdf\" style=\"width:100%;height:600px\" aria-label=\"Incorporado de Anexo-II_Formulario-Anuencia-Orientador-1.\"><\/object><a id=\"wp-block-file--media-00bf7db5-edbf-45b7-9d7b-dd0e8c8646ad\" href=\"https:\/\/pos.uel.br\/ppenf\/wp-content\/uploads\/2024\/04\/Anexo-II_Formulario-Anuencia-Orientador-1.pdf\">Anexo-II_Formulario-Anuencia-Orientador-1<\/a><a href=\"https:\/\/pos.uel.br\/ppenf\/wp-content\/uploads\/2024\/04\/Anexo-II_Formulario-Anuencia-Orientador-1.pdf\" class=\"wp-block-file__button wp-element-button\" download aria-describedby=\"wp-block-file--media-00bf7db5-edbf-45b7-9d7b-dd0e8c8646ad\">Baixar<\/a><\/div>\n\n\n\n<div data-wp-interactive=\"core\/file\" class=\"wp-block-file\"><object data-wp-bind--hidden=\"!state.hasPdfPreview\" hidden class=\"wp-block-file__embed\" data=\"https:\/\/pos.uel.br\/ppenf\/wp-content\/uploads\/2024\/04\/Anexo-III_Relatorio_acompanhamento_Pos-Graduando.pdf\" type=\"application\/pdf\" style=\"width:100%;height:600px\" aria-label=\"Incorporado de Anexo-III_Relatorio_acompanhamento_Pos-Graduando.\"><\/object><a id=\"wp-block-file--media-e631c5f0-becb-40ae-a27a-ae3e83abe3db\" href=\"https:\/\/pos.uel.br\/ppenf\/wp-content\/uploads\/2024\/04\/Anexo-III_Relatorio_acompanhamento_Pos-Graduando.pdf\">Anexo-III_Relatorio_acompanhamento_Pos-Graduando<\/a><a href=\"https:\/\/pos.uel.br\/ppenf\/wp-content\/uploads\/2024\/04\/Anexo-III_Relatorio_acompanhamento_Pos-Graduando.pdf\" class=\"wp-block-file__button wp-element-button\" download aria-describedby=\"wp-block-file--media-e631c5f0-becb-40ae-a27a-ae3e83abe3db\">Baixar<\/a><\/div>\n","protected":false},"excerpt":{"rendered":"<p>Resolu\u00e7\u00e3o para distribui\u00e7\u00e3o de bolsa &#8211; INSTRU\u00c7\u00c3O DE SERVI\u00c7O PPGENF No 03\/2025 DOCUMENTOS PARA BOLSAS Edital No.08\/2025 &#8211; Bolsas de Doutorado\/Mestrado 2025\/1 Anexo II &#8211; Declara\u00e7\u00e3o de Anu\u00eancia do Orientador RESULTADO DO EDITAL DE BOLSAS No.06\/2025 Chamadas de Bolsas Portaria Capes no.133, de 10 de julho de 2023 https:\/\/abmes.org.br\/legislacoes\/detalhe\/4383\/portaria-capes-n-133ia no. 133, de 10 de julho [&hellip;]<\/p>\n","protected":false},"author":1,"featured_media":0,"parent":0,"menu_order":0,"comment_status":"closed","ping_status":"closed","template":"","meta":{"_acf_changed":false,"footnotes":""},"class_list":["post-1142","page","type-page","status-publish","hentry"],"acf":[],"_links":{"self":[{"href":"https:\/\/pos.uel.br\/ppenf\/wp-json\/wp\/v2\/pages\/1142","targetHints":{"allow":["GET"]}}],"collection":[{"href":"https:\/\/pos.uel.br\/ppenf\/wp-json\/wp\/v2\/pages"}],"about":[{"href":"https:\/\/pos.uel.br\/ppenf\/wp-json\/wp\/v2\/types\/page"}],"author":[{"embeddable":true,"href":"https:\/\/pos.uel.br\/ppenf\/wp-json\/wp\/v2\/users\/1"}],"replies":[{"embeddable":true,"href":"https:\/\/pos.uel.br\/ppenf\/wp-json\/wp\/v2\/comments?post=1142"}],"version-history":[{"count":17,"href":"https:\/\/pos.uel.br\/ppenf\/wp-json\/wp\/v2\/pages\/1142\/revisions"}],"predecessor-version":[{"id":3105,"href":"https:\/\/pos.uel.br\/ppenf\/wp-json\/wp\/v2\/pages\/1142\/revisions\/3105"}],"wp:attachment":[{"href":"https:\/\/pos.uel.br\/ppenf\/wp-json\/wp\/v2\/media?parent=1142"}],"curies":[{"name":"wp","href":"https:\/\/api.w.org\/{rel}","templated":true}]}}