{"id":105,"date":"2021-06-14T16:11:01","date_gmt":"2021-06-14T19:11:01","guid":{"rendered":"https:\/\/pos.uel.br\/ppenf\/?page_id=105"},"modified":"2025-06-30T15:25:15","modified_gmt":"2025-06-30T18:25:15","slug":"selecao-2","status":"publish","type":"page","link":"https:\/\/pos.uel.br\/ppenf\/selecao-2\/","title":{"rendered":"Sele\u00e7\u00e3o do Mestrado"},"content":{"rendered":"\n<p class=\"has-medium-font-size\">Roteiro para autopontua\u00e7\u00e3o do curr\u00edculo para vaga de <strong>Mestrado<\/strong><\/p>\n\n\n\n<div class=\"wp-block-buttons is-layout-flex wp-block-buttons-is-layout-flex\">\n<div class=\"wp-block-button alignleft\"><a class=\"wp-block-button__link wp-element-button\" href=\"https:\/\/drive.google.com\/file\/d\/1ImSu2GUVP8bFj4o-cAKHFMDGcIDDN0Co\/view?usp=drive_link\" target=\"_blank\" rel=\"noreferrer noopener\">Clique Aqui<\/a><\/div>\n<\/div>\n","protected":false},"excerpt":{"rendered":"<p>Roteiro para autopontua\u00e7\u00e3o do curr\u00edculo para vaga de Mestrado<\/p>\n","protected":false},"author":1,"featured_media":0,"parent":0,"menu_order":0,"comment_status":"closed","ping_status":"closed","template":"","meta":{"_acf_changed":false,"footnotes":""},"class_list":["post-105","page","type-page","status-publish","hentry"],"acf":[],"_links":{"self":[{"href":"https:\/\/pos.uel.br\/ppenf\/wp-json\/wp\/v2\/pages\/105","targetHints":{"allow":["GET"]}}],"collection":[{"href":"https:\/\/pos.uel.br\/ppenf\/wp-json\/wp\/v2\/pages"}],"about":[{"href":"https:\/\/pos.uel.br\/ppenf\/wp-json\/wp\/v2\/types\/page"}],"author":[{"embeddable":true,"href":"https:\/\/pos.uel.br\/ppenf\/wp-json\/wp\/v2\/users\/1"}],"replies":[{"embeddable":true,"href":"https:\/\/pos.uel.br\/ppenf\/wp-json\/wp\/v2\/comments?post=105"}],"version-history":[{"count":11,"href":"https:\/\/pos.uel.br\/ppenf\/wp-json\/wp\/v2\/pages\/105\/revisions"}],"predecessor-version":[{"id":3003,"href":"https:\/\/pos.uel.br\/ppenf\/wp-json\/wp\/v2\/pages\/105\/revisions\/3003"}],"wp:attachment":[{"href":"https:\/\/pos.uel.br\/ppenf\/wp-json\/wp\/v2\/media?parent=105"}],"curies":[{"name":"wp","href":"https:\/\/api.w.org\/{rel}","templated":true}]}}