{"id":103,"date":"2021-06-14T16:10:44","date_gmt":"2021-06-14T19:10:44","guid":{"rendered":"https:\/\/pos.uel.br\/ppenf\/?page_id=103"},"modified":"2025-06-30T15:26:34","modified_gmt":"2025-06-30T18:26:34","slug":"selecao","status":"publish","type":"page","link":"https:\/\/pos.uel.br\/ppenf\/selecao\/","title":{"rendered":"Sele\u00e7\u00e3o do Doutorado"},"content":{"rendered":"\n<p class=\"has-medium-font-size\">Roteiro para autopontua\u00e7\u00e3o do curr\u00edculo para vaga de <strong>Doutorado<\/strong><\/p>\n\n\n\n<div class=\"wp-block-buttons is-layout-flex wp-block-buttons-is-layout-flex\">\n<div class=\"wp-block-button\"><a class=\"wp-block-button__link wp-element-button\" href=\"https:\/\/drive.google.com\/file\/d\/1cBnBzIEGPJbBL11yKrLh-58bRLS8NoYe\/view?usp=drive_link\">Clique Aqui<\/a><\/div>\n<\/div>\n\n\n\n<p><\/p>\n","protected":false},"excerpt":{"rendered":"<p>Roteiro para autopontua\u00e7\u00e3o do curr\u00edculo para vaga de Doutorado<\/p>\n","protected":false},"author":1,"featured_media":0,"parent":0,"menu_order":0,"comment_status":"closed","ping_status":"closed","template":"","meta":{"_acf_changed":false,"footnotes":""},"class_list":["post-103","page","type-page","status-publish","hentry"],"acf":[],"_links":{"self":[{"href":"https:\/\/pos.uel.br\/ppenf\/wp-json\/wp\/v2\/pages\/103","targetHints":{"allow":["GET"]}}],"collection":[{"href":"https:\/\/pos.uel.br\/ppenf\/wp-json\/wp\/v2\/pages"}],"about":[{"href":"https:\/\/pos.uel.br\/ppenf\/wp-json\/wp\/v2\/types\/page"}],"author":[{"embeddable":true,"href":"https:\/\/pos.uel.br\/ppenf\/wp-json\/wp\/v2\/users\/1"}],"replies":[{"embeddable":true,"href":"https:\/\/pos.uel.br\/ppenf\/wp-json\/wp\/v2\/comments?post=103"}],"version-history":[{"count":7,"href":"https:\/\/pos.uel.br\/ppenf\/wp-json\/wp\/v2\/pages\/103\/revisions"}],"predecessor-version":[{"id":3004,"href":"https:\/\/pos.uel.br\/ppenf\/wp-json\/wp\/v2\/pages\/103\/revisions\/3004"}],"wp:attachment":[{"href":"https:\/\/pos.uel.br\/ppenf\/wp-json\/wp\/v2\/media?parent=103"}],"curies":[{"name":"wp","href":"https:\/\/api.w.org\/{rel}","templated":true}]}}