{"id":91,"date":"2025-09-11T16:16:54","date_gmt":"2025-09-11T19:16:54","guid":{"rendered":"https:\/\/pos.uel.br\/politicaegestao\/?page_id=91"},"modified":"2025-09-11T16:17:41","modified_gmt":"2025-09-11T19:17:41","slug":"selecao","status":"publish","type":"page","link":"https:\/\/pos.uel.br\/politicaegestao\/selecao\/","title":{"rendered":"Sele\u00e7\u00e3o"},"content":{"rendered":"\n<p>A sele\u00e7\u00e3o dos candidatos ser\u00e1 de responsabilidade da Comiss\u00e3o Coordenadora do Curso, ou de Comiss\u00e3o de Sele\u00e7\u00e3o por ela designada.<\/p>\n\n\n\n<p><a><strong>DO PROCESSO DE SELE\u00c7\u00c3O<\/strong><\/a><\/p>\n\n\n\n<p>A sele\u00e7\u00e3o ser\u00e1 realizada pela Comiss\u00e3o Coordenadora do Curso, com base na an\u00e1lise do curr\u00edculo documentado (dos \u00faltimos 5 anos) e da Carta de Inten\u00e7\u00e3o do(a) candidato(a). A Comiss\u00e3o poder\u00e1, ainda, incluir outros crit\u00e9rios de avalia\u00e7\u00e3o que julgar pertinentes.<\/p>\n\n\n\n<p><a><strong>N\u00daMERO DE VAGAS<\/strong><\/a><\/p>\n\n\n\n<p>Especializa\u00e7\u00e3o em Pol\u00edtica e Gest\u00e3o da Educa\u00e7\u00e3o: m\u00ednimo 10 e m\u00e1ximo 30 Vagas.<\/p>\n\n\n\n<p><a><strong>HOR\u00c1RIO DAS AULAS<\/strong><\/a><\/p>\n\n\n\n<p>\u00c0s ter\u00e7as e quintas-feiras (per\u00edodo noturno).<\/p>\n","protected":false},"excerpt":{"rendered":"<p>A sele\u00e7\u00e3o dos candidatos ser\u00e1 de responsabilidade da Comiss\u00e3o Coordenadora do Curso, ou de Comiss\u00e3o de Sele\u00e7\u00e3o por ela designada. DO PROCESSO DE SELE\u00c7\u00c3O A sele\u00e7\u00e3o ser\u00e1 realizada pela Comiss\u00e3o Coordenadora do Curso, com base na an\u00e1lise do curr\u00edculo documentado (dos \u00faltimos 5 anos) e da Carta de Inten\u00e7\u00e3o do(a) candidato(a). A Comiss\u00e3o poder\u00e1, ainda, [&hellip;]<\/p>\n","protected":false},"author":6,"featured_media":0,"parent":0,"menu_order":0,"comment_status":"closed","ping_status":"closed","template":"","meta":{"_acf_changed":false,"_themeisle_gutenberg_block_has_review":false,"footnotes":""},"class_list":["post-91","page","type-page","status-publish","hentry"],"acf":[],"_links":{"self":[{"href":"https:\/\/pos.uel.br\/politicaegestao\/wp-json\/wp\/v2\/pages\/91","targetHints":{"allow":["GET"]}}],"collection":[{"href":"https:\/\/pos.uel.br\/politicaegestao\/wp-json\/wp\/v2\/pages"}],"about":[{"href":"https:\/\/pos.uel.br\/politicaegestao\/wp-json\/wp\/v2\/types\/page"}],"author":[{"embeddable":true,"href":"https:\/\/pos.uel.br\/politicaegestao\/wp-json\/wp\/v2\/users\/6"}],"replies":[{"embeddable":true,"href":"https:\/\/pos.uel.br\/politicaegestao\/wp-json\/wp\/v2\/comments?post=91"}],"version-history":[{"count":2,"href":"https:\/\/pos.uel.br\/politicaegestao\/wp-json\/wp\/v2\/pages\/91\/revisions"}],"predecessor-version":[{"id":93,"href":"https:\/\/pos.uel.br\/politicaegestao\/wp-json\/wp\/v2\/pages\/91\/revisions\/93"}],"wp:attachment":[{"href":"https:\/\/pos.uel.br\/politicaegestao\/wp-json\/wp\/v2\/media?parent=91"}],"curies":[{"name":"wp","href":"https:\/\/api.w.org\/{rel}","templated":true}]}}