{"id":9,"date":"2025-09-09T15:34:09","date_gmt":"2025-09-09T18:34:09","guid":{"rendered":"https:\/\/pos.uel.br\/politicaegestao\/?page_id=9"},"modified":"2025-09-09T16:19:06","modified_gmt":"2025-09-09T19:19:06","slug":"sobre-o-curso","status":"publish","type":"page","link":"https:\/\/pos.uel.br\/politicaegestao\/sobre-o-curso\/","title":{"rendered":"Sobre o curso"},"content":{"rendered":"\n<p><strong>P\u00fablico Alvo<\/strong><\/p>\n\n\n\n<p>Poder\u00e3o candidatar-se ao curso portadores de diploma de curso superior licenciados em Pedagogia.<\/p>\n\n\n\n<figure class=\"wp-block-table\"><table class=\"has-fixed-layout\"><tbody><tr><td><strong>Aulas:<\/strong><\/td><td>\u00c0s Ter\u00e7as e Quintas-feiras \u2013 (per\u00edodo noturno).<\/td><\/tr><tr><td><strong>Hor\u00e1rio:<\/strong><\/td><td>Das 19 \u00e0s 23 horas<\/td><\/tr><tr><td><strong>Local das aulas:<\/strong><\/td><td>a definir<\/td><\/tr><tr><td><strong>E-mail:<\/strong><\/td><td>spg.latosensu@uel.br<\/td><\/tr><\/tbody><\/table><\/figure>\n\n\n\n<p><\/p>\n","protected":false},"excerpt":{"rendered":"<p>P\u00fablico Alvo Poder\u00e3o candidatar-se ao curso portadores de diploma de curso superior licenciados em Pedagogia. Aulas: \u00c0s Ter\u00e7as e Quintas-feiras \u2013 (per\u00edodo noturno). Hor\u00e1rio: Das 19 \u00e0s 23 horas Local das aulas: a definir E-mail: spg.latosensu@uel.br<\/p>\n","protected":false},"author":6,"featured_media":0,"parent":0,"menu_order":0,"comment_status":"closed","ping_status":"closed","template":"","meta":{"_acf_changed":false,"_themeisle_gutenberg_block_has_review":false,"footnotes":""},"class_list":["post-9","page","type-page","status-publish","hentry"],"acf":[],"_links":{"self":[{"href":"https:\/\/pos.uel.br\/politicaegestao\/wp-json\/wp\/v2\/pages\/9","targetHints":{"allow":["GET"]}}],"collection":[{"href":"https:\/\/pos.uel.br\/politicaegestao\/wp-json\/wp\/v2\/pages"}],"about":[{"href":"https:\/\/pos.uel.br\/politicaegestao\/wp-json\/wp\/v2\/types\/page"}],"author":[{"embeddable":true,"href":"https:\/\/pos.uel.br\/politicaegestao\/wp-json\/wp\/v2\/users\/6"}],"replies":[{"embeddable":true,"href":"https:\/\/pos.uel.br\/politicaegestao\/wp-json\/wp\/v2\/comments?post=9"}],"version-history":[{"count":3,"href":"https:\/\/pos.uel.br\/politicaegestao\/wp-json\/wp\/v2\/pages\/9\/revisions"}],"predecessor-version":[{"id":38,"href":"https:\/\/pos.uel.br\/politicaegestao\/wp-json\/wp\/v2\/pages\/9\/revisions\/38"}],"wp:attachment":[{"href":"https:\/\/pos.uel.br\/politicaegestao\/wp-json\/wp\/v2\/media?parent=9"}],"curies":[{"name":"wp","href":"https:\/\/api.w.org\/{rel}","templated":true}]}}