{"id":67,"date":"2025-09-11T15:05:16","date_gmt":"2025-09-11T18:05:16","guid":{"rendered":"https:\/\/pos.uel.br\/politicaegestao\/?page_id=67"},"modified":"2025-09-12T09:57:55","modified_gmt":"2025-09-12T12:57:55","slug":"emissao-de-certificado","status":"publish","type":"page","link":"https:\/\/pos.uel.br\/politicaegestao\/emissao-de-certificado\/","title":{"rendered":"Emiss\u00e3o de Certificado"},"content":{"rendered":"\n<ul class=\"wp-block-list\">\n<li>Ap\u00f3s o recebimento da Ata de Avalia\u00e7\u00e3o Final ou Defesa na PROPPG \u2013 Divis\u00e3o de Registro Acad\u00eamico, o estudante ser\u00e1 cadastrado como CONCLU\u00cdDO no Sistema Acad\u00eamico de P\u00f3s-Gradua\u00e7\u00e3o e ser\u00e3o realizados os procedimentos para emiss\u00e3o dos documentos de conclus\u00e3o de curso, sem a necessidade de que o estudante requeira.<\/li>\n\n\n\n<li>Neste per\u00edodo em que o estudante foi cadastrado como CONCLU\u00cdDO no Sistema Acad\u00eamico de P\u00f3s-Gradua\u00e7\u00e3o, ele poder\u00e1 retirar via Portal do Estudante um Atestado de Conclus\u00e3o de Curso, para utilizar temporariamente at\u00e9 que seja expedido o documento oficial (aproximadamente 30 dias para expedi\u00e7\u00e3o).<\/li>\n\n\n\n<li>Ap\u00f3s o registro do documento oficial de conclus\u00e3o de curso, n\u00e3o ser\u00e1 mais poss\u00edvel \u00e0 emiss\u00e3o do atestado, sendo que o estudante dever\u00e1 retirar no balc\u00e3o de atendimento da PROPPG o documento oficial (CERTIFICADO).<\/li>\n<\/ul>\n\n\n\n<p><\/p>\n","protected":false},"excerpt":{"rendered":"","protected":false},"author":6,"featured_media":0,"parent":0,"menu_order":0,"comment_status":"closed","ping_status":"closed","template":"","meta":{"_acf_changed":false,"_themeisle_gutenberg_block_has_review":false,"footnotes":""},"class_list":["post-67","page","type-page","status-publish","hentry"],"acf":[],"_links":{"self":[{"href":"https:\/\/pos.uel.br\/politicaegestao\/wp-json\/wp\/v2\/pages\/67","targetHints":{"allow":["GET"]}}],"collection":[{"href":"https:\/\/pos.uel.br\/politicaegestao\/wp-json\/wp\/v2\/pages"}],"about":[{"href":"https:\/\/pos.uel.br\/politicaegestao\/wp-json\/wp\/v2\/types\/page"}],"author":[{"embeddable":true,"href":"https:\/\/pos.uel.br\/politicaegestao\/wp-json\/wp\/v2\/users\/6"}],"replies":[{"embeddable":true,"href":"https:\/\/pos.uel.br\/politicaegestao\/wp-json\/wp\/v2\/comments?post=67"}],"version-history":[{"count":2,"href":"https:\/\/pos.uel.br\/politicaegestao\/wp-json\/wp\/v2\/pages\/67\/revisions"}],"predecessor-version":[{"id":100,"href":"https:\/\/pos.uel.br\/politicaegestao\/wp-json\/wp\/v2\/pages\/67\/revisions\/100"}],"wp:attachment":[{"href":"https:\/\/pos.uel.br\/politicaegestao\/wp-json\/wp\/v2\/media?parent=67"}],"curies":[{"name":"wp","href":"https:\/\/api.w.org\/{rel}","templated":true}]}}