{"id":65,"date":"2025-09-11T15:04:47","date_gmt":"2025-09-11T18:04:47","guid":{"rendered":"https:\/\/pos.uel.br\/politicaegestao\/?page_id=65"},"modified":"2025-09-12T10:10:46","modified_gmt":"2025-09-12T13:10:46","slug":"obrigacoes-do-aluno","status":"publish","type":"page","link":"https:\/\/pos.uel.br\/politicaegestao\/obrigacoes-do-aluno\/","title":{"rendered":"Obriga\u00e7\u00f5es do Aluno"},"content":{"rendered":"\n<ul class=\"wp-block-list\">\n<li>Estar atento \u00e0s informa\u00e7\u00f5es do\u00a0<a href=\"http:\/\/www.uel.br\/ceca\/spg\/pages\/arquivos\/Calendario%20das%20Atividades%20dos%20Cursos%20de%20Pos-Graduacao%20Lato%20Sensu.pdf\"><strong>Calend\u00e1rio das atividades do curso de P\u00f3s-Gradua\u00e7\u00e3o Lato Sensu<\/strong><\/a>, do Regulamento e da Resolu\u00e7\u00e3o vigente do programa (Link dispon\u00edvel no inicio desta p\u00e1gina). Estas informa\u00e7\u00f5es ajudar\u00e3o o aluno a entender os procedimentos do curso e o cumprimento dos prazos, evitando assim, aborrecimentos no decorrer de suas atividades acad\u00eamicas.<\/li>\n\n\n\n<li>O endere\u00e7o de E-mail do aluno dever\u00e1 estar sempre atualizado no Sistema UEL, pois este \u00e9 o caminho que a Secretaria de P\u00f3s\/CECA tem para se comunicar com o aluno, caso aconte\u00e7a mudan\u00e7a no endere\u00e7o eletr\u00f4nico, o aluno dever\u00e1 comunicar a Secretaria de P\u00f3s\/CECA e solicitar atualiza\u00e7\u00e3o.<\/li>\n<\/ul>\n\n\n\n<p><\/p>\n","protected":false},"excerpt":{"rendered":"","protected":false},"author":6,"featured_media":0,"parent":0,"menu_order":0,"comment_status":"closed","ping_status":"closed","template":"","meta":{"_acf_changed":false,"_themeisle_gutenberg_block_has_review":false,"footnotes":""},"class_list":["post-65","page","type-page","status-publish","hentry"],"acf":[],"_links":{"self":[{"href":"https:\/\/pos.uel.br\/politicaegestao\/wp-json\/wp\/v2\/pages\/65","targetHints":{"allow":["GET"]}}],"collection":[{"href":"https:\/\/pos.uel.br\/politicaegestao\/wp-json\/wp\/v2\/pages"}],"about":[{"href":"https:\/\/pos.uel.br\/politicaegestao\/wp-json\/wp\/v2\/types\/page"}],"author":[{"embeddable":true,"href":"https:\/\/pos.uel.br\/politicaegestao\/wp-json\/wp\/v2\/users\/6"}],"replies":[{"embeddable":true,"href":"https:\/\/pos.uel.br\/politicaegestao\/wp-json\/wp\/v2\/comments?post=65"}],"version-history":[{"count":2,"href":"https:\/\/pos.uel.br\/politicaegestao\/wp-json\/wp\/v2\/pages\/65\/revisions"}],"predecessor-version":[{"id":101,"href":"https:\/\/pos.uel.br\/politicaegestao\/wp-json\/wp\/v2\/pages\/65\/revisions\/101"}],"wp:attachment":[{"href":"https:\/\/pos.uel.br\/politicaegestao\/wp-json\/wp\/v2\/media?parent=65"}],"curies":[{"name":"wp","href":"https:\/\/api.w.org\/{rel}","templated":true}]}}