{"id":63,"date":"2025-09-11T14:50:33","date_gmt":"2025-09-11T17:50:33","guid":{"rendered":"https:\/\/pos.uel.br\/politicaegestao\/?page_id=63"},"modified":"2025-09-11T17:34:13","modified_gmt":"2025-09-11T20:34:13","slug":"recurso-e-disposicoes-finais","status":"publish","type":"page","link":"https:\/\/pos.uel.br\/politicaegestao\/recurso-e-disposicoes-finais\/","title":{"rendered":"Recurso e Disposi\u00e7\u00f5es Finais"},"content":{"rendered":"\n<p>O candidato que n\u00e3o concordar com o resultado do processo de sele\u00e7\u00e3o ter\u00e1 o prazo de 2 (dois) dias \u00fateis, a partir da data de sua divulga\u00e7\u00e3o, para a interposi\u00e7\u00e3o de recurso. A solicita\u00e7\u00e3o dever\u00e1 ser dirigida ao(a) Coordenador(a) do Curso de P\u00f3s-Gradua\u00e7\u00e3o, via e-mail:&nbsp;<a href=\"mailto:pospogeed@uel.br\"><\/a><a href=\"mailto:pospogeed@uel.br\" target=\"_blank\" rel=\"noreferrer noopener\">spg.latosensu@uel.br<\/a>.<\/p>\n\n\n\n<p>Os recursos interpostos fora de prazo n\u00e3o ser\u00e3o admitidos, nem analisados quanto ao m\u00e9rito. Os recursos dever\u00e3o estar devidamente fundamentados e as respostas aos recursos interpostos ser\u00e3o encaminhadas ao requerente via email, pela Coordena\u00e7\u00e3o do Curso de Especializa\u00e7\u00e3o em Pol\u00edtica e Gest\u00e3o da Educa\u00e7\u00e3o.<\/p>\n\n\n\n<p><a><strong>DAS DISPOSI\u00c7\u00d5ES FINAIS<\/strong><\/a><\/p>\n\n\n\n<p>Os casos omissos neste edital ser\u00e3o analisados pela Comiss\u00e3o Coordenadora do Curso de P\u00f3s-Gradua\u00e7\u00e3o em Pol\u00edtica e Gest\u00e3o da Educa\u00e7\u00e3o da UEL.<\/p>\n","protected":false},"excerpt":{"rendered":"<p>O candidato que n\u00e3o concordar com o resultado do processo de sele\u00e7\u00e3o ter\u00e1 o prazo de 2 (dois) dias \u00fateis, a partir da data de sua divulga\u00e7\u00e3o, para a interposi\u00e7\u00e3o de recurso. A solicita\u00e7\u00e3o dever\u00e1 ser dirigida ao(a) Coordenador(a) do Curso de P\u00f3s-Gradua\u00e7\u00e3o, via e-mail:&nbsp;spg.latosensu@uel.br. Os recursos interpostos fora de prazo n\u00e3o ser\u00e3o admitidos, nem [&hellip;]<\/p>\n","protected":false},"author":6,"featured_media":0,"parent":0,"menu_order":0,"comment_status":"closed","ping_status":"closed","template":"","meta":{"_acf_changed":false,"_themeisle_gutenberg_block_has_review":false,"footnotes":""},"class_list":["post-63","page","type-page","status-publish","hentry"],"acf":[],"_links":{"self":[{"href":"https:\/\/pos.uel.br\/politicaegestao\/wp-json\/wp\/v2\/pages\/63","targetHints":{"allow":["GET"]}}],"collection":[{"href":"https:\/\/pos.uel.br\/politicaegestao\/wp-json\/wp\/v2\/pages"}],"about":[{"href":"https:\/\/pos.uel.br\/politicaegestao\/wp-json\/wp\/v2\/types\/page"}],"author":[{"embeddable":true,"href":"https:\/\/pos.uel.br\/politicaegestao\/wp-json\/wp\/v2\/users\/6"}],"replies":[{"embeddable":true,"href":"https:\/\/pos.uel.br\/politicaegestao\/wp-json\/wp\/v2\/comments?post=63"}],"version-history":[{"count":2,"href":"https:\/\/pos.uel.br\/politicaegestao\/wp-json\/wp\/v2\/pages\/63\/revisions"}],"predecessor-version":[{"id":98,"href":"https:\/\/pos.uel.br\/politicaegestao\/wp-json\/wp\/v2\/pages\/63\/revisions\/98"}],"wp:attachment":[{"href":"https:\/\/pos.uel.br\/politicaegestao\/wp-json\/wp\/v2\/media?parent=63"}],"curies":[{"name":"wp","href":"https:\/\/api.w.org\/{rel}","templated":true}]}}