{"id":61,"date":"2025-09-11T14:49:47","date_gmt":"2025-09-11T17:49:47","guid":{"rendered":"https:\/\/pos.uel.br\/politicaegestao\/?page_id=61"},"modified":"2025-09-11T16:24:27","modified_gmt":"2025-09-11T19:24:27","slug":"resultado-e-convocacao-para-matricula","status":"publish","type":"page","link":"https:\/\/pos.uel.br\/politicaegestao\/resultado-e-convocacao-para-matricula\/","title":{"rendered":"Resultado e convoca\u00e7\u00e3o para Matr\u00edcula"},"content":{"rendered":"\n<p>Os\/as candidatos\/as aprovados\/as e classificados\/as ser\u00e3o convocados\/as para a efetiva\u00e7\u00e3o de matr\u00edcula por meio de\u00a0<strong>Edital\u00a0<\/strong>publicado pela Coordena\u00e7\u00e3o do Curso no endere\u00e7o\u00a0<a href=\"https:\/\/pos.uel.br\/politicaegestao\/editais\">https:\/\/pos.uel.br\/politicaegestao\/editais<\/a> e pela Pr\u00f3-Reitoria de Pesquisa e P\u00f3s-Gradua\u00e7\u00e3o em\u00a0<a href=\"https:\/\/sites.uel.br\/proppg\/categoria-edital\/pos-graduacao\/\">https:\/\/sites.uel.br\/proppg\/categoria-edital\/pos-graduacao\/<\/a>, a partir das\u00a0<strong>17h do dia 21 de julho de 2025<\/strong>.<\/p>\n\n\n\n<p>No Edital de resultado, al\u00e9m da convoca\u00e7\u00e3o para matr\u00edcula constar\u00e3o os procedimentos e prazos a serem cumpridos referentes a matr\u00edcula no portal do estudante.<\/p>\n\n\n\n<p>A matr\u00edcula est\u00e1&nbsp;<strong>prevista para ocorrer no per\u00edodo de 23 a 25 de julho de 2025<\/strong>&nbsp;e todas as etapas para sua realiza\u00e7\u00e3o ser\u00e3o detalhadas no edital de resultado e convoca\u00e7\u00e3o para matr\u00edcula.<\/p>\n\n\n\n<p><\/p>\n","protected":false},"excerpt":{"rendered":"<p>Os\/as candidatos\/as aprovados\/as e classificados\/as ser\u00e3o convocados\/as para a efetiva\u00e7\u00e3o de matr\u00edcula por meio de\u00a0Edital\u00a0publicado pela Coordena\u00e7\u00e3o do Curso no endere\u00e7o\u00a0https:\/\/pos.uel.br\/politicaegestao\/editais e pela Pr\u00f3-Reitoria de Pesquisa e P\u00f3s-Gradua\u00e7\u00e3o em\u00a0https:\/\/sites.uel.br\/proppg\/categoria-edital\/pos-graduacao\/, a partir das\u00a017h do dia 21 de julho de 2025. No Edital de resultado, al\u00e9m da convoca\u00e7\u00e3o para matr\u00edcula constar\u00e3o os procedimentos e prazos a serem [&hellip;]<\/p>\n","protected":false},"author":6,"featured_media":0,"parent":0,"menu_order":0,"comment_status":"closed","ping_status":"closed","template":"","meta":{"_acf_changed":false,"_themeisle_gutenberg_block_has_review":false,"footnotes":""},"class_list":["post-61","page","type-page","status-publish","hentry"],"acf":[],"_links":{"self":[{"href":"https:\/\/pos.uel.br\/politicaegestao\/wp-json\/wp\/v2\/pages\/61","targetHints":{"allow":["GET"]}}],"collection":[{"href":"https:\/\/pos.uel.br\/politicaegestao\/wp-json\/wp\/v2\/pages"}],"about":[{"href":"https:\/\/pos.uel.br\/politicaegestao\/wp-json\/wp\/v2\/types\/page"}],"author":[{"embeddable":true,"href":"https:\/\/pos.uel.br\/politicaegestao\/wp-json\/wp\/v2\/users\/6"}],"replies":[{"embeddable":true,"href":"https:\/\/pos.uel.br\/politicaegestao\/wp-json\/wp\/v2\/comments?post=61"}],"version-history":[{"count":3,"href":"https:\/\/pos.uel.br\/politicaegestao\/wp-json\/wp\/v2\/pages\/61\/revisions"}],"predecessor-version":[{"id":96,"href":"https:\/\/pos.uel.br\/politicaegestao\/wp-json\/wp\/v2\/pages\/61\/revisions\/96"}],"wp:attachment":[{"href":"https:\/\/pos.uel.br\/politicaegestao\/wp-json\/wp\/v2\/media?parent=61"}],"curies":[{"name":"wp","href":"https:\/\/api.w.org\/{rel}","templated":true}]}}