{"id":39,"date":"2025-09-09T16:20:12","date_gmt":"2025-09-09T19:20:12","guid":{"rendered":"https:\/\/pos.uel.br\/politicaegestao\/?page_id=39"},"modified":"2025-09-09T16:22:06","modified_gmt":"2025-09-09T19:22:06","slug":"calendario-oferta-de-turma-para-2025","status":"publish","type":"page","link":"https:\/\/pos.uel.br\/politicaegestao\/calendario-oferta-de-turma-para-2025\/","title":{"rendered":"Calend\u00e1rio oferta de turma para 2025"},"content":{"rendered":"\n<figure class=\"wp-block-table is-style-stripes has-small-font-size\"><table class=\"has-fixed-layout\"><thead><tr><th>Procedimentos<\/th><th>Datas<\/th><\/tr><\/thead><tbody><tr><td>Per\u00edodo para Requerimento de&nbsp;<strong>Isen\u00e7\u00e3o<\/strong>&nbsp;do pre\u00e7o p\u00fablico de inscri\u00e7\u00e3o: Justi\u00e7a Eleitoral e Doa\u00e7\u00e3o de Sangue<\/td><td>28 a 30\/04\/2025<\/td><\/tr><tr><td>Resultado dos pedidos de isen\u00e7\u00e3o: Justi\u00e7a Eleitoral e Doa\u00e7\u00e3o de Sangue<\/td><td>06\/05\/2025<\/td><\/tr><tr><td>Per\u00edodo de&nbsp;<strong>Recurso ao resultado da isen\u00e7\u00e3o<\/strong>: Justi\u00e7a do Eleitoral e Doa\u00e7\u00e3o de Sangue<\/td><td>07\/05\/2025<\/td><\/tr><tr><td><strong>Resultado do Recurso<\/strong>: isen\u00e7\u00e3o \u2013 Justi\u00e7a do Eleitoral e Doa\u00e7\u00e3o de Sangue<\/td><td>09\/05\/2025<\/td><\/tr><tr><td><strong>Per\u00edodo de Inscri\u00e7\u00e3o<\/strong><\/td><td><strong>13\/05 a 14\/07\/2025<\/strong><\/td><\/tr><tr><td><strong>Per\u00edodo de Sele\u00e7\u00e3o<\/strong><\/td><td><strong>15\/07 a 16\/07\/2025<\/strong><\/td><\/tr><tr><td>Divulga\u00e7\u00e3o do Edital de Resultado e Convoca\u00e7\u00e3o para Matr\u00edcula<\/td><td>21\/07\/2025<\/td><\/tr><tr><td>Per\u00edodo de Matr\u00edcula<\/td><td>23 a 25\/07\/2025<\/td><\/tr><\/tbody><\/table><\/figure>\n\n\n\n<p><strong>Aten\u00e7\u00e3o:\u00a0<\/strong>O\/A candidato\/a dever\u00e1 acompanhar os atos relativos ao processo de sele\u00e7\u00e3o dispon\u00edveis na p\u00e1gina do Curso (<a href=\"https:\/\/pos.uel.br\/politicaegestao\">https:\/\/pos.uel.br\/politicaegestao<\/a>), obrigando-se a atender aos prazos e \u00e0s condi\u00e7\u00f5es estabelecidas no presente edital e \u00e0queles que vierem a ser divulgados durante a execu\u00e7\u00e3o da sele\u00e7\u00e3o.<\/p>\n\n\n\n<p><\/p>\n","protected":false},"excerpt":{"rendered":"<p>Procedimentos Datas Per\u00edodo para Requerimento de&nbsp;Isen\u00e7\u00e3o&nbsp;do pre\u00e7o p\u00fablico de inscri\u00e7\u00e3o: Justi\u00e7a Eleitoral e Doa\u00e7\u00e3o de Sangue 28 a 30\/04\/2025 Resultado dos pedidos de isen\u00e7\u00e3o: Justi\u00e7a Eleitoral e Doa\u00e7\u00e3o de Sangue 06\/05\/2025 Per\u00edodo de&nbsp;Recurso ao resultado da isen\u00e7\u00e3o: Justi\u00e7a do Eleitoral e Doa\u00e7\u00e3o de Sangue 07\/05\/2025 Resultado do Recurso: isen\u00e7\u00e3o \u2013 Justi\u00e7a do Eleitoral e Doa\u00e7\u00e3o [&hellip;]<\/p>\n","protected":false},"author":6,"featured_media":0,"parent":0,"menu_order":0,"comment_status":"closed","ping_status":"closed","template":"","meta":{"_acf_changed":false,"_themeisle_gutenberg_block_has_review":false,"footnotes":""},"class_list":["post-39","page","type-page","status-publish","hentry"],"acf":[],"_links":{"self":[{"href":"https:\/\/pos.uel.br\/politicaegestao\/wp-json\/wp\/v2\/pages\/39","targetHints":{"allow":["GET"]}}],"collection":[{"href":"https:\/\/pos.uel.br\/politicaegestao\/wp-json\/wp\/v2\/pages"}],"about":[{"href":"https:\/\/pos.uel.br\/politicaegestao\/wp-json\/wp\/v2\/types\/page"}],"author":[{"embeddable":true,"href":"https:\/\/pos.uel.br\/politicaegestao\/wp-json\/wp\/v2\/users\/6"}],"replies":[{"embeddable":true,"href":"https:\/\/pos.uel.br\/politicaegestao\/wp-json\/wp\/v2\/comments?post=39"}],"version-history":[{"count":4,"href":"https:\/\/pos.uel.br\/politicaegestao\/wp-json\/wp\/v2\/pages\/39\/revisions"}],"predecessor-version":[{"id":44,"href":"https:\/\/pos.uel.br\/politicaegestao\/wp-json\/wp\/v2\/pages\/39\/revisions\/44"}],"wp:attachment":[{"href":"https:\/\/pos.uel.br\/politicaegestao\/wp-json\/wp\/v2\/media?parent=39"}],"curies":[{"name":"wp","href":"https:\/\/api.w.org\/{rel}","templated":true}]}}