{"id":91,"date":"2024-06-16T11:35:51","date_gmt":"2024-06-16T14:35:51","guid":{"rendered":"https:\/\/pos.uel.br\/pgmac\/?page_id=91"},"modified":"2024-07-21T10:44:47","modified_gmt":"2024-07-21T13:44:47","slug":"sobre-o-programa","status":"publish","type":"page","link":"https:\/\/pos.uel.br\/pgmac\/sobre-o-programa\/","title":{"rendered":"Sobre o programa"},"content":{"rendered":"\n<p>O Programa de P\u00f3s-Gradua\u00e7\u00e3o em Matem\u00e1tica Aplicada e Computacional (PGMAC), do Departamento de Matem\u00e1tica da Universidade Estadual de Londrina (DM-UEL), foi aprovado pela CAPES em 2006 e iniciou suas atividades em 2007. Atualmente, o programa \u00e9 avaliado pela CAPES com conceito 4. A \u00e1rea de concentra\u00e7\u00e3o do programa \u00e9 Matem\u00e1tica Aplicada com o objetivo de formar profissionais de alto n\u00edvel com t\u00edtulo de Mestre em Matem\u00e1tica Aplicada e Computacional. O p\u00fablico-alvo s\u00e3o graduados e graduandos em Matem\u00e1tica ou Estat\u00edstica e \u00e1reas correlatas como Engenharia, Ci\u00eancia da Computa\u00e7\u00e3o e F\u00edsica, desde que comprovem a conclus\u00e3o do curso de gradua\u00e7\u00e3o no ato da matr\u00edcula.<\/p>\n","protected":false},"excerpt":{"rendered":"<p>O Programa de P\u00f3s-Gradua\u00e7\u00e3o em Matem\u00e1tica Aplicada e Computacional (PGMAC), do Departamento de Matem\u00e1tica da Universidade Estadual de Londrina (DM-UEL), foi aprovado pela CAPES em 2006 e iniciou suas atividades em 2007. Atualmente, o programa \u00e9 avaliado pela CAPES com conceito 4. A \u00e1rea de concentra\u00e7\u00e3o do programa \u00e9 Matem\u00e1tica Aplicada com o objetivo de [&hellip;]<\/p>\n","protected":false},"author":6,"featured_media":0,"parent":0,"menu_order":0,"comment_status":"closed","ping_status":"closed","template":"","meta":{"_acf_changed":false,"footnotes":""},"class_list":["post-91","page","type-page","status-publish","hentry"],"acf":[],"_links":{"self":[{"href":"https:\/\/pos.uel.br\/pgmac\/wp-json\/wp\/v2\/pages\/91","targetHints":{"allow":["GET"]}}],"collection":[{"href":"https:\/\/pos.uel.br\/pgmac\/wp-json\/wp\/v2\/pages"}],"about":[{"href":"https:\/\/pos.uel.br\/pgmac\/wp-json\/wp\/v2\/types\/page"}],"author":[{"embeddable":true,"href":"https:\/\/pos.uel.br\/pgmac\/wp-json\/wp\/v2\/users\/6"}],"replies":[{"embeddable":true,"href":"https:\/\/pos.uel.br\/pgmac\/wp-json\/wp\/v2\/comments?post=91"}],"version-history":[{"count":2,"href":"https:\/\/pos.uel.br\/pgmac\/wp-json\/wp\/v2\/pages\/91\/revisions"}],"predecessor-version":[{"id":510,"href":"https:\/\/pos.uel.br\/pgmac\/wp-json\/wp\/v2\/pages\/91\/revisions\/510"}],"wp:attachment":[{"href":"https:\/\/pos.uel.br\/pgmac\/wp-json\/wp\/v2\/media?parent=91"}],"curies":[{"name":"wp","href":"https:\/\/api.w.org\/{rel}","templated":true}]}}