{"id":871,"date":"2025-01-23T16:08:09","date_gmt":"2025-01-23T19:08:09","guid":{"rendered":"https:\/\/pos.uel.br\/pgmac\/?page_id=871"},"modified":"2025-01-23T16:08:28","modified_gmt":"2025-01-23T19:08:28","slug":"profa-dra-michele-de-oliveira-alves","status":"publish","type":"page","link":"https:\/\/pos.uel.br\/pgmac\/profa-dra-michele-de-oliveira-alves\/","title":{"rendered":"Prof\u00aa. Dr\u00aa. Michele de Oliveira Alves"},"content":{"rendered":"<div class=\"wp-block-image\">\n<figure class=\"aligncenter size-full is-resized\"><img loading=\"lazy\" decoding=\"async\" width=\"153\" height=\"166\" src=\"https:\/\/pos.uel.br\/pgmac\/wp-content\/uploads\/2025\/01\/michele.jpg\" alt=\"\" class=\"wp-image-873\" style=\"width:219px;height:auto\" \/><\/figure>\n<\/div>\n\n\n<p><strong>Titula\u00e7\u00e3o:<\/strong>&nbsp;Doutorado &#8211; Universidade de S\u00e3o Paulo &#8211; 2010<\/p>\n\n\n\n<p><strong>Cargo:<\/strong>&nbsp;Professor Adjunto B \u2013 Departamento de Matem\u00e1tica &#8211; UEL<\/p>\n\n\n\n<p><strong>Bloco\/andar\/sala:<\/strong>&nbsp;Departamento de Matem\u00e1tica\/2\u00ba andar\/sala 15<\/p>\n\n\n\n<p><strong>Telefone:<\/strong>+55 (43) 3371-4226&nbsp;<strong>Ramal:<\/strong>&nbsp;4961&nbsp;<strong>Fax:<\/strong>&nbsp;+55 (43) 3371-4216<\/p>\n\n\n\n<p><strong>E-mail:<\/strong><a href=\"mailto:michelealves@uel.br\">&nbsp;michelealves@uel.br<\/a>&nbsp;(<strong>alternativo:<\/strong>&nbsp;michelealvesuel@gmail.com)<\/p>\n\n\n\n<p><a href=\"http:\/\/lattes.cnpq.br\/0590625981370775\" target=\"_blank\" rel=\"noreferrer noopener\"><strong><u>Curr\u00edculo Lattes<\/u><\/strong><\/a><\/p>\n\n\n\n<p><a href=\"http:\/\/dgp.cnpq.br\/dgp\/espelhorh\/0590625981370775\" target=\"_blank\" rel=\"noreferrer noopener\"><strong><u>Grupos CNPq<\/u><\/strong><\/a><\/p>\n\n\n\n<p><a href=\"https:\/\/pos.uel.br\/pgmac\/profa-dra-michele-de-oliveira-alves\/\" data-type=\"page\" data-id=\"871\" target=\"_blank\" rel=\"noreferrer noopener\"><strong><u>P\u00e1gina pessoal<\/u><\/strong><\/a><\/p>\n","protected":false},"excerpt":{"rendered":"<p>Titula\u00e7\u00e3o:&nbsp;Doutorado &#8211; Universidade de S\u00e3o Paulo &#8211; 2010 Cargo:&nbsp;Professor Adjunto B \u2013 Departamento de Matem\u00e1tica &#8211; UEL Bloco\/andar\/sala:&nbsp;Departamento de Matem\u00e1tica\/2\u00ba andar\/sala 15 Telefone:+55 (43) 3371-4226&nbsp;Ramal:&nbsp;4961&nbsp;Fax:&nbsp;+55 (43) 3371-4216 E-mail:&nbsp;michelealves@uel.br&nbsp;(alternativo:&nbsp;michelealvesuel@gmail.com) Curr\u00edculo Lattes Grupos CNPq P\u00e1gina pessoal<\/p>\n","protected":false},"author":6,"featured_media":0,"parent":0,"menu_order":0,"comment_status":"closed","ping_status":"closed","template":"","meta":{"_acf_changed":false,"footnotes":""},"class_list":["post-871","page","type-page","status-publish","hentry"],"acf":[],"_links":{"self":[{"href":"https:\/\/pos.uel.br\/pgmac\/wp-json\/wp\/v2\/pages\/871","targetHints":{"allow":["GET"]}}],"collection":[{"href":"https:\/\/pos.uel.br\/pgmac\/wp-json\/wp\/v2\/pages"}],"about":[{"href":"https:\/\/pos.uel.br\/pgmac\/wp-json\/wp\/v2\/types\/page"}],"author":[{"embeddable":true,"href":"https:\/\/pos.uel.br\/pgmac\/wp-json\/wp\/v2\/users\/6"}],"replies":[{"embeddable":true,"href":"https:\/\/pos.uel.br\/pgmac\/wp-json\/wp\/v2\/comments?post=871"}],"version-history":[{"count":2,"href":"https:\/\/pos.uel.br\/pgmac\/wp-json\/wp\/v2\/pages\/871\/revisions"}],"predecessor-version":[{"id":875,"href":"https:\/\/pos.uel.br\/pgmac\/wp-json\/wp\/v2\/pages\/871\/revisions\/875"}],"wp:attachment":[{"href":"https:\/\/pos.uel.br\/pgmac\/wp-json\/wp\/v2\/media?parent=871"}],"curies":[{"name":"wp","href":"https:\/\/api.w.org\/{rel}","templated":true}]}}