{"id":867,"date":"2025-01-23T16:06:34","date_gmt":"2025-01-23T19:06:34","guid":{"rendered":"https:\/\/pos.uel.br\/pgmac\/?page_id=867"},"modified":"2025-01-23T16:06:48","modified_gmt":"2025-01-23T19:06:48","slug":"prof-dr-jose-c-valencia-alvites","status":"publish","type":"page","link":"https:\/\/pos.uel.br\/pgmac\/prof-dr-jose-c-valencia-alvites\/","title":{"rendered":"Prof. Dr. Jos\u00e9 C. Valencia Alvites"},"content":{"rendered":"<div class=\"wp-block-image\">\n<figure class=\"aligncenter size-large is-resized\"><img loading=\"lazy\" decoding=\"async\" width=\"768\" height=\"1024\" src=\"https:\/\/pos.uel.br\/pgmac\/wp-content\/uploads\/2025\/01\/Jose-768x1024.jpg\" alt=\"\" class=\"wp-image-868\" style=\"width:199px;height:auto\" srcset=\"https:\/\/pos.uel.br\/pgmac\/wp-content\/uploads\/2025\/01\/Jose-768x1024.jpg 768w, https:\/\/pos.uel.br\/pgmac\/wp-content\/uploads\/2025\/01\/Jose-225x300.jpg 225w, https:\/\/pos.uel.br\/pgmac\/wp-content\/uploads\/2025\/01\/Jose.jpg 879w\" sizes=\"auto, (max-width: 768px) 100vw, 768px\" \/><\/figure>\n<\/div>\n\n\n<p><strong>Titula\u00e7\u00e3o:<\/strong>&nbsp;Doutorado &#8211; Universidade de S\u00e3o Paulo &#8211; 2006<\/p>\n\n\n\n<p><strong>Cargo:<\/strong>&nbsp;Professor Assistente Doutor &#8211; UNESP &#8211; Assis<\/p>\n\n\n\n<p><strong>E-mail:<\/strong><a href=\"mailto:jcvalencia@uel.br\">jcvalencia@uel.br<\/a><\/p>\n\n\n\n<p><a href=\"http:\/\/lattes.cnpq.br\/2811251248702870\" target=\"_blank\" rel=\"noreferrer noopener\"><strong><u>Curr\u00edculo Lattes<\/u><\/strong><\/a><\/p>\n\n\n\n<p><a href=\"http:\/\/dgp.cnpq.br\/dgp\/espelhorh\/2811251248702870\" target=\"_blank\" rel=\"noreferrer noopener\"><strong><u>Grupos CNPq<\/u><\/strong><\/a><\/p>\n\n\n\n<p><a href=\"https:\/\/pos.uel.br\/pgmac\/prof-dr-jose-c-valencia-alvites\/\" data-type=\"page\" data-id=\"867\" target=\"_blank\" rel=\"noreferrer noopener\"><strong><u>P\u00e1gina pessoal<\/u><\/strong><\/a><\/p>\n","protected":false},"excerpt":{"rendered":"<p>Titula\u00e7\u00e3o:&nbsp;Doutorado &#8211; Universidade de S\u00e3o Paulo &#8211; 2006 Cargo:&nbsp;Professor Assistente Doutor &#8211; UNESP &#8211; Assis E-mail:jcvalencia@uel.br Curr\u00edculo Lattes Grupos CNPq P\u00e1gina pessoal<\/p>\n","protected":false},"author":6,"featured_media":0,"parent":0,"menu_order":0,"comment_status":"closed","ping_status":"closed","template":"","meta":{"_acf_changed":false,"footnotes":""},"class_list":["post-867","page","type-page","status-publish","hentry"],"acf":[],"_links":{"self":[{"href":"https:\/\/pos.uel.br\/pgmac\/wp-json\/wp\/v2\/pages\/867","targetHints":{"allow":["GET"]}}],"collection":[{"href":"https:\/\/pos.uel.br\/pgmac\/wp-json\/wp\/v2\/pages"}],"about":[{"href":"https:\/\/pos.uel.br\/pgmac\/wp-json\/wp\/v2\/types\/page"}],"author":[{"embeddable":true,"href":"https:\/\/pos.uel.br\/pgmac\/wp-json\/wp\/v2\/users\/6"}],"replies":[{"embeddable":true,"href":"https:\/\/pos.uel.br\/pgmac\/wp-json\/wp\/v2\/comments?post=867"}],"version-history":[{"count":2,"href":"https:\/\/pos.uel.br\/pgmac\/wp-json\/wp\/v2\/pages\/867\/revisions"}],"predecessor-version":[{"id":870,"href":"https:\/\/pos.uel.br\/pgmac\/wp-json\/wp\/v2\/pages\/867\/revisions\/870"}],"wp:attachment":[{"href":"https:\/\/pos.uel.br\/pgmac\/wp-json\/wp\/v2\/media?parent=867"}],"curies":[{"name":"wp","href":"https:\/\/api.w.org\/{rel}","templated":true}]}}