{"id":852,"date":"2025-01-23T15:58:12","date_gmt":"2025-01-23T18:58:12","guid":{"rendered":"https:\/\/pos.uel.br\/pgmac\/?page_id=852"},"modified":"2025-01-23T15:58:13","modified_gmt":"2025-01-23T18:58:13","slug":"prof-dr-wellington-jose-correa","status":"publish","type":"page","link":"https:\/\/pos.uel.br\/pgmac\/prof-dr-wellington-jose-correa\/","title":{"rendered":"Prof. Dr. Wellington Jos\u00e9 Corr\u00eaa"},"content":{"rendered":"<div class=\"wp-block-image\">\n<figure class=\"aligncenter size-full is-resized\"><img loading=\"lazy\" decoding=\"async\" width=\"128\" height=\"128\" src=\"https:\/\/pos.uel.br\/pgmac\/wp-content\/uploads\/2025\/01\/Wellington-Correa.jpg\" alt=\"\" class=\"wp-image-853\" style=\"width:202px;height:auto\" \/><\/figure>\n<\/div>\n\n\n<p><strong>Titula\u00e7\u00e3o:<\/strong>&nbsp;Doutorado \u2013 Universidade Estadual de Maring\u00e1 \u2013 2014<\/p>\n\n\n\n<p><strong>Cargo:<\/strong>&nbsp;Professor do E. B\u00e1sico, T\u00e9cnico e Tecnol\u00f3gico \u2013 UTFPR<\/p>\n\n\n\n<p><strong>E-mail:<\/strong><a href=\"mailto:wcorrea@utfpr.edu.br\">wcorrea@utfpr.edu.br<\/a>&nbsp;(<strong>alternativo:<\/strong>&nbsp;wjcorrea@gmail.com)<\/p>\n\n\n\n<p><a href=\"http:\/\/lattes.cnpq.br\/1045931096324971\" target=\"_blank\" rel=\"noreferrer noopener\"><strong><u>Curr\u00edculo Lattes<\/u><\/strong><\/a><\/p>\n\n\n\n<p><a href=\"http:\/\/dgp.cnpq.br\/dgp\/espelhorh\/1045931096324971\" target=\"_blank\" rel=\"noreferrer noopener\"><strong><u>Grupos CNPq<\/u><\/strong><\/a><\/p>\n\n\n\n<p><a href=\"https:\/\/www.researchgate.net\/profile\/Wellington-Correa\" target=\"_blank\" rel=\"noreferrer noopener\"><strong><u>P\u00e1gina pessoal<\/u><\/strong><\/a><\/p>\n","protected":false},"excerpt":{"rendered":"<p>Titula\u00e7\u00e3o:&nbsp;Doutorado \u2013 Universidade Estadual de Maring\u00e1 \u2013 2014 Cargo:&nbsp;Professor do E. B\u00e1sico, T\u00e9cnico e Tecnol\u00f3gico \u2013 UTFPR E-mail:wcorrea@utfpr.edu.br&nbsp;(alternativo:&nbsp;wjcorrea@gmail.com) Curr\u00edculo Lattes Grupos CNPq P\u00e1gina pessoal<\/p>\n","protected":false},"author":6,"featured_media":0,"parent":0,"menu_order":0,"comment_status":"closed","ping_status":"closed","template":"","meta":{"_acf_changed":false,"footnotes":""},"class_list":["post-852","page","type-page","status-publish","hentry"],"acf":[],"_links":{"self":[{"href":"https:\/\/pos.uel.br\/pgmac\/wp-json\/wp\/v2\/pages\/852","targetHints":{"allow":["GET"]}}],"collection":[{"href":"https:\/\/pos.uel.br\/pgmac\/wp-json\/wp\/v2\/pages"}],"about":[{"href":"https:\/\/pos.uel.br\/pgmac\/wp-json\/wp\/v2\/types\/page"}],"author":[{"embeddable":true,"href":"https:\/\/pos.uel.br\/pgmac\/wp-json\/wp\/v2\/users\/6"}],"replies":[{"embeddable":true,"href":"https:\/\/pos.uel.br\/pgmac\/wp-json\/wp\/v2\/comments?post=852"}],"version-history":[{"count":1,"href":"https:\/\/pos.uel.br\/pgmac\/wp-json\/wp\/v2\/pages\/852\/revisions"}],"predecessor-version":[{"id":854,"href":"https:\/\/pos.uel.br\/pgmac\/wp-json\/wp\/v2\/pages\/852\/revisions\/854"}],"wp:attachment":[{"href":"https:\/\/pos.uel.br\/pgmac\/wp-json\/wp\/v2\/media?parent=852"}],"curies":[{"name":"wp","href":"https:\/\/api.w.org\/{rel}","templated":true}]}}