{"id":844,"date":"2025-01-23T15:51:57","date_gmt":"2025-01-23T18:51:57","guid":{"rendered":"https:\/\/pos.uel.br\/pgmac\/?page_id=844"},"modified":"2025-01-23T15:51:57","modified_gmt":"2025-01-23T18:51:57","slug":"prof-dr-tiago-v-f-santana","status":"publish","type":"page","link":"https:\/\/pos.uel.br\/pgmac\/prof-dr-tiago-v-f-santana\/","title":{"rendered":"Prof. Dr. Tiago V. F. Santana"},"content":{"rendered":"<div class=\"wp-block-image\">\n<figure class=\"aligncenter size-large is-resized\"><img loading=\"lazy\" decoding=\"async\" width=\"852\" height=\"1024\" src=\"https:\/\/pos.uel.br\/pgmac\/wp-content\/uploads\/2025\/01\/Tiago-852x1024.jpg\" alt=\"\" class=\"wp-image-845\" style=\"width:212px;height:auto\" srcset=\"https:\/\/pos.uel.br\/pgmac\/wp-content\/uploads\/2025\/01\/Tiago-852x1024.jpg 852w, https:\/\/pos.uel.br\/pgmac\/wp-content\/uploads\/2025\/01\/Tiago-250x300.jpg 250w, https:\/\/pos.uel.br\/pgmac\/wp-content\/uploads\/2025\/01\/Tiago-768x923.jpg 768w, https:\/\/pos.uel.br\/pgmac\/wp-content\/uploads\/2025\/01\/Tiago.jpg 1193w\" sizes=\"auto, (max-width: 852px) 100vw, 852px\" \/><\/figure>\n<\/div>\n\n\n<p><strong>Titula\u00e7\u00e3o:<\/strong>&nbsp;Doutorado em Estat\u00edstica \u2013 Escola Superior de Agricultura &#8220;Luiz de Queiroz&#8221; \u2013 Universidade de S\u00e3o Paulo<\/p>\n\n\n\n<p><strong>Cargo:<\/strong>&nbsp;Professor Adjunto B \u2013 Departamento de Estat\u00edstica DSTA \u2013 UEL<\/p>\n\n\n\n<p><strong>Bloco\/andar\/sala:<\/strong>&nbsp;Departamento de Estat\u00edstica\/2\u00ba andar\/sala 07<\/p>\n\n\n\n<p><strong>Telefone:<\/strong>+55 (43) 3371\u20134198&nbsp;<strong>Ramal:<\/strong>&nbsp;4198<\/p>\n\n\n\n<p><strong>E\u2013mail:<\/strong><a href=\"mailto:tiagodesantana@uel.br\">tiagodesantana@uel.br<\/a><\/p>\n\n\n\n<p><a href=\"http:\/\/lattes.cnpq.br\/4780562119539224\" target=\"_blank\" rel=\"noreferrer noopener\"><strong><u>Curr\u00edculo Lattes<\/u><\/strong><\/a><\/p>\n\n\n\n<p><a href=\"http:\/\/dgp.cnpq.br\/dgp\/espelhorh\/4780562119539224\" target=\"_blank\" rel=\"noreferrer noopener\"><strong><u>Grupos CNPq<\/u><\/strong><\/a><\/p>\n\n\n\n<p><a href=\"http:\/\/www.uel.br\/pessoal\/tiagodesantana\" target=\"_blank\" rel=\"noreferrer noopener\"><strong><u>P\u00e1gina pessoal<\/u><\/strong><\/a><\/p>\n","protected":false},"excerpt":{"rendered":"<p>Titula\u00e7\u00e3o:&nbsp;Doutorado em Estat\u00edstica \u2013 Escola Superior de Agricultura &#8220;Luiz de Queiroz&#8221; \u2013 Universidade de S\u00e3o Paulo Cargo:&nbsp;Professor Adjunto B \u2013 Departamento de Estat\u00edstica DSTA \u2013 UEL Bloco\/andar\/sala:&nbsp;Departamento de Estat\u00edstica\/2\u00ba andar\/sala 07 Telefone:+55 (43) 3371\u20134198&nbsp;Ramal:&nbsp;4198 E\u2013mail:tiagodesantana@uel.br Curr\u00edculo Lattes Grupos CNPq P\u00e1gina pessoal<\/p>\n","protected":false},"author":6,"featured_media":0,"parent":0,"menu_order":0,"comment_status":"closed","ping_status":"closed","template":"","meta":{"_acf_changed":false,"footnotes":""},"class_list":["post-844","page","type-page","status-publish","hentry"],"acf":[],"_links":{"self":[{"href":"https:\/\/pos.uel.br\/pgmac\/wp-json\/wp\/v2\/pages\/844","targetHints":{"allow":["GET"]}}],"collection":[{"href":"https:\/\/pos.uel.br\/pgmac\/wp-json\/wp\/v2\/pages"}],"about":[{"href":"https:\/\/pos.uel.br\/pgmac\/wp-json\/wp\/v2\/types\/page"}],"author":[{"embeddable":true,"href":"https:\/\/pos.uel.br\/pgmac\/wp-json\/wp\/v2\/users\/6"}],"replies":[{"embeddable":true,"href":"https:\/\/pos.uel.br\/pgmac\/wp-json\/wp\/v2\/comments?post=844"}],"version-history":[{"count":1,"href":"https:\/\/pos.uel.br\/pgmac\/wp-json\/wp\/v2\/pages\/844\/revisions"}],"predecessor-version":[{"id":846,"href":"https:\/\/pos.uel.br\/pgmac\/wp-json\/wp\/v2\/pages\/844\/revisions\/846"}],"wp:attachment":[{"href":"https:\/\/pos.uel.br\/pgmac\/wp-json\/wp\/v2\/media?parent=844"}],"curies":[{"name":"wp","href":"https:\/\/api.w.org\/{rel}","templated":true}]}}