{"id":830,"date":"2025-01-23T15:43:23","date_gmt":"2025-01-23T18:43:23","guid":{"rendered":"https:\/\/pos.uel.br\/pgmac\/?page_id=830"},"modified":"2025-01-23T15:44:17","modified_gmt":"2025-01-23T18:44:17","slug":"prof-dr-rodrigo-nunes-monteiro","status":"publish","type":"page","link":"https:\/\/pos.uel.br\/pgmac\/prof-dr-rodrigo-nunes-monteiro\/","title":{"rendered":"Prof. Dr. Rodrigo Nunes Monteiro"},"content":{"rendered":"<div class=\"wp-block-image\">\n<figure class=\"aligncenter size-full is-resized\"><img loading=\"lazy\" decoding=\"async\" width=\"709\" height=\"709\" src=\"https:\/\/pos.uel.br\/pgmac\/wp-content\/uploads\/2025\/01\/RodrigoNunes.jpg\" alt=\"\" class=\"wp-image-831\" style=\"width:265px;height:auto\" srcset=\"https:\/\/pos.uel.br\/pgmac\/wp-content\/uploads\/2025\/01\/RodrigoNunes.jpg 709w, https:\/\/pos.uel.br\/pgmac\/wp-content\/uploads\/2025\/01\/RodrigoNunes-300x300.jpg 300w, https:\/\/pos.uel.br\/pgmac\/wp-content\/uploads\/2025\/01\/RodrigoNunes-150x150.jpg 150w\" sizes=\"auto, (max-width: 709px) 100vw, 709px\" \/><\/figure>\n<\/div>\n\n\n<p><strong>Titula\u00e7\u00e3o:<\/strong>&nbsp;Doutorado &#8211; Universidade de S\u00e3o Paulo &#8211; 2016<\/p>\n\n\n\n<p><strong>Cargo:<\/strong>&nbsp;Professor Adjunto A &#8211; Departamento de Matem\u00e1tica &#8211; UEL<\/p>\n\n\n\n<p><strong>Bloco\/andar\/sala:<\/strong>&nbsp;Departamento de Matem\u00e1tica\/2\u00ba andar\/sala 17<\/p>\n\n\n\n<p><strong>Telefone:<\/strong>+55 (43) 3371-4226\u00a0<strong>Ramal:<\/strong>\u00a04959<strong><br><br>\u00a0\u00a0\u00a0<strong>E-mail:<\/strong><a href=\"mailto:monteirorn@uel.br\">monteirorn@uel.br<\/a><br><br>\u00a0\u00a0\u00a0<a href=\"http:\/\/lattes.cnpq.br\/2738024830225716\" target=\"_blank\" rel=\"noreferrer noopener\"><strong><u>Curr\u00edculo Lattes<\/u><\/strong><\/a><br><br>\u00a0\u00a0\u00a0<a href=\"http:\/\/dgp.cnpq.br\/dgp\/espelhorh\/2738024830225716\" target=\"_blank\" rel=\"noreferrer noopener\"><strong><u>Grupos CNPq<\/u><\/strong><\/a><\/strong><\/p>\n\n\n\n<p><a href=\"https:\/\/pos.uel.br\/pgmac\/prof-dr-rodrigo-nunes-monteiro\/\" data-type=\"page\" data-id=\"830\"><strong>  P\u00e1gina Pessoal<\/strong><\/a><\/p>\n\n\n\n<p><\/p>\n","protected":false},"excerpt":{"rendered":"<p>Titula\u00e7\u00e3o:&nbsp;Doutorado &#8211; Universidade de S\u00e3o Paulo &#8211; 2016 Cargo:&nbsp;Professor Adjunto A &#8211; Departamento de Matem\u00e1tica &#8211; UEL Bloco\/andar\/sala:&nbsp;Departamento de Matem\u00e1tica\/2\u00ba andar\/sala 17 Telefone:+55 (43) 3371-4226\u00a0Ramal:\u00a04959 \u00a0\u00a0\u00a0E-mail:monteirorn@uel.br \u00a0\u00a0\u00a0Curr\u00edculo Lattes \u00a0\u00a0\u00a0Grupos CNPq P\u00e1gina Pessoal<\/p>\n","protected":false},"author":6,"featured_media":0,"parent":0,"menu_order":0,"comment_status":"closed","ping_status":"closed","template":"","meta":{"_acf_changed":false,"footnotes":""},"class_list":["post-830","page","type-page","status-publish","hentry"],"acf":[],"_links":{"self":[{"href":"https:\/\/pos.uel.br\/pgmac\/wp-json\/wp\/v2\/pages\/830","targetHints":{"allow":["GET"]}}],"collection":[{"href":"https:\/\/pos.uel.br\/pgmac\/wp-json\/wp\/v2\/pages"}],"about":[{"href":"https:\/\/pos.uel.br\/pgmac\/wp-json\/wp\/v2\/types\/page"}],"author":[{"embeddable":true,"href":"https:\/\/pos.uel.br\/pgmac\/wp-json\/wp\/v2\/users\/6"}],"replies":[{"embeddable":true,"href":"https:\/\/pos.uel.br\/pgmac\/wp-json\/wp\/v2\/comments?post=830"}],"version-history":[{"count":3,"href":"https:\/\/pos.uel.br\/pgmac\/wp-json\/wp\/v2\/pages\/830\/revisions"}],"predecessor-version":[{"id":835,"href":"https:\/\/pos.uel.br\/pgmac\/wp-json\/wp\/v2\/pages\/830\/revisions\/835"}],"wp:attachment":[{"href":"https:\/\/pos.uel.br\/pgmac\/wp-json\/wp\/v2\/media?parent=830"}],"curies":[{"name":"wp","href":"https:\/\/api.w.org\/{rel}","templated":true}]}}