{"id":825,"date":"2025-01-23T15:40:09","date_gmt":"2025-01-23T18:40:09","guid":{"rendered":"https:\/\/pos.uel.br\/pgmac\/?page_id=825"},"modified":"2025-01-23T15:42:23","modified_gmt":"2025-01-23T18:42:23","slug":"prof-dr-paulo-laerte-natti","status":"publish","type":"page","link":"https:\/\/pos.uel.br\/pgmac\/prof-dr-paulo-laerte-natti\/","title":{"rendered":"Prof. Dr. Paulo Laerte Natti"},"content":{"rendered":"<div class=\"wp-block-image\">\n<figure class=\"aligncenter size-full\"><img loading=\"lazy\" decoding=\"async\" width=\"251\" height=\"278\" src=\"https:\/\/pos.uel.br\/pgmac\/wp-content\/uploads\/2025\/01\/paulo1.jpg\" alt=\"\" class=\"wp-image-828\" \/><\/figure>\n<\/div>\n\n\n<p><strong>Titula\u00e7\u00e3o:<\/strong>&nbsp;Doutorado &#8211; Instituto de F\u00edsica (USP) \u2013 1995<br>&nbsp;&nbsp;&nbsp;&nbsp;&nbsp;&nbsp;&nbsp;&nbsp; &nbsp;&nbsp;&nbsp;&nbsp;&nbsp;&nbsp;&nbsp;&nbsp; P\u00f3s-Doutorado \u2013 Instituto de F\u00edsica Te\u00f3rica (UNESP) &#8211; 1996<\/p>\n\n\n\n<p><strong>Cargo:<\/strong>&nbsp;Professor Associado B \u2013 Departamento de Matem\u00e1tica &#8211; UEL<\/p>\n\n\n\n<p><strong>Bloco\/andar\/sala:<\/strong>&nbsp;Departamento de Matem\u00e1tica\/2\u00ba andar\/sala 22<\/p>\n\n\n\n<p><strong>Telefone:<\/strong>+55 (43) 3371-4226&nbsp;<strong>Ramal:<\/strong>&nbsp;4954&nbsp;<strong>Fax:<\/strong>&nbsp;+55 (43) 3371-4216<\/p>\n\n\n\n<p><strong>E-mail:<\/strong><a href=\"mailto:plnatti@uel.br\">&nbsp;plnatti@uel.br<\/a><\/p>\n\n\n\n<p><a href=\"http:\/\/lattes.cnpq.br\/9638679509810719\" target=\"_blank\" rel=\"noreferrer noopener\"><strong><u>Curr\u00edculo Lattes<\/u><\/strong><\/a><\/p>\n\n\n\n<p><a href=\"http:\/\/dgp.cnpq.br\/dgp\/espelhorh\/9638679509810719\" target=\"_blank\" rel=\"noreferrer noopener\"><strong><u>Grupos CNPq<\/u><\/strong><\/a><\/p>\n\n\n\n<p><a href=\"http:\/\/www.uel.br\/pessoal\/plnatti\/\" target=\"_blank\" rel=\"noreferrer noopener\"><strong><u>P\u00e1gina Pessoal<\/u><\/strong><\/a><\/p>\n\n\n\n<p><a href=\"https:\/\/www.uel.br\/laboratorios\/labsan\/perfilPaulo.html\" data-type=\"link\" data-id=\"https:\/\/www.uel.br\/laboratorios\/labsan\/perfilPaulo.html\" target=\"_blank\" rel=\"noreferrer noopener\">P\u00e1gina Pessoal<\/a><\/p>\n\n\n\n<p><\/p>\n","protected":false},"excerpt":{"rendered":"<p>Titula\u00e7\u00e3o:&nbsp;Doutorado &#8211; Instituto de F\u00edsica (USP) \u2013 1995&nbsp;&nbsp;&nbsp;&nbsp;&nbsp;&nbsp;&nbsp;&nbsp; &nbsp;&nbsp;&nbsp;&nbsp;&nbsp;&nbsp;&nbsp;&nbsp; P\u00f3s-Doutorado \u2013 Instituto de F\u00edsica Te\u00f3rica (UNESP) &#8211; 1996 Cargo:&nbsp;Professor Associado B \u2013 Departamento de Matem\u00e1tica &#8211; UEL Bloco\/andar\/sala:&nbsp;Departamento de Matem\u00e1tica\/2\u00ba andar\/sala 22 Telefone:+55 (43) 3371-4226&nbsp;Ramal:&nbsp;4954&nbsp;Fax:&nbsp;+55 (43) 3371-4216 E-mail:&nbsp;plnatti@uel.br Curr\u00edculo Lattes Grupos CNPq P\u00e1gina Pessoal P\u00e1gina Pessoal<\/p>\n","protected":false},"author":6,"featured_media":0,"parent":0,"menu_order":0,"comment_status":"closed","ping_status":"closed","template":"","meta":{"_acf_changed":false,"footnotes":""},"class_list":["post-825","page","type-page","status-publish","hentry"],"acf":[],"_links":{"self":[{"href":"https:\/\/pos.uel.br\/pgmac\/wp-json\/wp\/v2\/pages\/825","targetHints":{"allow":["GET"]}}],"collection":[{"href":"https:\/\/pos.uel.br\/pgmac\/wp-json\/wp\/v2\/pages"}],"about":[{"href":"https:\/\/pos.uel.br\/pgmac\/wp-json\/wp\/v2\/types\/page"}],"author":[{"embeddable":true,"href":"https:\/\/pos.uel.br\/pgmac\/wp-json\/wp\/v2\/users\/6"}],"replies":[{"embeddable":true,"href":"https:\/\/pos.uel.br\/pgmac\/wp-json\/wp\/v2\/comments?post=825"}],"version-history":[{"count":2,"href":"https:\/\/pos.uel.br\/pgmac\/wp-json\/wp\/v2\/pages\/825\/revisions"}],"predecessor-version":[{"id":829,"href":"https:\/\/pos.uel.br\/pgmac\/wp-json\/wp\/v2\/pages\/825\/revisions\/829"}],"wp:attachment":[{"href":"https:\/\/pos.uel.br\/pgmac\/wp-json\/wp\/v2\/media?parent=825"}],"curies":[{"name":"wp","href":"https:\/\/api.w.org\/{rel}","templated":true}]}}