{"id":814,"date":"2025-01-23T15:33:08","date_gmt":"2025-01-23T18:33:08","guid":{"rendered":"https:\/\/pos.uel.br\/pgmac\/?page_id=814"},"modified":"2025-01-23T15:33:08","modified_gmt":"2025-01-23T18:33:08","slug":"profa-dra-neyva-maria-lopes-romeiro","status":"publish","type":"page","link":"https:\/\/pos.uel.br\/pgmac\/profa-dra-neyva-maria-lopes-romeiro\/","title":{"rendered":"Prof\u00aa. Dr\u00aa. Neyva Maria Lopes Romeiro"},"content":{"rendered":"<div class=\"wp-block-image\">\n<figure class=\"aligncenter size-full is-resized\"><img loading=\"lazy\" decoding=\"async\" width=\"953\" height=\"933\" src=\"https:\/\/pos.uel.br\/pgmac\/wp-content\/uploads\/2025\/01\/neyva.jpg\" alt=\"\" class=\"wp-image-815\" style=\"width:271px;height:auto\" srcset=\"https:\/\/pos.uel.br\/pgmac\/wp-content\/uploads\/2025\/01\/neyva.jpg 953w, https:\/\/pos.uel.br\/pgmac\/wp-content\/uploads\/2025\/01\/neyva-300x294.jpg 300w, https:\/\/pos.uel.br\/pgmac\/wp-content\/uploads\/2025\/01\/neyva-768x752.jpg 768w\" sizes=\"auto, (max-width: 953px) 100vw, 953px\" \/><\/figure>\n<\/div>\n\n\n<p><strong>Titula\u00e7\u00e3o:<\/strong>\u00a0Doutorado &#8211; Universidade Federal do Rio de Janeiro \u2013 2003<br>\u00a0\u00a0\u00a0\u00a0\u00a0\u00a0\u00a0\u00a0 \u00a0\u00a0\u00a0\u00a0\u00a0\u00a0\u00a0\u00a0\u00a0\u00a0P\u00f3s-Doutorado \u2013 Universitat Polit\u00e9cnica de Catalunya &#8211; 2010<\/p>\n\n\n\n<p><strong>Cargo:<\/strong>&nbsp;Professor Associado C \u2013 Departamento de Matem\u00e1tica &#8211; UEL<br><strong>Editora-Chefe:<\/strong>&nbsp;Revista Semina: Ci\u00eancias Exatas e Tecnol\u00f3gicas<\/p>\n\n\n\n<p><strong>Bloco\/andar\/sala:<\/strong>&nbsp;Departamento de Matem\u00e1tica\/2\u00ba andar\/sala 22<\/p>\n\n\n\n<p><strong>Telefone:<\/strong>+55 (43) 3371-4226&nbsp;<strong>Ramal:<\/strong>&nbsp;4954&nbsp;<strong>Fax:<\/strong>&nbsp;+55 (43) 3371-4216<\/p>\n\n\n\n<p><strong>E-mail:<\/strong><a href=\"mailto:nromeiro@uel.br\">&nbsp;nromeiro@uel.br<\/a>&nbsp;(<strong>alternativo:<\/strong>&nbsp;nromeiro@gmail.com)<\/p>\n\n\n\n<p><a href=\"http:\/\/lattes.cnpq.br\/4461273355568982\" target=\"_blank\" rel=\"noreferrer noopener\"><strong><u>Curr\u00edculo Lattes<\/u><\/strong><\/a><\/p>\n\n\n\n<p><a href=\"http:\/\/dgp.cnpq.br\/dgp\/espelhorh\/4461273355568982\" target=\"_blank\" rel=\"noreferrer noopener\"><strong><u>Grupos CNPq<\/u><\/strong><\/a><\/p>\n\n\n\n<p><a href=\"https:\/\/www.uel.br\/laboratorios\/labsan\/perfilNeyva.html\" target=\"_blank\" rel=\"noreferrer noopener\"><strong><u>P\u00e1gina pessoal<\/u><\/strong><\/a><\/p>\n","protected":false},"excerpt":{"rendered":"<p>Titula\u00e7\u00e3o:\u00a0Doutorado &#8211; Universidade Federal do Rio de Janeiro \u2013 2003\u00a0\u00a0\u00a0\u00a0\u00a0\u00a0\u00a0\u00a0 \u00a0\u00a0\u00a0\u00a0\u00a0\u00a0\u00a0\u00a0\u00a0\u00a0P\u00f3s-Doutorado \u2013 Universitat Polit\u00e9cnica de Catalunya &#8211; 2010 Cargo:&nbsp;Professor Associado C \u2013 Departamento de Matem\u00e1tica &#8211; UELEditora-Chefe:&nbsp;Revista Semina: Ci\u00eancias Exatas e Tecnol\u00f3gicas Bloco\/andar\/sala:&nbsp;Departamento de Matem\u00e1tica\/2\u00ba andar\/sala 22 Telefone:+55 (43) 3371-4226&nbsp;Ramal:&nbsp;4954&nbsp;Fax:&nbsp;+55 (43) 3371-4216 E-mail:&nbsp;nromeiro@uel.br&nbsp;(alternativo:&nbsp;nromeiro@gmail.com) Curr\u00edculo Lattes Grupos CNPq P\u00e1gina pessoal<\/p>\n","protected":false},"author":6,"featured_media":0,"parent":0,"menu_order":0,"comment_status":"closed","ping_status":"closed","template":"","meta":{"_acf_changed":false,"footnotes":""},"class_list":["post-814","page","type-page","status-publish","hentry"],"acf":[],"_links":{"self":[{"href":"https:\/\/pos.uel.br\/pgmac\/wp-json\/wp\/v2\/pages\/814","targetHints":{"allow":["GET"]}}],"collection":[{"href":"https:\/\/pos.uel.br\/pgmac\/wp-json\/wp\/v2\/pages"}],"about":[{"href":"https:\/\/pos.uel.br\/pgmac\/wp-json\/wp\/v2\/types\/page"}],"author":[{"embeddable":true,"href":"https:\/\/pos.uel.br\/pgmac\/wp-json\/wp\/v2\/users\/6"}],"replies":[{"embeddable":true,"href":"https:\/\/pos.uel.br\/pgmac\/wp-json\/wp\/v2\/comments?post=814"}],"version-history":[{"count":1,"href":"https:\/\/pos.uel.br\/pgmac\/wp-json\/wp\/v2\/pages\/814\/revisions"}],"predecessor-version":[{"id":816,"href":"https:\/\/pos.uel.br\/pgmac\/wp-json\/wp\/v2\/pages\/814\/revisions\/816"}],"wp:attachment":[{"href":"https:\/\/pos.uel.br\/pgmac\/wp-json\/wp\/v2\/media?parent=814"}],"curies":[{"name":"wp","href":"https:\/\/api.w.org\/{rel}","templated":true}]}}