{"id":809,"date":"2025-01-23T15:30:14","date_gmt":"2025-01-23T18:30:14","guid":{"rendered":"https:\/\/pos.uel.br\/pgmac\/?page_id=809"},"modified":"2025-01-23T15:30:37","modified_gmt":"2025-01-23T18:30:37","slug":"profa-dra-mariana-ragassi-urbano","status":"publish","type":"page","link":"https:\/\/pos.uel.br\/pgmac\/profa-dra-mariana-ragassi-urbano\/","title":{"rendered":"Prof\u00aa. Dr\u00aa. Mariana Ragassi Urbano"},"content":{"rendered":"<div class=\"wp-block-image\">\n<figure class=\"aligncenter size-full is-resized\"><img loading=\"lazy\" decoding=\"async\" width=\"493\" height=\"804\" src=\"https:\/\/pos.uel.br\/pgmac\/wp-content\/uploads\/2025\/01\/Mariana.jpeg\" alt=\"\" class=\"wp-image-810\" style=\"width:194px;height:auto\" srcset=\"https:\/\/pos.uel.br\/pgmac\/wp-content\/uploads\/2025\/01\/Mariana.jpeg 493w, https:\/\/pos.uel.br\/pgmac\/wp-content\/uploads\/2025\/01\/Mariana-184x300.jpeg 184w\" sizes=\"auto, (max-width: 493px) 100vw, 493px\" \/><\/figure>\n<\/div>\n\n\n<p><strong>Titula\u00e7\u00e3o:<\/strong>&nbsp;Doutorado &#8211; Universidade de S\u00e3o Paulo &#8211; Escola Superior de Agricultura &#8220;Luiz de Queiroz&#8221; &#8211; 2012<\/p>\n\n\n\n<p><strong>Cargo:<\/strong>&nbsp;Professora Adjunta C &#8211; Departamento de Estat\u00edstica &#8211; UEL<\/p>\n\n\n\n<p><strong>Bloco\/andar\/sala:<\/strong>&nbsp;Departamento de Estat\u00edstica\/1\u00ba andar\/sala 14<\/p>\n\n\n\n<p><strong>Telefone:<\/strong>&nbsp;+55 (43) 3371-4848&nbsp;<strong>Ramal:<\/strong>&nbsp;4848<\/p>\n\n\n\n<p><strong>E-mail:<\/strong><a href=\"mailto:mrurbano@uel.br\">mrurbano@uel.br<\/a><\/p>\n\n\n\n<p><a href=\"http:\/\/lattes.cnpq.br\/3775998488185976\" target=\"_blank\" rel=\"noreferrer noopener\"><strong><u>Curr\u00edculo Lattes<\/u><\/strong><\/a><\/p>\n\n\n\n<p><a href=\"http:\/\/dgp.cnpq.br\/dgp\/espelhogrupo\/222940\" target=\"_blank\" rel=\"noreferrer noopener\"><strong><u>Grupos CNPq<\/u><\/strong><\/a><\/p>\n\n\n\n<p><a href=\"https:\/\/pos.uel.br\/pgmac\/profa-dra-mariana-ragassi-urbano\/\" data-type=\"page\" data-id=\"809\" target=\"_blank\" rel=\"noreferrer noopener\"><strong><u>P\u00e1gina pessoal<\/u><\/strong><\/a><\/p>\n","protected":false},"excerpt":{"rendered":"<p>Titula\u00e7\u00e3o:&nbsp;Doutorado &#8211; Universidade de S\u00e3o Paulo &#8211; Escola Superior de Agricultura &#8220;Luiz de Queiroz&#8221; &#8211; 2012 Cargo:&nbsp;Professora Adjunta C &#8211; Departamento de Estat\u00edstica &#8211; UEL Bloco\/andar\/sala:&nbsp;Departamento de Estat\u00edstica\/1\u00ba andar\/sala 14 Telefone:&nbsp;+55 (43) 3371-4848&nbsp;Ramal:&nbsp;4848 E-mail:mrurbano@uel.br Curr\u00edculo Lattes Grupos CNPq P\u00e1gina pessoal<\/p>\n","protected":false},"author":6,"featured_media":0,"parent":0,"menu_order":0,"comment_status":"closed","ping_status":"closed","template":"","meta":{"_acf_changed":false,"footnotes":""},"class_list":["post-809","page","type-page","status-publish","hentry"],"acf":[],"_links":{"self":[{"href":"https:\/\/pos.uel.br\/pgmac\/wp-json\/wp\/v2\/pages\/809","targetHints":{"allow":["GET"]}}],"collection":[{"href":"https:\/\/pos.uel.br\/pgmac\/wp-json\/wp\/v2\/pages"}],"about":[{"href":"https:\/\/pos.uel.br\/pgmac\/wp-json\/wp\/v2\/types\/page"}],"author":[{"embeddable":true,"href":"https:\/\/pos.uel.br\/pgmac\/wp-json\/wp\/v2\/users\/6"}],"replies":[{"embeddable":true,"href":"https:\/\/pos.uel.br\/pgmac\/wp-json\/wp\/v2\/comments?post=809"}],"version-history":[{"count":2,"href":"https:\/\/pos.uel.br\/pgmac\/wp-json\/wp\/v2\/pages\/809\/revisions"}],"predecessor-version":[{"id":812,"href":"https:\/\/pos.uel.br\/pgmac\/wp-json\/wp\/v2\/pages\/809\/revisions\/812"}],"wp:attachment":[{"href":"https:\/\/pos.uel.br\/pgmac\/wp-json\/wp\/v2\/media?parent=809"}],"curies":[{"name":"wp","href":"https:\/\/api.w.org\/{rel}","templated":true}]}}