{"id":804,"date":"2025-01-23T15:27:59","date_gmt":"2025-01-23T18:27:59","guid":{"rendered":"https:\/\/pos.uel.br\/pgmac\/?page_id=804"},"modified":"2025-01-23T15:28:00","modified_gmt":"2025-01-23T18:28:00","slug":"prof-dr-eliandro-rodrigues-cirilo","status":"publish","type":"page","link":"https:\/\/pos.uel.br\/pgmac\/prof-dr-eliandro-rodrigues-cirilo\/","title":{"rendered":"Prof. Dr. Eliandro Rodrigues Cirilo"},"content":{"rendered":"<div class=\"wp-block-image\">\n<figure class=\"aligncenter size-large is-resized\"><img loading=\"lazy\" decoding=\"async\" width=\"1024\" height=\"1011\" src=\"https:\/\/pos.uel.br\/pgmac\/wp-content\/uploads\/2025\/01\/eliandro-1024x1011.jpg\" alt=\"\" class=\"wp-image-805\" style=\"width:283px;height:auto\" srcset=\"https:\/\/pos.uel.br\/pgmac\/wp-content\/uploads\/2025\/01\/eliandro-1024x1011.jpg 1024w, https:\/\/pos.uel.br\/pgmac\/wp-content\/uploads\/2025\/01\/eliandro-300x296.jpg 300w, https:\/\/pos.uel.br\/pgmac\/wp-content\/uploads\/2025\/01\/eliandro-768x758.jpg 768w, https:\/\/pos.uel.br\/pgmac\/wp-content\/uploads\/2025\/01\/eliandro-1536x1516.jpg 1536w, https:\/\/pos.uel.br\/pgmac\/wp-content\/uploads\/2025\/01\/eliandro.jpg 1841w\" sizes=\"auto, (max-width: 1024px) 100vw, 1024px\" \/><\/figure>\n<\/div>\n\n\n<p><strong>Titula\u00e7\u00e3o:<\/strong>&nbsp;Doutorado &#8211; Universidade de S\u00e3o Paulo &#8211; 2012<\/p>\n\n\n\n<p><strong>Cargo:<\/strong>&nbsp;Professor Adjunto C \u2013 Departamento de Matem\u00e1tica &#8211; UEL<\/p>\n\n\n\n<p><strong>Bloco\/andar\/sala:<\/strong>&nbsp;Departamento de Matem\u00e1tica\/2\u00ba andar\/sala 22<\/p>\n\n\n\n<p><strong>Telefone:<\/strong>+55 (43) 3371-4226&nbsp;<strong>Ramal:<\/strong>&nbsp;4954&nbsp;<strong>Fax:<\/strong>&nbsp;+55 (43) 3371-4256<\/p>\n\n\n\n<p><strong>E-mail:<\/strong><a href=\"mailto:ercirilo@uel.br\">&nbsp;ercirilo@uel.br<\/a>&nbsp;(<strong>alternativo:<\/strong>&nbsp;eliandro.cirilo@gmail.com)<\/p>\n\n\n\n<p><a href=\"http:\/\/lattes.cnpq.br\/4013438197275949\" target=\"_blank\" rel=\"noreferrer noopener\"><strong><u>Curr\u00edculo Lattes<\/u><\/strong><\/a><\/p>\n\n\n\n<p><a href=\"http:\/\/dgp.cnpq.br\/dgp\/espelhorh\/4013438197275949\" target=\"_blank\" rel=\"noreferrer noopener\"><strong><u>Grupos CNPq<\/u><\/strong><\/a><\/p>\n\n\n\n<p><a href=\"http:\/\/www.uel.br\/pessoal\/ercirilo\/\" target=\"_blank\" rel=\"noreferrer noopener\"><strong><u>P\u00e1gina pessoal<\/u><\/strong><\/a><\/p>\n","protected":false},"excerpt":{"rendered":"<p>Titula\u00e7\u00e3o:&nbsp;Doutorado &#8211; Universidade de S\u00e3o Paulo &#8211; 2012 Cargo:&nbsp;Professor Adjunto C \u2013 Departamento de Matem\u00e1tica &#8211; UEL Bloco\/andar\/sala:&nbsp;Departamento de Matem\u00e1tica\/2\u00ba andar\/sala 22 Telefone:+55 (43) 3371-4226&nbsp;Ramal:&nbsp;4954&nbsp;Fax:&nbsp;+55 (43) 3371-4256 E-mail:&nbsp;ercirilo@uel.br&nbsp;(alternativo:&nbsp;eliandro.cirilo@gmail.com) Curr\u00edculo Lattes Grupos CNPq P\u00e1gina pessoal<\/p>\n","protected":false},"author":6,"featured_media":0,"parent":0,"menu_order":0,"comment_status":"closed","ping_status":"closed","template":"","meta":{"_acf_changed":false,"footnotes":""},"class_list":["post-804","page","type-page","status-publish","hentry"],"acf":[],"_links":{"self":[{"href":"https:\/\/pos.uel.br\/pgmac\/wp-json\/wp\/v2\/pages\/804","targetHints":{"allow":["GET"]}}],"collection":[{"href":"https:\/\/pos.uel.br\/pgmac\/wp-json\/wp\/v2\/pages"}],"about":[{"href":"https:\/\/pos.uel.br\/pgmac\/wp-json\/wp\/v2\/types\/page"}],"author":[{"embeddable":true,"href":"https:\/\/pos.uel.br\/pgmac\/wp-json\/wp\/v2\/users\/6"}],"replies":[{"embeddable":true,"href":"https:\/\/pos.uel.br\/pgmac\/wp-json\/wp\/v2\/comments?post=804"}],"version-history":[{"count":1,"href":"https:\/\/pos.uel.br\/pgmac\/wp-json\/wp\/v2\/pages\/804\/revisions"}],"predecessor-version":[{"id":806,"href":"https:\/\/pos.uel.br\/pgmac\/wp-json\/wp\/v2\/pages\/804\/revisions\/806"}],"wp:attachment":[{"href":"https:\/\/pos.uel.br\/pgmac\/wp-json\/wp\/v2\/media?parent=804"}],"curies":[{"name":"wp","href":"https:\/\/api.w.org\/{rel}","templated":true}]}}