{"id":793,"date":"2025-01-23T15:21:03","date_gmt":"2025-01-23T18:21:03","guid":{"rendered":"https:\/\/pos.uel.br\/pgmac\/?page_id=793"},"modified":"2025-01-23T15:21:17","modified_gmt":"2025-01-23T18:21:17","slug":"profa-dra-juliana-de-oliveira","status":"publish","type":"page","link":"https:\/\/pos.uel.br\/pgmac\/profa-dra-juliana-de-oliveira\/","title":{"rendered":"Prof\u00aa. Dr\u00aa. Juliana de Oliveira"},"content":{"rendered":"<div class=\"wp-block-image\">\n<figure class=\"aligncenter size-large is-resized\"><img loading=\"lazy\" decoding=\"async\" width=\"768\" height=\"1024\" src=\"https:\/\/pos.uel.br\/pgmac\/wp-content\/uploads\/2025\/01\/Juliana-768x1024.jpg\" alt=\"\" class=\"wp-image-794\" style=\"width:192px;height:auto\" srcset=\"https:\/\/pos.uel.br\/pgmac\/wp-content\/uploads\/2025\/01\/Juliana-768x1024.jpg 768w, https:\/\/pos.uel.br\/pgmac\/wp-content\/uploads\/2025\/01\/Juliana-225x300.jpg 225w, https:\/\/pos.uel.br\/pgmac\/wp-content\/uploads\/2025\/01\/Juliana-1152x1536.jpg 1152w, https:\/\/pos.uel.br\/pgmac\/wp-content\/uploads\/2025\/01\/Juliana-1536x2048.jpg 1536w, https:\/\/pos.uel.br\/pgmac\/wp-content\/uploads\/2025\/01\/Juliana-scaled.jpg 1920w\" sizes=\"auto, (max-width: 768px) 100vw, 768px\" \/><\/figure>\n<\/div>\n\n\n<p><strong>Titula\u00e7\u00e3o:<\/strong>&nbsp;Doutorado &#8211; Universidade de S\u00e3o Paulo &#8211; 2006<\/p>\n\n\n\n<p><strong>Cargo:<\/strong>&nbsp;Professor Assistente Doutor &#8211; UNESP &#8211; Assis<\/p>\n\n\n\n<p><strong>E-mail:<\/strong><a href=\"mailto:juliana.oliveira@unesp.br\">juliana.oliveira@unesp.br<\/a><\/p>\n\n\n\n<p><a href=\"http:\/\/lattes.cnpq.br\/6014465848788018\" target=\"_blank\" rel=\"noreferrer noopener\"><strong><u>Curr\u00edculo Lattes<\/u><\/strong><\/a><\/p>\n\n\n\n<p><a href=\"http:\/\/dgp.cnpq.br\/dgp\/espelhorh\/6014465848788018\" target=\"_blank\" rel=\"noreferrer noopener\"><strong><u>Grupos CNPq<\/u><\/strong><\/a><\/p>\n\n\n\n<p><a href=\"https:\/\/pos.uel.br\/pgmac\/profa-dra-juliana-de-oliveira\/\" data-type=\"page\" data-id=\"793\" target=\"_blank\" rel=\"noreferrer noopener\"><strong><u>P\u00e1gina pessoal<\/u><\/strong><\/a><\/p>\n","protected":false},"excerpt":{"rendered":"<p>Titula\u00e7\u00e3o:&nbsp;Doutorado &#8211; Universidade de S\u00e3o Paulo &#8211; 2006 Cargo:&nbsp;Professor Assistente Doutor &#8211; UNESP &#8211; Assis E-mail:juliana.oliveira@unesp.br Curr\u00edculo Lattes Grupos CNPq P\u00e1gina pessoal<\/p>\n","protected":false},"author":6,"featured_media":0,"parent":0,"menu_order":0,"comment_status":"closed","ping_status":"closed","template":"","meta":{"_acf_changed":false,"footnotes":""},"class_list":["post-793","page","type-page","status-publish","hentry"],"acf":[],"_links":{"self":[{"href":"https:\/\/pos.uel.br\/pgmac\/wp-json\/wp\/v2\/pages\/793","targetHints":{"allow":["GET"]}}],"collection":[{"href":"https:\/\/pos.uel.br\/pgmac\/wp-json\/wp\/v2\/pages"}],"about":[{"href":"https:\/\/pos.uel.br\/pgmac\/wp-json\/wp\/v2\/types\/page"}],"author":[{"embeddable":true,"href":"https:\/\/pos.uel.br\/pgmac\/wp-json\/wp\/v2\/users\/6"}],"replies":[{"embeddable":true,"href":"https:\/\/pos.uel.br\/pgmac\/wp-json\/wp\/v2\/comments?post=793"}],"version-history":[{"count":2,"href":"https:\/\/pos.uel.br\/pgmac\/wp-json\/wp\/v2\/pages\/793\/revisions"}],"predecessor-version":[{"id":796,"href":"https:\/\/pos.uel.br\/pgmac\/wp-json\/wp\/v2\/pages\/793\/revisions\/796"}],"wp:attachment":[{"href":"https:\/\/pos.uel.br\/pgmac\/wp-json\/wp\/v2\/media?parent=793"}],"curies":[{"name":"wp","href":"https:\/\/api.w.org\/{rel}","templated":true}]}}