{"id":787,"date":"2025-01-23T15:16:39","date_gmt":"2025-01-23T18:16:39","guid":{"rendered":"https:\/\/pos.uel.br\/pgmac\/?page_id=787"},"modified":"2025-01-23T15:16:56","modified_gmt":"2025-01-23T18:16:56","slug":"prof-dr-jose-henrique-rodrigues","status":"publish","type":"page","link":"https:\/\/pos.uel.br\/pgmac\/prof-dr-jose-henrique-rodrigues\/","title":{"rendered":"Prof. Dr. Jos\u00e9 Henrique Rodrigues"},"content":{"rendered":"<div class=\"wp-block-image\">\n<figure class=\"aligncenter size-full is-resized\"><img loading=\"lazy\" decoding=\"async\" width=\"240\" height=\"320\" src=\"https:\/\/pos.uel.br\/pgmac\/wp-content\/uploads\/2025\/01\/henrique.jpg\" alt=\"\" class=\"wp-image-788\" style=\"width:191px;height:auto\" srcset=\"https:\/\/pos.uel.br\/pgmac\/wp-content\/uploads\/2025\/01\/henrique.jpg 240w, https:\/\/pos.uel.br\/pgmac\/wp-content\/uploads\/2025\/01\/henrique-225x300.jpg 225w\" sizes=\"auto, (max-width: 240px) 100vw, 240px\" \/><\/figure>\n<\/div>\n\n\n<p><strong>Titula\u00e7\u00e3o:<\/strong>&nbsp;Doutorado &#8211; Universidade Estadual de Maring\u00e1 &#8211; 2014<br>&nbsp;&nbsp;&nbsp;&nbsp;&nbsp;&nbsp;&nbsp;&nbsp; &nbsp;&nbsp;&nbsp;&nbsp;&nbsp;&nbsp;&nbsp;&nbsp; P\u00f3s-Doutorado &#8211; L.M.P.A. \/ Universit\u00e9 du Littoral C\u00f4te d\u2019Opale &#8211; 2015<\/p>\n\n\n\n<p><strong>Cargo:<\/strong>&nbsp;Professor Colaborador \u2013 Departamento de Matem\u00e1tica &#8211; UEL<\/p>\n\n\n\n<p><strong>Bloco\/andar\/sala:<\/strong>&nbsp;Departamento de Matem\u00e1tica\/2\u00ba andar\/sala 14<\/p>\n\n\n\n<p><strong>Telefone:<\/strong>+55 (43) 3371-4226&nbsp;<strong>Ramal:<\/strong>&nbsp;4937&nbsp;<strong>Fax:<\/strong>&nbsp;+55 (43) 3371-4216<\/p>\n\n\n\n<p><strong>E-mail:<\/strong><a href=\"mailto:marcioajs@uel.br\">&nbsp;jose.rodrigues@uel.br<\/a>&nbsp;(<strong>alternativo:<\/strong>&nbsp;jh.rodrigues@ymail.com)<\/p>\n\n\n\n<p><a href=\"http:\/\/lattes.cnpq.br\/3183319783837318\" target=\"_blank\" rel=\"noreferrer noopener\"><strong><u>Curr\u00edculo Lattes<\/u><\/strong><\/a><\/p>\n\n\n\n<p><a href=\"http:\/\/dgp.cnpq.br\/dgp\/espelhorh\/3183319783837318\" target=\"_blank\" rel=\"noreferrer noopener\"><strong><u>Grupos CNPq<\/u><\/strong><\/a><\/p>\n\n\n\n<p><a href=\"https:\/\/pos.uel.br\/pgmac\/prof-dr-jose-henrique-rodrigues\/\" data-type=\"page\" data-id=\"787\" target=\"_blank\" rel=\"noreferrer noopener\"><strong><u>P\u00e1gina pessoal<\/u><\/strong><\/a><\/p>\n\n\n\n<p><\/p>\n","protected":false},"excerpt":{"rendered":"<p>Titula\u00e7\u00e3o:&nbsp;Doutorado &#8211; Universidade Estadual de Maring\u00e1 &#8211; 2014&nbsp;&nbsp;&nbsp;&nbsp;&nbsp;&nbsp;&nbsp;&nbsp; &nbsp;&nbsp;&nbsp;&nbsp;&nbsp;&nbsp;&nbsp;&nbsp; P\u00f3s-Doutorado &#8211; L.M.P.A. \/ Universit\u00e9 du Littoral C\u00f4te d\u2019Opale &#8211; 2015 Cargo:&nbsp;Professor Colaborador \u2013 Departamento de Matem\u00e1tica &#8211; UEL Bloco\/andar\/sala:&nbsp;Departamento de Matem\u00e1tica\/2\u00ba andar\/sala 14 Telefone:+55 (43) 3371-4226&nbsp;Ramal:&nbsp;4937&nbsp;Fax:&nbsp;+55 (43) 3371-4216 E-mail:&nbsp;jose.rodrigues@uel.br&nbsp;(alternativo:&nbsp;jh.rodrigues@ymail.com) Curr\u00edculo Lattes Grupos CNPq P\u00e1gina pessoal<\/p>\n","protected":false},"author":6,"featured_media":0,"parent":0,"menu_order":0,"comment_status":"closed","ping_status":"closed","template":"","meta":{"_acf_changed":false,"footnotes":""},"class_list":["post-787","page","type-page","status-publish","hentry"],"acf":[],"_links":{"self":[{"href":"https:\/\/pos.uel.br\/pgmac\/wp-json\/wp\/v2\/pages\/787","targetHints":{"allow":["GET"]}}],"collection":[{"href":"https:\/\/pos.uel.br\/pgmac\/wp-json\/wp\/v2\/pages"}],"about":[{"href":"https:\/\/pos.uel.br\/pgmac\/wp-json\/wp\/v2\/types\/page"}],"author":[{"embeddable":true,"href":"https:\/\/pos.uel.br\/pgmac\/wp-json\/wp\/v2\/users\/6"}],"replies":[{"embeddable":true,"href":"https:\/\/pos.uel.br\/pgmac\/wp-json\/wp\/v2\/comments?post=787"}],"version-history":[{"count":2,"href":"https:\/\/pos.uel.br\/pgmac\/wp-json\/wp\/v2\/pages\/787\/revisions"}],"predecessor-version":[{"id":790,"href":"https:\/\/pos.uel.br\/pgmac\/wp-json\/wp\/v2\/pages\/787\/revisions\/790"}],"wp:attachment":[{"href":"https:\/\/pos.uel.br\/pgmac\/wp-json\/wp\/v2\/media?parent=787"}],"curies":[{"name":"wp","href":"https:\/\/api.w.org\/{rel}","templated":true}]}}