{"id":779,"date":"2025-01-23T15:12:47","date_gmt":"2025-01-23T18:12:47","guid":{"rendered":"https:\/\/pos.uel.br\/pgmac\/?page_id=779"},"modified":"2025-01-23T15:15:14","modified_gmt":"2025-01-23T18:15:14","slug":"prof-dr-gylles-ricardo-stroher","status":"publish","type":"page","link":"https:\/\/pos.uel.br\/pgmac\/prof-dr-gylles-ricardo-stroher\/","title":{"rendered":"Prof. Dr. Gylles Ricardo Str\u00f6her"},"content":{"rendered":"<div class=\"wp-block-image\">\n<figure class=\"aligncenter size-full is-resized\"><img loading=\"lazy\" decoding=\"async\" width=\"95\" height=\"99\" src=\"https:\/\/pos.uel.br\/pgmac\/wp-content\/uploads\/2025\/01\/semfoto.jpg\" alt=\"\" class=\"wp-image-780\" style=\"width:193px;height:auto\" \/><\/figure>\n<\/div>\n\n\n<p><strong>Titula\u00e7\u00e3o:<\/strong>&nbsp;Doutorado &#8211; Instituto Tecnol\u00f3gico de Aeron\u00e1utica &#8211; 2008<\/p>\n\n\n\n<p><strong>Telefone:<\/strong>+55 (43) 3425-6460<\/p>\n\n\n\n<p><strong>E-mail:<\/strong><a href=\"mailto:gylles@utfpr.edu.br\">&nbsp;gylles@utfpr.edu.br<\/a><\/p>\n\n\n\n<p><a href=\"http:\/\/lattes.cnpq.br\/1839299911715672\" target=\"_blank\" rel=\"noreferrer noopener\"><strong><u>Curr\u00edculo Lattes<\/u><\/strong><\/a><\/p>\n\n\n\n<p><a href=\"http:\/\/dgp.cnpq.br\/dgp\/espelhorh\/1839299911715672\" target=\"_blank\" rel=\"noreferrer noopener\"><strong><u>Grupos CNPq<\/u><\/strong><\/a><\/p>\n\n\n\n<p><a href=\"https:\/\/pos.uel.br\/pgmac\/prof-dr-gylles-ricardo-stroher\/\" data-type=\"page\" data-id=\"779\" target=\"_blank\" rel=\"noreferrer noopener\"><strong><u>P\u00e1gina pessoal<\/u><\/strong><\/a><\/p>\n\n\n\n<p><\/p>\n","protected":false},"excerpt":{"rendered":"<p>Titula\u00e7\u00e3o:&nbsp;Doutorado &#8211; Instituto Tecnol\u00f3gico de Aeron\u00e1utica &#8211; 2008 Telefone:+55 (43) 3425-6460 E-mail:&nbsp;gylles@utfpr.edu.br Curr\u00edculo Lattes Grupos CNPq P\u00e1gina pessoal<\/p>\n","protected":false},"author":6,"featured_media":0,"parent":0,"menu_order":0,"comment_status":"closed","ping_status":"closed","template":"","meta":{"_acf_changed":false,"footnotes":""},"class_list":["post-779","page","type-page","status-publish","hentry"],"acf":[],"_links":{"self":[{"href":"https:\/\/pos.uel.br\/pgmac\/wp-json\/wp\/v2\/pages\/779","targetHints":{"allow":["GET"]}}],"collection":[{"href":"https:\/\/pos.uel.br\/pgmac\/wp-json\/wp\/v2\/pages"}],"about":[{"href":"https:\/\/pos.uel.br\/pgmac\/wp-json\/wp\/v2\/types\/page"}],"author":[{"embeddable":true,"href":"https:\/\/pos.uel.br\/pgmac\/wp-json\/wp\/v2\/users\/6"}],"replies":[{"embeddable":true,"href":"https:\/\/pos.uel.br\/pgmac\/wp-json\/wp\/v2\/comments?post=779"}],"version-history":[{"count":2,"href":"https:\/\/pos.uel.br\/pgmac\/wp-json\/wp\/v2\/pages\/779\/revisions"}],"predecessor-version":[{"id":782,"href":"https:\/\/pos.uel.br\/pgmac\/wp-json\/wp\/v2\/pages\/779\/revisions\/782"}],"wp:attachment":[{"href":"https:\/\/pos.uel.br\/pgmac\/wp-json\/wp\/v2\/media?parent=779"}],"curies":[{"name":"wp","href":"https:\/\/api.w.org\/{rel}","templated":true}]}}