{"id":763,"date":"2025-01-23T15:02:38","date_gmt":"2025-01-23T18:02:38","guid":{"rendered":"https:\/\/pos.uel.br\/pgmac\/?page_id=763"},"modified":"2025-01-23T15:22:11","modified_gmt":"2025-01-23T18:22:11","slug":"profa-dra-aline-aparecida-de-souza-leao","status":"publish","type":"page","link":"https:\/\/pos.uel.br\/pgmac\/profa-dra-aline-aparecida-de-souza-leao\/","title":{"rendered":"Prof\u00aa. Dr\u00aa. Aline Aparecida de Souza Le\u00e3o"},"content":{"rendered":"<div class=\"wp-block-image\">\n<figure class=\"aligncenter size-full\"><img loading=\"lazy\" decoding=\"async\" width=\"200\" height=\"300\" src=\"https:\/\/pos.uel.br\/pgmac\/wp-content\/uploads\/2025\/01\/Aline.jpg\" alt=\"\" class=\"wp-image-764\" \/><\/figure>\n<\/div>\n\n\n<p><strong>Titula\u00e7\u00e3o:<\/strong>&nbsp;Doutorado &#8211; Universidade de S\u00e3o Paulo &#8211; 2013<\/p>\n\n\n\n<p><strong>Cargo:<\/strong>&nbsp;Professora Adjunta A do Departamento de Matem\u00e1tica &#8211; UEL<\/p>\n\n\n\n<p><strong>E-mail:<\/strong><a href=\"mailto:aasleao@uel.br\">&nbsp;aasleao@uel.br<\/a><\/p>\n\n\n\n<p><a href=\"http:\/\/lattes.cnpq.br\/7088504548320363\" target=\"_blank\" rel=\"noreferrer noopener\"><strong><u>Curr\u00edculo Lattes<\/u><\/strong><\/a><\/p>\n\n\n\n<p><a href=\"http:\/\/dgp.cnpq.br\/dgp\/espelhorh\/7088504548320363\" target=\"_blank\" rel=\"noreferrer noopener\"><strong><u>Grupos CNPq<\/u><\/strong><\/a><\/p>\n\n\n\n<p><a href=\"https:\/\/pos.uel.br\/pgmac\/profa-dra-aline-aparecida-de-souza-leao\/\" data-type=\"page\" data-id=\"763\" target=\"_blank\" rel=\"noreferrer noopener\"><strong><u>P\u00e1gina pessoal<\/u><\/strong><\/a><\/p>\n\n\n\n<p><\/p>\n","protected":false},"excerpt":{"rendered":"<p>Titula\u00e7\u00e3o:&nbsp;Doutorado &#8211; Universidade de S\u00e3o Paulo &#8211; 2013 Cargo:&nbsp;Professora Adjunta A do Departamento de Matem\u00e1tica &#8211; UEL E-mail:&nbsp;aasleao@uel.br Curr\u00edculo Lattes Grupos CNPq P\u00e1gina pessoal<\/p>\n","protected":false},"author":6,"featured_media":0,"parent":0,"menu_order":0,"comment_status":"closed","ping_status":"closed","template":"","meta":{"_acf_changed":false,"footnotes":""},"class_list":["post-763","page","type-page","status-publish","hentry"],"acf":[],"_links":{"self":[{"href":"https:\/\/pos.uel.br\/pgmac\/wp-json\/wp\/v2\/pages\/763","targetHints":{"allow":["GET"]}}],"collection":[{"href":"https:\/\/pos.uel.br\/pgmac\/wp-json\/wp\/v2\/pages"}],"about":[{"href":"https:\/\/pos.uel.br\/pgmac\/wp-json\/wp\/v2\/types\/page"}],"author":[{"embeddable":true,"href":"https:\/\/pos.uel.br\/pgmac\/wp-json\/wp\/v2\/users\/6"}],"replies":[{"embeddable":true,"href":"https:\/\/pos.uel.br\/pgmac\/wp-json\/wp\/v2\/comments?post=763"}],"version-history":[{"count":3,"href":"https:\/\/pos.uel.br\/pgmac\/wp-json\/wp\/v2\/pages\/763\/revisions"}],"predecessor-version":[{"id":798,"href":"https:\/\/pos.uel.br\/pgmac\/wp-json\/wp\/v2\/pages\/763\/revisions\/798"}],"wp:attachment":[{"href":"https:\/\/pos.uel.br\/pgmac\/wp-json\/wp\/v2\/media?parent=763"}],"curies":[{"name":"wp","href":"https:\/\/api.w.org\/{rel}","templated":true}]}}